{"id":13,"date":"2020-03-08T12:28:23","date_gmt":"2020-03-08T11:28:23","guid":{"rendered":"https:\/\/signum.notima.org\/wps\/?page_id=13"},"modified":"2022-04-20T10:01:19","modified_gmt":"2022-04-20T08:01:19","slug":"om","status":"publish","type":"page","link":"https:\/\/energyintelligence.se\/nsi\/?page_id=13","title":{"rendered":"Om"},"content":{"rendered":"\n<h4>Teknik och energi p\u00e5 dina villkor<\/h4>\n\n\n\n<p>V\u00e5r grundid\u00e9 \u00e4r att tillhandah\u00e5lla l\u00f6sningar inom energistyrning och lagring som s\u00e5 l\u00e5ngt som m\u00f6jligt \u00e4r oberoende av 3:e part och d\u00e4r slutkunden har kontroll \u00f6ver sin egen installation och data.<\/p>\n\n\n\n<p>Vi bygger l\u00f6sningar \u00e4r baserade p\u00e5 \u00f6ppen programvara som inte l\u00e5ser dig till en specifik leverant\u00f6r, dvs du v\u00e4ljer sj\u00e4lv hur mycket av Google, Amazon, Microsoft, Apple eller n\u00e5gon annan tredje part du sl\u00e4pper in i ditt hem och liv.<\/p>\n\n\n\n<p>V\u00e5ra l\u00f6sningar bygger p\u00e5 att de skall fungera \u00e4ven utan kontakt med internet och \u00f6vriga v\u00e4rlden.<\/p>\n\n\n\n<p><\/p>\n","protected":false},"excerpt":{"rendered":"<p>Teknik och energi p\u00e5 dina villkor V\u00e5r grundid\u00e9 \u00e4r att tillhandah\u00e5lla l\u00f6sningar inom energistyrning och lagring som s\u00e5 l\u00e5ngt som m\u00f6jligt \u00e4r oberoende av 3:e part och d\u00e4r slutkunden har kontroll \u00f6ver sin egen installation och data. Vi bygger l\u00f6sningar \u00e4r baserade p\u00e5 \u00f6ppen programvara som inte l\u00e5ser dig till en specifik leverant\u00f6r, dvs du&hellip; <a class=\"more-link\" href=\"https:\/\/energyintelligence.se\/nsi\/?page_id=13\">Forts\u00e4tt l\u00e4sa <span class=\"screen-reader-text\">Om<\/span><\/a><\/p>\n","protected":false},"author":1,"featured_media":0,"parent":0,"menu_order":0,"comment_status":"closed","ping_status":"closed","template":"","meta":[],"_links":{"self":[{"href":"https:\/\/energyintelligence.se\/nsi\/index.php?rest_route=\/wp\/v2\/pages\/13"}],"collection":[{"href":"https:\/\/energyintelligence.se\/nsi\/index.php?rest_route=\/wp\/v2\/pages"}],"about":[{"href":"https:\/\/energyintelligence.se\/nsi\/index.php?rest_route=\/wp\/v2\/types\/page"}],"author":[{"embeddable":true,"href":"https:\/\/energyintelligence.se\/nsi\/index.php?rest_route=\/wp\/v2\/users\/1"}],"replies":[{"embeddable":true,"href":"https:\/\/energyintelligence.se\/nsi\/index.php?rest_route=%2Fwp%2Fv2%2Fcomments&post=13"}],"version-history":[{"count":6,"href":"https:\/\/energyintelligence.se\/nsi\/index.php?rest_route=\/wp\/v2\/pages\/13\/revisions"}],"predecessor-version":[{"id":98,"href":"https:\/\/energyintelligence.se\/nsi\/index.php?rest_route=\/wp\/v2\/pages\/13\/revisions\/98"}],"wp:attachment":[{"href":"https:\/\/energyintelligence.se\/nsi\/index.php?rest_route=%2Fwp%2Fv2%2Fmedia&parent=13"}],"curies":[{"name":"wp","href":"https:\/\/api.w.org\/{rel}","templated":true}]}}