{"id":56,"date":"2021-02-15T20:22:59","date_gmt":"2021-02-15T19:22:59","guid":{"rendered":"https:\/\/signum.notima.org\/wps\/?page_id=56"},"modified":"2021-03-07T19:04:50","modified_gmt":"2021-03-07T18:04:50","slug":"smarta-hem","status":"publish","type":"page","link":"https:\/\/energyintelligence.se\/nsi\/?page_id=56","title":{"rendered":"Smarta hem"},"content":{"rendered":"\n<p>Med &#8221;Smarta hem&#8221; menas oftast n\u00e5gon slags automatisk styrning av n\u00e5got. I princip kan det vara vad som helst men ofta handlar det om belysning, ljud och v\u00e4rme.<\/p>\n\n\n\n<p>Vi anv\u00e4nder oss av den \u00f6ppna plattformen <a href=\"https:\/\/www.openhab.org\/\" target=\"_blank\" rel=\"noreferrer noopener\">OpenHAB<\/a> f\u00f6r att skapa ett &#8221;smart hem&#8221;.<\/p>\n","protected":false},"excerpt":{"rendered":"<p>Med &#8221;Smarta hem&#8221; menas oftast n\u00e5gon slags automatisk styrning av n\u00e5got. I princip kan det vara vad som helst men ofta handlar det om belysning, ljud och v\u00e4rme. Vi anv\u00e4nder oss av den \u00f6ppna plattformen OpenHAB f\u00f6r att skapa ett &#8221;smart hem&#8221;.<\/p>\n","protected":false},"author":1,"featured_media":0,"parent":0,"menu_order":0,"comment_status":"closed","ping_status":"closed","template":"","meta":[],"_links":{"self":[{"href":"https:\/\/energyintelligence.se\/nsi\/index.php?rest_route=\/wp\/v2\/pages\/56"}],"collection":[{"href":"https:\/\/energyintelligence.se\/nsi\/index.php?rest_route=\/wp\/v2\/pages"}],"about":[{"href":"https:\/\/energyintelligence.se\/nsi\/index.php?rest_route=\/wp\/v2\/types\/page"}],"author":[{"embeddable":true,"href":"https:\/\/energyintelligence.se\/nsi\/index.php?rest_route=\/wp\/v2\/users\/1"}],"replies":[{"embeddable":true,"href":"https:\/\/energyintelligence.se\/nsi\/index.php?rest_route=%2Fwp%2Fv2%2Fcomments&post=56"}],"version-history":[{"count":3,"href":"https:\/\/energyintelligence.se\/nsi\/index.php?rest_route=\/wp\/v2\/pages\/56\/revisions"}],"predecessor-version":[{"id":81,"href":"https:\/\/energyintelligence.se\/nsi\/index.php?rest_route=\/wp\/v2\/pages\/56\/revisions\/81"}],"wp:attachment":[{"href":"https:\/\/energyintelligence.se\/nsi\/index.php?rest_route=%2Fwp%2Fv2%2Fmedia&parent=56"}],"curies":[{"name":"wp","href":"https:\/\/api.w.org\/{rel}","templated":true}]}}