{"id":63,"date":"2021-02-17T19:16:54","date_gmt":"2021-02-17T18:16:54","guid":{"rendered":"https:\/\/signum.notima.org\/wps\/?page_id=63"},"modified":"2021-03-05T21:53:47","modified_gmt":"2021-03-05T20:53:47","slug":"overvakning","status":"publish","type":"page","link":"https:\/\/energyintelligence.se\/nsi\/?page_id=63","title":{"rendered":"\u00d6vervakning"},"content":{"rendered":"\n<p>\u00d6vervakning inneb\u00e4r i v\u00e5rt fall att skapa en automatisk funktion som \u00f6vervakar en eller flera parametrar. Det kan vara i princip vad som helst.<\/p>\n\n\n\n<p>N\u00e4r det g\u00e4ller kamera\u00f6vervakning \u00e4r det ofta n\u00f6dv\u00e4ndigt att st\u00e4lla in s.k. triggers f\u00f6r n\u00e4r inspelning skall ske samt skapa rutiner f\u00f6r lagring och \u00e5tkomst av inspelat material.<\/p>\n\n\n\n<p>Man kan \u00e4ven l\u00e5ta inspelning triggas av externa h\u00e4ndelser (t ex r\u00f6relsedetektor) eller l\u00e5ta h\u00e4ndelser i inspelningen trigga externa h\u00e4ndelser.<\/p>\n\n\n\n<p>Vi anv\u00e4nder oss av <a href=\"https:\/\/zoneminder.readthedocs.io\" target=\"_blank\" rel=\"noreferrer noopener\">ZoneMinder<\/a> tillsammans med <a href=\"https:\/\/www.openhab.org\/\" target=\"_blank\" rel=\"noreferrer noopener\">OpenHAB<\/a> f\u00f6r att f\u00e5 en komplett och oberoende l\u00f6sning.<\/p>\n","protected":false},"excerpt":{"rendered":"<p>\u00d6vervakning inneb\u00e4r i v\u00e5rt fall att skapa en automatisk funktion som \u00f6vervakar en eller flera parametrar. Det kan vara i princip vad som helst. N\u00e4r det g\u00e4ller kamera\u00f6vervakning \u00e4r det ofta n\u00f6dv\u00e4ndigt att st\u00e4lla in s.k. triggers f\u00f6r n\u00e4r inspelning skall ske samt skapa rutiner f\u00f6r lagring och \u00e5tkomst av inspelat material. Man kan \u00e4ven&hellip; <a class=\"more-link\" href=\"https:\/\/energyintelligence.se\/nsi\/?page_id=63\">Forts\u00e4tt l\u00e4sa <span class=\"screen-reader-text\">\u00d6vervakning<\/span><\/a><\/p>\n","protected":false},"author":1,"featured_media":0,"parent":0,"menu_order":0,"comment_status":"closed","ping_status":"closed","template":"","meta":[],"_links":{"self":[{"href":"https:\/\/energyintelligence.se\/nsi\/index.php?rest_route=\/wp\/v2\/pages\/63"}],"collection":[{"href":"https:\/\/energyintelligence.se\/nsi\/index.php?rest_route=\/wp\/v2\/pages"}],"about":[{"href":"https:\/\/energyintelligence.se\/nsi\/index.php?rest_route=\/wp\/v2\/types\/page"}],"author":[{"embeddable":true,"href":"https:\/\/energyintelligence.se\/nsi\/index.php?rest_route=\/wp\/v2\/users\/1"}],"replies":[{"embeddable":true,"href":"https:\/\/energyintelligence.se\/nsi\/index.php?rest_route=%2Fwp%2Fv2%2Fcomments&post=63"}],"version-history":[{"count":3,"href":"https:\/\/energyintelligence.se\/nsi\/index.php?rest_route=\/wp\/v2\/pages\/63\/revisions"}],"predecessor-version":[{"id":77,"href":"https:\/\/energyintelligence.se\/nsi\/index.php?rest_route=\/wp\/v2\/pages\/63\/revisions\/77"}],"wp:attachment":[{"href":"https:\/\/energyintelligence.se\/nsi\/index.php?rest_route=%2Fwp%2Fv2%2Fmedia&parent=63"}],"curies":[{"name":"wp","href":"https:\/\/api.w.org\/{rel}","templated":true}]}}