{"id":65,"date":"2021-02-17T19:17:54","date_gmt":"2021-02-17T18:17:54","guid":{"rendered":"https:\/\/signum.notima.org\/wps\/?page_id=65"},"modified":"2021-10-30T10:21:42","modified_gmt":"2021-10-30T08:21:42","slug":"energi","status":"publish","type":"page","link":"https:\/\/energyintelligence.se\/nsi\/?page_id=65","title":{"rendered":"Energi"},"content":{"rendered":"\n<p>Vi fokuserar p\u00e5 \u00f6ppna energistyrningsl\u00f6sningar. Detta inneb\u00e4r att vi kan m\u00e4ta f\u00f6rbrukning, lagra energi och styra energif\u00f6rbrukare.<\/p>\n\n\n\n<p>Vi \u00e4r l\u00f6sningsfokuserade och m\u00e5let \u00e4r att hitta s\u00e5 bra l\u00f6sningar som m\u00f6jligt. Vi anv\u00e4nder de leverant\u00f6rer och tillverkare vi tycker passar b\u00e4st f\u00f6r \u00e4ndam\u00e5let. F\u00f6r n\u00e4rvarande f\u00f6redrar vi <a href=\"https:\/\/www.victronenergy.com\/\" target=\"_blank\" rel=\"noreferrer noopener\">Victron Energys<\/a> inverter- och laddteknik pga deras modularitet och \u00f6ppna l\u00f6sningar.<\/p>\n\n\n\n<p>Vi har tagit fram en <a href=\"\/shop\">produkt<\/a> f\u00f6r att l\u00e4sa ut f\u00f6rbrukning via den s.k. <a href=\"https:\/\/hanporten.se\" target=\"_blank\" rel=\"noreferrer noopener\">HAN-porten (P1)<\/a>.<\/p>\n\n\n\n<p>En f\u00f6rbrukare som l\u00e4mpar sig s\u00e4rskilt v\u00e4l f\u00f6r energistyrning \u00e4r elbilsladdare.<\/p>\n","protected":false},"excerpt":{"rendered":"<p>Vi fokuserar p\u00e5 \u00f6ppna energistyrningsl\u00f6sningar. Detta inneb\u00e4r att vi kan m\u00e4ta f\u00f6rbrukning, lagra energi och styra energif\u00f6rbrukare. Vi \u00e4r l\u00f6sningsfokuserade och m\u00e5let \u00e4r att hitta s\u00e5 bra l\u00f6sningar som m\u00f6jligt. Vi anv\u00e4nder de leverant\u00f6rer och tillverkare vi tycker passar b\u00e4st f\u00f6r \u00e4ndam\u00e5let. F\u00f6r n\u00e4rvarande f\u00f6redrar vi Victron Energys inverter- och laddteknik pga deras modularitet och&hellip; <a class=\"more-link\" href=\"https:\/\/energyintelligence.se\/nsi\/?page_id=65\">Forts\u00e4tt l\u00e4sa <span class=\"screen-reader-text\">Energi<\/span><\/a><\/p>\n","protected":false},"author":1,"featured_media":0,"parent":0,"menu_order":0,"comment_status":"closed","ping_status":"closed","template":"","meta":[],"_links":{"self":[{"href":"https:\/\/energyintelligence.se\/nsi\/index.php?rest_route=\/wp\/v2\/pages\/65"}],"collection":[{"href":"https:\/\/energyintelligence.se\/nsi\/index.php?rest_route=\/wp\/v2\/pages"}],"about":[{"href":"https:\/\/energyintelligence.se\/nsi\/index.php?rest_route=\/wp\/v2\/types\/page"}],"author":[{"embeddable":true,"href":"https:\/\/energyintelligence.se\/nsi\/index.php?rest_route=\/wp\/v2\/users\/1"}],"replies":[{"embeddable":true,"href":"https:\/\/energyintelligence.se\/nsi\/index.php?rest_route=%2Fwp%2Fv2%2Fcomments&post=65"}],"version-history":[{"count":5,"href":"https:\/\/energyintelligence.se\/nsi\/index.php?rest_route=\/wp\/v2\/pages\/65\/revisions"}],"predecessor-version":[{"id":92,"href":"https:\/\/energyintelligence.se\/nsi\/index.php?rest_route=\/wp\/v2\/pages\/65\/revisions\/92"}],"wp:attachment":[{"href":"https:\/\/energyintelligence.se\/nsi\/index.php?rest_route=%2Fwp%2Fv2%2Fmedia&parent=65"}],"curies":[{"name":"wp","href":"https:\/\/api.w.org\/{rel}","templated":true}]}}