{"id":1123,"date":"2022-12-06T16:00:33","date_gmt":"2022-12-06T14:00:33","guid":{"rendered":"https:\/\/energyintelligence.se\/shop\/?page_id=1123"},"modified":"2023-11-27T10:41:13","modified_gmt":"2023-11-27T08:41:13","slug":"version-3-6","status":"publish","type":"page","link":"https:\/\/energyintelligence.se\/shop\/firmware\/version-3-6\/","title":{"rendered":"Version 3.6"},"content":{"rendered":"\n<p>Anv\u00e4nd filen nedan om du har en l\u00e4sare utan extern antenn med rj12 port.<\/p>\n\n\n\n<div class=\"wp-block-file\"><a id=\"wp-block-file--media-3ad701d3-c971-4190-b7a5-28aa3cd9128f\" href=\"https:\/\/energyintelligence.se\/shop\/wp-content\/uploads\/2023\/07\/Atom_rj12_3.6.1_230711.zip\">Atom_rj12_3.6.1_230711<\/a><a href=\"https:\/\/energyintelligence.se\/shop\/wp-content\/uploads\/2023\/07\/Atom_rj12_3.6.1_230711.zip\" class=\"wp-block-file__button wp-element-button\" download aria-describedby=\"wp-block-file--media-3ad701d3-c971-4190-b7a5-28aa3cd9128f\">Ladda ner<\/a><\/div>\n\n\n\n<hr class=\"wp-block-separator has-alpha-channel-opacity\"\/>\n\n\n\n<p>Anv\u00e4nd filen nedan om du har en l\u00e4sare med ethernet med str\u00f6mf\u00f6rs\u00f6rjningsf\u00f6rm\u00e5ga (POE) och rj12 port.<\/p>\n\n\n\n<div class=\"wp-block-file\"><a id=\"wp-block-file--media-bc3f2559-51f3-49a4-b451-69aa5f9d0045\" href=\"https:\/\/energyintelligence.se\/shop\/wp-content\/uploads\/2023\/07\/POE_rj12_3.6.1_230711.zip\">POE_rj12_3.6.1_230711<\/a><a href=\"https:\/\/energyintelligence.se\/shop\/wp-content\/uploads\/2023\/07\/POE_rj12_3.6.1_230711.zip\" class=\"wp-block-file__button wp-element-button\" download aria-describedby=\"wp-block-file--media-bc3f2559-51f3-49a4-b451-69aa5f9d0045\">Ladda ner<\/a><\/div>\n\n\n\n<hr class=\"wp-block-separator has-alpha-channel-opacity\"\/>\n\n\n\n<p>Anv\u00e4nd filen nedan om du har en l\u00e4sare med ethernet med str\u00f6mf\u00f6rs\u00f6rjningsf\u00f6rm\u00e5ga (POE) och rj45 port.<\/p>\n\n\n\n<div class=\"wp-block-file\"><a id=\"wp-block-file--media-e924c02b-58f3-4648-a67a-68890990604a\" href=\"https:\/\/energyintelligence.se\/shop\/wp-content\/uploads\/2023\/11\/POE_rj45_3.6.3_231127.zip\">POE_rj45_3.6.3_231127<\/a><a href=\"https:\/\/energyintelligence.se\/shop\/wp-content\/uploads\/2023\/11\/POE_rj45_3.6.3_231127.zip\" class=\"wp-block-file__button wp-element-button\" download aria-describedby=\"wp-block-file--media-e924c02b-58f3-4648-a67a-68890990604a\">Ladda ner<\/a><\/div>\n\n\n\n<hr class=\"wp-block-separator has-alpha-channel-opacity\"\/>\n\n\n\n<p>Anv\u00e4nd filen nedan om du har en l\u00e4sare med extern antenn, utan ethernet och med rj12 port<\/p>\n\n\n\n<div class=\"wp-block-file\"><a id=\"wp-block-file--media-f5ad66d7-0df6-4283-8741-072d9ea1653e\" href=\"https:\/\/energyintelligence.se\/shop\/wp-content\/uploads\/2023\/07\/DevKit_rj12_3.6.1_230517.zip\">DevKit_rj12_3.6.1_230517<\/a><a href=\"https:\/\/energyintelligence.se\/shop\/wp-content\/uploads\/2023\/07\/DevKit_rj12_3.6.1_230517.zip\" class=\"wp-block-file__button wp-element-button\" download aria-describedby=\"wp-block-file--media-f5ad66d7-0df6-4283-8741-072d9ea1653e\">Ladda ner<\/a><\/div>\n\n\n\n<hr class=\"wp-block-separator has-alpha-channel-opacity\"\/>\n\n\n\n<p>Anv\u00e4nd filen nedan om du har en l\u00e4sare utan extern antenn med rj45 port.<\/p>\n\n\n\n<div class=\"wp-block-file\"><a id=\"wp-block-file--media-23a8a9cb-2335-4f31-bef3-a95d9cde26d3\" href=\"https:\/\/energyintelligence.se\/shop\/wp-content\/uploads\/2023\/11\/Atom_rj45_3.6.3_231109.zip\">Atom_rj45_3.6.3_231109<\/a><a href=\"https:\/\/energyintelligence.se\/shop\/wp-content\/uploads\/2023\/11\/Atom_rj45_3.6.3_231109.zip\" class=\"wp-block-file__button wp-element-button\" download aria-describedby=\"wp-block-file--media-23a8a9cb-2335-4f31-bef3-a95d9cde26d3\">Ladda ner<\/a><\/div>\n\n\n\n<hr class=\"wp-block-separator has-alpha-channel-opacity\"\/>\n\n\n\n<p>anv\u00e4nd filen nedan om du har en l\u00e4sare med rs485 (modbus) kontakt<\/p>\n\n\n\n<div class=\"wp-block-file\"><a id=\"wp-block-file--media-681a3c11-d9eb-4a21-97b5-dfb4c45f0c4a\" href=\"https:\/\/energyintelligence.se\/shop\/wp-content\/uploads\/2023\/07\/Atom_rs485_3.6.1_230711.zip\">Atom_rs485_3.6.1_230711<\/a><a href=\"https:\/\/energyintelligence.se\/shop\/wp-content\/uploads\/2023\/07\/Atom_rs485_3.6.1_230711.zip\" class=\"wp-block-file__button wp-element-button\" download aria-describedby=\"wp-block-file--media-681a3c11-d9eb-4a21-97b5-dfb4c45f0c4a\">Ladda ner<\/a><\/div>\n\n\n\n<hr class=\"wp-block-separator has-alpha-channel-opacity\"\/>\n\n\n\n<h2 class=\"wp-block-heading\">F\u00f6r\u00e4ndringar i denna version<\/h2>\n\n\n\n<p>St\u00f6d f\u00f6r fler DLMS m\u00e4tare. De som st\u00f6ds i nul\u00e4get \u00e4r Aidon, Kamstrup och Kaifa.<\/p>\n","protected":false},"excerpt":{"rendered":"<p>Anv\u00e4nd filen nedan om du har en l\u00e4sare utan extern antenn med rj12 port. Anv\u00e4nd filen nedan om du har en l\u00e4sare med ethernet med str\u00f6mf\u00f6rs\u00f6rjningsf\u00f6rm\u00e5ga (POE) och rj12 port. Anv\u00e4nd filen nedan om du har en l\u00e4sare med ethernet med str\u00f6mf\u00f6rs\u00f6rjningsf\u00f6rm\u00e5ga (POE) och rj45 port. Anv\u00e4nd filen nedan om du har en l\u00e4sare med [&hellip;]<\/p>\n","protected":false},"author":2,"featured_media":0,"parent":357,"menu_order":0,"comment_status":"closed","ping_status":"closed","template":"","meta":{"footnotes":""},"yoast_head":"<!-- This site is optimized with the Yoast SEO plugin v21.7 - https:\/\/yoast.com\/wordpress\/plugins\/seo\/ -->\n<title>Version 3.6 - Energy Intelligence<\/title>\n<meta name=\"robots\" content=\"index, follow, max-snippet:-1, max-image-preview:large, max-video-preview:-1\" \/>\n<link rel=\"canonical\" href=\"https:\/\/energyintelligence.se\/shop\/firmware\/version-3-6\/\" \/>\n<meta property=\"og:locale\" content=\"sv_SE\" \/>\n<meta property=\"og:type\" content=\"article\" \/>\n<meta property=\"og:title\" content=\"Version 3.6 - Energy Intelligence\" \/>\n<meta property=\"og:description\" content=\"Anv\u00e4nd filen nedan om du har en l\u00e4sare utan extern antenn med rj12 port. Anv\u00e4nd filen nedan om du har en l\u00e4sare med ethernet med str\u00f6mf\u00f6rs\u00f6rjningsf\u00f6rm\u00e5ga (POE) och rj12 port. Anv\u00e4nd filen nedan om du har en l\u00e4sare med ethernet med str\u00f6mf\u00f6rs\u00f6rjningsf\u00f6rm\u00e5ga (POE) och rj45 port. Anv\u00e4nd filen nedan om du har en l\u00e4sare med [&hellip;]\" \/>\n<meta property=\"og:url\" content=\"https:\/\/energyintelligence.se\/shop\/firmware\/version-3-6\/\" \/>\n<meta property=\"og:site_name\" content=\"Energy Intelligence\" \/>\n<meta property=\"article:modified_time\" content=\"2023-11-27T08:41:13+00:00\" \/>\n<meta name=\"twitter:card\" content=\"summary_large_image\" \/>\n<meta name=\"twitter:label1\" content=\"Ber\u00e4knad l\u00e4stid\" \/>\n\t<meta name=\"twitter:data1\" content=\"1 minut\" \/>\n<script type=\"application\/ld+json\" class=\"yoast-schema-graph\">{\"@context\":\"https:\/\/schema.org\",\"@graph\":[{\"@type\":\"WebPage\",\"@id\":\"https:\/\/energyintelligence.se\/shop\/firmware\/version-3-6\/\",\"url\":\"https:\/\/energyintelligence.se\/shop\/firmware\/version-3-6\/\",\"name\":\"Version 3.6 - Energy Intelligence\",\"isPartOf\":{\"@id\":\"https:\/\/energyintelligence.se\/shop\/#website\"},\"datePublished\":\"2022-12-06T14:00:33+00:00\",\"dateModified\":\"2023-11-27T08:41:13+00:00\",\"breadcrumb\":{\"@id\":\"https:\/\/energyintelligence.se\/shop\/firmware\/version-3-6\/#breadcrumb\"},\"inLanguage\":\"sv-SE\",\"potentialAction\":[{\"@type\":\"ReadAction\",\"target\":[\"https:\/\/energyintelligence.se\/shop\/firmware\/version-3-6\/\"]}]},{\"@type\":\"BreadcrumbList\",\"@id\":\"https:\/\/energyintelligence.se\/shop\/firmware\/version-3-6\/#breadcrumb\",\"itemListElement\":[{\"@type\":\"ListItem\",\"position\":1,\"name\":\"Hem\",\"item\":\"https:\/\/energyintelligence.se\/shop\/\"},{\"@type\":\"ListItem\",\"position\":2,\"name\":\"Firmware\",\"item\":\"https:\/\/energyintelligence.se\/shop\/firmware\/\"},{\"@type\":\"ListItem\",\"position\":3,\"name\":\"Version 3.6\"}]},{\"@type\":\"WebSite\",\"@id\":\"https:\/\/energyintelligence.se\/shop\/#website\",\"url\":\"https:\/\/energyintelligence.se\/shop\/\",\"name\":\"Energy Intelligence\",\"description\":\"Ta kontroll \u00f6ver din elf\u00f6rbrukning\",\"publisher\":{\"@id\":\"https:\/\/energyintelligence.se\/shop\/#organization\"},\"potentialAction\":[{\"@type\":\"SearchAction\",\"target\":{\"@type\":\"EntryPoint\",\"urlTemplate\":\"https:\/\/energyintelligence.se\/shop\/?s={search_term_string}\"},\"query-input\":\"required name=search_term_string\"}],\"inLanguage\":\"sv-SE\"},{\"@type\":\"Organization\",\"@id\":\"https:\/\/energyintelligence.se\/shop\/#organization\",\"name\":\"Notima Energy Intelligence AB\",\"url\":\"https:\/\/energyintelligence.se\/shop\/\",\"logo\":{\"@type\":\"ImageObject\",\"inLanguage\":\"sv-SE\",\"@id\":\"https:\/\/energyintelligence.se\/shop\/#\/schema\/logo\/image\/\",\"url\":\"https:\/\/energyintelligence.se\/shop\/wp-content\/uploads\/2023\/11\/cropped-EI-300x66-1.png\",\"contentUrl\":\"https:\/\/energyintelligence.se\/shop\/wp-content\/uploads\/2023\/11\/cropped-EI-300x66-1.png\",\"width\":300,\"height\":66,\"caption\":\"Notima Energy Intelligence AB\"},\"image\":{\"@id\":\"https:\/\/energyintelligence.se\/shop\/#\/schema\/logo\/image\/\"}}]}<\/script>\n<!-- \/ Yoast SEO plugin. -->","yoast_head_json":{"title":"Version 3.6 - Energy Intelligence","robots":{"index":"index","follow":"follow","max-snippet":"max-snippet:-1","max-image-preview":"max-image-preview:large","max-video-preview":"max-video-preview:-1"},"canonical":"https:\/\/energyintelligence.se\/shop\/firmware\/version-3-6\/","og_locale":"sv_SE","og_type":"article","og_title":"Version 3.6 - Energy Intelligence","og_description":"Anv\u00e4nd filen nedan om du har en l\u00e4sare utan extern antenn med rj12 port. Anv\u00e4nd filen nedan om du har en l\u00e4sare med ethernet med str\u00f6mf\u00f6rs\u00f6rjningsf\u00f6rm\u00e5ga (POE) och rj12 port. Anv\u00e4nd filen nedan om du har en l\u00e4sare med ethernet med str\u00f6mf\u00f6rs\u00f6rjningsf\u00f6rm\u00e5ga (POE) och rj45 port. Anv\u00e4nd filen nedan om du har en l\u00e4sare med [&hellip;]","og_url":"https:\/\/energyintelligence.se\/shop\/firmware\/version-3-6\/","og_site_name":"Energy Intelligence","article_modified_time":"2023-11-27T08:41:13+00:00","twitter_card":"summary_large_image","twitter_misc":{"Ber\u00e4knad l\u00e4stid":"1 minut"},"schema":{"@context":"https:\/\/schema.org","@graph":[{"@type":"WebPage","@id":"https:\/\/energyintelligence.se\/shop\/firmware\/version-3-6\/","url":"https:\/\/energyintelligence.se\/shop\/firmware\/version-3-6\/","name":"Version 3.6 - Energy Intelligence","isPartOf":{"@id":"https:\/\/energyintelligence.se\/shop\/#website"},"datePublished":"2022-12-06T14:00:33+00:00","dateModified":"2023-11-27T08:41:13+00:00","breadcrumb":{"@id":"https:\/\/energyintelligence.se\/shop\/firmware\/version-3-6\/#breadcrumb"},"inLanguage":"sv-SE","potentialAction":[{"@type":"ReadAction","target":["https:\/\/energyintelligence.se\/shop\/firmware\/version-3-6\/"]}]},{"@type":"BreadcrumbList","@id":"https:\/\/energyintelligence.se\/shop\/firmware\/version-3-6\/#breadcrumb","itemListElement":[{"@type":"ListItem","position":1,"name":"Hem","item":"https:\/\/energyintelligence.se\/shop\/"},{"@type":"ListItem","position":2,"name":"Firmware","item":"https:\/\/energyintelligence.se\/shop\/firmware\/"},{"@type":"ListItem","position":3,"name":"Version 3.6"}]},{"@type":"WebSite","@id":"https:\/\/energyintelligence.se\/shop\/#website","url":"https:\/\/energyintelligence.se\/shop\/","name":"Energy Intelligence","description":"Ta kontroll \u00f6ver din elf\u00f6rbrukning","publisher":{"@id":"https:\/\/energyintelligence.se\/shop\/#organization"},"potentialAction":[{"@type":"SearchAction","target":{"@type":"EntryPoint","urlTemplate":"https:\/\/energyintelligence.se\/shop\/?s={search_term_string}"},"query-input":"required name=search_term_string"}],"inLanguage":"sv-SE"},{"@type":"Organization","@id":"https:\/\/energyintelligence.se\/shop\/#organization","name":"Notima Energy Intelligence AB","url":"https:\/\/energyintelligence.se\/shop\/","logo":{"@type":"ImageObject","inLanguage":"sv-SE","@id":"https:\/\/energyintelligence.se\/shop\/#\/schema\/logo\/image\/","url":"https:\/\/energyintelligence.se\/shop\/wp-content\/uploads\/2023\/11\/cropped-EI-300x66-1.png","contentUrl":"https:\/\/energyintelligence.se\/shop\/wp-content\/uploads\/2023\/11\/cropped-EI-300x66-1.png","width":300,"height":66,"caption":"Notima Energy Intelligence AB"},"image":{"@id":"https:\/\/energyintelligence.se\/shop\/#\/schema\/logo\/image\/"}}]}},"_links":{"self":[{"href":"https:\/\/energyintelligence.se\/shop\/wp-json\/wp\/v2\/pages\/1123"}],"collection":[{"href":"https:\/\/energyintelligence.se\/shop\/wp-json\/wp\/v2\/pages"}],"about":[{"href":"https:\/\/energyintelligence.se\/shop\/wp-json\/wp\/v2\/types\/page"}],"author":[{"embeddable":true,"href":"https:\/\/energyintelligence.se\/shop\/wp-json\/wp\/v2\/users\/2"}],"replies":[{"embeddable":true,"href":"https:\/\/energyintelligence.se\/shop\/wp-json\/wp\/v2\/comments?post=1123"}],"version-history":[{"count":8,"href":"https:\/\/energyintelligence.se\/shop\/wp-json\/wp\/v2\/pages\/1123\/revisions"}],"predecessor-version":[{"id":2068,"href":"https:\/\/energyintelligence.se\/shop\/wp-json\/wp\/v2\/pages\/1123\/revisions\/2068"}],"up":[{"embeddable":true,"href":"https:\/\/energyintelligence.se\/shop\/wp-json\/wp\/v2\/pages\/357"}],"wp:attachment":[{"href":"https:\/\/energyintelligence.se\/shop\/wp-json\/wp\/v2\/media?parent=1123"}],"curies":[{"name":"wp","href":"https:\/\/api.w.org\/{rel}","templated":true}]}}