{"id":1610,"date":"2023-04-26T14:44:08","date_gmt":"2023-04-26T12:44:08","guid":{"rendered":"https:\/\/energyintelligence.se\/shop\/?page_id=1610"},"modified":"2025-09-30T07:44:05","modified_gmt":"2025-09-30T05:44:05","slug":"mat-elforbrukningen-med-home-assistant","status":"publish","type":"page","link":"https:\/\/energyintelligence.se\/shop\/mat-elforbrukningen-med-home-assistant\/","title":{"rendered":"Hur du m\u00e4ter elf\u00f6rbrukningen med Home Assistant"},"content":{"rendered":"\n<p>F\u00f6r att m\u00e4ta din elf\u00f6rbrukning i realtid beh\u00f6ver du koppla en elm\u00e4taravl\u00e4sare till P1\/HAN porten i din elm\u00e4tare. Kolla in v\u00e5rt utbud av elm\u00e4taravl\u00e4sare <a href=\"\/shop\/\"><strong>h\u00e4r<\/strong><\/a>. <\/p>\n\n\n\n<p>Denna guide f\u00f6rklarar hur man ansluter en elm\u00e4taravl\u00e4sare till Home Assistant, (ladda ner Home Assistant <a href=\"https:\/\/www.home-assistant.io\/\"><strong>h\u00e4r)<\/strong><\/a>. Detta g\u00f6rs med hj\u00e4lp av MQTT integrationen som uppt\u00e4cker elm\u00e4taravl\u00e4saren automatiskt och l\u00e4gger upp alla m\u00e4tv\u00e4rden som entiteter.<\/p>\n\n\n\n<p>Det f\u00f6rsta steget \u00e4r att logga in i Home Assistant och klicka p\u00e5 &#8221;Inst\u00e4llningar&#8221; i det nedre h\u00f6gra h\u00f6rnet.<\/p>\n\n\n\n<figure class=\"wp-block-image size-large\"><img loading=\"lazy\" decoding=\"async\" width=\"1024\" height=\"640\" src=\"https:\/\/energyintelligence.se\/shop\/wp-content\/uploads\/2023\/12\/Skarmdump-2023-12-15-12.37.42-1024x640.png\" alt=\"\" class=\"wp-image-2097\" srcset=\"https:\/\/energyintelligence.se\/shop\/wp-content\/uploads\/2023\/12\/Skarmdump-2023-12-15-12.37.42-1024x640.png 1024w, https:\/\/energyintelligence.se\/shop\/wp-content\/uploads\/2023\/12\/Skarmdump-2023-12-15-12.37.42-300x188.png 300w, https:\/\/energyintelligence.se\/shop\/wp-content\/uploads\/2023\/12\/Skarmdump-2023-12-15-12.37.42-768x480.png 768w, https:\/\/energyintelligence.se\/shop\/wp-content\/uploads\/2023\/12\/Skarmdump-2023-12-15-12.37.42-416x260.png 416w, https:\/\/energyintelligence.se\/shop\/wp-content\/uploads\/2023\/12\/Skarmdump-2023-12-15-12.37.42.png 1440w\" sizes=\"(max-width: 1024px) 100vw, 1024px\" \/><\/figure>\n\n\n\n<p>D\u00e4refter klickar du p\u00e5 &#8221;Enheter och tj\u00e4nster&#8221; f\u00f6r att f\u00e5 upp listan med integrationer. D\u00e4r kan du se alla integrationer som \u00e4r installerade i Home Assistant.<\/p>\n\n\n\n<figure class=\"wp-block-image size-large\"><img loading=\"lazy\" decoding=\"async\" width=\"1024\" height=\"640\" src=\"https:\/\/energyintelligence.se\/shop\/wp-content\/uploads\/2023\/12\/Skarmdump-2023-12-15-12.37.49-1024x640.png\" alt=\"\" class=\"wp-image-2098\" srcset=\"https:\/\/energyintelligence.se\/shop\/wp-content\/uploads\/2023\/12\/Skarmdump-2023-12-15-12.37.49-1024x640.png 1024w, https:\/\/energyintelligence.se\/shop\/wp-content\/uploads\/2023\/12\/Skarmdump-2023-12-15-12.37.49-300x188.png 300w, https:\/\/energyintelligence.se\/shop\/wp-content\/uploads\/2023\/12\/Skarmdump-2023-12-15-12.37.49-768x480.png 768w, https:\/\/energyintelligence.se\/shop\/wp-content\/uploads\/2023\/12\/Skarmdump-2023-12-15-12.37.49-1536x960.png 1536w, https:\/\/energyintelligence.se\/shop\/wp-content\/uploads\/2023\/12\/Skarmdump-2023-12-15-12.37.49-2048x1280.png 2048w, https:\/\/energyintelligence.se\/shop\/wp-content\/uploads\/2023\/12\/Skarmdump-2023-12-15-12.37.49-416x260.png 416w\" sizes=\"(max-width: 1024px) 100vw, 1024px\" \/><\/figure>\n\n\n\n<p>Om du inte ser integrationen &#8221;MQTT&#8221; i listan s\u00e5 beh\u00f6ver du l\u00e4gga till den. Det g\u00f6r du genom att klicka p\u00e5 knappen &#8221;L\u00e4gg till integration&#8221; i det nedre v\u00e4nstra h\u00f6rnet.<\/p>\n\n\n\n<figure class=\"wp-block-image size-large\"><img loading=\"lazy\" decoding=\"async\" width=\"1024\" height=\"640\" src=\"https:\/\/energyintelligence.se\/shop\/wp-content\/uploads\/2023\/12\/Skarmdump-2023-12-15-12.38.24-1024x640.png\" alt=\"\" class=\"wp-image-2099\" srcset=\"https:\/\/energyintelligence.se\/shop\/wp-content\/uploads\/2023\/12\/Skarmdump-2023-12-15-12.38.24-1024x640.png 1024w, https:\/\/energyintelligence.se\/shop\/wp-content\/uploads\/2023\/12\/Skarmdump-2023-12-15-12.38.24-300x188.png 300w, https:\/\/energyintelligence.se\/shop\/wp-content\/uploads\/2023\/12\/Skarmdump-2023-12-15-12.38.24-768x480.png 768w, https:\/\/energyintelligence.se\/shop\/wp-content\/uploads\/2023\/12\/Skarmdump-2023-12-15-12.38.24-416x260.png 416w, https:\/\/energyintelligence.se\/shop\/wp-content\/uploads\/2023\/12\/Skarmdump-2023-12-15-12.38.24.png 1440w\" sizes=\"(max-width: 1024px) 100vw, 1024px\" \/><\/figure>\n\n\n\n<p>Sedan kan du s\u00f6ka p\u00e5 &#8221;MQTT&#8221; i s\u00f6krutan som kommer upp och klicka p\u00e5 integrationen som heter &#8221;MQTT&#8221;<\/p>\n\n\n\n<figure class=\"wp-block-image size-large\"><img loading=\"lazy\" decoding=\"async\" width=\"1024\" height=\"640\" src=\"https:\/\/energyintelligence.se\/shop\/wp-content\/uploads\/2023\/12\/Skarmdump-2023-12-15-12.38.35-1024x640.png\" alt=\"\" class=\"wp-image-2100\" srcset=\"https:\/\/energyintelligence.se\/shop\/wp-content\/uploads\/2023\/12\/Skarmdump-2023-12-15-12.38.35-1024x640.png 1024w, https:\/\/energyintelligence.se\/shop\/wp-content\/uploads\/2023\/12\/Skarmdump-2023-12-15-12.38.35-300x188.png 300w, https:\/\/energyintelligence.se\/shop\/wp-content\/uploads\/2023\/12\/Skarmdump-2023-12-15-12.38.35-768x480.png 768w, https:\/\/energyintelligence.se\/shop\/wp-content\/uploads\/2023\/12\/Skarmdump-2023-12-15-12.38.35-1536x960.png 1536w, https:\/\/energyintelligence.se\/shop\/wp-content\/uploads\/2023\/12\/Skarmdump-2023-12-15-12.38.35-2048x1280.png 2048w, https:\/\/energyintelligence.se\/shop\/wp-content\/uploads\/2023\/12\/Skarmdump-2023-12-15-12.38.35-416x260.png 416w\" sizes=\"(max-width: 1024px) 100vw, 1024px\" \/><\/figure>\n\n\n\n<figure class=\"wp-block-image size-large\"><img loading=\"lazy\" decoding=\"async\" width=\"1024\" height=\"640\" src=\"https:\/\/energyintelligence.se\/shop\/wp-content\/uploads\/2023\/12\/Skarmdump-2023-12-15-12.38.41-1024x640.png\" alt=\"\" class=\"wp-image-2101\" srcset=\"https:\/\/energyintelligence.se\/shop\/wp-content\/uploads\/2023\/12\/Skarmdump-2023-12-15-12.38.41-1024x640.png 1024w, https:\/\/energyintelligence.se\/shop\/wp-content\/uploads\/2023\/12\/Skarmdump-2023-12-15-12.38.41-300x188.png 300w, https:\/\/energyintelligence.se\/shop\/wp-content\/uploads\/2023\/12\/Skarmdump-2023-12-15-12.38.41-768x480.png 768w, https:\/\/energyintelligence.se\/shop\/wp-content\/uploads\/2023\/12\/Skarmdump-2023-12-15-12.38.41-1536x960.png 1536w, https:\/\/energyintelligence.se\/shop\/wp-content\/uploads\/2023\/12\/Skarmdump-2023-12-15-12.38.41-2048x1280.png 2048w, https:\/\/energyintelligence.se\/shop\/wp-content\/uploads\/2023\/12\/Skarmdump-2023-12-15-12.38.41-416x260.png 416w\" sizes=\"(max-width: 1024px) 100vw, 1024px\" \/><\/figure>\n\n\n\n<p>F\u00f6r att MQTT integrationen ska kunna ansluta till din MQTT broker beh\u00f6ver du ange en, serveradress, port och inloggnignsuppgifter. Om du har en MQTT broker p\u00e5 ditt lokala n\u00e4tverk kan de exempelvis se ut som p\u00e5 bilden nedan:<\/p>\n\n\n\n<figure class=\"wp-block-image size-large\"><img loading=\"lazy\" decoding=\"async\" width=\"1024\" height=\"640\" src=\"https:\/\/energyintelligence.se\/shop\/wp-content\/uploads\/2023\/12\/Skarmdump-2023-12-15-12.39.03-1024x640.png\" alt=\"\" class=\"wp-image-2102\" srcset=\"https:\/\/energyintelligence.se\/shop\/wp-content\/uploads\/2023\/12\/Skarmdump-2023-12-15-12.39.03-1024x640.png 1024w, https:\/\/energyintelligence.se\/shop\/wp-content\/uploads\/2023\/12\/Skarmdump-2023-12-15-12.39.03-300x188.png 300w, https:\/\/energyintelligence.se\/shop\/wp-content\/uploads\/2023\/12\/Skarmdump-2023-12-15-12.39.03-768x480.png 768w, https:\/\/energyintelligence.se\/shop\/wp-content\/uploads\/2023\/12\/Skarmdump-2023-12-15-12.39.03-1536x960.png 1536w, https:\/\/energyintelligence.se\/shop\/wp-content\/uploads\/2023\/12\/Skarmdump-2023-12-15-12.39.03-2048x1280.png 2048w, https:\/\/energyintelligence.se\/shop\/wp-content\/uploads\/2023\/12\/Skarmdump-2023-12-15-12.39.03-416x260.png 416w\" sizes=\"(max-width: 1024px) 100vw, 1024px\" \/><\/figure>\n\n\n\n<p>N\u00e4r du trycker p\u00e5 &#8221;spara&#8221; s\u00e5 kommer MQTT integrationen att f\u00f6rs\u00f6ka ansluta till din MQTT broker. Om allt fungerar som det ska s\u00e5 kan det dyka upp ett f\u00f6nster som visar att din elm\u00e4taravl\u00e4sare har uppt\u00e4ckts och att du kan ange var i huset enheten befinner sig. Detta \u00e4r inte obligatoriskt och du kan st\u00e4nga denna ruta om du vill.<\/p>\n\n\n\n<p>Nu n\u00e4r integrationen \u00e4r installerad och konfigurerad kan du klicka p\u00e5 fliken &#8221;Enheter&#8221; i menyn h\u00f6gst upp p\u00e5 sidan. H\u00e4r b\u00f6r du se att tv\u00e5 enheter har lagts till. En av dessa \u00e4r din elm\u00e4taravl\u00e4sare och den andra \u00e4r din elm\u00e4tare som elm\u00e4taravl\u00e4saren \u00e4r ansluten till.<\/p>\n\n\n\n<figure class=\"wp-block-image size-large\"><img loading=\"lazy\" decoding=\"async\" width=\"1024\" height=\"640\" src=\"https:\/\/energyintelligence.se\/shop\/wp-content\/uploads\/2023\/12\/Skarmdump-2023-12-15-12.50.54-1024x640.png\" alt=\"\" class=\"wp-image-2103\" srcset=\"https:\/\/energyintelligence.se\/shop\/wp-content\/uploads\/2023\/12\/Skarmdump-2023-12-15-12.50.54-1024x640.png 1024w, https:\/\/energyintelligence.se\/shop\/wp-content\/uploads\/2023\/12\/Skarmdump-2023-12-15-12.50.54-300x188.png 300w, https:\/\/energyintelligence.se\/shop\/wp-content\/uploads\/2023\/12\/Skarmdump-2023-12-15-12.50.54-768x480.png 768w, https:\/\/energyintelligence.se\/shop\/wp-content\/uploads\/2023\/12\/Skarmdump-2023-12-15-12.50.54-1536x960.png 1536w, https:\/\/energyintelligence.se\/shop\/wp-content\/uploads\/2023\/12\/Skarmdump-2023-12-15-12.50.54-2048x1280.png 2048w, https:\/\/energyintelligence.se\/shop\/wp-content\/uploads\/2023\/12\/Skarmdump-2023-12-15-12.50.54-416x260.png 416w\" sizes=\"(max-width: 1024px) 100vw, 1024px\" \/><\/figure>\n\n\n\n<p>Bilden ovan visar en Home Assistant installation d\u00e4r en elm\u00e4tare fr\u00e5n Kamstrup \u00e4r ansluten via en elm\u00e4taravl\u00e4sare med enhets-id: EMR_A1D074.<\/p>\n\n\n\n<p>Klickar man p\u00e5 enheten f\u00f6r elm\u00e4taren (i detta fall KAM5) s\u00e5 f\u00e5r man upp en lista med entiteter (v\u00e4rden) fr\u00e5n elm\u00e4taren.<\/p>\n\n\n\n<figure class=\"wp-block-image size-large\"><img loading=\"lazy\" decoding=\"async\" width=\"1024\" height=\"640\" src=\"https:\/\/energyintelligence.se\/shop\/wp-content\/uploads\/2023\/12\/Skarmdump-2023-12-15-12.51.11-1024x640.png\" alt=\"\" class=\"wp-image-2104\" srcset=\"https:\/\/energyintelligence.se\/shop\/wp-content\/uploads\/2023\/12\/Skarmdump-2023-12-15-12.51.11-1024x640.png 1024w, https:\/\/energyintelligence.se\/shop\/wp-content\/uploads\/2023\/12\/Skarmdump-2023-12-15-12.51.11-300x188.png 300w, https:\/\/energyintelligence.se\/shop\/wp-content\/uploads\/2023\/12\/Skarmdump-2023-12-15-12.51.11-768x480.png 768w, https:\/\/energyintelligence.se\/shop\/wp-content\/uploads\/2023\/12\/Skarmdump-2023-12-15-12.51.11-1536x960.png 1536w, https:\/\/energyintelligence.se\/shop\/wp-content\/uploads\/2023\/12\/Skarmdump-2023-12-15-12.51.11-2048x1280.png 2048w, https:\/\/energyintelligence.se\/shop\/wp-content\/uploads\/2023\/12\/Skarmdump-2023-12-15-12.51.11-416x260.png 416w\" sizes=\"(max-width: 1024px) 100vw, 1024px\" \/><\/figure>\n\n\n\n<p>Entiteterna l\u00e4ggs allts\u00e5 upp automatiskt s\u00e5 fort man ansluter MQTT integerationen till samma broker som elm\u00e4taravl\u00e4saren. Dessa entiteter kan anv\u00e4ndas f\u00f6r att exempelvis konfigurera Home Assistants energipanel eller f\u00f6r att visualisera m\u00e4tv\u00e4rdena.<\/p>\n","protected":false},"excerpt":{"rendered":"<p>F\u00f6r att m\u00e4ta din elf\u00f6rbrukning i realtid beh\u00f6ver du koppla en elm\u00e4taravl\u00e4sare till P1\/HAN porten i din elm\u00e4tare. Kolla in v\u00e5rt utbud av elm\u00e4taravl\u00e4sare h\u00e4r. Denna guide f\u00f6rklarar hur man ansluter en elm\u00e4taravl\u00e4sare till Home Assistant, (ladda ner Home Assistant h\u00e4r). Detta g\u00f6rs med hj\u00e4lp av MQTT integrationen som uppt\u00e4cker elm\u00e4taravl\u00e4saren automatiskt och l\u00e4gger upp [&hellip;]<\/p>\n","protected":false},"author":3,"featured_media":0,"parent":0,"menu_order":0,"comment_status":"closed","ping_status":"closed","template":"","meta":{"footnotes":""},"yoast_head":"<!-- This site is optimized with the Yoast SEO plugin v21.7 - https:\/\/yoast.com\/wordpress\/plugins\/seo\/ -->\n<title>Hur du m\u00e4ter elf\u00f6rbrukningen med Home Assistant - Energy Intelligence<\/title>\n<meta name=\"description\" content=\"M\u00e4t din elf\u00f6rbrukning i realtid via Home Assistant genom att koppla en av v\u00e5ra elm\u00e4taravl\u00e4sare till P1\/HAN porten i din smarta elm\u00e4tare.\" \/>\n<meta name=\"robots\" content=\"index, follow, max-snippet:-1, max-image-preview:large, max-video-preview:-1\" \/>\n<link rel=\"canonical\" href=\"https:\/\/energyintelligence.se\/shop\/mat-elforbrukningen-med-home-assistant\/\" \/>\n<meta property=\"og:locale\" content=\"sv_SE\" \/>\n<meta property=\"og:type\" content=\"article\" \/>\n<meta property=\"og:title\" content=\"Hur du m\u00e4ter elf\u00f6rbrukningen med Home Assistant - Energy Intelligence\" \/>\n<meta property=\"og:description\" content=\"M\u00e4t din elf\u00f6rbrukning i realtid via Home Assistant genom att koppla en av v\u00e5ra elm\u00e4taravl\u00e4sare till P1\/HAN porten i din smarta elm\u00e4tare.\" \/>\n<meta property=\"og:url\" content=\"https:\/\/energyintelligence.se\/shop\/mat-elforbrukningen-med-home-assistant\/\" \/>\n<meta property=\"og:site_name\" content=\"Energy Intelligence\" \/>\n<meta property=\"article:modified_time\" content=\"2025-09-30T05:44:05+00:00\" \/>\n<meta property=\"og:image\" content=\"https:\/\/energyintelligence.se\/shop\/wp-content\/uploads\/2023\/12\/Skarmdump-2023-12-15-12.37.42-1024x640.png\" \/>\n<meta name=\"twitter:card\" content=\"summary_large_image\" \/>\n<meta name=\"twitter:label1\" content=\"Ber\u00e4knad l\u00e4stid\" \/>\n\t<meta name=\"twitter:data1\" content=\"4 minuter\" \/>\n<script type=\"application\/ld+json\" class=\"yoast-schema-graph\">{\"@context\":\"https:\/\/schema.org\",\"@graph\":[{\"@type\":\"WebPage\",\"@id\":\"https:\/\/energyintelligence.se\/shop\/mat-elforbrukningen-med-home-assistant\/\",\"url\":\"https:\/\/energyintelligence.se\/shop\/mat-elforbrukningen-med-home-assistant\/\",\"name\":\"Hur du m\u00e4ter elf\u00f6rbrukningen med Home Assistant - Energy Intelligence\",\"isPartOf\":{\"@id\":\"https:\/\/energyintelligence.se\/shop\/#website\"},\"datePublished\":\"2023-04-26T12:44:08+00:00\",\"dateModified\":\"2025-09-30T05:44:05+00:00\",\"description\":\"M\u00e4t din elf\u00f6rbrukning i realtid via Home Assistant genom att koppla en av v\u00e5ra elm\u00e4taravl\u00e4sare till P1\/HAN porten i din smarta elm\u00e4tare.\",\"breadcrumb\":{\"@id\":\"https:\/\/energyintelligence.se\/shop\/mat-elforbrukningen-med-home-assistant\/#breadcrumb\"},\"inLanguage\":\"sv-SE\",\"potentialAction\":[{\"@type\":\"ReadAction\",\"target\":[\"https:\/\/energyintelligence.se\/shop\/mat-elforbrukningen-med-home-assistant\/\"]}]},{\"@type\":\"BreadcrumbList\",\"@id\":\"https:\/\/energyintelligence.se\/shop\/mat-elforbrukningen-med-home-assistant\/#breadcrumb\",\"itemListElement\":[{\"@type\":\"ListItem\",\"position\":1,\"name\":\"Hem\",\"item\":\"https:\/\/energyintelligence.se\/shop\/\"},{\"@type\":\"ListItem\",\"position\":2,\"name\":\"Hur du m\u00e4ter elf\u00f6rbrukningen med Home Assistant\"}]},{\"@type\":\"WebSite\",\"@id\":\"https:\/\/energyintelligence.se\/shop\/#website\",\"url\":\"https:\/\/energyintelligence.se\/shop\/\",\"name\":\"Energy Intelligence\",\"description\":\"Ta kontroll \u00f6ver din elf\u00f6rbrukning\",\"publisher\":{\"@id\":\"https:\/\/energyintelligence.se\/shop\/#organization\"},\"potentialAction\":[{\"@type\":\"SearchAction\",\"target\":{\"@type\":\"EntryPoint\",\"urlTemplate\":\"https:\/\/energyintelligence.se\/shop\/?s={search_term_string}\"},\"query-input\":\"required name=search_term_string\"}],\"inLanguage\":\"sv-SE\"},{\"@type\":\"Organization\",\"@id\":\"https:\/\/energyintelligence.se\/shop\/#organization\",\"name\":\"Notima Energy Intelligence AB\",\"url\":\"https:\/\/energyintelligence.se\/shop\/\",\"logo\":{\"@type\":\"ImageObject\",\"inLanguage\":\"sv-SE\",\"@id\":\"https:\/\/energyintelligence.se\/shop\/#\/schema\/logo\/image\/\",\"url\":\"https:\/\/energyintelligence.se\/shop\/wp-content\/uploads\/2023\/11\/cropped-EI-300x66-1.png\",\"contentUrl\":\"https:\/\/energyintelligence.se\/shop\/wp-content\/uploads\/2023\/11\/cropped-EI-300x66-1.png\",\"width\":300,\"height\":66,\"caption\":\"Notima Energy Intelligence AB\"},\"image\":{\"@id\":\"https:\/\/energyintelligence.se\/shop\/#\/schema\/logo\/image\/\"}}]}<\/script>\n<!-- \/ Yoast SEO plugin. -->","yoast_head_json":{"title":"Hur du m\u00e4ter elf\u00f6rbrukningen med Home Assistant - Energy Intelligence","description":"M\u00e4t din elf\u00f6rbrukning i realtid via Home Assistant genom att koppla en av v\u00e5ra elm\u00e4taravl\u00e4sare till P1\/HAN porten i din smarta elm\u00e4tare.","robots":{"index":"index","follow":"follow","max-snippet":"max-snippet:-1","max-image-preview":"max-image-preview:large","max-video-preview":"max-video-preview:-1"},"canonical":"https:\/\/energyintelligence.se\/shop\/mat-elforbrukningen-med-home-assistant\/","og_locale":"sv_SE","og_type":"article","og_title":"Hur du m\u00e4ter elf\u00f6rbrukningen med Home Assistant - Energy Intelligence","og_description":"M\u00e4t din elf\u00f6rbrukning i realtid via Home Assistant genom att koppla en av v\u00e5ra elm\u00e4taravl\u00e4sare till P1\/HAN porten i din smarta elm\u00e4tare.","og_url":"https:\/\/energyintelligence.se\/shop\/mat-elforbrukningen-med-home-assistant\/","og_site_name":"Energy Intelligence","article_modified_time":"2025-09-30T05:44:05+00:00","og_image":[{"url":"https:\/\/energyintelligence.se\/shop\/wp-content\/uploads\/2023\/12\/Skarmdump-2023-12-15-12.37.42-1024x640.png"}],"twitter_card":"summary_large_image","twitter_misc":{"Ber\u00e4knad l\u00e4stid":"4 minuter"},"schema":{"@context":"https:\/\/schema.org","@graph":[{"@type":"WebPage","@id":"https:\/\/energyintelligence.se\/shop\/mat-elforbrukningen-med-home-assistant\/","url":"https:\/\/energyintelligence.se\/shop\/mat-elforbrukningen-med-home-assistant\/","name":"Hur du m\u00e4ter elf\u00f6rbrukningen med Home Assistant - Energy Intelligence","isPartOf":{"@id":"https:\/\/energyintelligence.se\/shop\/#website"},"datePublished":"2023-04-26T12:44:08+00:00","dateModified":"2025-09-30T05:44:05+00:00","description":"M\u00e4t din elf\u00f6rbrukning i realtid via Home Assistant genom att koppla en av v\u00e5ra elm\u00e4taravl\u00e4sare till P1\/HAN porten i din smarta elm\u00e4tare.","breadcrumb":{"@id":"https:\/\/energyintelligence.se\/shop\/mat-elforbrukningen-med-home-assistant\/#breadcrumb"},"inLanguage":"sv-SE","potentialAction":[{"@type":"ReadAction","target":["https:\/\/energyintelligence.se\/shop\/mat-elforbrukningen-med-home-assistant\/"]}]},{"@type":"BreadcrumbList","@id":"https:\/\/energyintelligence.se\/shop\/mat-elforbrukningen-med-home-assistant\/#breadcrumb","itemListElement":[{"@type":"ListItem","position":1,"name":"Hem","item":"https:\/\/energyintelligence.se\/shop\/"},{"@type":"ListItem","position":2,"name":"Hur du m\u00e4ter elf\u00f6rbrukningen med Home Assistant"}]},{"@type":"WebSite","@id":"https:\/\/energyintelligence.se\/shop\/#website","url":"https:\/\/energyintelligence.se\/shop\/","name":"Energy Intelligence","description":"Ta kontroll \u00f6ver din elf\u00f6rbrukning","publisher":{"@id":"https:\/\/energyintelligence.se\/shop\/#organization"},"potentialAction":[{"@type":"SearchAction","target":{"@type":"EntryPoint","urlTemplate":"https:\/\/energyintelligence.se\/shop\/?s={search_term_string}"},"query-input":"required name=search_term_string"}],"inLanguage":"sv-SE"},{"@type":"Organization","@id":"https:\/\/energyintelligence.se\/shop\/#organization","name":"Notima Energy Intelligence AB","url":"https:\/\/energyintelligence.se\/shop\/","logo":{"@type":"ImageObject","inLanguage":"sv-SE","@id":"https:\/\/energyintelligence.se\/shop\/#\/schema\/logo\/image\/","url":"https:\/\/energyintelligence.se\/shop\/wp-content\/uploads\/2023\/11\/cropped-EI-300x66-1.png","contentUrl":"https:\/\/energyintelligence.se\/shop\/wp-content\/uploads\/2023\/11\/cropped-EI-300x66-1.png","width":300,"height":66,"caption":"Notima Energy Intelligence AB"},"image":{"@id":"https:\/\/energyintelligence.se\/shop\/#\/schema\/logo\/image\/"}}]}},"_links":{"self":[{"href":"https:\/\/energyintelligence.se\/shop\/wp-json\/wp\/v2\/pages\/1610"}],"collection":[{"href":"https:\/\/energyintelligence.se\/shop\/wp-json\/wp\/v2\/pages"}],"about":[{"href":"https:\/\/energyintelligence.se\/shop\/wp-json\/wp\/v2\/types\/page"}],"author":[{"embeddable":true,"href":"https:\/\/energyintelligence.se\/shop\/wp-json\/wp\/v2\/users\/3"}],"replies":[{"embeddable":true,"href":"https:\/\/energyintelligence.se\/shop\/wp-json\/wp\/v2\/comments?post=1610"}],"version-history":[{"count":10,"href":"https:\/\/energyintelligence.se\/shop\/wp-json\/wp\/v2\/pages\/1610\/revisions"}],"predecessor-version":[{"id":3259,"href":"https:\/\/energyintelligence.se\/shop\/wp-json\/wp\/v2\/pages\/1610\/revisions\/3259"}],"wp:attachment":[{"href":"https:\/\/energyintelligence.se\/shop\/wp-json\/wp\/v2\/media?parent=1610"}],"curies":[{"name":"wp","href":"https:\/\/api.w.org\/{rel}","templated":true}]}}