{"id":1612,"date":"2023-04-26T14:46:16","date_gmt":"2023-04-26T12:46:16","guid":{"rendered":"https:\/\/energyintelligence.se\/shop\/?page_id=1612"},"modified":"2024-01-18T16:13:59","modified_gmt":"2024-01-18T14:13:59","slug":"openhab","status":"publish","type":"page","link":"https:\/\/energyintelligence.se\/shop\/openhab\/","title":{"rendered":"OpenHAB"},"content":{"rendered":"\n<p>The Home Assistant auto discovery feature can also be used by OpenHAB.<br>Setting up OpenHAB to automatically detect measurements:<\/p>\n\n\n\n<ol>\n<li>Log in to OpenHAB<\/li>\n\n\n\n<li>Click \u201dSettings\u201d in the side bar <img loading=\"lazy\" decoding=\"async\" src=\"https:\/\/energyintelligence.se\/shop\/wp-content\/uploads\/2021\/07\/hab_settings-1024x640.png\" alt=\"\" srcset=\"https:\/\/energyintelligence.se\/shop\/wp-content\/uploads\/2021\/07\/hab_settings-1024x640.png 1024w, https:\/\/energyintelligence.se\/shop\/wp-content\/uploads\/2021\/07\/hab_settings-300x188.png 300w, https:\/\/energyintelligence.se\/shop\/wp-content\/uploads\/2021\/07\/hab_settings-768x480.png 768w, https:\/\/energyintelligence.se\/shop\/wp-content\/uploads\/2021\/07\/hab_settings-416x260.png 416w, https:\/\/energyintelligence.se\/shop\/wp-content\/uploads\/2021\/07\/hab_settings.png 1280w\" width=\"980\" height=\"613\"><\/li>\n\n\n\n<li>Click \u201dSettings\u201d in the side bar again and go to \u201dThings\u201d (under the \u201dConfiguration\u201d category) and click the \u201d+\u201d button in the bottom right corner<img loading=\"lazy\" decoding=\"async\" src=\"https:\/\/energyintelligence.se\/shop\/wp-content\/uploads\/2021\/07\/hab_things-1024x640.png\" alt=\"\" srcset=\"https:\/\/energyintelligence.se\/shop\/wp-content\/uploads\/2021\/07\/hab_things-1024x640.png 1024w, https:\/\/energyintelligence.se\/shop\/wp-content\/uploads\/2021\/07\/hab_things-300x188.png 300w, https:\/\/energyintelligence.se\/shop\/wp-content\/uploads\/2021\/07\/hab_things-768x480.png 768w, https:\/\/energyintelligence.se\/shop\/wp-content\/uploads\/2021\/07\/hab_things-416x260.png 416w, https:\/\/energyintelligence.se\/shop\/wp-content\/uploads\/2021\/07\/hab_things.png 1280w\" width=\"980\" height=\"613\"><\/li>\n\n\n\n<li>If you already have the MQTT binding installed, it should show up in the list of installed bindings. If there is no MQTT binding in the list, Follow these steps:\n<ol>\n<li>Click \u201dInstall More Bindings\u201d<\/li>\n\n\n\n<li>Find the MQTT binding and install it<img loading=\"lazy\" decoding=\"async\" src=\"https:\/\/energyintelligence.se\/shop\/wp-content\/uploads\/2021\/07\/hab_mqtt_binding-1024x640.png\" alt=\"\" srcset=\"https:\/\/energyintelligence.se\/shop\/wp-content\/uploads\/2021\/07\/hab_mqtt_binding-1024x640.png 1024w, https:\/\/energyintelligence.se\/shop\/wp-content\/uploads\/2021\/07\/hab_mqtt_binding-300x188.png 300w, https:\/\/energyintelligence.se\/shop\/wp-content\/uploads\/2021\/07\/hab_mqtt_binding-768x480.png 768w, https:\/\/energyintelligence.se\/shop\/wp-content\/uploads\/2021\/07\/hab_mqtt_binding-416x260.png 416w, https:\/\/energyintelligence.se\/shop\/wp-content\/uploads\/2021\/07\/hab_mqtt_binding.png 1280w\" width=\"980\" height=\"613\"><\/li>\n\n\n\n<li>Once the binding is installed, click \u201dBack\u201d at the top of the screen<\/li>\n<\/ol>\n<\/li>\n\n\n\n<li>Select the MQTT binding<\/li>\n\n\n\n<li>Click \u201dMQTT Broker\u201d in the list of things to add manually<img loading=\"lazy\" decoding=\"async\" src=\"https:\/\/energyintelligence.se\/shop\/wp-content\/uploads\/2021\/07\/hab_mqtt_things-1024x640.png\" alt=\"\" srcset=\"https:\/\/energyintelligence.se\/shop\/wp-content\/uploads\/2021\/07\/hab_mqtt_things-1024x640.png 1024w, https:\/\/energyintelligence.se\/shop\/wp-content\/uploads\/2021\/07\/hab_mqtt_things-300x188.png 300w, https:\/\/energyintelligence.se\/shop\/wp-content\/uploads\/2021\/07\/hab_mqtt_things-768x480.png 768w, https:\/\/energyintelligence.se\/shop\/wp-content\/uploads\/2021\/07\/hab_mqtt_things-416x260.png 416w, https:\/\/energyintelligence.se\/shop\/wp-content\/uploads\/2021\/07\/hab_mqtt_things.png 1280w\" width=\"980\" height=\"613\"><\/li>\n\n\n\n<li>Enter the connection information of your MQTT broker and click \u201dCreate Thing\u201d<img loading=\"lazy\" decoding=\"async\" src=\"https:\/\/energyintelligence.se\/shop\/wp-content\/uploads\/2021\/07\/hab_broker_thing-1024x640.png\" alt=\"\" srcset=\"https:\/\/energyintelligence.se\/shop\/wp-content\/uploads\/2021\/07\/hab_broker_thing-1024x640.png 1024w, https:\/\/energyintelligence.se\/shop\/wp-content\/uploads\/2021\/07\/hab_broker_thing-300x188.png 300w, https:\/\/energyintelligence.se\/shop\/wp-content\/uploads\/2021\/07\/hab_broker_thing-768x480.png 768w, https:\/\/energyintelligence.se\/shop\/wp-content\/uploads\/2021\/07\/hab_broker_thing-416x260.png 416w, https:\/\/energyintelligence.se\/shop\/wp-content\/uploads\/2021\/07\/hab_broker_thing.png 1280w\" width=\"980\" height=\"613\"><\/li>\n\n\n\n<li>OpenHAB should now be connected to your MQTT broker and should have already discovered your device. An inbox notification will appear at the bottom of the screen, notifying you that variables from your electricity meter have been detected. Click the notification<img loading=\"lazy\" decoding=\"async\" src=\"https:\/\/energyintelligence.se\/shop\/wp-content\/uploads\/2021\/07\/hab_inbox_notif-1024x640.png\" alt=\"\" srcset=\"https:\/\/energyintelligence.se\/shop\/wp-content\/uploads\/2021\/07\/hab_inbox_notif-1024x640.png 1024w, https:\/\/energyintelligence.se\/shop\/wp-content\/uploads\/2021\/07\/hab_inbox_notif-300x188.png 300w, https:\/\/energyintelligence.se\/shop\/wp-content\/uploads\/2021\/07\/hab_inbox_notif-768x480.png 768w, https:\/\/energyintelligence.se\/shop\/wp-content\/uploads\/2021\/07\/hab_inbox_notif-416x260.png 416w, https:\/\/energyintelligence.se\/shop\/wp-content\/uploads\/2021\/07\/hab_inbox_notif.png 1280w\" width=\"980\" height=\"613\"><\/li>\n\n\n\n<li>You will now see a list of variables supported by you electricity meter. Each variable has to be manually added as a thing. Repeat these steps for each variable you would like to read:\n<ol>\n<li>Click the entry in the list and select \u201dAdd as Thing\u201d<\/li>\n\n\n\n<li>Go back to the list of things and click the newly added thing<\/li>\n\n\n\n<li>Go to the \u201dChannels\u201d tab at the top of the screen and click \u201dAdd Link to Item\u2026\u201d<img loading=\"lazy\" decoding=\"async\" src=\"https:\/\/energyintelligence.se\/shop\/wp-content\/uploads\/2021\/07\/hab_variable_thing-1024x640.png\" alt=\"\" srcset=\"https:\/\/energyintelligence.se\/shop\/wp-content\/uploads\/2021\/07\/hab_variable_thing-1024x640.png 1024w, https:\/\/energyintelligence.se\/shop\/wp-content\/uploads\/2021\/07\/hab_variable_thing-300x188.png 300w, https:\/\/energyintelligence.se\/shop\/wp-content\/uploads\/2021\/07\/hab_variable_thing-768x480.png 768w, https:\/\/energyintelligence.se\/shop\/wp-content\/uploads\/2021\/07\/hab_variable_thing-416x260.png 416w, https:\/\/energyintelligence.se\/shop\/wp-content\/uploads\/2021\/07\/hab_variable_thing.png 1280w\" width=\"980\" height=\"613\"><\/li>\n\n\n\n<li>Select \u201dCreate a new Item\u201d, set \u201dSemantic Class\u201d to \u201dMeasurement\u201d and set \u201dSemantic Property\u201d to the appropriate value for the variable<img loading=\"lazy\" decoding=\"async\" src=\"https:\/\/energyintelligence.se\/shop\/wp-content\/uploads\/2021\/07\/hab_create_item-1024x640.png\" alt=\"\" srcset=\"https:\/\/energyintelligence.se\/shop\/wp-content\/uploads\/2021\/07\/hab_create_item-1024x640.png 1024w, https:\/\/energyintelligence.se\/shop\/wp-content\/uploads\/2021\/07\/hab_create_item-300x188.png 300w, https:\/\/energyintelligence.se\/shop\/wp-content\/uploads\/2021\/07\/hab_create_item-768x480.png 768w, https:\/\/energyintelligence.se\/shop\/wp-content\/uploads\/2021\/07\/hab_create_item-416x260.png 416w, https:\/\/energyintelligence.se\/shop\/wp-content\/uploads\/2021\/07\/hab_create_item.png 1280w\" width=\"980\" height=\"613\"><\/li>\n\n\n\n<li>Click \u201dLink\u201d at the bottom of the screen to create an Item that outputs the value.<\/li>\n<\/ol>\n<\/li>\n<\/ol>\n","protected":false},"excerpt":{"rendered":"<p>The Home Assistant auto discovery feature can also be used by OpenHAB.Setting up OpenHAB to automatically detect measurements:<\/p>\n","protected":false},"author":3,"featured_media":0,"parent":0,"menu_order":0,"comment_status":"closed","ping_status":"closed","template":"","meta":{"footnotes":""},"yoast_head":"<!-- This site is optimized with the Yoast SEO plugin v21.7 - https:\/\/yoast.com\/wordpress\/plugins\/seo\/ -->\n<title>OpenHAB - Energy Intelligence<\/title>\n<meta name=\"description\" content=\"M\u00e4t din energif\u00f6rbrukning med OpenHAB och Energy Intelligences elm\u00e4taravl\u00e4sare f\u00f6r smarta elm\u00e4tare med P1\/HAN port.\" \/>\n<meta name=\"robots\" content=\"index, follow, max-snippet:-1, max-image-preview:large, max-video-preview:-1\" \/>\n<link rel=\"canonical\" href=\"https:\/\/energyintelligence.se\/shop\/openhab\/\" \/>\n<meta property=\"og:locale\" content=\"sv_SE\" \/>\n<meta property=\"og:type\" content=\"article\" \/>\n<meta property=\"og:title\" content=\"OpenHAB - Energy Intelligence\" \/>\n<meta property=\"og:description\" content=\"M\u00e4t din energif\u00f6rbrukning med OpenHAB och Energy Intelligences elm\u00e4taravl\u00e4sare f\u00f6r smarta elm\u00e4tare med P1\/HAN port.\" \/>\n<meta property=\"og:url\" content=\"https:\/\/energyintelligence.se\/shop\/openhab\/\" \/>\n<meta property=\"og:site_name\" content=\"Energy Intelligence\" \/>\n<meta property=\"article:modified_time\" content=\"2024-01-18T14:13:59+00:00\" \/>\n<meta property=\"og:image\" content=\"https:\/\/energyintelligence.se\/shop\/wp-content\/uploads\/2021\/07\/hab_settings-1024x640.png\" \/>\n<meta name=\"twitter:card\" content=\"summary_large_image\" \/>\n<meta name=\"twitter:label1\" content=\"Ber\u00e4knad l\u00e4stid\" \/>\n\t<meta name=\"twitter:data1\" content=\"4 minuter\" \/>\n<script type=\"application\/ld+json\" class=\"yoast-schema-graph\">{\"@context\":\"https:\/\/schema.org\",\"@graph\":[{\"@type\":\"WebPage\",\"@id\":\"https:\/\/energyintelligence.se\/shop\/openhab\/\",\"url\":\"https:\/\/energyintelligence.se\/shop\/openhab\/\",\"name\":\"OpenHAB - Energy Intelligence\",\"isPartOf\":{\"@id\":\"https:\/\/energyintelligence.se\/shop\/#website\"},\"datePublished\":\"2023-04-26T12:46:16+00:00\",\"dateModified\":\"2024-01-18T14:13:59+00:00\",\"description\":\"M\u00e4t din energif\u00f6rbrukning med OpenHAB och Energy Intelligences elm\u00e4taravl\u00e4sare f\u00f6r smarta elm\u00e4tare med P1\/HAN port.\",\"breadcrumb\":{\"@id\":\"https:\/\/energyintelligence.se\/shop\/openhab\/#breadcrumb\"},\"inLanguage\":\"sv-SE\",\"potentialAction\":[{\"@type\":\"ReadAction\",\"target\":[\"https:\/\/energyintelligence.se\/shop\/openhab\/\"]}]},{\"@type\":\"BreadcrumbList\",\"@id\":\"https:\/\/energyintelligence.se\/shop\/openhab\/#breadcrumb\",\"itemListElement\":[{\"@type\":\"ListItem\",\"position\":1,\"name\":\"Hem\",\"item\":\"https:\/\/energyintelligence.se\/shop\/\"},{\"@type\":\"ListItem\",\"position\":2,\"name\":\"OpenHAB\"}]},{\"@type\":\"WebSite\",\"@id\":\"https:\/\/energyintelligence.se\/shop\/#website\",\"url\":\"https:\/\/energyintelligence.se\/shop\/\",\"name\":\"Energy Intelligence\",\"description\":\"Ta kontroll \u00f6ver din elf\u00f6rbrukning\",\"publisher\":{\"@id\":\"https:\/\/energyintelligence.se\/shop\/#organization\"},\"potentialAction\":[{\"@type\":\"SearchAction\",\"target\":{\"@type\":\"EntryPoint\",\"urlTemplate\":\"https:\/\/energyintelligence.se\/shop\/?s={search_term_string}\"},\"query-input\":\"required name=search_term_string\"}],\"inLanguage\":\"sv-SE\"},{\"@type\":\"Organization\",\"@id\":\"https:\/\/energyintelligence.se\/shop\/#organization\",\"name\":\"Notima Energy Intelligence AB\",\"url\":\"https:\/\/energyintelligence.se\/shop\/\",\"logo\":{\"@type\":\"ImageObject\",\"inLanguage\":\"sv-SE\",\"@id\":\"https:\/\/energyintelligence.se\/shop\/#\/schema\/logo\/image\/\",\"url\":\"https:\/\/energyintelligence.se\/shop\/wp-content\/uploads\/2023\/11\/cropped-EI-300x66-1.png\",\"contentUrl\":\"https:\/\/energyintelligence.se\/shop\/wp-content\/uploads\/2023\/11\/cropped-EI-300x66-1.png\",\"width\":300,\"height\":66,\"caption\":\"Notima Energy Intelligence AB\"},\"image\":{\"@id\":\"https:\/\/energyintelligence.se\/shop\/#\/schema\/logo\/image\/\"}}]}<\/script>\n<!-- \/ Yoast SEO plugin. -->","yoast_head_json":{"title":"OpenHAB - Energy Intelligence","description":"M\u00e4t din energif\u00f6rbrukning med OpenHAB och Energy Intelligences elm\u00e4taravl\u00e4sare f\u00f6r smarta elm\u00e4tare med P1\/HAN port.","robots":{"index":"index","follow":"follow","max-snippet":"max-snippet:-1","max-image-preview":"max-image-preview:large","max-video-preview":"max-video-preview:-1"},"canonical":"https:\/\/energyintelligence.se\/shop\/openhab\/","og_locale":"sv_SE","og_type":"article","og_title":"OpenHAB - Energy Intelligence","og_description":"M\u00e4t din energif\u00f6rbrukning med OpenHAB och Energy Intelligences elm\u00e4taravl\u00e4sare f\u00f6r smarta elm\u00e4tare med P1\/HAN port.","og_url":"https:\/\/energyintelligence.se\/shop\/openhab\/","og_site_name":"Energy Intelligence","article_modified_time":"2024-01-18T14:13:59+00:00","og_image":[{"url":"https:\/\/energyintelligence.se\/shop\/wp-content\/uploads\/2021\/07\/hab_settings-1024x640.png"}],"twitter_card":"summary_large_image","twitter_misc":{"Ber\u00e4knad l\u00e4stid":"4 minuter"},"schema":{"@context":"https:\/\/schema.org","@graph":[{"@type":"WebPage","@id":"https:\/\/energyintelligence.se\/shop\/openhab\/","url":"https:\/\/energyintelligence.se\/shop\/openhab\/","name":"OpenHAB - Energy Intelligence","isPartOf":{"@id":"https:\/\/energyintelligence.se\/shop\/#website"},"datePublished":"2023-04-26T12:46:16+00:00","dateModified":"2024-01-18T14:13:59+00:00","description":"M\u00e4t din energif\u00f6rbrukning med OpenHAB och Energy Intelligences elm\u00e4taravl\u00e4sare f\u00f6r smarta elm\u00e4tare med P1\/HAN port.","breadcrumb":{"@id":"https:\/\/energyintelligence.se\/shop\/openhab\/#breadcrumb"},"inLanguage":"sv-SE","potentialAction":[{"@type":"ReadAction","target":["https:\/\/energyintelligence.se\/shop\/openhab\/"]}]},{"@type":"BreadcrumbList","@id":"https:\/\/energyintelligence.se\/shop\/openhab\/#breadcrumb","itemListElement":[{"@type":"ListItem","position":1,"name":"Hem","item":"https:\/\/energyintelligence.se\/shop\/"},{"@type":"ListItem","position":2,"name":"OpenHAB"}]},{"@type":"WebSite","@id":"https:\/\/energyintelligence.se\/shop\/#website","url":"https:\/\/energyintelligence.se\/shop\/","name":"Energy Intelligence","description":"Ta kontroll \u00f6ver din elf\u00f6rbrukning","publisher":{"@id":"https:\/\/energyintelligence.se\/shop\/#organization"},"potentialAction":[{"@type":"SearchAction","target":{"@type":"EntryPoint","urlTemplate":"https:\/\/energyintelligence.se\/shop\/?s={search_term_string}"},"query-input":"required name=search_term_string"}],"inLanguage":"sv-SE"},{"@type":"Organization","@id":"https:\/\/energyintelligence.se\/shop\/#organization","name":"Notima Energy Intelligence AB","url":"https:\/\/energyintelligence.se\/shop\/","logo":{"@type":"ImageObject","inLanguage":"sv-SE","@id":"https:\/\/energyintelligence.se\/shop\/#\/schema\/logo\/image\/","url":"https:\/\/energyintelligence.se\/shop\/wp-content\/uploads\/2023\/11\/cropped-EI-300x66-1.png","contentUrl":"https:\/\/energyintelligence.se\/shop\/wp-content\/uploads\/2023\/11\/cropped-EI-300x66-1.png","width":300,"height":66,"caption":"Notima Energy Intelligence AB"},"image":{"@id":"https:\/\/energyintelligence.se\/shop\/#\/schema\/logo\/image\/"}}]}},"_links":{"self":[{"href":"https:\/\/energyintelligence.se\/shop\/wp-json\/wp\/v2\/pages\/1612"}],"collection":[{"href":"https:\/\/energyintelligence.se\/shop\/wp-json\/wp\/v2\/pages"}],"about":[{"href":"https:\/\/energyintelligence.se\/shop\/wp-json\/wp\/v2\/types\/page"}],"author":[{"embeddable":true,"href":"https:\/\/energyintelligence.se\/shop\/wp-json\/wp\/v2\/users\/3"}],"replies":[{"embeddable":true,"href":"https:\/\/energyintelligence.se\/shop\/wp-json\/wp\/v2\/comments?post=1612"}],"version-history":[{"count":1,"href":"https:\/\/energyintelligence.se\/shop\/wp-json\/wp\/v2\/pages\/1612\/revisions"}],"predecessor-version":[{"id":1613,"href":"https:\/\/energyintelligence.se\/shop\/wp-json\/wp\/v2\/pages\/1612\/revisions\/1613"}],"wp:attachment":[{"href":"https:\/\/energyintelligence.se\/shop\/wp-json\/wp\/v2\/media?parent=1612"}],"curies":[{"name":"wp","href":"https:\/\/api.w.org\/{rel}","templated":true}]}}