{"id":176,"date":"2021-09-19T10:09:37","date_gmt":"2021-09-19T08:09:37","guid":{"rendered":"https:\/\/energyintelligence.se\/shop\/?page_id=176"},"modified":"2024-01-18T16:19:08","modified_gmt":"2024-01-18T14:19:08","slug":"verifierade-elmatare","status":"publish","type":"page","link":"https:\/\/energyintelligence.se\/shop\/verifierade-elmatare\/","title":{"rendered":"Verifierade elm\u00e4tare"},"content":{"rendered":"\n<p><a href=\"https:\/\/energyintelligence.se\/shop\/product\/p1-elmataravlasare\" data-type=\"product\" data-id=\"84\">P1 Elm\u00e4tarl\u00e4saren<\/a> har testats och konstaterats fungera mot f\u00f6ljande elm\u00e4tare<\/p>\n\n\n\n<h2 class=\"wp-block-heading\">RJ12<\/h2>\n\n\n\n<ul>\n<li>Sagemcom T211 &#8211; Ellevio &#8211; verifierad av oss<\/li>\n\n\n\n<li><a href=\"https:\/\/energyintelligence.se\/shop\/landis-gyr-e360\" data-type=\"page\" data-id=\"270\">Landis Gyr E360<\/a> &#8211; Eon &#8211; verifierad av kund<\/li>\n\n\n\n<li><a rel=\"noreferrer noopener\" href=\"https:\/\/www.vattenfalleldistribution.se\/matarbyte\/nya-elmataren\/\" target=\"_blank\">S34U18 &#8211; Vattenfall<\/a> &#8211; verifierad av kund<\/li>\n\n\n\n<li>Star DTS27 &#8211; verifierad av kund (kr\u00e4ver extern str\u00f6mf\u00f6rs\u00f6rjning)<\/li>\n\n\n\n<li>Kaifa MA304H4E &#8211; verifierad av n\u00e4t\u00e4gare<\/li>\n\n\n\n<li>Aidon 6534 &#8211; verifierad av kund &#8211; T\u00e4nk p\u00e5 att aktivera den med EFS2-dataprofil!<\/li>\n\n\n\n<li>Aidon 7534 &#8211; verifierad av kund (Finland).<\/li>\n\n\n\n<li>Kamstrup Omnipower &#8211; verifierad av oss (kr\u00e4ver extern str\u00f6mf\u00f6rs\u00f6rjning och <a rel=\"noreferrer noopener\" href=\"https:\/\/www.utomhusliv.se\/produkt\/kamstrup-han-modul-p1-rj12-anslutning\/\" target=\"_blank\">s\u00e4rskild modul<\/a>). OBS!! Denna m\u00e4tare kan \u00e4ven konfigureras f\u00f6r andra protokoll, s\u00e5 har ni en Kamstrup Omnipower \u00e4r det inte s\u00e4kert att den \u00e4r konfigurerad f\u00f6r rekommenderad svensk standard.<\/li>\n<\/ul>\n\n\n\n<p>Elm\u00e4taravl\u00e4saren b\u00f6r fungera mot alla l\u00e4sare som f\u00f6ljer branschstandarden som rekommenderas av Energif\u00f6retagen.<\/p>\n\n\n\n<h2 class=\"wp-block-heading\">RJ45<\/h2>\n\n\n\n<p>OBS, alla RJ45-konfigurationer kr\u00e4ver extern str\u00f6mf\u00f6rs\u00f6rjning. <\/p>\n\n\n\n<ul>\n<li>Kaifa MA304H4PSE &#8211; M\u00e4larEnergi &#8211; verfierad av kund<\/li>\n\n\n\n<li>Kamstrup Omnipower &#8211; verifierad av oss.<\/li>\n<\/ul>\n\n\n\n<p>Om ni har f\u00e5tt elm\u00e4taravl\u00e4saren att fungera mot andra elm\u00e4tare, meddela g\u00e4rna oss s\u00e5 att vi kan uppdatera listan.<\/p>\n","protected":false},"excerpt":{"rendered":"<p>P1 Elm\u00e4tarl\u00e4saren har testats och konstaterats fungera mot f\u00f6ljande elm\u00e4tare RJ12 Elm\u00e4taravl\u00e4saren b\u00f6r fungera mot alla l\u00e4sare som f\u00f6ljer branschstandarden som rekommenderas av Energif\u00f6retagen. RJ45 OBS, alla RJ45-konfigurationer kr\u00e4ver extern str\u00f6mf\u00f6rs\u00f6rjning. Om ni har f\u00e5tt elm\u00e4taravl\u00e4saren att fungera mot andra elm\u00e4tare, meddela g\u00e4rna oss s\u00e5 att vi kan uppdatera listan.<\/p>\n","protected":false},"author":3,"featured_media":0,"parent":0,"menu_order":0,"comment_status":"closed","ping_status":"closed","template":"","meta":{"footnotes":""},"yoast_head":"<!-- This site is optimized with the Yoast SEO plugin v21.7 - https:\/\/yoast.com\/wordpress\/plugins\/seo\/ -->\n<title>Verifierade elm\u00e4tare - Energy Intelligence<\/title>\n<meta name=\"description\" content=\"Elm\u00e4taravl\u00e4saren b\u00f6r fungera mot alla l\u00e4sare som f\u00f6ljer branschstandarden som rekommenderas av Energif\u00f6retagen. Verifierad elm\u00e4tare som fungerar med Energy Intelligences elm\u00e4taravl\u00e4sare f\u00f6r smarta elm\u00e4tare med P1\/HAN port.\" \/>\n<meta name=\"robots\" content=\"index, follow, max-snippet:-1, max-image-preview:large, max-video-preview:-1\" \/>\n<link rel=\"canonical\" href=\"https:\/\/energyintelligence.se\/shop\/verifierade-elmatare\/\" \/>\n<meta property=\"og:locale\" content=\"sv_SE\" \/>\n<meta property=\"og:type\" content=\"article\" \/>\n<meta property=\"og:title\" content=\"Verifierade elm\u00e4tare - Energy Intelligence\" \/>\n<meta property=\"og:description\" content=\"Elm\u00e4taravl\u00e4saren b\u00f6r fungera mot alla l\u00e4sare som f\u00f6ljer branschstandarden som rekommenderas av Energif\u00f6retagen. Verifierad elm\u00e4tare som fungerar med Energy Intelligences elm\u00e4taravl\u00e4sare f\u00f6r smarta elm\u00e4tare med P1\/HAN port.\" \/>\n<meta property=\"og:url\" content=\"https:\/\/energyintelligence.se\/shop\/verifierade-elmatare\/\" \/>\n<meta property=\"og:site_name\" content=\"Energy Intelligence\" \/>\n<meta property=\"article:modified_time\" content=\"2024-01-18T14:19:08+00:00\" \/>\n<meta name=\"twitter:card\" content=\"summary_large_image\" \/>\n<meta name=\"twitter:label1\" content=\"Ber\u00e4knad l\u00e4stid\" \/>\n\t<meta name=\"twitter:data1\" content=\"1 minut\" \/>\n<script type=\"application\/ld+json\" class=\"yoast-schema-graph\">{\"@context\":\"https:\/\/schema.org\",\"@graph\":[{\"@type\":\"WebPage\",\"@id\":\"https:\/\/energyintelligence.se\/shop\/verifierade-elmatare\/\",\"url\":\"https:\/\/energyintelligence.se\/shop\/verifierade-elmatare\/\",\"name\":\"Verifierade elm\u00e4tare - Energy Intelligence\",\"isPartOf\":{\"@id\":\"https:\/\/energyintelligence.se\/shop\/#website\"},\"datePublished\":\"2021-09-19T08:09:37+00:00\",\"dateModified\":\"2024-01-18T14:19:08+00:00\",\"description\":\"Elm\u00e4taravl\u00e4saren b\u00f6r fungera mot alla l\u00e4sare som f\u00f6ljer branschstandarden som rekommenderas av Energif\u00f6retagen. Verifierad elm\u00e4tare som fungerar med Energy Intelligences elm\u00e4taravl\u00e4sare f\u00f6r smarta elm\u00e4tare med P1\/HAN port.\",\"breadcrumb\":{\"@id\":\"https:\/\/energyintelligence.se\/shop\/verifierade-elmatare\/#breadcrumb\"},\"inLanguage\":\"sv-SE\",\"potentialAction\":[{\"@type\":\"ReadAction\",\"target\":[\"https:\/\/energyintelligence.se\/shop\/verifierade-elmatare\/\"]}]},{\"@type\":\"BreadcrumbList\",\"@id\":\"https:\/\/energyintelligence.se\/shop\/verifierade-elmatare\/#breadcrumb\",\"itemListElement\":[{\"@type\":\"ListItem\",\"position\":1,\"name\":\"Hem\",\"item\":\"https:\/\/energyintelligence.se\/shop\/\"},{\"@type\":\"ListItem\",\"position\":2,\"name\":\"Verifierade elm\u00e4tare\"}]},{\"@type\":\"WebSite\",\"@id\":\"https:\/\/energyintelligence.se\/shop\/#website\",\"url\":\"https:\/\/energyintelligence.se\/shop\/\",\"name\":\"Energy Intelligence\",\"description\":\"Ta kontroll \u00f6ver din elf\u00f6rbrukning\",\"publisher\":{\"@id\":\"https:\/\/energyintelligence.se\/shop\/#organization\"},\"potentialAction\":[{\"@type\":\"SearchAction\",\"target\":{\"@type\":\"EntryPoint\",\"urlTemplate\":\"https:\/\/energyintelligence.se\/shop\/?s={search_term_string}\"},\"query-input\":\"required name=search_term_string\"}],\"inLanguage\":\"sv-SE\"},{\"@type\":\"Organization\",\"@id\":\"https:\/\/energyintelligence.se\/shop\/#organization\",\"name\":\"Notima Energy Intelligence AB\",\"url\":\"https:\/\/energyintelligence.se\/shop\/\",\"logo\":{\"@type\":\"ImageObject\",\"inLanguage\":\"sv-SE\",\"@id\":\"https:\/\/energyintelligence.se\/shop\/#\/schema\/logo\/image\/\",\"url\":\"https:\/\/energyintelligence.se\/shop\/wp-content\/uploads\/2023\/11\/cropped-EI-300x66-1.png\",\"contentUrl\":\"https:\/\/energyintelligence.se\/shop\/wp-content\/uploads\/2023\/11\/cropped-EI-300x66-1.png\",\"width\":300,\"height\":66,\"caption\":\"Notima Energy Intelligence AB\"},\"image\":{\"@id\":\"https:\/\/energyintelligence.se\/shop\/#\/schema\/logo\/image\/\"}}]}<\/script>\n<!-- \/ Yoast SEO plugin. -->","yoast_head_json":{"title":"Verifierade elm\u00e4tare - Energy Intelligence","description":"Elm\u00e4taravl\u00e4saren b\u00f6r fungera mot alla l\u00e4sare som f\u00f6ljer branschstandarden som rekommenderas av Energif\u00f6retagen. Verifierad elm\u00e4tare som fungerar med Energy Intelligences elm\u00e4taravl\u00e4sare f\u00f6r smarta elm\u00e4tare med P1\/HAN port.","robots":{"index":"index","follow":"follow","max-snippet":"max-snippet:-1","max-image-preview":"max-image-preview:large","max-video-preview":"max-video-preview:-1"},"canonical":"https:\/\/energyintelligence.se\/shop\/verifierade-elmatare\/","og_locale":"sv_SE","og_type":"article","og_title":"Verifierade elm\u00e4tare - Energy Intelligence","og_description":"Elm\u00e4taravl\u00e4saren b\u00f6r fungera mot alla l\u00e4sare som f\u00f6ljer branschstandarden som rekommenderas av Energif\u00f6retagen. Verifierad elm\u00e4tare som fungerar med Energy Intelligences elm\u00e4taravl\u00e4sare f\u00f6r smarta elm\u00e4tare med P1\/HAN port.","og_url":"https:\/\/energyintelligence.se\/shop\/verifierade-elmatare\/","og_site_name":"Energy Intelligence","article_modified_time":"2024-01-18T14:19:08+00:00","twitter_card":"summary_large_image","twitter_misc":{"Ber\u00e4knad l\u00e4stid":"1 minut"},"schema":{"@context":"https:\/\/schema.org","@graph":[{"@type":"WebPage","@id":"https:\/\/energyintelligence.se\/shop\/verifierade-elmatare\/","url":"https:\/\/energyintelligence.se\/shop\/verifierade-elmatare\/","name":"Verifierade elm\u00e4tare - Energy Intelligence","isPartOf":{"@id":"https:\/\/energyintelligence.se\/shop\/#website"},"datePublished":"2021-09-19T08:09:37+00:00","dateModified":"2024-01-18T14:19:08+00:00","description":"Elm\u00e4taravl\u00e4saren b\u00f6r fungera mot alla l\u00e4sare som f\u00f6ljer branschstandarden som rekommenderas av Energif\u00f6retagen. Verifierad elm\u00e4tare som fungerar med Energy Intelligences elm\u00e4taravl\u00e4sare f\u00f6r smarta elm\u00e4tare med P1\/HAN port.","breadcrumb":{"@id":"https:\/\/energyintelligence.se\/shop\/verifierade-elmatare\/#breadcrumb"},"inLanguage":"sv-SE","potentialAction":[{"@type":"ReadAction","target":["https:\/\/energyintelligence.se\/shop\/verifierade-elmatare\/"]}]},{"@type":"BreadcrumbList","@id":"https:\/\/energyintelligence.se\/shop\/verifierade-elmatare\/#breadcrumb","itemListElement":[{"@type":"ListItem","position":1,"name":"Hem","item":"https:\/\/energyintelligence.se\/shop\/"},{"@type":"ListItem","position":2,"name":"Verifierade elm\u00e4tare"}]},{"@type":"WebSite","@id":"https:\/\/energyintelligence.se\/shop\/#website","url":"https:\/\/energyintelligence.se\/shop\/","name":"Energy Intelligence","description":"Ta kontroll \u00f6ver din elf\u00f6rbrukning","publisher":{"@id":"https:\/\/energyintelligence.se\/shop\/#organization"},"potentialAction":[{"@type":"SearchAction","target":{"@type":"EntryPoint","urlTemplate":"https:\/\/energyintelligence.se\/shop\/?s={search_term_string}"},"query-input":"required name=search_term_string"}],"inLanguage":"sv-SE"},{"@type":"Organization","@id":"https:\/\/energyintelligence.se\/shop\/#organization","name":"Notima Energy Intelligence AB","url":"https:\/\/energyintelligence.se\/shop\/","logo":{"@type":"ImageObject","inLanguage":"sv-SE","@id":"https:\/\/energyintelligence.se\/shop\/#\/schema\/logo\/image\/","url":"https:\/\/energyintelligence.se\/shop\/wp-content\/uploads\/2023\/11\/cropped-EI-300x66-1.png","contentUrl":"https:\/\/energyintelligence.se\/shop\/wp-content\/uploads\/2023\/11\/cropped-EI-300x66-1.png","width":300,"height":66,"caption":"Notima Energy Intelligence AB"},"image":{"@id":"https:\/\/energyintelligence.se\/shop\/#\/schema\/logo\/image\/"}}]}},"_links":{"self":[{"href":"https:\/\/energyintelligence.se\/shop\/wp-json\/wp\/v2\/pages\/176"}],"collection":[{"href":"https:\/\/energyintelligence.se\/shop\/wp-json\/wp\/v2\/pages"}],"about":[{"href":"https:\/\/energyintelligence.se\/shop\/wp-json\/wp\/v2\/types\/page"}],"author":[{"embeddable":true,"href":"https:\/\/energyintelligence.se\/shop\/wp-json\/wp\/v2\/users\/3"}],"replies":[{"embeddable":true,"href":"https:\/\/energyintelligence.se\/shop\/wp-json\/wp\/v2\/comments?post=176"}],"version-history":[{"count":20,"href":"https:\/\/energyintelligence.se\/shop\/wp-json\/wp\/v2\/pages\/176\/revisions"}],"predecessor-version":[{"id":2196,"href":"https:\/\/energyintelligence.se\/shop\/wp-json\/wp\/v2\/pages\/176\/revisions\/2196"}],"wp:attachment":[{"href":"https:\/\/energyintelligence.se\/shop\/wp-json\/wp\/v2\/media?parent=176"}],"curies":[{"name":"wp","href":"https:\/\/api.w.org\/{rel}","templated":true}]}}