{"id":1824,"date":"2023-08-25T12:14:15","date_gmt":"2023-08-25T10:14:15","guid":{"rendered":"https:\/\/energyintelligence.se\/shop\/?page_id=1824"},"modified":"2023-08-25T12:14:16","modified_gmt":"2023-08-25T10:14:16","slug":"integritetspolicy","status":"publish","type":"page","link":"https:\/\/energyintelligence.se\/shop\/integritetspolicy\/","title":{"rendered":"Integritetspolicy"},"content":{"rendered":"\n<p>Vi v\u00e4rnar om din integritet och vill tydligt f\u00f6rklara hur vi hanterar dina personuppgifter. Vi samlar endast in och anv\u00e4nder s\u00e5dana uppgifter som \u00e4r n\u00f6dv\u00e4ndiga f\u00f6r att tillhandah\u00e5lla v\u00e5ra tj\u00e4nster och f\u00f6rb\u00e4ttra din anv\u00e4ndarupplevelse. V\u00e5r princip \u00e4r att skydda dina personuppgifter och inte dela dem med n\u00e5gon tredje part utan ditt samtycke, om det inte \u00e4r lagligt kr\u00e4vt.<\/p>\n\n\n\n<p><strong>Insamling och Anv\u00e4ndning av Personuppgifter:<\/strong><\/p>\n\n\n\n<p>Vi samlar endast in de personuppgifter som du frivilligt tillhandah\u00e5ller n\u00e4r du anv\u00e4nder v\u00e5ra tj\u00e4nster. Dessa uppgifter anv\u00e4nds f\u00f6r att hantera ditt konto, tillhandah\u00e5lla de tj\u00e4nster du beg\u00e4rt och f\u00f6rb\u00e4ttra v\u00e5r service. Vi kan ocks\u00e5 anv\u00e4nda aggregerad och anonym information f\u00f6r att analysera anv\u00e4ndarbeteenden och trender.<\/p>\n\n\n\n<p><strong>Delning av Personuppgifter:<\/strong><\/p>\n\n\n\n<p>Vi delar inte dina personuppgifter med n\u00e5gon annan part utan ditt uttryckliga samtycke. Dina uppgifter kommer inte att s\u00e4ljas, hyras ut eller p\u00e5 annat s\u00e4tt \u00f6verf\u00f6ras till tredje part f\u00f6r marknadsf\u00f6ring eller andra kommersiella \u00e4ndam\u00e5l.<\/p>\n\n\n\n<p><strong>Dataskydd och S\u00e4kerhet:<\/strong><\/p>\n\n\n\n<p>Vi vidtar l\u00e4mpliga tekniska och organisatoriska \u00e5tg\u00e4rder f\u00f6r att skydda dina personuppgifter fr\u00e5n obeh\u00f6rig \u00e5tkomst, \u00e4ndring eller f\u00f6rlust. Endast auktoriserade medarbetare som beh\u00f6ver hantera dina uppgifter f\u00f6r att utf\u00f6ra sina arbetsuppgifter kommer att ha tillg\u00e5ng till dem.<\/p>\n\n\n\n<p><strong>Dina R\u00e4ttigheter:<\/strong><\/p>\n\n\n\n<p>Du har r\u00e4tt att beg\u00e4ra \u00e5tkomst till dina personuppgifter, korrigera felaktiga uppgifter, begr\u00e4nsa behandlingen eller beg\u00e4ra att dina uppgifter raderas om de inte l\u00e4ngre \u00e4r relevanta. Om du \u00f6nskar ut\u00f6va n\u00e5gon av dessa r\u00e4ttigheter, v\u00e4nligen kontakta oss p\u00e5 de kontaktuppgifter som anges nedan.<\/p>\n\n\n\n<p><strong>Kontaktinformation:<\/strong><\/p>\n\n\n\n<p>Om du har n\u00e5gra fr\u00e5gor eller funderingar ang\u00e5ende v\u00e5r integritetspolicy eller hur vi hanterar dina personuppgifter, v\u00e4nligen kontakta oss p\u00e5 energy@notima.se.<\/p>\n\n\n\n<p><strong>\u00c4ndringar i Policyn:<\/strong><\/p>\n\n\n\n<p>Vi f\u00f6rbeh\u00e5ller oss r\u00e4tten att uppdatera denna integritetspolicy vid behov. Eventuella \u00e4ndringar kommer att publiceras p\u00e5 v\u00e5r webbplats och tr\u00e4der i kraft n\u00e4r de publiceras.<\/p>\n\n\n\n<p>Detta \u00e4r en \u00f6vergripande integritetspolicy. F\u00f6r mer detaljerad information om hur vi hanterar specifika typer av personuppgifter eller situationer kan du v\u00e4nligen kontakta oss.<\/p>\n","protected":false},"excerpt":{"rendered":"<p>Vi v\u00e4rnar om din integritet och vill tydligt f\u00f6rklara hur vi hanterar dina personuppgifter. Vi samlar endast in och anv\u00e4nder s\u00e5dana uppgifter som \u00e4r n\u00f6dv\u00e4ndiga f\u00f6r att tillhandah\u00e5lla v\u00e5ra tj\u00e4nster och f\u00f6rb\u00e4ttra din anv\u00e4ndarupplevelse. V\u00e5r princip \u00e4r att skydda dina personuppgifter och inte dela dem med n\u00e5gon tredje part utan ditt samtycke, om det inte [&hellip;]<\/p>\n","protected":false},"author":3,"featured_media":0,"parent":0,"menu_order":0,"comment_status":"closed","ping_status":"closed","template":"","meta":{"footnotes":""},"yoast_head":"<!-- This site is optimized with the Yoast SEO plugin v21.7 - https:\/\/yoast.com\/wordpress\/plugins\/seo\/ -->\n<title>Integritetspolicy - Energy Intelligence<\/title>\n<meta name=\"robots\" content=\"index, follow, max-snippet:-1, max-image-preview:large, max-video-preview:-1\" \/>\n<link rel=\"canonical\" href=\"https:\/\/energyintelligence.se\/shop\/integritetspolicy\/\" \/>\n<meta property=\"og:locale\" content=\"sv_SE\" \/>\n<meta property=\"og:type\" content=\"article\" \/>\n<meta property=\"og:title\" content=\"Integritetspolicy - Energy Intelligence\" \/>\n<meta property=\"og:description\" content=\"Vi v\u00e4rnar om din integritet och vill tydligt f\u00f6rklara hur vi hanterar dina personuppgifter. Vi samlar endast in och anv\u00e4nder s\u00e5dana uppgifter som \u00e4r n\u00f6dv\u00e4ndiga f\u00f6r att tillhandah\u00e5lla v\u00e5ra tj\u00e4nster och f\u00f6rb\u00e4ttra din anv\u00e4ndarupplevelse. V\u00e5r princip \u00e4r att skydda dina personuppgifter och inte dela dem med n\u00e5gon tredje part utan ditt samtycke, om det inte [&hellip;]\" \/>\n<meta property=\"og:url\" content=\"https:\/\/energyintelligence.se\/shop\/integritetspolicy\/\" \/>\n<meta property=\"og:site_name\" content=\"Energy Intelligence\" \/>\n<meta property=\"article:modified_time\" content=\"2023-08-25T10:14:16+00:00\" \/>\n<meta name=\"twitter:card\" content=\"summary_large_image\" \/>\n<meta name=\"twitter:label1\" content=\"Ber\u00e4knad l\u00e4stid\" \/>\n\t<meta name=\"twitter:data1\" content=\"2 minuter\" \/>\n<script type=\"application\/ld+json\" class=\"yoast-schema-graph\">{\"@context\":\"https:\/\/schema.org\",\"@graph\":[{\"@type\":\"WebPage\",\"@id\":\"https:\/\/energyintelligence.se\/shop\/integritetspolicy\/\",\"url\":\"https:\/\/energyintelligence.se\/shop\/integritetspolicy\/\",\"name\":\"Integritetspolicy - Energy Intelligence\",\"isPartOf\":{\"@id\":\"https:\/\/energyintelligence.se\/shop\/#website\"},\"datePublished\":\"2023-08-25T10:14:15+00:00\",\"dateModified\":\"2023-08-25T10:14:16+00:00\",\"breadcrumb\":{\"@id\":\"https:\/\/energyintelligence.se\/shop\/integritetspolicy\/#breadcrumb\"},\"inLanguage\":\"sv-SE\",\"potentialAction\":[{\"@type\":\"ReadAction\",\"target\":[\"https:\/\/energyintelligence.se\/shop\/integritetspolicy\/\"]}]},{\"@type\":\"BreadcrumbList\",\"@id\":\"https:\/\/energyintelligence.se\/shop\/integritetspolicy\/#breadcrumb\",\"itemListElement\":[{\"@type\":\"ListItem\",\"position\":1,\"name\":\"Hem\",\"item\":\"https:\/\/energyintelligence.se\/shop\/\"},{\"@type\":\"ListItem\",\"position\":2,\"name\":\"Integritetspolicy\"}]},{\"@type\":\"WebSite\",\"@id\":\"https:\/\/energyintelligence.se\/shop\/#website\",\"url\":\"https:\/\/energyintelligence.se\/shop\/\",\"name\":\"Energy Intelligence\",\"description\":\"Ta kontroll \u00f6ver din elf\u00f6rbrukning\",\"publisher\":{\"@id\":\"https:\/\/energyintelligence.se\/shop\/#organization\"},\"potentialAction\":[{\"@type\":\"SearchAction\",\"target\":{\"@type\":\"EntryPoint\",\"urlTemplate\":\"https:\/\/energyintelligence.se\/shop\/?s={search_term_string}\"},\"query-input\":\"required name=search_term_string\"}],\"inLanguage\":\"sv-SE\"},{\"@type\":\"Organization\",\"@id\":\"https:\/\/energyintelligence.se\/shop\/#organization\",\"name\":\"Notima Energy Intelligence AB\",\"url\":\"https:\/\/energyintelligence.se\/shop\/\",\"logo\":{\"@type\":\"ImageObject\",\"inLanguage\":\"sv-SE\",\"@id\":\"https:\/\/energyintelligence.se\/shop\/#\/schema\/logo\/image\/\",\"url\":\"https:\/\/energyintelligence.se\/shop\/wp-content\/uploads\/2023\/11\/cropped-EI-300x66-1.png\",\"contentUrl\":\"https:\/\/energyintelligence.se\/shop\/wp-content\/uploads\/2023\/11\/cropped-EI-300x66-1.png\",\"width\":300,\"height\":66,\"caption\":\"Notima Energy Intelligence AB\"},\"image\":{\"@id\":\"https:\/\/energyintelligence.se\/shop\/#\/schema\/logo\/image\/\"}}]}<\/script>\n<!-- \/ Yoast SEO plugin. -->","yoast_head_json":{"title":"Integritetspolicy - Energy Intelligence","robots":{"index":"index","follow":"follow","max-snippet":"max-snippet:-1","max-image-preview":"max-image-preview:large","max-video-preview":"max-video-preview:-1"},"canonical":"https:\/\/energyintelligence.se\/shop\/integritetspolicy\/","og_locale":"sv_SE","og_type":"article","og_title":"Integritetspolicy - Energy Intelligence","og_description":"Vi v\u00e4rnar om din integritet och vill tydligt f\u00f6rklara hur vi hanterar dina personuppgifter. Vi samlar endast in och anv\u00e4nder s\u00e5dana uppgifter som \u00e4r n\u00f6dv\u00e4ndiga f\u00f6r att tillhandah\u00e5lla v\u00e5ra tj\u00e4nster och f\u00f6rb\u00e4ttra din anv\u00e4ndarupplevelse. V\u00e5r princip \u00e4r att skydda dina personuppgifter och inte dela dem med n\u00e5gon tredje part utan ditt samtycke, om det inte [&hellip;]","og_url":"https:\/\/energyintelligence.se\/shop\/integritetspolicy\/","og_site_name":"Energy Intelligence","article_modified_time":"2023-08-25T10:14:16+00:00","twitter_card":"summary_large_image","twitter_misc":{"Ber\u00e4knad l\u00e4stid":"2 minuter"},"schema":{"@context":"https:\/\/schema.org","@graph":[{"@type":"WebPage","@id":"https:\/\/energyintelligence.se\/shop\/integritetspolicy\/","url":"https:\/\/energyintelligence.se\/shop\/integritetspolicy\/","name":"Integritetspolicy - Energy Intelligence","isPartOf":{"@id":"https:\/\/energyintelligence.se\/shop\/#website"},"datePublished":"2023-08-25T10:14:15+00:00","dateModified":"2023-08-25T10:14:16+00:00","breadcrumb":{"@id":"https:\/\/energyintelligence.se\/shop\/integritetspolicy\/#breadcrumb"},"inLanguage":"sv-SE","potentialAction":[{"@type":"ReadAction","target":["https:\/\/energyintelligence.se\/shop\/integritetspolicy\/"]}]},{"@type":"BreadcrumbList","@id":"https:\/\/energyintelligence.se\/shop\/integritetspolicy\/#breadcrumb","itemListElement":[{"@type":"ListItem","position":1,"name":"Hem","item":"https:\/\/energyintelligence.se\/shop\/"},{"@type":"ListItem","position":2,"name":"Integritetspolicy"}]},{"@type":"WebSite","@id":"https:\/\/energyintelligence.se\/shop\/#website","url":"https:\/\/energyintelligence.se\/shop\/","name":"Energy Intelligence","description":"Ta kontroll \u00f6ver din elf\u00f6rbrukning","publisher":{"@id":"https:\/\/energyintelligence.se\/shop\/#organization"},"potentialAction":[{"@type":"SearchAction","target":{"@type":"EntryPoint","urlTemplate":"https:\/\/energyintelligence.se\/shop\/?s={search_term_string}"},"query-input":"required name=search_term_string"}],"inLanguage":"sv-SE"},{"@type":"Organization","@id":"https:\/\/energyintelligence.se\/shop\/#organization","name":"Notima Energy Intelligence AB","url":"https:\/\/energyintelligence.se\/shop\/","logo":{"@type":"ImageObject","inLanguage":"sv-SE","@id":"https:\/\/energyintelligence.se\/shop\/#\/schema\/logo\/image\/","url":"https:\/\/energyintelligence.se\/shop\/wp-content\/uploads\/2023\/11\/cropped-EI-300x66-1.png","contentUrl":"https:\/\/energyintelligence.se\/shop\/wp-content\/uploads\/2023\/11\/cropped-EI-300x66-1.png","width":300,"height":66,"caption":"Notima Energy Intelligence AB"},"image":{"@id":"https:\/\/energyintelligence.se\/shop\/#\/schema\/logo\/image\/"}}]}},"_links":{"self":[{"href":"https:\/\/energyintelligence.se\/shop\/wp-json\/wp\/v2\/pages\/1824"}],"collection":[{"href":"https:\/\/energyintelligence.se\/shop\/wp-json\/wp\/v2\/pages"}],"about":[{"href":"https:\/\/energyintelligence.se\/shop\/wp-json\/wp\/v2\/types\/page"}],"author":[{"embeddable":true,"href":"https:\/\/energyintelligence.se\/shop\/wp-json\/wp\/v2\/users\/3"}],"replies":[{"embeddable":true,"href":"https:\/\/energyintelligence.se\/shop\/wp-json\/wp\/v2\/comments?post=1824"}],"version-history":[{"count":1,"href":"https:\/\/energyintelligence.se\/shop\/wp-json\/wp\/v2\/pages\/1824\/revisions"}],"predecessor-version":[{"id":1825,"href":"https:\/\/energyintelligence.se\/shop\/wp-json\/wp\/v2\/pages\/1824\/revisions\/1825"}],"wp:attachment":[{"href":"https:\/\/energyintelligence.se\/shop\/wp-json\/wp\/v2\/media?parent=1824"}],"curies":[{"name":"wp","href":"https:\/\/api.w.org\/{rel}","templated":true}]}}