{"id":1938,"date":"2023-10-17T15:45:13","date_gmt":"2023-10-17T13:45:13","guid":{"rendered":"https:\/\/energyintelligence.se\/shop\/?page_id=1938"},"modified":"2024-04-29T12:34:52","modified_gmt":"2024-04-29T10:34:52","slug":"p1-usb-getstarted","status":"publish","type":"page","link":"https:\/\/energyintelligence.se\/shop\/support\/p1-usb-getstarted\/","title":{"rendered":"Kom ig\u00e5ng med P1-USB adapter"},"content":{"rendered":"\n<p>Nedan produkter \u00e4r v\u00e5ra P1-USB adaptrar. Vi har adaptrar f\u00f6r b\u00e5de P1 &#8211; RJ12 och HAN &#8211; RJ45. RJ12 varianten finns \u00e4ven i inkaplsad variant som passar p\u00e5 DIN skena.<\/p>\n\n\n\n<p>USB-adaptern konverterar signalen fr\u00e5n elm\u00e4taren till en USB-signal. F\u00f6r att man skall kunna l\u00e4sa av signalen beh\u00f6ver man st\u00e4lla in baud-rate p\u00e5 sin &#8221;port&#8221; till 115 200 baud f\u00f6r RJ12 och 2400 baud f\u00f6r RJ45.<\/p>\n\n\n\n<p>D\u00e5 det finns m\u00e5nga olika s\u00e4tt att g\u00f6ra detta beroende p\u00e5 operativsystem. Vi rekommenderar <a href=\"https:\/\/arduino.cc\/en\/software\" target=\"_blank\" rel=\"noreferrer noopener\">Arduinos Serial Monitor<\/a> f\u00f6r att enkelt komma ig\u00e5ng. Detta verktyg fungerar p\u00e5 de flesta plattformar.<\/p>\n\n\n\n<p>Har du problem att komma ig\u00e5ng med en nyare Linux variant, se d\u00e5 g\u00e4rna denna <a href=\"https:\/\/energyintelligence.se\/shop\/usb-adaptern-saknar-dev-ttyusb0\"><strong>artikel<\/strong><\/a>.<\/p>\n\n\n\n<p>Viktigt att t\u00e4nka p\u00e5 n\u00e4r man ansluter USB-adaptern \u00e4r att man m\u00e5ste ha en USB-kabel som st\u00f6djer data\u00f6verf\u00f6ring. M\u00e5nga USB-kablar i l\u00e5dan hemma \u00e4r enbart f\u00f6r laddning \/ str\u00f6mf\u00f6rs\u00f6rjning.<\/p>\n\n\n\n<p>RJ12 varianterna kommer att skicka data som \u00e4r l\u00e4tt att l\u00e4sa. Varje meddelande innh\u00e5ller en lista med OBIS koder, ett v\u00e4rde och en m\u00e4tenhet. <a href=\"https:\/\/www.promotic.eu\/en\/pmdoc\/Subsystems\/Comm\/PmDrivers\/IEC62056_OBIS.htm\">Se h\u00e4r<\/a> f\u00f6r en tabell \u00f6ver vad OBIS koderna har f\u00f6r inneb\u00f6rd.<\/p>\n\n\n\n<p>Har du en RJ45 variant s\u00e5 \u00e4r det lite sv\u00e5rare att tolka meddelandena eftersom att de \u00e4r i ett bin\u00e4rt format. Man b\u00f6r se till att man har ett datorprogram eller skript som man kan mata in meddelandena i f\u00f6r att f\u00e5 n\u00e5got mer l\u00e4sbart. F\u00f6ljande kodbibliotek skulle kunna vara till hj\u00e4lp om man har lite programmeringskunskaper:<\/p>\n\n\n\n<ul>\n<li><a href=\"https:\/\/github.com\/notima\/DLMS-COSEM\">C\/C++<\/a><\/li>\n\n\n\n<li><a href=\"https:\/\/github.com\/u9n\/dlms-cosem\">Python<\/a><\/li>\n<\/ul>\n\n\n<div data-block-name=\"woocommerce\/handpicked-products\" data-products=\"[1224,379,2019]\" class=\"wc-block-grid wp-block-handpicked-products wc-block-handpicked-products has-3-columns has-multiple-rows\"><ul class=\"wc-block-grid__products\"><li class=\"wc-block-grid__product\">\n\t\t\t\t<a href=\"https:\/\/energyintelligence.se\/shop\/product\/p1-usb-adapter-rj45\/\" class=\"wc-block-grid__product-link\">\n\t\t\t\t\t\n\t\t\t\t\t<div class=\"wc-block-grid__product-image\"><img loading=\"lazy\" decoding=\"async\" width=\"324\" height=\"324\" src=\"https:\/\/energyintelligence.se\/shop\/wp-content\/uploads\/2023\/11\/P1-USB-RJ45-front-right-324x324.jpg\" class=\"attachment-woocommerce_thumbnail size-woocommerce_thumbnail\" alt=\"P1-USB adapter RJ45\" srcset=\"https:\/\/energyintelligence.se\/shop\/wp-content\/uploads\/2023\/11\/P1-USB-RJ45-front-right-324x324.jpg 324w, https:\/\/energyintelligence.se\/shop\/wp-content\/uploads\/2023\/11\/P1-USB-RJ45-front-right-150x150.jpg 150w, https:\/\/energyintelligence.se\/shop\/wp-content\/uploads\/2023\/11\/P1-USB-RJ45-front-right-100x100.jpg 100w\" sizes=\"(max-width: 324px) 100vw, 324px\" \/><\/div>\n\t\t\t\t\t<div class=\"wc-block-grid__product-title\">P1-USB adapter RJ45<\/div>\n\t\t\t\t<\/a>\n\t\t\t\t<div class=\"wc-block-grid__product-price price\"><span class=\"woocommerce-Price-amount amount\">295&nbsp;<span class=\"woocommerce-Price-currencySymbol\">&#107;&#114;<\/span><\/span><\/div>\n\t\t\t\t\n\t\t\t\t<div class=\"wp-block-button wc-block-grid__product-add-to-cart\"><a href=\"?add-to-cart=2019\" aria-label=\"L\u00e4gg till i varukorgen: \u201dP1-USB adapter RJ45\u201d\" data-quantity=\"1\" data-product_id=\"2019\" data-product_sku=\"p1-usb-rj45\" data-price=\"295\" rel=\"nofollow\" class=\"wp-block-button__link  add_to_cart_button ajax_add_to_cart\">L\u00e4gg till i varukorg<\/a><\/div>\n\t\t\t<\/li><li class=\"wc-block-grid__product\">\n\t\t\t\t<a href=\"https:\/\/energyintelligence.se\/shop\/product\/p1-usb-din\/\" class=\"wc-block-grid__product-link\">\n\t\t\t\t\t\n\t\t\t\t\t<div class=\"wc-block-grid__product-image\"><img loading=\"lazy\" decoding=\"async\" width=\"324\" height=\"324\" src=\"https:\/\/energyintelligence.se\/shop\/wp-content\/uploads\/2022\/12\/p1usb-front-right-324x324.jpg\" class=\"attachment-woocommerce_thumbnail size-woocommerce_thumbnail\" alt=\"P1-USB adapter i DIN-kapsling inkl RJ12-kabel\" srcset=\"https:\/\/energyintelligence.se\/shop\/wp-content\/uploads\/2022\/12\/p1usb-front-right-324x324.jpg 324w, https:\/\/energyintelligence.se\/shop\/wp-content\/uploads\/2022\/12\/p1usb-front-right-300x300.jpg 300w, https:\/\/energyintelligence.se\/shop\/wp-content\/uploads\/2022\/12\/p1usb-front-right-150x150.jpg 150w, https:\/\/energyintelligence.se\/shop\/wp-content\/uploads\/2022\/12\/p1usb-front-right-416x416.jpg 416w, https:\/\/energyintelligence.se\/shop\/wp-content\/uploads\/2022\/12\/p1usb-front-right-100x100.jpg 100w, https:\/\/energyintelligence.se\/shop\/wp-content\/uploads\/2022\/12\/p1usb-front-right.jpg 624w\" sizes=\"(max-width: 324px) 100vw, 324px\" \/><\/div>\n\t\t\t\t\t<div class=\"wc-block-grid__product-title\">P1-USB adapter i DIN-kapsling inkl RJ12-kabel<\/div>\n\t\t\t\t<\/a>\n\t\t\t\t<div class=\"wc-block-grid__product-price price\"><span class=\"woocommerce-Price-amount amount\">375&nbsp;<span class=\"woocommerce-Price-currencySymbol\">&#107;&#114;<\/span><\/span><\/div>\n\t\t\t\t\n\t\t\t\t<div class=\"wp-block-button wc-block-grid__product-add-to-cart\"><a href=\"?add-to-cart=1224\" aria-label=\"L\u00e4gg till i varukorgen: \u201dP1-USB adapter i DIN-kapsling inkl RJ12-kabel\u201d\" data-quantity=\"1\" data-product_id=\"1224\" data-product_sku=\"p1-usb-din\" data-price=\"375\" rel=\"nofollow\" class=\"wp-block-button__link  add_to_cart_button ajax_add_to_cart\">L\u00e4gg till i varukorg<\/a><\/div>\n\t\t\t<\/li><\/ul><\/div>","protected":false},"excerpt":{"rendered":"<p>Nedan produkter \u00e4r v\u00e5ra P1-USB adaptrar. Vi har adaptrar f\u00f6r b\u00e5de P1 &#8211; RJ12 och HAN &#8211; RJ45. RJ12 varianten finns \u00e4ven i inkaplsad variant som passar p\u00e5 DIN skena. USB-adaptern konverterar signalen fr\u00e5n elm\u00e4taren till en USB-signal. F\u00f6r att man skall kunna l\u00e4sa av signalen beh\u00f6ver man st\u00e4lla in baud-rate p\u00e5 sin &#8221;port&#8221; till [&hellip;]<\/p>\n","protected":false},"author":3,"featured_media":0,"parent":1036,"menu_order":0,"comment_status":"closed","ping_status":"closed","template":"","meta":{"footnotes":""},"yoast_head":"<!-- This site is optimized with the Yoast SEO plugin v21.7 - https:\/\/yoast.com\/wordpress\/plugins\/seo\/ -->\n<title>Kom ig\u00e5ng med P1-USB adapter - Energy Intelligence<\/title>\n<meta name=\"description\" content=\"Anv\u00e4nd en USB-adapter f\u00f6r att konverterar signalen fr\u00e5n din smarta elm\u00e4taren till en USB-signal. S\u00e5 h\u00e4r kommer du ig\u00e5ng med v\u00e5ra P1-USB adaptrar.\" \/>\n<meta name=\"robots\" content=\"index, follow, max-snippet:-1, max-image-preview:large, max-video-preview:-1\" \/>\n<link rel=\"canonical\" href=\"https:\/\/energyintelligence.se\/shop\/support\/p1-usb-getstarted\/\" \/>\n<meta property=\"og:locale\" content=\"sv_SE\" \/>\n<meta property=\"og:type\" content=\"article\" \/>\n<meta property=\"og:title\" content=\"Kom ig\u00e5ng med P1-USB adapter - Energy Intelligence\" \/>\n<meta property=\"og:description\" content=\"Anv\u00e4nd en USB-adapter f\u00f6r att konverterar signalen fr\u00e5n din smarta elm\u00e4taren till en USB-signal. S\u00e5 h\u00e4r kommer du ig\u00e5ng med v\u00e5ra P1-USB adaptrar.\" \/>\n<meta property=\"og:url\" content=\"https:\/\/energyintelligence.se\/shop\/support\/p1-usb-getstarted\/\" \/>\n<meta property=\"og:site_name\" content=\"Energy Intelligence\" \/>\n<meta property=\"article:modified_time\" content=\"2024-04-29T10:34:52+00:00\" \/>\n<meta name=\"twitter:card\" content=\"summary_large_image\" \/>\n<meta name=\"twitter:label1\" content=\"Ber\u00e4knad l\u00e4stid\" \/>\n\t<meta name=\"twitter:data1\" content=\"2 minuter\" \/>\n<script type=\"application\/ld+json\" class=\"yoast-schema-graph\">{\"@context\":\"https:\/\/schema.org\",\"@graph\":[{\"@type\":\"WebPage\",\"@id\":\"https:\/\/energyintelligence.se\/shop\/support\/p1-usb-getstarted\/\",\"url\":\"https:\/\/energyintelligence.se\/shop\/support\/p1-usb-getstarted\/\",\"name\":\"Kom ig\u00e5ng med P1-USB adapter - Energy Intelligence\",\"isPartOf\":{\"@id\":\"https:\/\/energyintelligence.se\/shop\/#website\"},\"datePublished\":\"2023-10-17T13:45:13+00:00\",\"dateModified\":\"2024-04-29T10:34:52+00:00\",\"description\":\"Anv\u00e4nd en USB-adapter f\u00f6r att konverterar signalen fr\u00e5n din smarta elm\u00e4taren till en USB-signal. S\u00e5 h\u00e4r kommer du ig\u00e5ng med v\u00e5ra P1-USB adaptrar.\",\"breadcrumb\":{\"@id\":\"https:\/\/energyintelligence.se\/shop\/support\/p1-usb-getstarted\/#breadcrumb\"},\"inLanguage\":\"sv-SE\",\"potentialAction\":[{\"@type\":\"ReadAction\",\"target\":[\"https:\/\/energyintelligence.se\/shop\/support\/p1-usb-getstarted\/\"]}]},{\"@type\":\"BreadcrumbList\",\"@id\":\"https:\/\/energyintelligence.se\/shop\/support\/p1-usb-getstarted\/#breadcrumb\",\"itemListElement\":[{\"@type\":\"ListItem\",\"position\":1,\"name\":\"Hem\",\"item\":\"https:\/\/energyintelligence.se\/shop\/\"},{\"@type\":\"ListItem\",\"position\":2,\"name\":\"Support\",\"item\":\"https:\/\/energyintelligence.se\/shop\/support\/\"},{\"@type\":\"ListItem\",\"position\":3,\"name\":\"Kom ig\u00e5ng med P1-USB adapter\"}]},{\"@type\":\"WebSite\",\"@id\":\"https:\/\/energyintelligence.se\/shop\/#website\",\"url\":\"https:\/\/energyintelligence.se\/shop\/\",\"name\":\"Energy Intelligence\",\"description\":\"Ta kontroll \u00f6ver din elf\u00f6rbrukning\",\"publisher\":{\"@id\":\"https:\/\/energyintelligence.se\/shop\/#organization\"},\"potentialAction\":[{\"@type\":\"SearchAction\",\"target\":{\"@type\":\"EntryPoint\",\"urlTemplate\":\"https:\/\/energyintelligence.se\/shop\/?s={search_term_string}\"},\"query-input\":\"required name=search_term_string\"}],\"inLanguage\":\"sv-SE\"},{\"@type\":\"Organization\",\"@id\":\"https:\/\/energyintelligence.se\/shop\/#organization\",\"name\":\"Notima Energy Intelligence AB\",\"url\":\"https:\/\/energyintelligence.se\/shop\/\",\"logo\":{\"@type\":\"ImageObject\",\"inLanguage\":\"sv-SE\",\"@id\":\"https:\/\/energyintelligence.se\/shop\/#\/schema\/logo\/image\/\",\"url\":\"https:\/\/energyintelligence.se\/shop\/wp-content\/uploads\/2023\/11\/cropped-EI-300x66-1.png\",\"contentUrl\":\"https:\/\/energyintelligence.se\/shop\/wp-content\/uploads\/2023\/11\/cropped-EI-300x66-1.png\",\"width\":300,\"height\":66,\"caption\":\"Notima Energy Intelligence AB\"},\"image\":{\"@id\":\"https:\/\/energyintelligence.se\/shop\/#\/schema\/logo\/image\/\"}}]}<\/script>\n<!-- \/ Yoast SEO plugin. -->","yoast_head_json":{"title":"Kom ig\u00e5ng med P1-USB adapter - Energy Intelligence","description":"Anv\u00e4nd en USB-adapter f\u00f6r att konverterar signalen fr\u00e5n din smarta elm\u00e4taren till en USB-signal. S\u00e5 h\u00e4r kommer du ig\u00e5ng med v\u00e5ra P1-USB adaptrar.","robots":{"index":"index","follow":"follow","max-snippet":"max-snippet:-1","max-image-preview":"max-image-preview:large","max-video-preview":"max-video-preview:-1"},"canonical":"https:\/\/energyintelligence.se\/shop\/support\/p1-usb-getstarted\/","og_locale":"sv_SE","og_type":"article","og_title":"Kom ig\u00e5ng med P1-USB adapter - Energy Intelligence","og_description":"Anv\u00e4nd en USB-adapter f\u00f6r att konverterar signalen fr\u00e5n din smarta elm\u00e4taren till en USB-signal. S\u00e5 h\u00e4r kommer du ig\u00e5ng med v\u00e5ra P1-USB adaptrar.","og_url":"https:\/\/energyintelligence.se\/shop\/support\/p1-usb-getstarted\/","og_site_name":"Energy Intelligence","article_modified_time":"2024-04-29T10:34:52+00:00","twitter_card":"summary_large_image","twitter_misc":{"Ber\u00e4knad l\u00e4stid":"2 minuter"},"schema":{"@context":"https:\/\/schema.org","@graph":[{"@type":"WebPage","@id":"https:\/\/energyintelligence.se\/shop\/support\/p1-usb-getstarted\/","url":"https:\/\/energyintelligence.se\/shop\/support\/p1-usb-getstarted\/","name":"Kom ig\u00e5ng med P1-USB adapter - Energy Intelligence","isPartOf":{"@id":"https:\/\/energyintelligence.se\/shop\/#website"},"datePublished":"2023-10-17T13:45:13+00:00","dateModified":"2024-04-29T10:34:52+00:00","description":"Anv\u00e4nd en USB-adapter f\u00f6r att konverterar signalen fr\u00e5n din smarta elm\u00e4taren till en USB-signal. S\u00e5 h\u00e4r kommer du ig\u00e5ng med v\u00e5ra P1-USB adaptrar.","breadcrumb":{"@id":"https:\/\/energyintelligence.se\/shop\/support\/p1-usb-getstarted\/#breadcrumb"},"inLanguage":"sv-SE","potentialAction":[{"@type":"ReadAction","target":["https:\/\/energyintelligence.se\/shop\/support\/p1-usb-getstarted\/"]}]},{"@type":"BreadcrumbList","@id":"https:\/\/energyintelligence.se\/shop\/support\/p1-usb-getstarted\/#breadcrumb","itemListElement":[{"@type":"ListItem","position":1,"name":"Hem","item":"https:\/\/energyintelligence.se\/shop\/"},{"@type":"ListItem","position":2,"name":"Support","item":"https:\/\/energyintelligence.se\/shop\/support\/"},{"@type":"ListItem","position":3,"name":"Kom ig\u00e5ng med P1-USB adapter"}]},{"@type":"WebSite","@id":"https:\/\/energyintelligence.se\/shop\/#website","url":"https:\/\/energyintelligence.se\/shop\/","name":"Energy Intelligence","description":"Ta kontroll \u00f6ver din elf\u00f6rbrukning","publisher":{"@id":"https:\/\/energyintelligence.se\/shop\/#organization"},"potentialAction":[{"@type":"SearchAction","target":{"@type":"EntryPoint","urlTemplate":"https:\/\/energyintelligence.se\/shop\/?s={search_term_string}"},"query-input":"required name=search_term_string"}],"inLanguage":"sv-SE"},{"@type":"Organization","@id":"https:\/\/energyintelligence.se\/shop\/#organization","name":"Notima Energy Intelligence AB","url":"https:\/\/energyintelligence.se\/shop\/","logo":{"@type":"ImageObject","inLanguage":"sv-SE","@id":"https:\/\/energyintelligence.se\/shop\/#\/schema\/logo\/image\/","url":"https:\/\/energyintelligence.se\/shop\/wp-content\/uploads\/2023\/11\/cropped-EI-300x66-1.png","contentUrl":"https:\/\/energyintelligence.se\/shop\/wp-content\/uploads\/2023\/11\/cropped-EI-300x66-1.png","width":300,"height":66,"caption":"Notima Energy Intelligence AB"},"image":{"@id":"https:\/\/energyintelligence.se\/shop\/#\/schema\/logo\/image\/"}}]}},"_links":{"self":[{"href":"https:\/\/energyintelligence.se\/shop\/wp-json\/wp\/v2\/pages\/1938"}],"collection":[{"href":"https:\/\/energyintelligence.se\/shop\/wp-json\/wp\/v2\/pages"}],"about":[{"href":"https:\/\/energyintelligence.se\/shop\/wp-json\/wp\/v2\/types\/page"}],"author":[{"embeddable":true,"href":"https:\/\/energyintelligence.se\/shop\/wp-json\/wp\/v2\/users\/3"}],"replies":[{"embeddable":true,"href":"https:\/\/energyintelligence.se\/shop\/wp-json\/wp\/v2\/comments?post=1938"}],"version-history":[{"count":6,"href":"https:\/\/energyintelligence.se\/shop\/wp-json\/wp\/v2\/pages\/1938\/revisions"}],"predecessor-version":[{"id":2528,"href":"https:\/\/energyintelligence.se\/shop\/wp-json\/wp\/v2\/pages\/1938\/revisions\/2528"}],"up":[{"embeddable":true,"href":"https:\/\/energyintelligence.se\/shop\/wp-json\/wp\/v2\/pages\/1036"}],"wp:attachment":[{"href":"https:\/\/energyintelligence.se\/shop\/wp-json\/wp\/v2\/media?parent=1938"}],"curies":[{"name":"wp","href":"https:\/\/api.w.org\/{rel}","templated":true}]}}