{"id":2024,"date":"2023-11-22T21:45:12","date_gmt":"2023-11-22T19:45:12","guid":{"rendered":"https:\/\/energyintelligence.se\/shop\/?page_id=2024"},"modified":"2026-03-14T20:37:26","modified_gmt":"2026-03-14T18:37:26","slug":"kontakt","status":"publish","type":"page","link":"https:\/\/energyintelligence.se\/shop\/kontakt\/","title":{"rendered":"Kontakt"},"content":{"rendered":"\n<p>V\u00e5ra lokaler finns i Stockholm. Vi har ingen fysisk butik. Kontakta oss innan ifall ni h\u00e4mta utrustning \/ varor direkt p\u00e5 v\u00e5rt kontor.<\/p>\n\n\n\n<p>Notima Energy Intelligence AB<br>Linn\u00e9gatan 76, 2 tr<br>115 23 Stockholm<br>Tel: 08 409 04 951 (vardagar mellan kl 9:30 \u2013 15:00)<\/p>\n\n\n\n<p>energy@notima.se<\/p>\n","protected":false},"excerpt":{"rendered":"<p>V\u00e5ra lokaler finns i Stockholm. Vi har ingen fysisk butik. Kontakta oss innan ifall ni h\u00e4mta utrustning \/ varor direkt p\u00e5 v\u00e5rt kontor. Notima Energy Intelligence ABLinn\u00e9gatan 76, 2 tr115 23 StockholmTel: 08 409 04 951 (vardagar mellan kl 9:30 \u2013 15:00) energy@notima.se<\/p>\n","protected":false},"author":3,"featured_media":0,"parent":0,"menu_order":0,"comment_status":"closed","ping_status":"closed","template":"","meta":{"footnotes":""},"yoast_head":"<!-- This site is optimized with the Yoast SEO plugin v21.7 - https:\/\/yoast.com\/wordpress\/plugins\/seo\/ -->\n<title>Kontakt - Energy Intelligence<\/title>\n<meta name=\"description\" content=\"Kontakta oss p\u00e5 Energy Intelligences.\" \/>\n<meta name=\"robots\" content=\"index, follow, max-snippet:-1, max-image-preview:large, max-video-preview:-1\" \/>\n<link rel=\"canonical\" href=\"https:\/\/energyintelligence.se\/shop\/kontakt\/\" \/>\n<meta property=\"og:locale\" content=\"sv_SE\" \/>\n<meta property=\"og:type\" content=\"article\" \/>\n<meta property=\"og:title\" content=\"Kontakt - Energy Intelligence\" \/>\n<meta property=\"og:description\" content=\"Kontakta oss p\u00e5 Energy Intelligences.\" \/>\n<meta property=\"og:url\" content=\"https:\/\/energyintelligence.se\/shop\/kontakt\/\" \/>\n<meta property=\"og:site_name\" content=\"Energy Intelligence\" \/>\n<meta property=\"article:modified_time\" content=\"2026-03-14T18:37:26+00:00\" \/>\n<meta name=\"twitter:card\" content=\"summary_large_image\" \/>\n<meta name=\"twitter:label1\" content=\"Ber\u00e4knad l\u00e4stid\" \/>\n\t<meta name=\"twitter:data1\" content=\"1 minut\" \/>\n<script type=\"application\/ld+json\" class=\"yoast-schema-graph\">{\"@context\":\"https:\/\/schema.org\",\"@graph\":[{\"@type\":\"WebPage\",\"@id\":\"https:\/\/energyintelligence.se\/shop\/kontakt\/\",\"url\":\"https:\/\/energyintelligence.se\/shop\/kontakt\/\",\"name\":\"Kontakt - Energy Intelligence\",\"isPartOf\":{\"@id\":\"https:\/\/energyintelligence.se\/shop\/#website\"},\"datePublished\":\"2023-11-22T19:45:12+00:00\",\"dateModified\":\"2026-03-14T18:37:26+00:00\",\"description\":\"Kontakta oss p\u00e5 Energy Intelligences.\",\"breadcrumb\":{\"@id\":\"https:\/\/energyintelligence.se\/shop\/kontakt\/#breadcrumb\"},\"inLanguage\":\"sv-SE\",\"potentialAction\":[{\"@type\":\"ReadAction\",\"target\":[\"https:\/\/energyintelligence.se\/shop\/kontakt\/\"]}]},{\"@type\":\"BreadcrumbList\",\"@id\":\"https:\/\/energyintelligence.se\/shop\/kontakt\/#breadcrumb\",\"itemListElement\":[{\"@type\":\"ListItem\",\"position\":1,\"name\":\"Hem\",\"item\":\"https:\/\/energyintelligence.se\/shop\/\"},{\"@type\":\"ListItem\",\"position\":2,\"name\":\"Kontakt\"}]},{\"@type\":\"WebSite\",\"@id\":\"https:\/\/energyintelligence.se\/shop\/#website\",\"url\":\"https:\/\/energyintelligence.se\/shop\/\",\"name\":\"Energy Intelligence\",\"description\":\"Ta kontroll \u00f6ver din elf\u00f6rbrukning\",\"publisher\":{\"@id\":\"https:\/\/energyintelligence.se\/shop\/#organization\"},\"potentialAction\":[{\"@type\":\"SearchAction\",\"target\":{\"@type\":\"EntryPoint\",\"urlTemplate\":\"https:\/\/energyintelligence.se\/shop\/?s={search_term_string}\"},\"query-input\":\"required name=search_term_string\"}],\"inLanguage\":\"sv-SE\"},{\"@type\":\"Organization\",\"@id\":\"https:\/\/energyintelligence.se\/shop\/#organization\",\"name\":\"Notima Energy Intelligence AB\",\"url\":\"https:\/\/energyintelligence.se\/shop\/\",\"logo\":{\"@type\":\"ImageObject\",\"inLanguage\":\"sv-SE\",\"@id\":\"https:\/\/energyintelligence.se\/shop\/#\/schema\/logo\/image\/\",\"url\":\"https:\/\/energyintelligence.se\/shop\/wp-content\/uploads\/2023\/11\/cropped-EI-300x66-1.png\",\"contentUrl\":\"https:\/\/energyintelligence.se\/shop\/wp-content\/uploads\/2023\/11\/cropped-EI-300x66-1.png\",\"width\":300,\"height\":66,\"caption\":\"Notima Energy Intelligence AB\"},\"image\":{\"@id\":\"https:\/\/energyintelligence.se\/shop\/#\/schema\/logo\/image\/\"}}]}<\/script>\n<!-- \/ Yoast SEO plugin. -->","yoast_head_json":{"title":"Kontakt - Energy Intelligence","description":"Kontakta oss p\u00e5 Energy Intelligences.","robots":{"index":"index","follow":"follow","max-snippet":"max-snippet:-1","max-image-preview":"max-image-preview:large","max-video-preview":"max-video-preview:-1"},"canonical":"https:\/\/energyintelligence.se\/shop\/kontakt\/","og_locale":"sv_SE","og_type":"article","og_title":"Kontakt - Energy Intelligence","og_description":"Kontakta oss p\u00e5 Energy Intelligences.","og_url":"https:\/\/energyintelligence.se\/shop\/kontakt\/","og_site_name":"Energy Intelligence","article_modified_time":"2026-03-14T18:37:26+00:00","twitter_card":"summary_large_image","twitter_misc":{"Ber\u00e4knad l\u00e4stid":"1 minut"},"schema":{"@context":"https:\/\/schema.org","@graph":[{"@type":"WebPage","@id":"https:\/\/energyintelligence.se\/shop\/kontakt\/","url":"https:\/\/energyintelligence.se\/shop\/kontakt\/","name":"Kontakt - Energy Intelligence","isPartOf":{"@id":"https:\/\/energyintelligence.se\/shop\/#website"},"datePublished":"2023-11-22T19:45:12+00:00","dateModified":"2026-03-14T18:37:26+00:00","description":"Kontakta oss p\u00e5 Energy Intelligences.","breadcrumb":{"@id":"https:\/\/energyintelligence.se\/shop\/kontakt\/#breadcrumb"},"inLanguage":"sv-SE","potentialAction":[{"@type":"ReadAction","target":["https:\/\/energyintelligence.se\/shop\/kontakt\/"]}]},{"@type":"BreadcrumbList","@id":"https:\/\/energyintelligence.se\/shop\/kontakt\/#breadcrumb","itemListElement":[{"@type":"ListItem","position":1,"name":"Hem","item":"https:\/\/energyintelligence.se\/shop\/"},{"@type":"ListItem","position":2,"name":"Kontakt"}]},{"@type":"WebSite","@id":"https:\/\/energyintelligence.se\/shop\/#website","url":"https:\/\/energyintelligence.se\/shop\/","name":"Energy Intelligence","description":"Ta kontroll \u00f6ver din elf\u00f6rbrukning","publisher":{"@id":"https:\/\/energyintelligence.se\/shop\/#organization"},"potentialAction":[{"@type":"SearchAction","target":{"@type":"EntryPoint","urlTemplate":"https:\/\/energyintelligence.se\/shop\/?s={search_term_string}"},"query-input":"required name=search_term_string"}],"inLanguage":"sv-SE"},{"@type":"Organization","@id":"https:\/\/energyintelligence.se\/shop\/#organization","name":"Notima Energy Intelligence AB","url":"https:\/\/energyintelligence.se\/shop\/","logo":{"@type":"ImageObject","inLanguage":"sv-SE","@id":"https:\/\/energyintelligence.se\/shop\/#\/schema\/logo\/image\/","url":"https:\/\/energyintelligence.se\/shop\/wp-content\/uploads\/2023\/11\/cropped-EI-300x66-1.png","contentUrl":"https:\/\/energyintelligence.se\/shop\/wp-content\/uploads\/2023\/11\/cropped-EI-300x66-1.png","width":300,"height":66,"caption":"Notima Energy Intelligence AB"},"image":{"@id":"https:\/\/energyintelligence.se\/shop\/#\/schema\/logo\/image\/"}}]}},"_links":{"self":[{"href":"https:\/\/energyintelligence.se\/shop\/wp-json\/wp\/v2\/pages\/2024"}],"collection":[{"href":"https:\/\/energyintelligence.se\/shop\/wp-json\/wp\/v2\/pages"}],"about":[{"href":"https:\/\/energyintelligence.se\/shop\/wp-json\/wp\/v2\/types\/page"}],"author":[{"embeddable":true,"href":"https:\/\/energyintelligence.se\/shop\/wp-json\/wp\/v2\/users\/3"}],"replies":[{"embeddable":true,"href":"https:\/\/energyintelligence.se\/shop\/wp-json\/wp\/v2\/comments?post=2024"}],"version-history":[{"count":6,"href":"https:\/\/energyintelligence.se\/shop\/wp-json\/wp\/v2\/pages\/2024\/revisions"}],"predecessor-version":[{"id":3429,"href":"https:\/\/energyintelligence.se\/shop\/wp-json\/wp\/v2\/pages\/2024\/revisions\/3429"}],"wp:attachment":[{"href":"https:\/\/energyintelligence.se\/shop\/wp-json\/wp\/v2\/media?parent=2024"}],"curies":[{"name":"wp","href":"https:\/\/api.w.org\/{rel}","templated":true}]}}