{"id":2307,"date":"2024-02-16T14:17:02","date_gmt":"2024-02-16T12:17:02","guid":{"rendered":"https:\/\/energyintelligence.se\/shop\/?page_id=2307"},"modified":"2024-02-16T16:19:43","modified_gmt":"2024-02-16T14:19:43","slug":"anslutning-till-elmatare","status":"publish","type":"page","link":"https:\/\/energyintelligence.se\/shop\/anvandarmanual\/anslutning-till-elmatare\/","title":{"rendered":"Anslutning till Elm\u00e4tare"},"content":{"rendered":"\n<p>Detta avsnitt f\u00f6rklarar hur du ansluter elm\u00e4taravl\u00e4saren till en elm\u00e4tare. Olika elm\u00e4tare anv\u00e4nder olika kommunikationsprotokoll s\u00e5 du b\u00f6r se till att du har r\u00e4tt typ av elm\u00e4taravl\u00e4sare till din elm\u00e4tare. Oavsett vilken typ du har kommer din elm\u00e4taravl\u00e4sare att fungera p\u00e5 ungef\u00e4r samma s\u00e4tt.<\/p>\n\n\n\n<p>Nedan kan du l\u00e4sa hur du ansluter din specifika typ av elm\u00e4tare:<\/p>\n\n\n\n<ul>\n<li><a href=\"https:\/\/energyintelligence.se\/shop\/anvandarmanual\/anslutning-till-elmatare\/p1\">P1 &#8211; RJ12<\/a><\/li>\n\n\n\n<li><a href=\"https:\/\/energyintelligence.se\/shop\/anvandarmanual\/anslutning-till-elmatare\/han-rj45\">HAN &#8211; RJ45<\/a><\/li>\n\n\n\n<li><a href=\"https:\/\/energyintelligence.se\/shop\/anvandarmanual\/anslutning-till-elmatare\/modbus-rtu\">Modbus RTU &#8211; RS485<\/a><\/li>\n<\/ul>\n","protected":false},"excerpt":{"rendered":"<p>Detta avsnitt f\u00f6rklarar hur du ansluter elm\u00e4taravl\u00e4saren till en elm\u00e4tare. Olika elm\u00e4tare anv\u00e4nder olika kommunikationsprotokoll s\u00e5 du b\u00f6r se till att du har r\u00e4tt typ av elm\u00e4taravl\u00e4sare till din elm\u00e4tare. Oavsett vilken typ du har kommer din elm\u00e4taravl\u00e4sare att fungera p\u00e5 ungef\u00e4r samma s\u00e4tt. Nedan kan du l\u00e4sa hur du ansluter din specifika typ av [&hellip;]<\/p>\n","protected":false},"author":2,"featured_media":0,"parent":694,"menu_order":0,"comment_status":"closed","ping_status":"closed","template":"","meta":{"footnotes":""},"yoast_head":"<!-- This site is optimized with the Yoast SEO plugin v21.7 - https:\/\/yoast.com\/wordpress\/plugins\/seo\/ -->\n<title>Anslutning till Elm\u00e4tare - Energy Intelligence<\/title>\n<meta name=\"description\" content=\"Detta avsnitt f\u00f6rklarar hur du ansluter elm\u00e4taravl\u00e4saren till en elm\u00e4tare.\" \/>\n<meta name=\"robots\" content=\"index, follow, max-snippet:-1, max-image-preview:large, max-video-preview:-1\" \/>\n<link rel=\"canonical\" href=\"https:\/\/energyintelligence.se\/shop\/anvandarmanual\/anslutning-till-elmatare\/\" \/>\n<meta property=\"og:locale\" content=\"sv_SE\" \/>\n<meta property=\"og:type\" content=\"article\" \/>\n<meta property=\"og:title\" content=\"Anslutning till Elm\u00e4tare - Energy Intelligence\" \/>\n<meta property=\"og:description\" content=\"Detta avsnitt f\u00f6rklarar hur du ansluter elm\u00e4taravl\u00e4saren till en elm\u00e4tare.\" \/>\n<meta property=\"og:url\" content=\"https:\/\/energyintelligence.se\/shop\/anvandarmanual\/anslutning-till-elmatare\/\" \/>\n<meta property=\"og:site_name\" content=\"Energy Intelligence\" \/>\n<meta property=\"article:modified_time\" content=\"2024-02-16T14:19:43+00:00\" \/>\n<meta name=\"twitter:card\" content=\"summary_large_image\" \/>\n<meta name=\"twitter:label1\" content=\"Ber\u00e4knad l\u00e4stid\" \/>\n\t<meta name=\"twitter:data1\" content=\"1 minut\" \/>\n<script type=\"application\/ld+json\" class=\"yoast-schema-graph\">{\"@context\":\"https:\/\/schema.org\",\"@graph\":[{\"@type\":\"WebPage\",\"@id\":\"https:\/\/energyintelligence.se\/shop\/anvandarmanual\/anslutning-till-elmatare\/\",\"url\":\"https:\/\/energyintelligence.se\/shop\/anvandarmanual\/anslutning-till-elmatare\/\",\"name\":\"Anslutning till Elm\u00e4tare - Energy Intelligence\",\"isPartOf\":{\"@id\":\"https:\/\/energyintelligence.se\/shop\/#website\"},\"datePublished\":\"2024-02-16T12:17:02+00:00\",\"dateModified\":\"2024-02-16T14:19:43+00:00\",\"description\":\"Detta avsnitt f\u00f6rklarar hur du ansluter elm\u00e4taravl\u00e4saren till en elm\u00e4tare.\",\"breadcrumb\":{\"@id\":\"https:\/\/energyintelligence.se\/shop\/anvandarmanual\/anslutning-till-elmatare\/#breadcrumb\"},\"inLanguage\":\"sv-SE\",\"potentialAction\":[{\"@type\":\"ReadAction\",\"target\":[\"https:\/\/energyintelligence.se\/shop\/anvandarmanual\/anslutning-till-elmatare\/\"]}]},{\"@type\":\"BreadcrumbList\",\"@id\":\"https:\/\/energyintelligence.se\/shop\/anvandarmanual\/anslutning-till-elmatare\/#breadcrumb\",\"itemListElement\":[{\"@type\":\"ListItem\",\"position\":1,\"name\":\"Hem\",\"item\":\"https:\/\/energyintelligence.se\/shop\/\"},{\"@type\":\"ListItem\",\"position\":2,\"name\":\"Anv\u00e4ndarmanual\",\"item\":\"https:\/\/energyintelligence.se\/shop\/anvandarmanual\/\"},{\"@type\":\"ListItem\",\"position\":3,\"name\":\"Anslutning till Elm\u00e4tare\"}]},{\"@type\":\"WebSite\",\"@id\":\"https:\/\/energyintelligence.se\/shop\/#website\",\"url\":\"https:\/\/energyintelligence.se\/shop\/\",\"name\":\"Energy Intelligence\",\"description\":\"Ta kontroll \u00f6ver din elf\u00f6rbrukning\",\"publisher\":{\"@id\":\"https:\/\/energyintelligence.se\/shop\/#organization\"},\"potentialAction\":[{\"@type\":\"SearchAction\",\"target\":{\"@type\":\"EntryPoint\",\"urlTemplate\":\"https:\/\/energyintelligence.se\/shop\/?s={search_term_string}\"},\"query-input\":\"required name=search_term_string\"}],\"inLanguage\":\"sv-SE\"},{\"@type\":\"Organization\",\"@id\":\"https:\/\/energyintelligence.se\/shop\/#organization\",\"name\":\"Notima Energy Intelligence AB\",\"url\":\"https:\/\/energyintelligence.se\/shop\/\",\"logo\":{\"@type\":\"ImageObject\",\"inLanguage\":\"sv-SE\",\"@id\":\"https:\/\/energyintelligence.se\/shop\/#\/schema\/logo\/image\/\",\"url\":\"https:\/\/energyintelligence.se\/shop\/wp-content\/uploads\/2023\/11\/cropped-EI-300x66-1.png\",\"contentUrl\":\"https:\/\/energyintelligence.se\/shop\/wp-content\/uploads\/2023\/11\/cropped-EI-300x66-1.png\",\"width\":300,\"height\":66,\"caption\":\"Notima Energy Intelligence AB\"},\"image\":{\"@id\":\"https:\/\/energyintelligence.se\/shop\/#\/schema\/logo\/image\/\"}}]}<\/script>\n<!-- \/ Yoast SEO plugin. -->","yoast_head_json":{"title":"Anslutning till Elm\u00e4tare - Energy Intelligence","description":"Detta avsnitt f\u00f6rklarar hur du ansluter elm\u00e4taravl\u00e4saren till en elm\u00e4tare.","robots":{"index":"index","follow":"follow","max-snippet":"max-snippet:-1","max-image-preview":"max-image-preview:large","max-video-preview":"max-video-preview:-1"},"canonical":"https:\/\/energyintelligence.se\/shop\/anvandarmanual\/anslutning-till-elmatare\/","og_locale":"sv_SE","og_type":"article","og_title":"Anslutning till Elm\u00e4tare - Energy Intelligence","og_description":"Detta avsnitt f\u00f6rklarar hur du ansluter elm\u00e4taravl\u00e4saren till en elm\u00e4tare.","og_url":"https:\/\/energyintelligence.se\/shop\/anvandarmanual\/anslutning-till-elmatare\/","og_site_name":"Energy Intelligence","article_modified_time":"2024-02-16T14:19:43+00:00","twitter_card":"summary_large_image","twitter_misc":{"Ber\u00e4knad l\u00e4stid":"1 minut"},"schema":{"@context":"https:\/\/schema.org","@graph":[{"@type":"WebPage","@id":"https:\/\/energyintelligence.se\/shop\/anvandarmanual\/anslutning-till-elmatare\/","url":"https:\/\/energyintelligence.se\/shop\/anvandarmanual\/anslutning-till-elmatare\/","name":"Anslutning till Elm\u00e4tare - Energy Intelligence","isPartOf":{"@id":"https:\/\/energyintelligence.se\/shop\/#website"},"datePublished":"2024-02-16T12:17:02+00:00","dateModified":"2024-02-16T14:19:43+00:00","description":"Detta avsnitt f\u00f6rklarar hur du ansluter elm\u00e4taravl\u00e4saren till en elm\u00e4tare.","breadcrumb":{"@id":"https:\/\/energyintelligence.se\/shop\/anvandarmanual\/anslutning-till-elmatare\/#breadcrumb"},"inLanguage":"sv-SE","potentialAction":[{"@type":"ReadAction","target":["https:\/\/energyintelligence.se\/shop\/anvandarmanual\/anslutning-till-elmatare\/"]}]},{"@type":"BreadcrumbList","@id":"https:\/\/energyintelligence.se\/shop\/anvandarmanual\/anslutning-till-elmatare\/#breadcrumb","itemListElement":[{"@type":"ListItem","position":1,"name":"Hem","item":"https:\/\/energyintelligence.se\/shop\/"},{"@type":"ListItem","position":2,"name":"Anv\u00e4ndarmanual","item":"https:\/\/energyintelligence.se\/shop\/anvandarmanual\/"},{"@type":"ListItem","position":3,"name":"Anslutning till Elm\u00e4tare"}]},{"@type":"WebSite","@id":"https:\/\/energyintelligence.se\/shop\/#website","url":"https:\/\/energyintelligence.se\/shop\/","name":"Energy Intelligence","description":"Ta kontroll \u00f6ver din elf\u00f6rbrukning","publisher":{"@id":"https:\/\/energyintelligence.se\/shop\/#organization"},"potentialAction":[{"@type":"SearchAction","target":{"@type":"EntryPoint","urlTemplate":"https:\/\/energyintelligence.se\/shop\/?s={search_term_string}"},"query-input":"required name=search_term_string"}],"inLanguage":"sv-SE"},{"@type":"Organization","@id":"https:\/\/energyintelligence.se\/shop\/#organization","name":"Notima Energy Intelligence AB","url":"https:\/\/energyintelligence.se\/shop\/","logo":{"@type":"ImageObject","inLanguage":"sv-SE","@id":"https:\/\/energyintelligence.se\/shop\/#\/schema\/logo\/image\/","url":"https:\/\/energyintelligence.se\/shop\/wp-content\/uploads\/2023\/11\/cropped-EI-300x66-1.png","contentUrl":"https:\/\/energyintelligence.se\/shop\/wp-content\/uploads\/2023\/11\/cropped-EI-300x66-1.png","width":300,"height":66,"caption":"Notima Energy Intelligence AB"},"image":{"@id":"https:\/\/energyintelligence.se\/shop\/#\/schema\/logo\/image\/"}}]}},"_links":{"self":[{"href":"https:\/\/energyintelligence.se\/shop\/wp-json\/wp\/v2\/pages\/2307"}],"collection":[{"href":"https:\/\/energyintelligence.se\/shop\/wp-json\/wp\/v2\/pages"}],"about":[{"href":"https:\/\/energyintelligence.se\/shop\/wp-json\/wp\/v2\/types\/page"}],"author":[{"embeddable":true,"href":"https:\/\/energyintelligence.se\/shop\/wp-json\/wp\/v2\/users\/2"}],"replies":[{"embeddable":true,"href":"https:\/\/energyintelligence.se\/shop\/wp-json\/wp\/v2\/comments?post=2307"}],"version-history":[{"count":3,"href":"https:\/\/energyintelligence.se\/shop\/wp-json\/wp\/v2\/pages\/2307\/revisions"}],"predecessor-version":[{"id":2321,"href":"https:\/\/energyintelligence.se\/shop\/wp-json\/wp\/v2\/pages\/2307\/revisions\/2321"}],"up":[{"embeddable":true,"href":"https:\/\/energyintelligence.se\/shop\/wp-json\/wp\/v2\/pages\/694"}],"wp:attachment":[{"href":"https:\/\/energyintelligence.se\/shop\/wp-json\/wp\/v2\/media?parent=2307"}],"curies":[{"name":"wp","href":"https:\/\/api.w.org\/{rel}","templated":true}]}}