{"id":2310,"date":"2024-02-16T14:17:31","date_gmt":"2024-02-16T12:17:31","guid":{"rendered":"https:\/\/energyintelligence.se\/shop\/?page_id=2310"},"modified":"2024-02-16T14:17:32","modified_gmt":"2024-02-16T12:17:32","slug":"p1","status":"publish","type":"page","link":"https:\/\/energyintelligence.se\/shop\/anvandarmanual\/anslutning-till-elmatare\/p1\/","title":{"rendered":"P1 &#8211; RJ12"},"content":{"rendered":"<div data-block-name=\"woocommerce\/featured-category\" data-edit-mode=\"false\" data-category-id=\"16\" class=\"wc-block-featured-category alignnone has-background-dim wp-block-woocommerce-featured-category\" style=\"min-height:500px;\"><div class=\"wc-block-featured-category__wrapper\"><div class=\"background-dim__overlay\" style=\"background-color: #000000\"><\/div><img decoding=\"async\" alt=\"P1 RJ12\" class=\"wc-block-featured-category__background-image\" src=\"https:\/\/energyintelligence.se\/shop\/wp-content\/uploads\/2023\/01\/Poe-Front-Right-768x1024.jpg\" style=\"object-fit: none;object-position: 50% 50%;\" \/><h2 class=\"wc-block-featured-category__title\">P1 RJ12<\/h2><div class=\"wc-block-featured-category__description\"><\/div><div class=\"wc-block-featured-category__link\">\n\n<div class=\"wp-block-buttons is-content-justification-center is-layout-flex wp-container-core-buttons-layout-1 wp-block-buttons-is-layout-flex\">\n<div class=\"wp-block-button\"><a class=\"wp-block-button__link wp-element-button\" href=\"https:\/\/energyintelligence.se\/shop\/product-category\/p1-han-readers\">Handla nu<\/a><\/div>\n<\/div>\n\n<\/div><\/div><\/div>\n\n\n<p>P1 standarden anv\u00e4nder ett kommunikationsprotokoll f\u00f6r elm\u00e4tare som utvecklats i Nederl\u00e4nderna och \u00e4r den rekommenderade standarden f\u00f6r elm\u00e4tare i svenska hem. P1-porten best\u00e5r av ett RJ12 uttag (samma typ av kabel som anv\u00e4nds f\u00f6r en del fasta telefoner). <\/p>\n\n\n\n<h2 class=\"wp-block-heading\">Anslutning till elm\u00e4taren<\/h2>\n\n\n\n<p>N\u00e4r man ansluter elm\u00e4taren till elm\u00e4taravl\u00e4saren \u00e4r det viktigt att ta h\u00e4nsyn till att signalen fr\u00e5n elm\u00e4taren \u00e4r svag. Man b\u00f6r d\u00e4rf\u00f6r anv\u00e4nda en s\u00e5 kort kabel som m\u00f6jligt f\u00f6r att beh\u00e5lla signalen integritet. Vi rekommenderar att du anv\u00e4nder den medf\u00f6ljande kabeln. Beh\u00f6ver man en l\u00e4ngre kabel \u00e4n 60cm s\u00e5 kan man ansluta den till en <a href=\"https:\/\/energyintelligence.se\/shop\/product\/aktiv-p1-splitter-forstarkare\">aktiv P1-splitter<\/a> som ocks\u00e5 fungerar som signalf\u00f6rst\u00e4rkare.<\/p>\n\n\n<div data-block-name=\"woocommerce\/handpicked-products\" data-products=\"[1246,112,1399]\" class=\"wc-block-grid wp-block-handpicked-products wc-block-handpicked-products has-3-columns has-multiple-rows\"><ul class=\"wc-block-grid__products\"><li class=\"wc-block-grid__product\">\n\t\t\t\t<a href=\"https:\/\/energyintelligence.se\/shop\/product\/rj12-rak-kabel-10-m-vit\/\" class=\"wc-block-grid__product-link\">\n\t\t\t\t\t\n\t\t\t\t\t<div class=\"wc-block-grid__product-image\"><img loading=\"lazy\" decoding=\"async\" width=\"282\" height=\"241\" src=\"https:\/\/energyintelligence.se\/shop\/wp-content\/uploads\/2023\/02\/Rj12.png\" class=\"attachment-woocommerce_thumbnail size-woocommerce_thumbnail\" alt=\"RJ12 rak kabel 10 m vit\" \/><\/div>\n\t\t\t\t\t<div class=\"wc-block-grid__product-title\">RJ12 rak kabel 10 m vit<\/div>\n\t\t\t\t<\/a>\n\t\t\t\t<div class=\"wc-block-grid__product-price price\"><span class=\"woocommerce-Price-amount amount\">139&nbsp;<span class=\"woocommerce-Price-currencySymbol\">&#107;&#114;<\/span><\/span><\/div>\n\t\t\t\t\n\t\t\t\t<div class=\"wp-block-button wc-block-grid__product-add-to-cart\"><a href=\"?add-to-cart=1399\" aria-label=\"L\u00e4gg till i varukorgen: \u201dRJ12 rak kabel 10 m vit\u201d\" data-quantity=\"1\" data-product_id=\"1399\" data-product_sku=\"Rj12-10\" data-price=\"139\" rel=\"nofollow\" class=\"wp-block-button__link  add_to_cart_button ajax_add_to_cart\">L\u00e4gg till i varukorg<\/a><\/div>\n\t\t\t<\/li><li class=\"wc-block-grid__product\">\n\t\t\t\t<a href=\"https:\/\/energyintelligence.se\/shop\/product\/aktiv-p1-splitter-forstarkare\/\" class=\"wc-block-grid__product-link\">\n\t\t\t\t\t\n\t\t\t\t\t<div class=\"wc-block-grid__product-image\"><img loading=\"lazy\" decoding=\"async\" width=\"324\" height=\"324\" src=\"https:\/\/energyintelligence.se\/shop\/wp-content\/uploads\/2023\/01\/p1-splitter-top-right-324x324.jpg\" class=\"attachment-woocommerce_thumbnail size-woocommerce_thumbnail\" alt=\"Aktiv P1-splitter\/f\u00f6rst\u00e4rkare RJ12\" srcset=\"https:\/\/energyintelligence.se\/shop\/wp-content\/uploads\/2023\/01\/p1-splitter-top-right-324x324.jpg 324w, https:\/\/energyintelligence.se\/shop\/wp-content\/uploads\/2023\/01\/p1-splitter-top-right-150x150.jpg 150w, https:\/\/energyintelligence.se\/shop\/wp-content\/uploads\/2023\/01\/p1-splitter-top-right-100x100.jpg 100w\" sizes=\"(max-width: 324px) 100vw, 324px\" \/><\/div>\n\t\t\t\t\t<div class=\"wc-block-grid__product-title\">Aktiv P1-splitter\/f\u00f6rst\u00e4rkare RJ12<\/div>\n\t\t\t\t<\/a>\n\t\t\t\t<div class=\"wc-block-grid__product-price price\"><span class=\"woocommerce-Price-amount amount\">395&nbsp;<span class=\"woocommerce-Price-currencySymbol\">&#107;&#114;<\/span><\/span><\/div>\n\t\t\t\t\n\t\t\t\t<div class=\"wp-block-button wc-block-grid__product-add-to-cart\"><a href=\"?add-to-cart=1246\" aria-label=\"L\u00e4gg till i varukorgen: \u201dAktiv P1-splitter\/f\u00f6rst\u00e4rkare RJ12\u201d\" data-quantity=\"1\" data-product_id=\"1246\" data-product_sku=\"hwe-amp-23\" data-price=\"395\" rel=\"nofollow\" class=\"wp-block-button__link  add_to_cart_button ajax_add_to_cart\">L\u00e4gg till i varukorg<\/a><\/div>\n\t\t\t<\/li><li class=\"wc-block-grid__product\">\n\t\t\t\t<a href=\"https:\/\/energyintelligence.se\/shop\/product\/rj12-rak-kabel-06-m-gra\/\" class=\"wc-block-grid__product-link\">\n\t\t\t\t\t\n\t\t\t\t\t<div class=\"wc-block-grid__product-image\"><img loading=\"lazy\" decoding=\"async\" width=\"324\" height=\"324\" src=\"https:\/\/energyintelligence.se\/shop\/wp-content\/uploads\/2021\/09\/RJ12_05m-2-324x324.jpg\" class=\"attachment-woocommerce_thumbnail size-woocommerce_thumbnail\" alt=\"RJ12 rak kabel 0,6 m gr\u00e5\" srcset=\"https:\/\/energyintelligence.se\/shop\/wp-content\/uploads\/2021\/09\/RJ12_05m-2-324x324.jpg 324w, https:\/\/energyintelligence.se\/shop\/wp-content\/uploads\/2021\/09\/RJ12_05m-2-300x300.jpg 300w, https:\/\/energyintelligence.se\/shop\/wp-content\/uploads\/2021\/09\/RJ12_05m-2-150x150.jpg 150w, https:\/\/energyintelligence.se\/shop\/wp-content\/uploads\/2021\/09\/RJ12_05m-2-768x768.jpg 768w, https:\/\/energyintelligence.se\/shop\/wp-content\/uploads\/2021\/09\/RJ12_05m-2-416x416.jpg 416w, https:\/\/energyintelligence.se\/shop\/wp-content\/uploads\/2021\/09\/RJ12_05m-2-100x100.jpg 100w, https:\/\/energyintelligence.se\/shop\/wp-content\/uploads\/2021\/09\/RJ12_05m-2.jpg 800w\" sizes=\"(max-width: 324px) 100vw, 324px\" \/><\/div>\n\t\t\t\t\t<div class=\"wc-block-grid__product-title\">RJ12 rak kabel 0,6 m gr\u00e5<\/div>\n\t\t\t\t<\/a>\n\t\t\t\t<div class=\"wc-block-grid__product-price price\"><span class=\"woocommerce-Price-amount amount\">69&nbsp;<span class=\"woocommerce-Price-currencySymbol\">&#107;&#114;<\/span><\/span><\/div>\n\t\t\t\t\n\t\t\t\t<div class=\"wp-block-button wc-block-grid__product-add-to-cart\"><a href=\"?add-to-cart=112\" aria-label=\"L\u00e4gg till i varukorgen: \u201dRJ12 rak kabel 0,6 m gr\u00e5\u201d\" data-quantity=\"1\" data-product_id=\"112\" data-product_sku=\"RJ12-0,6-grey\" data-price=\"69\" rel=\"nofollow\" class=\"wp-block-button__link  add_to_cart_button ajax_add_to_cart\">L\u00e4gg till i varukorg<\/a><\/div>\n\t\t\t<\/li><\/ul><\/div>\n\n\n<h2 class=\"wp-block-heading\">Str\u00f6mf\u00f6rs\u00f6rjning<\/h2>\n\n\n\n<p>En del elm\u00e4tare kan mata enheten med str\u00f6m via RJ12 kontakten. Du b\u00f6r dock t\u00e4nka p\u00e5 att str\u00f6mf\u00f6rs\u00f6rjningen fr\u00e5n elm\u00e4taren brukar vara svag och enheten kan upplevas som l\u00e5ngsam eller tappa sin WiFi anslutning om den endast str\u00f6mf\u00f6rs\u00f6js via RJ12 kontakten. D\u00e4rf\u00f6r rekommenderar vi att enheten har en extern str\u00f6mf\u00f6rs\u00f6rjning via antingen <a href=\"https:\/\/energyintelligence.se\/shop\/product\/usb-302s\">USB<\/a>, <a href=\"https:\/\/energyintelligence.se\/shop\/product\/poe-injektor\">POE (power over ethernet)<\/a> eller ett <a href=\"https:\/\/energyintelligence.se\/shop\/product\/stromforsorjning-5-v-din-monterbar\">DIN monterat 5V n\u00e4taggregat<\/a>.<\/p>\n\n\n<div data-block-name=\"woocommerce\/handpicked-products\" data-products=\"[288,1086,1950]\" class=\"wc-block-grid wp-block-handpicked-products wc-block-handpicked-products has-3-columns has-multiple-rows\"><ul class=\"wc-block-grid__products\"><li class=\"wc-block-grid__product\">\n\t\t\t\t<a href=\"https:\/\/energyintelligence.se\/shop\/product\/poe-injektor\/\" class=\"wc-block-grid__product-link\">\n\t\t\t\t\t\n\t\t\t\t\t<div class=\"wc-block-grid__product-image\"><img loading=\"lazy\" decoding=\"async\" width=\"324\" height=\"324\" src=\"https:\/\/energyintelligence.se\/shop\/wp-content\/uploads\/2023\/10\/PoE-Injektor-sladd-e1698047337857-324x324.jpg\" class=\"attachment-woocommerce_thumbnail size-woocommerce_thumbnail\" alt=\"PoE-Injektor\" srcset=\"https:\/\/energyintelligence.se\/shop\/wp-content\/uploads\/2023\/10\/PoE-Injektor-sladd-e1698047337857-324x324.jpg 324w, https:\/\/energyintelligence.se\/shop\/wp-content\/uploads\/2023\/10\/PoE-Injektor-sladd-e1698047337857-150x150.jpg 150w, https:\/\/energyintelligence.se\/shop\/wp-content\/uploads\/2023\/10\/PoE-Injektor-sladd-e1698047337857-100x100.jpg 100w\" sizes=\"(max-width: 324px) 100vw, 324px\" \/><\/div>\n\t\t\t\t\t<div class=\"wc-block-grid__product-title\">PoE-Injektor<\/div>\n\t\t\t\t<\/a>\n\t\t\t\t<div class=\"wc-block-grid__product-price price\"><span class=\"woocommerce-Price-amount amount\">150&nbsp;<span class=\"woocommerce-Price-currencySymbol\">&#107;&#114;<\/span><\/span><\/div>\n\t\t\t\t\n\t\t\t\t<div class=\"wp-block-button wc-block-grid__product-add-to-cart\"><a href=\"?add-to-cart=1950\" aria-label=\"L\u00e4gg till i varukorgen: \u201dPoE-Injektor\u201d\" data-quantity=\"1\" data-product_id=\"1950\" data-product_sku=\"\" data-price=\"150\" rel=\"nofollow\" class=\"wp-block-button__link  add_to_cart_button ajax_add_to_cart\">L\u00e4gg till i varukorg<\/a><\/div>\n\t\t\t<\/li><li class=\"wc-block-grid__product\">\n\t\t\t\t<a href=\"https:\/\/energyintelligence.se\/shop\/product\/usb-302s\/\" class=\"wc-block-grid__product-link\">\n\t\t\t\t\t\n\t\t\t\t\t<div class=\"wc-block-grid__product-image\"><img loading=\"lazy\" decoding=\"async\" width=\"324\" height=\"231\" src=\"https:\/\/energyintelligence.se\/shop\/wp-content\/uploads\/2022\/11\/USB2m-A-microB.png\" class=\"attachment-woocommerce_thumbnail size-woocommerce_thumbnail\" alt=\"USB-kabel f\u00f6r data och str\u00f6m 2 m, Typ A ha, Micro B ha\" srcset=\"https:\/\/energyintelligence.se\/shop\/wp-content\/uploads\/2022\/11\/USB2m-A-microB.png 325w, https:\/\/energyintelligence.se\/shop\/wp-content\/uploads\/2022\/11\/USB2m-A-microB-300x214.png 300w\" sizes=\"(max-width: 324px) 100vw, 324px\" \/><\/div>\n\t\t\t\t\t<div class=\"wc-block-grid__product-title\">USB-kabel f\u00f6r data och str\u00f6m 2 m, Typ A ha, Micro B ha<\/div>\n\t\t\t\t<\/a>\n\t\t\t\t<div class=\"wc-block-grid__product-price price\"><span class=\"woocommerce-Price-amount amount\">99&nbsp;<span class=\"woocommerce-Price-currencySymbol\">&#107;&#114;<\/span><\/span><\/div>\n\t\t\t\t\n\t\t\t\t<div class=\"wp-block-button wc-block-grid__product-add-to-cart\"><a href=\"?add-to-cart=1086\" aria-label=\"L\u00e4gg till i varukorgen: \u201dUSB-kabel f\u00f6r data och str\u00f6m 2 m, Typ A ha, Micro B ha\u201d\" data-quantity=\"1\" data-product_id=\"1086\" data-product_sku=\"usb-micro-2m\" data-price=\"99\" rel=\"nofollow\" class=\"wp-block-button__link  add_to_cart_button ajax_add_to_cart\">L\u00e4gg till i varukorg<\/a><\/div>\n\t\t\t<\/li><li class=\"wc-block-grid__product\">\n\t\t\t\t<a href=\"https:\/\/energyintelligence.se\/shop\/product\/stromforsorjning-5-v-din-monterbar\/\" class=\"wc-block-grid__product-link\">\n\t\t\t\t\t\n\t\t\t\t\t<div class=\"wc-block-grid__product-image\"><img loading=\"lazy\" decoding=\"async\" width=\"289\" height=\"231\" src=\"https:\/\/energyintelligence.se\/shop\/wp-content\/uploads\/2022\/01\/MeanWell-15-5.jpg\" class=\"attachment-woocommerce_thumbnail size-woocommerce_thumbnail\" alt=\"Str\u00f6mf\u00f6rs\u00f6rjning 5V DIN-monterbar\" \/><\/div>\n\t\t\t\t\t<div class=\"wc-block-grid__product-title\">Str\u00f6mf\u00f6rs\u00f6rjning 5V DIN-monterbar<\/div>\n\t\t\t\t<\/a>\n\t\t\t\t<div class=\"wc-block-grid__product-price price\"><span class=\"woocommerce-Price-amount amount\">195&nbsp;<span class=\"woocommerce-Price-currencySymbol\">&#107;&#114;<\/span><\/span><\/div>\n\t\t\t\t\n\t\t\t\t<div class=\"wp-block-button wc-block-grid__product-add-to-cart\"><a href=\"?add-to-cart=288\" aria-label=\"L\u00e4gg till i varukorgen: \u201dStr\u00f6mf\u00f6rs\u00f6rjning 5V DIN-monterbar\u201d\" data-quantity=\"1\" data-product_id=\"288\" data-product_sku=\"MW-hdr-15-5\" data-price=\"195\" rel=\"nofollow\" class=\"wp-block-button__link  add_to_cart_button ajax_add_to_cart\">L\u00e4gg till i varukorg<\/a><\/div>\n\t\t\t<\/li><\/ul><\/div>\n\n\n<h2 class=\"wp-block-heading\">Konfiguration<\/h2>\n\n\n\n<p>Om du har k\u00f6pt en elm\u00e4taravl\u00e4sare med RJ12 kontakt s\u00e5 kommer den f\u00f6rinst\u00e4lld f\u00f6r att l\u00e4sa P1 data. Du b\u00f6r inte \u00e4ndra inst\u00e4llningarna s\u00e5vida du inte \u00e4r s\u00e4ker p\u00e5 att du vet vad du g\u00f6r. Det ska oftast se ut som nedanst\u00e5ende bild:<\/p>\n\n\n\n<figure class=\"wp-block-image size-large\"><img loading=\"lazy\" decoding=\"async\" width=\"1024\" height=\"705\" src=\"https:\/\/energyintelligence.se\/shop\/wp-content\/uploads\/2024\/02\/image-1024x705.png\" alt=\"\" class=\"wp-image-2312\" srcset=\"https:\/\/energyintelligence.se\/shop\/wp-content\/uploads\/2024\/02\/image-1024x705.png 1024w, https:\/\/energyintelligence.se\/shop\/wp-content\/uploads\/2024\/02\/image-300x207.png 300w, https:\/\/energyintelligence.se\/shop\/wp-content\/uploads\/2024\/02\/image-768x529.png 768w, https:\/\/energyintelligence.se\/shop\/wp-content\/uploads\/2024\/02\/image-416x287.png 416w, https:\/\/energyintelligence.se\/shop\/wp-content\/uploads\/2024\/02\/image.png 1507w\" sizes=\"(max-width: 1024px) 100vw, 1024px\" \/><\/figure>\n\n\n\n<p>Elm\u00e4taren kommer att skicka m\u00e4tv\u00e4rden till elm\u00e4taravl\u00e4saren med n\u00e5gra sekunders intervall. Oftast tar det tio sekunder mellan varje uppdatering fr\u00e5n elm\u00e4taren men vissa elm\u00e4tare kan skicka m\u00e4tv\u00e4rden varje sekund. Om elm\u00e4taren skickar m\u00e4tv\u00e4rden f\u00f6r ofta kan det \u00f6verbelasta enheten och den kan upplevas som seg. D\u00e4rf\u00f6r \u00e4r enheten f\u00f6rinst\u00e4lld p\u00e5 att v\u00e4nta i fem sekunder efter varje uppdatering innan den b\u00f6rjar lyssna igen. Denna v\u00e4ntetid kan du \u00e4ndra genom att \u00f6ka eller minska &#8221;Listen interval timer&#8221;. Detta kan ocks\u00e5 vara anv\u00e4ndbart f\u00f6r att minska dataanv\u00e4ndning om du inte beh\u00f6ver uppdateringar s\u00e5 ofta.<\/p>\n","protected":false},"excerpt":{"rendered":"<p>P1 standarden anv\u00e4nder ett kommunikationsprotokoll f\u00f6r elm\u00e4tare som utvecklats i Nederl\u00e4nderna och \u00e4r den rekommenderade standarden f\u00f6r elm\u00e4tare i svenska hem. P1-porten best\u00e5r av ett RJ12 uttag (samma typ av kabel som anv\u00e4nds f\u00f6r en del fasta telefoner). Anslutning till elm\u00e4taren N\u00e4r man ansluter elm\u00e4taren till elm\u00e4taravl\u00e4saren \u00e4r det viktigt att ta h\u00e4nsyn till att [&hellip;]<\/p>\n","protected":false},"author":2,"featured_media":0,"parent":2307,"menu_order":0,"comment_status":"closed","ping_status":"closed","template":"","meta":{"footnotes":""},"yoast_head":"<!-- This site is optimized with the Yoast SEO plugin v21.7 - https:\/\/yoast.com\/wordpress\/plugins\/seo\/ -->\n<title>Anslutning till P1 - RJ12 - Energy Intelligence<\/title>\n<meta name=\"description\" content=\"Detta avsnitt beskriver hur du ansluter en elm\u00e4taravl\u00e4sare till en elm\u00e4tare med P1 port f\u00f6r att enkelt kunna l\u00e4sa av din elf\u00f6rbrukning.\" \/>\n<meta name=\"robots\" content=\"index, follow, max-snippet:-1, max-image-preview:large, max-video-preview:-1\" \/>\n<link rel=\"canonical\" href=\"https:\/\/energyintelligence.se\/shop\/anvandarmanual\/anslutning-till-elmatare\/p1\/\" \/>\n<meta property=\"og:locale\" content=\"sv_SE\" \/>\n<meta property=\"og:type\" content=\"article\" \/>\n<meta property=\"og:title\" content=\"Anslutning till P1 - RJ12 - Energy Intelligence\" \/>\n<meta property=\"og:description\" content=\"Detta avsnitt beskriver hur du ansluter en elm\u00e4taravl\u00e4sare till en elm\u00e4tare med P1 port f\u00f6r att enkelt kunna l\u00e4sa av din elf\u00f6rbrukning.\" \/>\n<meta property=\"og:url\" content=\"https:\/\/energyintelligence.se\/shop\/anvandarmanual\/anslutning-till-elmatare\/p1\/\" \/>\n<meta property=\"og:site_name\" content=\"Energy Intelligence\" \/>\n<meta property=\"article:modified_time\" content=\"2024-02-16T12:17:32+00:00\" \/>\n<meta property=\"og:image\" content=\"https:\/\/energyintelligence.se\/shop\/wp-content\/uploads\/2024\/02\/image-1024x705.png\" \/>\n<meta name=\"twitter:card\" content=\"summary_large_image\" \/>\n<meta name=\"twitter:label1\" content=\"Ber\u00e4knad l\u00e4stid\" \/>\n\t<meta name=\"twitter:data1\" content=\"2 minuter\" \/>\n<script type=\"application\/ld+json\" class=\"yoast-schema-graph\">{\"@context\":\"https:\/\/schema.org\",\"@graph\":[{\"@type\":\"WebPage\",\"@id\":\"https:\/\/energyintelligence.se\/shop\/anvandarmanual\/anslutning-till-elmatare\/p1\/\",\"url\":\"https:\/\/energyintelligence.se\/shop\/anvandarmanual\/anslutning-till-elmatare\/p1\/\",\"name\":\"Anslutning till P1 - RJ12 - Energy Intelligence\",\"isPartOf\":{\"@id\":\"https:\/\/energyintelligence.se\/shop\/#website\"},\"datePublished\":\"2024-02-16T12:17:31+00:00\",\"dateModified\":\"2024-02-16T12:17:32+00:00\",\"description\":\"Detta avsnitt beskriver hur du ansluter en elm\u00e4taravl\u00e4sare till en elm\u00e4tare med P1 port f\u00f6r att enkelt kunna l\u00e4sa av din elf\u00f6rbrukning.\",\"breadcrumb\":{\"@id\":\"https:\/\/energyintelligence.se\/shop\/anvandarmanual\/anslutning-till-elmatare\/p1\/#breadcrumb\"},\"inLanguage\":\"sv-SE\",\"potentialAction\":[{\"@type\":\"ReadAction\",\"target\":[\"https:\/\/energyintelligence.se\/shop\/anvandarmanual\/anslutning-till-elmatare\/p1\/\"]}]},{\"@type\":\"BreadcrumbList\",\"@id\":\"https:\/\/energyintelligence.se\/shop\/anvandarmanual\/anslutning-till-elmatare\/p1\/#breadcrumb\",\"itemListElement\":[{\"@type\":\"ListItem\",\"position\":1,\"name\":\"Hem\",\"item\":\"https:\/\/energyintelligence.se\/shop\/\"},{\"@type\":\"ListItem\",\"position\":2,\"name\":\"Anv\u00e4ndarmanual\",\"item\":\"https:\/\/energyintelligence.se\/shop\/anvandarmanual\/\"},{\"@type\":\"ListItem\",\"position\":3,\"name\":\"Anslutning till Elm\u00e4tare\",\"item\":\"https:\/\/energyintelligence.se\/shop\/anvandarmanual\/anslutning-till-elmatare\/\"},{\"@type\":\"ListItem\",\"position\":4,\"name\":\"P1 &#8211; RJ12\"}]},{\"@type\":\"WebSite\",\"@id\":\"https:\/\/energyintelligence.se\/shop\/#website\",\"url\":\"https:\/\/energyintelligence.se\/shop\/\",\"name\":\"Energy Intelligence\",\"description\":\"Ta kontroll \u00f6ver din elf\u00f6rbrukning\",\"publisher\":{\"@id\":\"https:\/\/energyintelligence.se\/shop\/#organization\"},\"potentialAction\":[{\"@type\":\"SearchAction\",\"target\":{\"@type\":\"EntryPoint\",\"urlTemplate\":\"https:\/\/energyintelligence.se\/shop\/?s={search_term_string}\"},\"query-input\":\"required name=search_term_string\"}],\"inLanguage\":\"sv-SE\"},{\"@type\":\"Organization\",\"@id\":\"https:\/\/energyintelligence.se\/shop\/#organization\",\"name\":\"Notima Energy Intelligence AB\",\"url\":\"https:\/\/energyintelligence.se\/shop\/\",\"logo\":{\"@type\":\"ImageObject\",\"inLanguage\":\"sv-SE\",\"@id\":\"https:\/\/energyintelligence.se\/shop\/#\/schema\/logo\/image\/\",\"url\":\"https:\/\/energyintelligence.se\/shop\/wp-content\/uploads\/2023\/11\/cropped-EI-300x66-1.png\",\"contentUrl\":\"https:\/\/energyintelligence.se\/shop\/wp-content\/uploads\/2023\/11\/cropped-EI-300x66-1.png\",\"width\":300,\"height\":66,\"caption\":\"Notima Energy Intelligence AB\"},\"image\":{\"@id\":\"https:\/\/energyintelligence.se\/shop\/#\/schema\/logo\/image\/\"}}]}<\/script>\n<!-- \/ Yoast SEO plugin. -->","yoast_head_json":{"title":"Anslutning till P1 - RJ12 - Energy Intelligence","description":"Detta avsnitt beskriver hur du ansluter en elm\u00e4taravl\u00e4sare till en elm\u00e4tare med P1 port f\u00f6r att enkelt kunna l\u00e4sa av din elf\u00f6rbrukning.","robots":{"index":"index","follow":"follow","max-snippet":"max-snippet:-1","max-image-preview":"max-image-preview:large","max-video-preview":"max-video-preview:-1"},"canonical":"https:\/\/energyintelligence.se\/shop\/anvandarmanual\/anslutning-till-elmatare\/p1\/","og_locale":"sv_SE","og_type":"article","og_title":"Anslutning till P1 - RJ12 - Energy Intelligence","og_description":"Detta avsnitt beskriver hur du ansluter en elm\u00e4taravl\u00e4sare till en elm\u00e4tare med P1 port f\u00f6r att enkelt kunna l\u00e4sa av din elf\u00f6rbrukning.","og_url":"https:\/\/energyintelligence.se\/shop\/anvandarmanual\/anslutning-till-elmatare\/p1\/","og_site_name":"Energy Intelligence","article_modified_time":"2024-02-16T12:17:32+00:00","og_image":[{"url":"https:\/\/energyintelligence.se\/shop\/wp-content\/uploads\/2024\/02\/image-1024x705.png"}],"twitter_card":"summary_large_image","twitter_misc":{"Ber\u00e4knad l\u00e4stid":"2 minuter"},"schema":{"@context":"https:\/\/schema.org","@graph":[{"@type":"WebPage","@id":"https:\/\/energyintelligence.se\/shop\/anvandarmanual\/anslutning-till-elmatare\/p1\/","url":"https:\/\/energyintelligence.se\/shop\/anvandarmanual\/anslutning-till-elmatare\/p1\/","name":"Anslutning till P1 - RJ12 - Energy Intelligence","isPartOf":{"@id":"https:\/\/energyintelligence.se\/shop\/#website"},"datePublished":"2024-02-16T12:17:31+00:00","dateModified":"2024-02-16T12:17:32+00:00","description":"Detta avsnitt beskriver hur du ansluter en elm\u00e4taravl\u00e4sare till en elm\u00e4tare med P1 port f\u00f6r att enkelt kunna l\u00e4sa av din elf\u00f6rbrukning.","breadcrumb":{"@id":"https:\/\/energyintelligence.se\/shop\/anvandarmanual\/anslutning-till-elmatare\/p1\/#breadcrumb"},"inLanguage":"sv-SE","potentialAction":[{"@type":"ReadAction","target":["https:\/\/energyintelligence.se\/shop\/anvandarmanual\/anslutning-till-elmatare\/p1\/"]}]},{"@type":"BreadcrumbList","@id":"https:\/\/energyintelligence.se\/shop\/anvandarmanual\/anslutning-till-elmatare\/p1\/#breadcrumb","itemListElement":[{"@type":"ListItem","position":1,"name":"Hem","item":"https:\/\/energyintelligence.se\/shop\/"},{"@type":"ListItem","position":2,"name":"Anv\u00e4ndarmanual","item":"https:\/\/energyintelligence.se\/shop\/anvandarmanual\/"},{"@type":"ListItem","position":3,"name":"Anslutning till Elm\u00e4tare","item":"https:\/\/energyintelligence.se\/shop\/anvandarmanual\/anslutning-till-elmatare\/"},{"@type":"ListItem","position":4,"name":"P1 &#8211; RJ12"}]},{"@type":"WebSite","@id":"https:\/\/energyintelligence.se\/shop\/#website","url":"https:\/\/energyintelligence.se\/shop\/","name":"Energy Intelligence","description":"Ta kontroll \u00f6ver din elf\u00f6rbrukning","publisher":{"@id":"https:\/\/energyintelligence.se\/shop\/#organization"},"potentialAction":[{"@type":"SearchAction","target":{"@type":"EntryPoint","urlTemplate":"https:\/\/energyintelligence.se\/shop\/?s={search_term_string}"},"query-input":"required name=search_term_string"}],"inLanguage":"sv-SE"},{"@type":"Organization","@id":"https:\/\/energyintelligence.se\/shop\/#organization","name":"Notima Energy Intelligence AB","url":"https:\/\/energyintelligence.se\/shop\/","logo":{"@type":"ImageObject","inLanguage":"sv-SE","@id":"https:\/\/energyintelligence.se\/shop\/#\/schema\/logo\/image\/","url":"https:\/\/energyintelligence.se\/shop\/wp-content\/uploads\/2023\/11\/cropped-EI-300x66-1.png","contentUrl":"https:\/\/energyintelligence.se\/shop\/wp-content\/uploads\/2023\/11\/cropped-EI-300x66-1.png","width":300,"height":66,"caption":"Notima Energy Intelligence AB"},"image":{"@id":"https:\/\/energyintelligence.se\/shop\/#\/schema\/logo\/image\/"}}]}},"_links":{"self":[{"href":"https:\/\/energyintelligence.se\/shop\/wp-json\/wp\/v2\/pages\/2310"}],"collection":[{"href":"https:\/\/energyintelligence.se\/shop\/wp-json\/wp\/v2\/pages"}],"about":[{"href":"https:\/\/energyintelligence.se\/shop\/wp-json\/wp\/v2\/types\/page"}],"author":[{"embeddable":true,"href":"https:\/\/energyintelligence.se\/shop\/wp-json\/wp\/v2\/users\/2"}],"replies":[{"embeddable":true,"href":"https:\/\/energyintelligence.se\/shop\/wp-json\/wp\/v2\/comments?post=2310"}],"version-history":[{"count":3,"href":"https:\/\/energyintelligence.se\/shop\/wp-json\/wp\/v2\/pages\/2310\/revisions"}],"predecessor-version":[{"id":2331,"href":"https:\/\/energyintelligence.se\/shop\/wp-json\/wp\/v2\/pages\/2310\/revisions\/2331"}],"up":[{"embeddable":true,"href":"https:\/\/energyintelligence.se\/shop\/wp-json\/wp\/v2\/pages\/2307"}],"wp:attachment":[{"href":"https:\/\/energyintelligence.se\/shop\/wp-json\/wp\/v2\/media?parent=2310"}],"curies":[{"name":"wp","href":"https:\/\/api.w.org\/{rel}","templated":true}]}}