{"id":2316,"date":"2024-02-16T15:23:09","date_gmt":"2024-02-16T13:23:09","guid":{"rendered":"https:\/\/energyintelligence.se\/shop\/?page_id=2316"},"modified":"2024-02-16T15:23:10","modified_gmt":"2024-02-16T13:23:10","slug":"han-rj45","status":"publish","type":"page","link":"https:\/\/energyintelligence.se\/shop\/anvandarmanual\/anslutning-till-elmatare\/han-rj45\/","title":{"rendered":"HAN &#8211; RJ45"},"content":{"rendered":"<div data-block-name=\"woocommerce\/featured-category\" data-edit-mode=\"false\" data-category-id=\"24\" class=\"wc-block-featured-category alignnone has-background-dim wp-block-woocommerce-featured-category\" style=\"min-height:500px;\"><div class=\"wc-block-featured-category__wrapper\"><div class=\"background-dim__overlay\" style=\"background-color: #000000\"><\/div><img decoding=\"async\" alt=\"HAN RJ45\" class=\"wc-block-featured-category__background-image\" src=\"https:\/\/energyintelligence.se\/shop\/wp-content\/uploads\/2023\/11\/rj45-poe-front-right-820x1024.jpg\" style=\"object-fit: none;object-position: 50% 50%;\" \/><h2 class=\"wc-block-featured-category__title\">HAN RJ45<\/h2><div class=\"wc-block-featured-category__description\"><\/div><div class=\"wc-block-featured-category__link\">\n\n<div class=\"wp-block-buttons is-content-justification-center is-layout-flex wp-container-core-buttons-layout-1 wp-block-buttons-is-layout-flex\">\n<div class=\"wp-block-button\"><a class=\"wp-block-button__link wp-element-button\" href=\"https:\/\/energyintelligence.se\/shop\/product-category\/p1-han-readers-rj45\">Handla nu<\/a><\/div>\n<\/div>\n\n<\/div><\/div><\/div>\n\n\n<h2 class=\"wp-block-heading\">Anslutning till elm\u00e4taren<\/h2>\n\n\n\n<p>Elm\u00e4tare med HAN port kan anslutas till en elm\u00e4taravl\u00e4sare med hj\u00e4lp av en RJ45 kabel. Det \u00e4r samma typ av kabel som anv\u00e4nds f\u00f6r ethernet. Det \u00e4r dock viktigt att komma ih\u00e5g att HAN porten inte \u00e4r en ethernet port och kan inte kopplas till en dator eller ethernet switch. \u00c4ven om man anv\u00e4nder en identisk kabel s\u00e5 \u00e4r \u00f6verf\u00f6ringsprotokollet och sp\u00e4nningsniv\u00e5erna helt annorlunda och inte kompatibla. Vill man dela upp signalen s\u00e5 att den kan tas emot av flera enheter s\u00e5 g\u00e5r det att anv\u00e4nda en RJ45 splitter ist\u00e4llet f\u00f6r en ethernet switch.<\/p>\n\n\n\n<p> Om du har en elm\u00e4taral\u00e4sare med ethernet port b\u00f6r du s\u00e4kerst\u00e4lla att du kopplar kabeln fr\u00e5n elm\u00e4tarens HAN port till elm\u00e4taravl\u00e4sarens HAN port och inte till ethernet porten. <\/p>\n\n\n\n<p>Vi har n\u00e5gra RJ45 kablar i v\u00e5rt sortiment men vilken kabel som helst g\u00e5r att anv\u00e4nda s\u00e5 l\u00e4nge den inte \u00e4r korsad och \u00e4r kortare \u00e4n 100m.<\/p>\n\n\n<div data-block-name=\"woocommerce\/handpicked-products\" data-products=\"[1604,1607,1608]\" class=\"wc-block-grid wp-block-handpicked-products wc-block-handpicked-products has-3-columns has-multiple-rows\"><ul class=\"wc-block-grid__products\"><li class=\"wc-block-grid__product\">\n\t\t\t\t<a href=\"https:\/\/energyintelligence.se\/shop\/product\/rj45-rak-kabel-3-m-vit\/\" class=\"wc-block-grid__product-link\">\n\t\t\t\t\t\n\t\t\t\t\t<div class=\"wc-block-grid__product-image\"><img loading=\"lazy\" decoding=\"async\" width=\"324\" height=\"324\" src=\"https:\/\/energyintelligence.se\/shop\/wp-content\/uploads\/2023\/04\/RJ45-kabel-bild-324x324.jpg\" class=\"attachment-woocommerce_thumbnail size-woocommerce_thumbnail\" alt=\"RJ45 rak kabel 3 m vit\" srcset=\"https:\/\/energyintelligence.se\/shop\/wp-content\/uploads\/2023\/04\/RJ45-kabel-bild-324x324.jpg 324w, https:\/\/energyintelligence.se\/shop\/wp-content\/uploads\/2023\/04\/RJ45-kabel-bild-150x150.jpg 150w, https:\/\/energyintelligence.se\/shop\/wp-content\/uploads\/2023\/04\/RJ45-kabel-bild-100x100.jpg 100w\" sizes=\"(max-width: 324px) 100vw, 324px\" \/><\/div>\n\t\t\t\t\t<div class=\"wc-block-grid__product-title\">RJ45 rak kabel 3 m vit<\/div>\n\t\t\t\t<\/a>\n\t\t\t\t<div class=\"wc-block-grid__product-price price\"><span class=\"woocommerce-Price-amount amount\">149&nbsp;<span class=\"woocommerce-Price-currencySymbol\">&#107;&#114;<\/span><\/span><\/div>\n\t\t\t\t\n\t\t\t\t<div class=\"wp-block-button wc-block-grid__product-add-to-cart\"><a href=\"?add-to-cart=1608\" aria-label=\"L\u00e4gg till i varukorgen: \u201dRJ45 rak kabel 3 m vit\u201d\" data-quantity=\"1\" data-product_id=\"1608\" data-product_sku=\"RJ45-3\" data-price=\"149\" rel=\"nofollow\" class=\"wp-block-button__link  add_to_cart_button ajax_add_to_cart\">L\u00e4gg till i varukorg<\/a><\/div>\n\t\t\t<\/li><li class=\"wc-block-grid__product\">\n\t\t\t\t<a href=\"https:\/\/energyintelligence.se\/shop\/product\/rj45-rak-kabel-2-m-vit\/\" class=\"wc-block-grid__product-link\">\n\t\t\t\t\t\n\t\t\t\t\t<div class=\"wc-block-grid__product-image\"><img loading=\"lazy\" decoding=\"async\" width=\"324\" height=\"324\" src=\"https:\/\/energyintelligence.se\/shop\/wp-content\/uploads\/2023\/04\/RJ45-kabel-bild-324x324.jpg\" class=\"attachment-woocommerce_thumbnail size-woocommerce_thumbnail\" alt=\"RJ45 rak kabel 2 m vit\" srcset=\"https:\/\/energyintelligence.se\/shop\/wp-content\/uploads\/2023\/04\/RJ45-kabel-bild-324x324.jpg 324w, https:\/\/energyintelligence.se\/shop\/wp-content\/uploads\/2023\/04\/RJ45-kabel-bild-150x150.jpg 150w, https:\/\/energyintelligence.se\/shop\/wp-content\/uploads\/2023\/04\/RJ45-kabel-bild-100x100.jpg 100w\" sizes=\"(max-width: 324px) 100vw, 324px\" \/><\/div>\n\t\t\t\t\t<div class=\"wc-block-grid__product-title\">RJ45 rak kabel 2 m vit<\/div>\n\t\t\t\t<\/a>\n\t\t\t\t<div class=\"wc-block-grid__product-price price\"><span class=\"woocommerce-Price-amount amount\">129&nbsp;<span class=\"woocommerce-Price-currencySymbol\">&#107;&#114;<\/span><\/span><\/div>\n\t\t\t\t\n\t\t\t\t<div class=\"wp-block-button wc-block-grid__product-add-to-cart\"><a href=\"?add-to-cart=1607\" aria-label=\"L\u00e4gg till i varukorgen: \u201dRJ45 rak kabel 2 m vit\u201d\" data-quantity=\"1\" data-product_id=\"1607\" data-product_sku=\"RJ45-2\" data-price=\"129\" rel=\"nofollow\" class=\"wp-block-button__link  add_to_cart_button ajax_add_to_cart\">L\u00e4gg till i varukorg<\/a><\/div>\n\t\t\t<\/li><li class=\"wc-block-grid__product\">\n\t\t\t\t<a href=\"https:\/\/energyintelligence.se\/shop\/product\/rj45-rak-kabel-1-m-vit\/\" class=\"wc-block-grid__product-link\">\n\t\t\t\t\t\n\t\t\t\t\t<div class=\"wc-block-grid__product-image\"><img loading=\"lazy\" decoding=\"async\" width=\"324\" height=\"324\" src=\"https:\/\/energyintelligence.se\/shop\/wp-content\/uploads\/2023\/04\/RJ45-kabel-bild-324x324.jpg\" class=\"attachment-woocommerce_thumbnail size-woocommerce_thumbnail\" alt=\"RJ45 rak kabel 1 m vit\" srcset=\"https:\/\/energyintelligence.se\/shop\/wp-content\/uploads\/2023\/04\/RJ45-kabel-bild-324x324.jpg 324w, https:\/\/energyintelligence.se\/shop\/wp-content\/uploads\/2023\/04\/RJ45-kabel-bild-150x150.jpg 150w, https:\/\/energyintelligence.se\/shop\/wp-content\/uploads\/2023\/04\/RJ45-kabel-bild-100x100.jpg 100w\" sizes=\"(max-width: 324px) 100vw, 324px\" \/><\/div>\n\t\t\t\t\t<div class=\"wc-block-grid__product-title\">RJ45 rak kabel 1 m vit<\/div>\n\t\t\t\t<\/a>\n\t\t\t\t<div class=\"wc-block-grid__product-price price\"><span class=\"woocommerce-Price-amount amount\">109&nbsp;<span class=\"woocommerce-Price-currencySymbol\">&#107;&#114;<\/span><\/span><\/div>\n\t\t\t\t\n\t\t\t\t<div class=\"wp-block-button wc-block-grid__product-add-to-cart\"><a href=\"?add-to-cart=1604\" aria-label=\"L\u00e4gg till i varukorgen: \u201dRJ45 rak kabel 1 m vit\u201d\" data-quantity=\"1\" data-product_id=\"1604\" data-product_sku=\"RJ45-1\" data-price=\"109\" rel=\"nofollow\" class=\"wp-block-button__link  add_to_cart_button ajax_add_to_cart\">L\u00e4gg till i varukorg<\/a><\/div>\n\t\t\t<\/li><\/ul><\/div>\n\n\n<h2 class=\"wp-block-heading\">Str\u00f6mf\u00f6rs\u00f6rjning<\/h2>\n\n\n\n<p>Elm\u00e4taravl\u00e4saren kan inte str\u00f6mf\u00f6rs\u00f6rjas via RJ45 kabeln utan kr\u00e4ver extern str\u00f6mf\u00f6rs\u00f6rjning. Man kan anv\u00e4nda en <a href=\"https:\/\/energyintelligence.se\/shop\/product\/usb-302s\">USB kabel<\/a>, <a href=\"https:\/\/energyintelligence.se\/shop\/product\/poe-injektor\">POE (Power over ethernet)<\/a> eller ett <a href=\"https:\/\/energyintelligence.se\/shop\/product\/stromforsorjning-5-v-din-monterbar\">DIN monterat 5V n\u00e4taggregat<\/a>.<\/p>\n\n\n<div data-block-name=\"woocommerce\/handpicked-products\" data-products=\"[1950,1086,288]\" class=\"wc-block-grid wp-block-handpicked-products wc-block-handpicked-products has-3-columns has-multiple-rows\"><ul class=\"wc-block-grid__products\"><li class=\"wc-block-grid__product\">\n\t\t\t\t<a href=\"https:\/\/energyintelligence.se\/shop\/product\/poe-injektor\/\" class=\"wc-block-grid__product-link\">\n\t\t\t\t\t\n\t\t\t\t\t<div class=\"wc-block-grid__product-image\"><img loading=\"lazy\" decoding=\"async\" width=\"324\" height=\"324\" src=\"https:\/\/energyintelligence.se\/shop\/wp-content\/uploads\/2023\/10\/PoE-Injektor-sladd-e1698047337857-324x324.jpg\" class=\"attachment-woocommerce_thumbnail size-woocommerce_thumbnail\" alt=\"PoE-Injektor\" srcset=\"https:\/\/energyintelligence.se\/shop\/wp-content\/uploads\/2023\/10\/PoE-Injektor-sladd-e1698047337857-324x324.jpg 324w, https:\/\/energyintelligence.se\/shop\/wp-content\/uploads\/2023\/10\/PoE-Injektor-sladd-e1698047337857-150x150.jpg 150w, https:\/\/energyintelligence.se\/shop\/wp-content\/uploads\/2023\/10\/PoE-Injektor-sladd-e1698047337857-100x100.jpg 100w\" sizes=\"(max-width: 324px) 100vw, 324px\" \/><\/div>\n\t\t\t\t\t<div class=\"wc-block-grid__product-title\">PoE-Injektor<\/div>\n\t\t\t\t<\/a>\n\t\t\t\t<div class=\"wc-block-grid__product-price price\"><span class=\"woocommerce-Price-amount amount\">150&nbsp;<span class=\"woocommerce-Price-currencySymbol\">&#107;&#114;<\/span><\/span><\/div>\n\t\t\t\t\n\t\t\t\t<div class=\"wp-block-button wc-block-grid__product-add-to-cart\"><a href=\"?add-to-cart=1950\" aria-label=\"L\u00e4gg till i varukorgen: \u201dPoE-Injektor\u201d\" data-quantity=\"1\" data-product_id=\"1950\" data-product_sku=\"\" data-price=\"150\" rel=\"nofollow\" class=\"wp-block-button__link  add_to_cart_button ajax_add_to_cart\">L\u00e4gg till i varukorg<\/a><\/div>\n\t\t\t<\/li><li class=\"wc-block-grid__product\">\n\t\t\t\t<a href=\"https:\/\/energyintelligence.se\/shop\/product\/usb-302s\/\" class=\"wc-block-grid__product-link\">\n\t\t\t\t\t\n\t\t\t\t\t<div class=\"wc-block-grid__product-image\"><img loading=\"lazy\" decoding=\"async\" width=\"324\" height=\"231\" src=\"https:\/\/energyintelligence.se\/shop\/wp-content\/uploads\/2022\/11\/USB2m-A-microB.png\" class=\"attachment-woocommerce_thumbnail size-woocommerce_thumbnail\" alt=\"USB-kabel f\u00f6r data och str\u00f6m 2 m, Typ A ha, Micro B ha\" srcset=\"https:\/\/energyintelligence.se\/shop\/wp-content\/uploads\/2022\/11\/USB2m-A-microB.png 325w, https:\/\/energyintelligence.se\/shop\/wp-content\/uploads\/2022\/11\/USB2m-A-microB-300x214.png 300w\" sizes=\"(max-width: 324px) 100vw, 324px\" \/><\/div>\n\t\t\t\t\t<div class=\"wc-block-grid__product-title\">USB-kabel f\u00f6r data och str\u00f6m 2 m, Typ A ha, Micro B ha<\/div>\n\t\t\t\t<\/a>\n\t\t\t\t<div class=\"wc-block-grid__product-price price\"><span class=\"woocommerce-Price-amount amount\">99&nbsp;<span class=\"woocommerce-Price-currencySymbol\">&#107;&#114;<\/span><\/span><\/div>\n\t\t\t\t\n\t\t\t\t<div class=\"wp-block-button wc-block-grid__product-add-to-cart\"><a href=\"?add-to-cart=1086\" aria-label=\"L\u00e4gg till i varukorgen: \u201dUSB-kabel f\u00f6r data och str\u00f6m 2 m, Typ A ha, Micro B ha\u201d\" data-quantity=\"1\" data-product_id=\"1086\" data-product_sku=\"usb-micro-2m\" data-price=\"99\" rel=\"nofollow\" class=\"wp-block-button__link  add_to_cart_button ajax_add_to_cart\">L\u00e4gg till i varukorg<\/a><\/div>\n\t\t\t<\/li><li class=\"wc-block-grid__product\">\n\t\t\t\t<a href=\"https:\/\/energyintelligence.se\/shop\/product\/stromforsorjning-5-v-din-monterbar\/\" class=\"wc-block-grid__product-link\">\n\t\t\t\t\t\n\t\t\t\t\t<div class=\"wc-block-grid__product-image\"><img loading=\"lazy\" decoding=\"async\" width=\"289\" height=\"231\" src=\"https:\/\/energyintelligence.se\/shop\/wp-content\/uploads\/2022\/01\/MeanWell-15-5.jpg\" class=\"attachment-woocommerce_thumbnail size-woocommerce_thumbnail\" alt=\"Str\u00f6mf\u00f6rs\u00f6rjning 5V DIN-monterbar\" \/><\/div>\n\t\t\t\t\t<div class=\"wc-block-grid__product-title\">Str\u00f6mf\u00f6rs\u00f6rjning 5V DIN-monterbar<\/div>\n\t\t\t\t<\/a>\n\t\t\t\t<div class=\"wc-block-grid__product-price price\"><span class=\"woocommerce-Price-amount amount\">195&nbsp;<span class=\"woocommerce-Price-currencySymbol\">&#107;&#114;<\/span><\/span><\/div>\n\t\t\t\t\n\t\t\t\t<div class=\"wp-block-button wc-block-grid__product-add-to-cart\"><a href=\"?add-to-cart=288\" aria-label=\"L\u00e4gg till i varukorgen: \u201dStr\u00f6mf\u00f6rs\u00f6rjning 5V DIN-monterbar\u201d\" data-quantity=\"1\" data-product_id=\"288\" data-product_sku=\"MW-hdr-15-5\" data-price=\"195\" rel=\"nofollow\" class=\"wp-block-button__link  add_to_cart_button ajax_add_to_cart\">L\u00e4gg till i varukorg<\/a><\/div>\n\t\t\t<\/li><\/ul><\/div>\n\n\n<h2 class=\"wp-block-heading\">Konfiguration<\/h2>\n\n\n\n<p>Det kan kr\u00e4vas lite manuel konfiguration f\u00f6r att f\u00e5 elm\u00e4taravl\u00e4saren att fungera med din elm\u00e4tare. Detta beror p\u00e5 att olika elm\u00e4tartillverkare anv\u00e4nder olika format p\u00e5 m\u00e4tv\u00e4rdena som skickas via HAN porten. I nul\u00e4get har vi st\u00f6d f\u00f6r elm\u00e4tare fr\u00e5n dessa tillverkare:<\/p>\n\n\n\n<ul>\n<li>Aidon<\/li>\n\n\n\n<li>Kamstrup<\/li>\n\n\n\n<li>Kaifa<\/li>\n<\/ul>\n\n\n\n<p>Om din elm\u00e4tare kommer fr\u00e5n en annan tillverkare eller inte fungerar med elm\u00e4taravl\u00e4saren f\u00e5r du g\u00e4rna <a href=\"https:\/\/energyintelligence.se\/shop\/kontakt\">kontakta oss<\/a>.<\/p>\n\n\n\n<p>Under fliken &#8221;P1\/HAN&#8221; i webbgr\u00e4nssnittet kan st\u00e4lla in vilken variant av \u00f6verf\u00f6ringsprotokollet din elm\u00e4tare anv\u00e4nder. Du kan ocks\u00e5 beh\u00f6va justera inst\u00e4llningarna p\u00e5 dataformat som du f\u00e5r fram gnom att bocka f\u00f6r rutan &#8221;Show advanced settings&#8221;. Generellt sett ska inst\u00e4llningarna vara f\u00f6ljande:<\/p>\n\n\n\n<figure class=\"wp-block-table is-style-regular\"><table><tbody><tr><td><strong>Tillverkare<\/strong><\/td><td><strong>Baud rate<\/strong><\/td><td><strong>Parity<\/strong><\/td><\/tr><tr><td>Aidon<\/td><td>2400<\/td><td>Even<\/td><\/tr><tr><td>Kamstrup<\/td><td>2400<\/td><td>None<\/td><\/tr><tr><td>Kaifa<\/td><td>2400<\/td><td>None<\/td><\/tr><\/tbody><\/table><\/figure>\n\n\n\n<p> <\/p>\n","protected":false},"excerpt":{"rendered":"<p>Anslutning till elm\u00e4taren Elm\u00e4tare med HAN port kan anslutas till en elm\u00e4taravl\u00e4sare med hj\u00e4lp av en RJ45 kabel. Det \u00e4r samma typ av kabel som anv\u00e4nds f\u00f6r ethernet. Det \u00e4r dock viktigt att komma ih\u00e5g att HAN porten inte \u00e4r en ethernet port och kan inte kopplas till en dator eller ethernet switch. \u00c4ven om [&hellip;]<\/p>\n","protected":false},"author":2,"featured_media":0,"parent":2307,"menu_order":0,"comment_status":"closed","ping_status":"closed","template":"","meta":{"footnotes":""},"yoast_head":"<!-- This site is optimized with the Yoast SEO plugin v21.7 - https:\/\/yoast.com\/wordpress\/plugins\/seo\/ -->\n<title>Anslutning till HAN - RJ45 - Energy Intelligence<\/title>\n<meta name=\"description\" content=\"Detta avsnitt beskriver hur du ansluter en elm\u00e4taravl\u00e4sare till en elm\u00e4tare med HAN port f\u00f6r att enkelt kunna l\u00e4sa av din elf\u00f6rbrukning.\" \/>\n<meta name=\"robots\" content=\"index, follow, max-snippet:-1, max-image-preview:large, max-video-preview:-1\" \/>\n<link rel=\"canonical\" href=\"https:\/\/energyintelligence.se\/shop\/anvandarmanual\/anslutning-till-elmatare\/han-rj45\/\" \/>\n<meta property=\"og:locale\" content=\"sv_SE\" \/>\n<meta property=\"og:type\" content=\"article\" \/>\n<meta property=\"og:title\" content=\"Anslutning till HAN - RJ45 - Energy Intelligence\" \/>\n<meta property=\"og:description\" content=\"Detta avsnitt beskriver hur du ansluter en elm\u00e4taravl\u00e4sare till en elm\u00e4tare med HAN port f\u00f6r att enkelt kunna l\u00e4sa av din elf\u00f6rbrukning.\" \/>\n<meta property=\"og:url\" content=\"https:\/\/energyintelligence.se\/shop\/anvandarmanual\/anslutning-till-elmatare\/han-rj45\/\" \/>\n<meta property=\"og:site_name\" content=\"Energy Intelligence\" \/>\n<meta property=\"article:modified_time\" content=\"2024-02-16T13:23:10+00:00\" \/>\n<meta name=\"twitter:card\" content=\"summary_large_image\" \/>\n<meta name=\"twitter:label1\" content=\"Ber\u00e4knad l\u00e4stid\" \/>\n\t<meta name=\"twitter:data1\" content=\"2 minuter\" \/>\n<script type=\"application\/ld+json\" class=\"yoast-schema-graph\">{\"@context\":\"https:\/\/schema.org\",\"@graph\":[{\"@type\":\"WebPage\",\"@id\":\"https:\/\/energyintelligence.se\/shop\/anvandarmanual\/anslutning-till-elmatare\/han-rj45\/\",\"url\":\"https:\/\/energyintelligence.se\/shop\/anvandarmanual\/anslutning-till-elmatare\/han-rj45\/\",\"name\":\"Anslutning till HAN - RJ45 - Energy Intelligence\",\"isPartOf\":{\"@id\":\"https:\/\/energyintelligence.se\/shop\/#website\"},\"datePublished\":\"2024-02-16T13:23:09+00:00\",\"dateModified\":\"2024-02-16T13:23:10+00:00\",\"description\":\"Detta avsnitt beskriver hur du ansluter en elm\u00e4taravl\u00e4sare till en elm\u00e4tare med HAN port f\u00f6r att enkelt kunna l\u00e4sa av din elf\u00f6rbrukning.\",\"breadcrumb\":{\"@id\":\"https:\/\/energyintelligence.se\/shop\/anvandarmanual\/anslutning-till-elmatare\/han-rj45\/#breadcrumb\"},\"inLanguage\":\"sv-SE\",\"potentialAction\":[{\"@type\":\"ReadAction\",\"target\":[\"https:\/\/energyintelligence.se\/shop\/anvandarmanual\/anslutning-till-elmatare\/han-rj45\/\"]}]},{\"@type\":\"BreadcrumbList\",\"@id\":\"https:\/\/energyintelligence.se\/shop\/anvandarmanual\/anslutning-till-elmatare\/han-rj45\/#breadcrumb\",\"itemListElement\":[{\"@type\":\"ListItem\",\"position\":1,\"name\":\"Hem\",\"item\":\"https:\/\/energyintelligence.se\/shop\/\"},{\"@type\":\"ListItem\",\"position\":2,\"name\":\"Anv\u00e4ndarmanual\",\"item\":\"https:\/\/energyintelligence.se\/shop\/anvandarmanual\/\"},{\"@type\":\"ListItem\",\"position\":3,\"name\":\"Anslutning till Elm\u00e4tare\",\"item\":\"https:\/\/energyintelligence.se\/shop\/anvandarmanual\/anslutning-till-elmatare\/\"},{\"@type\":\"ListItem\",\"position\":4,\"name\":\"HAN &#8211; RJ45\"}]},{\"@type\":\"WebSite\",\"@id\":\"https:\/\/energyintelligence.se\/shop\/#website\",\"url\":\"https:\/\/energyintelligence.se\/shop\/\",\"name\":\"Energy Intelligence\",\"description\":\"Ta kontroll \u00f6ver din elf\u00f6rbrukning\",\"publisher\":{\"@id\":\"https:\/\/energyintelligence.se\/shop\/#organization\"},\"potentialAction\":[{\"@type\":\"SearchAction\",\"target\":{\"@type\":\"EntryPoint\",\"urlTemplate\":\"https:\/\/energyintelligence.se\/shop\/?s={search_term_string}\"},\"query-input\":\"required name=search_term_string\"}],\"inLanguage\":\"sv-SE\"},{\"@type\":\"Organization\",\"@id\":\"https:\/\/energyintelligence.se\/shop\/#organization\",\"name\":\"Notima Energy Intelligence AB\",\"url\":\"https:\/\/energyintelligence.se\/shop\/\",\"logo\":{\"@type\":\"ImageObject\",\"inLanguage\":\"sv-SE\",\"@id\":\"https:\/\/energyintelligence.se\/shop\/#\/schema\/logo\/image\/\",\"url\":\"https:\/\/energyintelligence.se\/shop\/wp-content\/uploads\/2023\/11\/cropped-EI-300x66-1.png\",\"contentUrl\":\"https:\/\/energyintelligence.se\/shop\/wp-content\/uploads\/2023\/11\/cropped-EI-300x66-1.png\",\"width\":300,\"height\":66,\"caption\":\"Notima Energy Intelligence AB\"},\"image\":{\"@id\":\"https:\/\/energyintelligence.se\/shop\/#\/schema\/logo\/image\/\"}}]}<\/script>\n<!-- \/ Yoast SEO plugin. -->","yoast_head_json":{"title":"Anslutning till HAN - RJ45 - Energy Intelligence","description":"Detta avsnitt beskriver hur du ansluter en elm\u00e4taravl\u00e4sare till en elm\u00e4tare med HAN port f\u00f6r att enkelt kunna l\u00e4sa av din elf\u00f6rbrukning.","robots":{"index":"index","follow":"follow","max-snippet":"max-snippet:-1","max-image-preview":"max-image-preview:large","max-video-preview":"max-video-preview:-1"},"canonical":"https:\/\/energyintelligence.se\/shop\/anvandarmanual\/anslutning-till-elmatare\/han-rj45\/","og_locale":"sv_SE","og_type":"article","og_title":"Anslutning till HAN - RJ45 - Energy Intelligence","og_description":"Detta avsnitt beskriver hur du ansluter en elm\u00e4taravl\u00e4sare till en elm\u00e4tare med HAN port f\u00f6r att enkelt kunna l\u00e4sa av din elf\u00f6rbrukning.","og_url":"https:\/\/energyintelligence.se\/shop\/anvandarmanual\/anslutning-till-elmatare\/han-rj45\/","og_site_name":"Energy Intelligence","article_modified_time":"2024-02-16T13:23:10+00:00","twitter_card":"summary_large_image","twitter_misc":{"Ber\u00e4knad l\u00e4stid":"2 minuter"},"schema":{"@context":"https:\/\/schema.org","@graph":[{"@type":"WebPage","@id":"https:\/\/energyintelligence.se\/shop\/anvandarmanual\/anslutning-till-elmatare\/han-rj45\/","url":"https:\/\/energyintelligence.se\/shop\/anvandarmanual\/anslutning-till-elmatare\/han-rj45\/","name":"Anslutning till HAN - RJ45 - Energy Intelligence","isPartOf":{"@id":"https:\/\/energyintelligence.se\/shop\/#website"},"datePublished":"2024-02-16T13:23:09+00:00","dateModified":"2024-02-16T13:23:10+00:00","description":"Detta avsnitt beskriver hur du ansluter en elm\u00e4taravl\u00e4sare till en elm\u00e4tare med HAN port f\u00f6r att enkelt kunna l\u00e4sa av din elf\u00f6rbrukning.","breadcrumb":{"@id":"https:\/\/energyintelligence.se\/shop\/anvandarmanual\/anslutning-till-elmatare\/han-rj45\/#breadcrumb"},"inLanguage":"sv-SE","potentialAction":[{"@type":"ReadAction","target":["https:\/\/energyintelligence.se\/shop\/anvandarmanual\/anslutning-till-elmatare\/han-rj45\/"]}]},{"@type":"BreadcrumbList","@id":"https:\/\/energyintelligence.se\/shop\/anvandarmanual\/anslutning-till-elmatare\/han-rj45\/#breadcrumb","itemListElement":[{"@type":"ListItem","position":1,"name":"Hem","item":"https:\/\/energyintelligence.se\/shop\/"},{"@type":"ListItem","position":2,"name":"Anv\u00e4ndarmanual","item":"https:\/\/energyintelligence.se\/shop\/anvandarmanual\/"},{"@type":"ListItem","position":3,"name":"Anslutning till Elm\u00e4tare","item":"https:\/\/energyintelligence.se\/shop\/anvandarmanual\/anslutning-till-elmatare\/"},{"@type":"ListItem","position":4,"name":"HAN &#8211; RJ45"}]},{"@type":"WebSite","@id":"https:\/\/energyintelligence.se\/shop\/#website","url":"https:\/\/energyintelligence.se\/shop\/","name":"Energy Intelligence","description":"Ta kontroll \u00f6ver din elf\u00f6rbrukning","publisher":{"@id":"https:\/\/energyintelligence.se\/shop\/#organization"},"potentialAction":[{"@type":"SearchAction","target":{"@type":"EntryPoint","urlTemplate":"https:\/\/energyintelligence.se\/shop\/?s={search_term_string}"},"query-input":"required name=search_term_string"}],"inLanguage":"sv-SE"},{"@type":"Organization","@id":"https:\/\/energyintelligence.se\/shop\/#organization","name":"Notima Energy Intelligence AB","url":"https:\/\/energyintelligence.se\/shop\/","logo":{"@type":"ImageObject","inLanguage":"sv-SE","@id":"https:\/\/energyintelligence.se\/shop\/#\/schema\/logo\/image\/","url":"https:\/\/energyintelligence.se\/shop\/wp-content\/uploads\/2023\/11\/cropped-EI-300x66-1.png","contentUrl":"https:\/\/energyintelligence.se\/shop\/wp-content\/uploads\/2023\/11\/cropped-EI-300x66-1.png","width":300,"height":66,"caption":"Notima Energy Intelligence AB"},"image":{"@id":"https:\/\/energyintelligence.se\/shop\/#\/schema\/logo\/image\/"}}]}},"_links":{"self":[{"href":"https:\/\/energyintelligence.se\/shop\/wp-json\/wp\/v2\/pages\/2316"}],"collection":[{"href":"https:\/\/energyintelligence.se\/shop\/wp-json\/wp\/v2\/pages"}],"about":[{"href":"https:\/\/energyintelligence.se\/shop\/wp-json\/wp\/v2\/types\/page"}],"author":[{"embeddable":true,"href":"https:\/\/energyintelligence.se\/shop\/wp-json\/wp\/v2\/users\/2"}],"replies":[{"embeddable":true,"href":"https:\/\/energyintelligence.se\/shop\/wp-json\/wp\/v2\/comments?post=2316"}],"version-history":[{"count":2,"href":"https:\/\/energyintelligence.se\/shop\/wp-json\/wp\/v2\/pages\/2316\/revisions"}],"predecessor-version":[{"id":2330,"href":"https:\/\/energyintelligence.se\/shop\/wp-json\/wp\/v2\/pages\/2316\/revisions\/2330"}],"up":[{"embeddable":true,"href":"https:\/\/energyintelligence.se\/shop\/wp-json\/wp\/v2\/pages\/2307"}],"wp:attachment":[{"href":"https:\/\/energyintelligence.se\/shop\/wp-json\/wp\/v2\/media?parent=2316"}],"curies":[{"name":"wp","href":"https:\/\/api.w.org\/{rel}","templated":true}]}}