{"id":2338,"date":"2024-03-04T11:48:29","date_gmt":"2024-03-04T09:48:29","guid":{"rendered":"https:\/\/energyintelligence.se\/shop\/?page_id=2338"},"modified":"2024-04-18T09:07:39","modified_gmt":"2024-04-18T07:07:39","slug":"version-4-0","status":"publish","type":"page","link":"https:\/\/energyintelligence.se\/shop\/firmware\/version-4-0\/","title":{"rendered":"Version 4.0"},"content":{"rendered":"\n<p>Anv\u00e4nd filen nedan om du har en l\u00e4sare utan extern antenn med rj12 port.<\/p>\n\n\n\n<div class=\"wp-block-file\"><a id=\"wp-block-file--media-55939820-9d3f-4290-8e08-9dd8d6e47d93\" href=\"https:\/\/energyintelligence.se\/shop\/wp-content\/uploads\/2024\/02\/Atom_rj12_4.0.0_240222.zip\">Atom_rj12_4.0.0_240222<\/a><a href=\"https:\/\/energyintelligence.se\/shop\/wp-content\/uploads\/2024\/02\/Atom_rj12_4.0.0_240222.zip\" class=\"wp-block-file__button wp-element-button\" download aria-describedby=\"wp-block-file--media-55939820-9d3f-4290-8e08-9dd8d6e47d93\">Ladda ner<\/a><\/div>\n\n\n\n<p>Anv\u00e4nd filen nedan om du har en l\u00e4sare med ethernet med str\u00f6mf\u00f6rs\u00f6rjningsf\u00f6rm\u00e5ga (POE) och rj12 port.<\/p>\n\n\n\n<div class=\"wp-block-file\"><a id=\"wp-block-file--media-7cfc54d1-6738-4ec4-86f3-cc2b5fd91a27\" href=\"https:\/\/energyintelligence.se\/shop\/wp-content\/uploads\/2024\/02\/POE_rj12_4.0.0_240222.zip\">POE_rj12_4.0.0_240222<\/a><a href=\"https:\/\/energyintelligence.se\/shop\/wp-content\/uploads\/2024\/02\/POE_rj12_4.0.0_240222.zip\" class=\"wp-block-file__button wp-element-button\" download aria-describedby=\"wp-block-file--media-7cfc54d1-6738-4ec4-86f3-cc2b5fd91a27\">Ladda ner<\/a><\/div>\n\n\n\n<p>Anv\u00e4nd filen nedan om du har en l\u00e4sare med ethernet med str\u00f6mf\u00f6rs\u00f6rjningsf\u00f6rm\u00e5ga (POE) och rj45 port.<\/p>\n\n\n\n<div class=\"wp-block-file\"><a id=\"wp-block-file--media-8ca3c16d-3876-4239-825c-87537a5adc78\" href=\"https:\/\/energyintelligence.se\/shop\/wp-content\/uploads\/2024\/02\/POE_rj45_4.0.0_240222.zip\">POE_rj45_4.0.0_240222<\/a><a href=\"https:\/\/energyintelligence.se\/shop\/wp-content\/uploads\/2024\/02\/POE_rj45_4.0.0_240222.zip\" class=\"wp-block-file__button wp-element-button\" download aria-describedby=\"wp-block-file--media-8ca3c16d-3876-4239-825c-87537a5adc78\">Ladda ner<\/a><\/div>\n\n\n\n<p>Anv\u00e4nd filen nedan om du har en l\u00e4sare med extern antenn, utan ethernet och med rj12 port<\/p>\n\n\n\n<div class=\"wp-block-file\"><a id=\"wp-block-file--media-ec0f680d-93fc-4359-acb0-b95e116956f6\" href=\"https:\/\/energyintelligence.se\/shop\/wp-content\/uploads\/2024\/02\/DevKit_rj12_4.0.0_240222.zip\">DevKit_rj12_4.0.0_240222<\/a><a href=\"https:\/\/energyintelligence.se\/shop\/wp-content\/uploads\/2024\/02\/DevKit_rj12_4.0.0_240222.zip\" class=\"wp-block-file__button wp-element-button\" download aria-describedby=\"wp-block-file--media-ec0f680d-93fc-4359-acb0-b95e116956f6\">Ladda ner<\/a><\/div>\n\n\n\n<p>Anv\u00e4nd filen nedan om du har en l\u00e4sare utan extern antenn med rj45 port.<\/p>\n\n\n\n<div class=\"wp-block-file\"><a id=\"wp-block-file--media-a07c96a6-847b-43e7-b78f-75d98bb4e8c6\" href=\"https:\/\/energyintelligence.se\/shop\/wp-content\/uploads\/2024\/02\/Atom_rj45_4.0.0_240222.zip\">Atom_rj45_4.0.0_240222<\/a><a href=\"https:\/\/energyintelligence.se\/shop\/wp-content\/uploads\/2024\/02\/Atom_rj45_4.0.0_240222.zip\" class=\"wp-block-file__button wp-element-button\" download aria-describedby=\"wp-block-file--media-a07c96a6-847b-43e7-b78f-75d98bb4e8c6\">Ladda ner<\/a><\/div>\n\n\n\n<p>Anv\u00e4nd filen nedan om du har en l\u00e4sare med rs485 (modbus) kontakt.<\/p>\n\n\n\n<div class=\"wp-block-file\"><a id=\"wp-block-file--media-437b7e6e-ebb9-4a1b-b4d7-e2d5a36db953\" href=\"https:\/\/energyintelligence.se\/shop\/wp-content\/uploads\/2024\/02\/Atom_rs485_4.0.0_240222.zip\">Atom_rs485_4.0.0_240222<\/a><a href=\"https:\/\/energyintelligence.se\/shop\/wp-content\/uploads\/2024\/02\/Atom_rs485_4.0.0_240222.zip\" class=\"wp-block-file__button wp-element-button\" download aria-describedby=\"wp-block-file--media-437b7e6e-ebb9-4a1b-b4d7-e2d5a36db953\">Ladda ner<\/a><\/div>\n\n\n\n<p>F\u00f6r modul\u00e4r h\u00e5rdvara<\/p>\n\n\n\n<div class=\"wp-block-file\"><a id=\"wp-block-file--media-e386d0d1-4d6b-43bb-8ced-5e90f0387744\" href=\"https:\/\/energyintelligence.se\/shop\/wp-content\/uploads\/2024\/04\/MCUModule_4.0.0_240415.zip\">MCUModule_4.0.0_240415<\/a><a href=\"https:\/\/energyintelligence.se\/shop\/wp-content\/uploads\/2024\/04\/MCUModule_4.0.0_240415.zip\" class=\"wp-block-file__button wp-element-button\" download aria-describedby=\"wp-block-file--media-e386d0d1-4d6b-43bb-8ced-5e90f0387744\">Ladda ner<\/a><\/div>\n\n\n\n<h2 class=\"wp-block-heading\"><\/h2>\n\n\n\n<h2 class=\"wp-block-heading\">F\u00f6r\u00e4ndringar  i denna version<\/h2>\n\n\n\n<ul>\n<li><strong>NYTT: DNS-SD st\u00f6d<\/strong><br>Enheterna annonserar sin n\u00e4rvaro p\u00e5 n\u00e4tverket med hj\u00e4lp av DNS-SD s\u00e5 att de enkelt kan hittas med Bonjour, Avahi eller liknande.<\/li>\n\n\n\n<li><strong>NYTT: Timer f\u00f6r meddelande avlyssning<\/strong><br>F\u00f6r att optimera prestanda och datatrafik kan man nu st\u00e4lla in en timer f\u00f6r att v\u00e4nta mellan mottagande av meddelanden fr\u00e5n elm\u00e4taren.<\/li>\n\n\n\n<li><strong>\u00c4NDRAT: Mer flexibel konfiguration av Modbus RTU<\/strong><br>Med hj\u00e4lp av dataformatet YAML, kan man nu konfigurera enheten att l\u00e4sa av vilken Modbus RTU elm\u00e4tare som helst och \u00e4ven st\u00e4lla in avl\u00e4sningsinterval per v\u00e4rde.<\/li>\n\n\n\n<li><strong>\u00c4NDRAT: Mer infomration tillg\u00e4nglig via Websocket<\/strong><br>Websocket servern p\u00e5 enheten kan nu tillhandah\u00e5lla systeminformation och systemloggar. Se <a href=\"https:\/\/energyintelligence.se\/shop\/anvandarmanual\/utlasning-av-matarstallning\/websocket\/\">anv\u00e4ndarmanualen<\/a> f\u00f6r mer information.<\/li>\n<\/ul>\n","protected":false},"excerpt":{"rendered":"<p>Anv\u00e4nd filen nedan om du har en l\u00e4sare utan extern antenn med rj12 port. Anv\u00e4nd filen nedan om du har en l\u00e4sare med ethernet med str\u00f6mf\u00f6rs\u00f6rjningsf\u00f6rm\u00e5ga (POE) och rj12 port. Anv\u00e4nd filen nedan om du har en l\u00e4sare med ethernet med str\u00f6mf\u00f6rs\u00f6rjningsf\u00f6rm\u00e5ga (POE) och rj45 port. Anv\u00e4nd filen nedan om du har en l\u00e4sare med [&hellip;]<\/p>\n","protected":false},"author":168,"featured_media":0,"parent":357,"menu_order":0,"comment_status":"closed","ping_status":"closed","template":"","meta":{"footnotes":""},"yoast_head":"<!-- This site is optimized with the Yoast SEO plugin v21.7 - https:\/\/yoast.com\/wordpress\/plugins\/seo\/ -->\n<title>Firmware Version 4.0 - Energy Intelligence<\/title>\n<meta name=\"robots\" content=\"index, follow, max-snippet:-1, max-image-preview:large, max-video-preview:-1\" \/>\n<link rel=\"canonical\" href=\"https:\/\/energyintelligence.se\/shop\/firmware\/version-4-0\/\" \/>\n<meta property=\"og:locale\" content=\"sv_SE\" \/>\n<meta property=\"og:type\" content=\"article\" \/>\n<meta property=\"og:title\" content=\"Firmware Version 4.0 - Energy Intelligence\" \/>\n<meta property=\"og:description\" content=\"Anv\u00e4nd filen nedan om du har en l\u00e4sare utan extern antenn med rj12 port. Anv\u00e4nd filen nedan om du har en l\u00e4sare med ethernet med str\u00f6mf\u00f6rs\u00f6rjningsf\u00f6rm\u00e5ga (POE) och rj12 port. Anv\u00e4nd filen nedan om du har en l\u00e4sare med ethernet med str\u00f6mf\u00f6rs\u00f6rjningsf\u00f6rm\u00e5ga (POE) och rj45 port. Anv\u00e4nd filen nedan om du har en l\u00e4sare med [&hellip;]\" \/>\n<meta property=\"og:url\" content=\"https:\/\/energyintelligence.se\/shop\/firmware\/version-4-0\/\" \/>\n<meta property=\"og:site_name\" content=\"Energy Intelligence\" \/>\n<meta property=\"article:modified_time\" content=\"2024-04-18T07:07:39+00:00\" \/>\n<meta name=\"twitter:card\" content=\"summary_large_image\" \/>\n<meta name=\"twitter:label1\" content=\"Ber\u00e4knad l\u00e4stid\" \/>\n\t<meta name=\"twitter:data1\" content=\"2 minuter\" \/>\n<script type=\"application\/ld+json\" class=\"yoast-schema-graph\">{\"@context\":\"https:\/\/schema.org\",\"@graph\":[{\"@type\":\"WebPage\",\"@id\":\"https:\/\/energyintelligence.se\/shop\/firmware\/version-4-0\/\",\"url\":\"https:\/\/energyintelligence.se\/shop\/firmware\/version-4-0\/\",\"name\":\"Firmware Version 4.0 - Energy Intelligence\",\"isPartOf\":{\"@id\":\"https:\/\/energyintelligence.se\/shop\/#website\"},\"datePublished\":\"2024-03-04T09:48:29+00:00\",\"dateModified\":\"2024-04-18T07:07:39+00:00\",\"breadcrumb\":{\"@id\":\"https:\/\/energyintelligence.se\/shop\/firmware\/version-4-0\/#breadcrumb\"},\"inLanguage\":\"sv-SE\",\"potentialAction\":[{\"@type\":\"ReadAction\",\"target\":[\"https:\/\/energyintelligence.se\/shop\/firmware\/version-4-0\/\"]}]},{\"@type\":\"BreadcrumbList\",\"@id\":\"https:\/\/energyintelligence.se\/shop\/firmware\/version-4-0\/#breadcrumb\",\"itemListElement\":[{\"@type\":\"ListItem\",\"position\":1,\"name\":\"Hem\",\"item\":\"https:\/\/energyintelligence.se\/shop\/\"},{\"@type\":\"ListItem\",\"position\":2,\"name\":\"Firmware\",\"item\":\"https:\/\/energyintelligence.se\/shop\/firmware\/\"},{\"@type\":\"ListItem\",\"position\":3,\"name\":\"Version 4.0\"}]},{\"@type\":\"WebSite\",\"@id\":\"https:\/\/energyintelligence.se\/shop\/#website\",\"url\":\"https:\/\/energyintelligence.se\/shop\/\",\"name\":\"Energy Intelligence\",\"description\":\"Ta kontroll \u00f6ver din elf\u00f6rbrukning\",\"publisher\":{\"@id\":\"https:\/\/energyintelligence.se\/shop\/#organization\"},\"potentialAction\":[{\"@type\":\"SearchAction\",\"target\":{\"@type\":\"EntryPoint\",\"urlTemplate\":\"https:\/\/energyintelligence.se\/shop\/?s={search_term_string}\"},\"query-input\":\"required name=search_term_string\"}],\"inLanguage\":\"sv-SE\"},{\"@type\":\"Organization\",\"@id\":\"https:\/\/energyintelligence.se\/shop\/#organization\",\"name\":\"Notima Energy Intelligence AB\",\"url\":\"https:\/\/energyintelligence.se\/shop\/\",\"logo\":{\"@type\":\"ImageObject\",\"inLanguage\":\"sv-SE\",\"@id\":\"https:\/\/energyintelligence.se\/shop\/#\/schema\/logo\/image\/\",\"url\":\"https:\/\/energyintelligence.se\/shop\/wp-content\/uploads\/2023\/11\/cropped-EI-300x66-1.png\",\"contentUrl\":\"https:\/\/energyintelligence.se\/shop\/wp-content\/uploads\/2023\/11\/cropped-EI-300x66-1.png\",\"width\":300,\"height\":66,\"caption\":\"Notima Energy Intelligence AB\"},\"image\":{\"@id\":\"https:\/\/energyintelligence.se\/shop\/#\/schema\/logo\/image\/\"}}]}<\/script>\n<!-- \/ Yoast SEO plugin. -->","yoast_head_json":{"title":"Firmware Version 4.0 - Energy Intelligence","robots":{"index":"index","follow":"follow","max-snippet":"max-snippet:-1","max-image-preview":"max-image-preview:large","max-video-preview":"max-video-preview:-1"},"canonical":"https:\/\/energyintelligence.se\/shop\/firmware\/version-4-0\/","og_locale":"sv_SE","og_type":"article","og_title":"Firmware Version 4.0 - Energy Intelligence","og_description":"Anv\u00e4nd filen nedan om du har en l\u00e4sare utan extern antenn med rj12 port. Anv\u00e4nd filen nedan om du har en l\u00e4sare med ethernet med str\u00f6mf\u00f6rs\u00f6rjningsf\u00f6rm\u00e5ga (POE) och rj12 port. Anv\u00e4nd filen nedan om du har en l\u00e4sare med ethernet med str\u00f6mf\u00f6rs\u00f6rjningsf\u00f6rm\u00e5ga (POE) och rj45 port. Anv\u00e4nd filen nedan om du har en l\u00e4sare med [&hellip;]","og_url":"https:\/\/energyintelligence.se\/shop\/firmware\/version-4-0\/","og_site_name":"Energy Intelligence","article_modified_time":"2024-04-18T07:07:39+00:00","twitter_card":"summary_large_image","twitter_misc":{"Ber\u00e4knad l\u00e4stid":"2 minuter"},"schema":{"@context":"https:\/\/schema.org","@graph":[{"@type":"WebPage","@id":"https:\/\/energyintelligence.se\/shop\/firmware\/version-4-0\/","url":"https:\/\/energyintelligence.se\/shop\/firmware\/version-4-0\/","name":"Firmware Version 4.0 - Energy Intelligence","isPartOf":{"@id":"https:\/\/energyintelligence.se\/shop\/#website"},"datePublished":"2024-03-04T09:48:29+00:00","dateModified":"2024-04-18T07:07:39+00:00","breadcrumb":{"@id":"https:\/\/energyintelligence.se\/shop\/firmware\/version-4-0\/#breadcrumb"},"inLanguage":"sv-SE","potentialAction":[{"@type":"ReadAction","target":["https:\/\/energyintelligence.se\/shop\/firmware\/version-4-0\/"]}]},{"@type":"BreadcrumbList","@id":"https:\/\/energyintelligence.se\/shop\/firmware\/version-4-0\/#breadcrumb","itemListElement":[{"@type":"ListItem","position":1,"name":"Hem","item":"https:\/\/energyintelligence.se\/shop\/"},{"@type":"ListItem","position":2,"name":"Firmware","item":"https:\/\/energyintelligence.se\/shop\/firmware\/"},{"@type":"ListItem","position":3,"name":"Version 4.0"}]},{"@type":"WebSite","@id":"https:\/\/energyintelligence.se\/shop\/#website","url":"https:\/\/energyintelligence.se\/shop\/","name":"Energy Intelligence","description":"Ta kontroll \u00f6ver din elf\u00f6rbrukning","publisher":{"@id":"https:\/\/energyintelligence.se\/shop\/#organization"},"potentialAction":[{"@type":"SearchAction","target":{"@type":"EntryPoint","urlTemplate":"https:\/\/energyintelligence.se\/shop\/?s={search_term_string}"},"query-input":"required name=search_term_string"}],"inLanguage":"sv-SE"},{"@type":"Organization","@id":"https:\/\/energyintelligence.se\/shop\/#organization","name":"Notima Energy Intelligence AB","url":"https:\/\/energyintelligence.se\/shop\/","logo":{"@type":"ImageObject","inLanguage":"sv-SE","@id":"https:\/\/energyintelligence.se\/shop\/#\/schema\/logo\/image\/","url":"https:\/\/energyintelligence.se\/shop\/wp-content\/uploads\/2023\/11\/cropped-EI-300x66-1.png","contentUrl":"https:\/\/energyintelligence.se\/shop\/wp-content\/uploads\/2023\/11\/cropped-EI-300x66-1.png","width":300,"height":66,"caption":"Notima Energy Intelligence AB"},"image":{"@id":"https:\/\/energyintelligence.se\/shop\/#\/schema\/logo\/image\/"}}]}},"_links":{"self":[{"href":"https:\/\/energyintelligence.se\/shop\/wp-json\/wp\/v2\/pages\/2338"}],"collection":[{"href":"https:\/\/energyintelligence.se\/shop\/wp-json\/wp\/v2\/pages"}],"about":[{"href":"https:\/\/energyintelligence.se\/shop\/wp-json\/wp\/v2\/types\/page"}],"author":[{"embeddable":true,"href":"https:\/\/energyintelligence.se\/shop\/wp-json\/wp\/v2\/users\/168"}],"replies":[{"embeddable":true,"href":"https:\/\/energyintelligence.se\/shop\/wp-json\/wp\/v2\/comments?post=2338"}],"version-history":[{"count":7,"href":"https:\/\/energyintelligence.se\/shop\/wp-json\/wp\/v2\/pages\/2338\/revisions"}],"predecessor-version":[{"id":2503,"href":"https:\/\/energyintelligence.se\/shop\/wp-json\/wp\/v2\/pages\/2338\/revisions\/2503"}],"up":[{"embeddable":true,"href":"https:\/\/energyintelligence.se\/shop\/wp-json\/wp\/v2\/pages\/357"}],"wp:attachment":[{"href":"https:\/\/energyintelligence.se\/shop\/wp-json\/wp\/v2\/media?parent=2338"}],"curies":[{"name":"wp","href":"https:\/\/api.w.org\/{rel}","templated":true}]}}