{"id":2422,"date":"2024-03-19T11:04:16","date_gmt":"2024-03-19T09:04:16","guid":{"rendered":"https:\/\/energyintelligence.se\/shop\/?page_id=2422"},"modified":"2025-08-19T10:58:11","modified_gmt":"2025-08-19T08:58:11","slug":"konfigurera-wifi","status":"publish","type":"page","link":"https:\/\/energyintelligence.se\/shop\/konfigurera-wifi\/","title":{"rendered":"Konfigurera wifi"},"content":{"rendered":"\n<p>Om enheten inte \u00e4r ansluten till ett wifi n\u00e4tverk kommer detta att visas genom att LED lampan f\u00f6r indikation av wifi anslutning (m\u00e4rkt: <strong>WIFI<\/strong>) inte lyser. Enheten kommer d\u00e5 ist\u00e4llet att agera som WiFi accesspunkt. Detta inneb\u00e4r att enheten kommer att skapa sitt egna WiFi n\u00e4tverk som mobila enheter eller datorer kan ansluta till f\u00f6r att komma \u00e5t enhetens webb-baserade gr\u00e4nssnitt. N\u00e4r WiFi accesspunkten \u00e4r ig\u00e5ng kommer LED indikatorn m\u00e4rkt <strong>Access point<\/strong> att lysa.<\/p>\n\n\n\n<p>Om LED indikatorn f\u00f6r access punkten inte lyser \u00e4r WiFi accesspunkten inte aktiverad. Den kan d\u00e5 aktiveras genom att trycka p\u00e5 knappen m\u00e4rkt <strong>AP toggle<\/strong>. LED indikatorn b\u00f6r d\u00e5 b\u00f6rja lysa f\u00f6r att indikera att accesspunkten \u00e4r ig\u00e5ng.<\/p>\n\n\n\n<p>Anslut en mobil enhet eller dator till WiFi n\u00e4tverket vid namn <em>EnergyMeter.<\/em> <br>F\u00f6rinst\u00e4llt l\u00f6senord \u00e4r: EnergyMeter<\/p>\n\n\n\n<p><em>OBS! Vi har noterat att Safari p\u00e5 iPhone inte fungerar ordentligt mot webgr\u00e4nssnittet p\u00e5 vissa versioner. Symptomet visar sig genom att man inte kommer vidare n\u00e4r man har startat om enheten efter konfigureringen. Om det problemet uppst\u00e5r, pr\u00f6va med en dator eller en Android-telefon.<\/em><\/p>\n\n\n\n<p>OBS! En rekommendation \u00e4r att byta ut l\u00f6senordet till n\u00e5gonting annat n\u00e4r ni kommit ig\u00e5ng f\u00f6r att undvika att vem som helst kan ansluta till er m\u00e4tare ifall accesspunkten skulle vara ig\u00e5ng.<\/p>\n\n\n\n<p>N\u00e4r anslutningen \u00e4r etablerad kan enheten konfigureras genom att \u00f6ppna en webbl\u00e4sare och navigera till adressen: <em>http:\/\/192.168.4.1\/ <\/em><\/p>\n\n\n\n<p>I webbgr\u00e4nssnittets sidomeny navigerar du till <em>Network -> WiFi<\/em> f\u00f6r att konfigurera enhetens WiFi inst\u00e4llningar.<\/p>\n\n\n<div class=\"wp-block-image\">\n<figure class=\"aligncenter size-full\"><img loading=\"lazy\" decoding=\"async\" width=\"1072\" height=\"869\" src=\"https:\/\/energyintelligence.se\/shop\/wp-content\/uploads\/2025\/08\/EMR_WIFI.png\" alt=\"\" class=\"wp-image-3147\" srcset=\"https:\/\/energyintelligence.se\/shop\/wp-content\/uploads\/2025\/08\/EMR_WIFI.png 1072w, https:\/\/energyintelligence.se\/shop\/wp-content\/uploads\/2025\/08\/EMR_WIFI-300x243.png 300w, https:\/\/energyintelligence.se\/shop\/wp-content\/uploads\/2025\/08\/EMR_WIFI-1024x830.png 1024w, https:\/\/energyintelligence.se\/shop\/wp-content\/uploads\/2025\/08\/EMR_WIFI-768x623.png 768w, https:\/\/energyintelligence.se\/shop\/wp-content\/uploads\/2025\/08\/EMR_WIFI-416x337.png 416w\" sizes=\"(max-width: 1072px) 100vw, 1072px\" \/><\/figure><\/div>\n\n\n<p>Se till att kryssa i rutan <em>Enabled<\/em><strong><em> <\/em><\/strong>f\u00f6r att aktivera WiFi. St\u00e4ll sedan in vilket n\u00e4tverk enheten skall anslutas till genom att klicka p\u00e5 n\u00e4tverkets namn i listan, alternativt skriva in namnet manuellt i textf\u00e4ltet <em>SSID<\/em>. Fyll sedan i n\u00e4tverkets l\u00f6senord i f\u00e4ltet <em>Password<\/em>. Om du ansluter till ett \u00f6ppet n\u00e4tverk kan l\u00f6senordsf\u00e4ltet l\u00e4mnas tomt. Klicka sedan p\u00e5 kanppen <em>Save<\/em> l\u00e4ngst ner f\u00f6r att spara inst\u00e4llningarna.<\/p>\n\n\n\n<p>Om m\u00f6jligt, v\u00e4lj ett n\u00e4tverk med b\u00e4ttre signal \u00e4n -70 dbm (n\u00e4tverkets signalstyrka st\u00e5r till v\u00e4nster om SSID i listan).<\/p>\n\n\n\n<p><strong>OBS! Enheten m\u00e5ste anslutas till ett 2G wifi-n\u00e4tverk. Den klarar inte av att ansluta mot ett renodlat 5GHz wifi.<\/strong><\/p>\n\n\n\n<p>Enheten beh\u00f6ver startas om f\u00f6r att inst\u00e4llningarna ska b\u00f6rja g\u00e4lla och f\u00f6r att enheten skall anslutas till n\u00e4tverket. Om inst\u00e4llningarna har sparats korrekt b\u00f6r gr\u00e4nssnittet visa ett meddelande med en knapp f\u00f6r att starta om enheten. Enheten kan ocks\u00e5 startas om genom att trycka p\u00e5 enhetens <em>Reset<\/em> knapp. Se &#8221;<a href=\"https:\/\/energyintelligence.se\/shop\/anvandarmanual\/hardvara\" data-type=\"page\" data-id=\"698\">h\u00e5rdvara<\/a>&#8221;.<\/p>\n\n\n\n<p>N\u00e4r enheten startas om kommer LED lampan f\u00f6r WiFi att blinka snabbt f\u00f6r att indikera att enheten ansluter till ett n\u00e4tverk. N\u00e4r lampan b\u00f6rjar lysa med ett konstant sken betyder det att anslutningen lyckades. B\u00f6rjar d\u00e4remot LED lampan f\u00f6r accesspunkten att lysa ist\u00e4llet betyder det att anslutningen misslyckades. Anslut d\u00e5 till enhetens accesspunkt igen och kontrollera inst\u00e4llningarna. Om du r\u00e5kat skriva in fel l\u00f6senord eller av andra anledningar inte kommer in p\u00e5 enheten kan det vara enklast att b\u00f6rja om med en s.k. <a data-type=\"page\" data-id=\"761\" href=\"https:\/\/energyintelligence.se\/shop\/anvandarmanual\/firmware\/fabriksaterstallning\">fabriks\u00e5terst\u00e4llning<\/a>.<\/p>\n\n\n\n<p>N\u00e4r enheten \u00e4r ansluten och LED f\u00f6r WiFi lampan lyser b\u00f6r accesspunkten vara inaktiverad. Webb-gr\u00e4nssnittet kan d\u00e5 \u00f6ppnas genom att, i en webbl\u00e4sare, navigera till enhetens IP address p\u00e5 n\u00e4tverket. F\u00f6r att ta reda p\u00e5 vad enheten har f\u00f6r IP address kan accesspunkten tillf\u00e4lligt aktiveras genom att trycka p\u00e5 knappen m\u00e4rkt <strong>AP toggle<\/strong>. Anslut sedan till accesspunkten och navigera till <em>http:\/\/192.168.4.1\/<\/em> Enhetens IP address visas d\u00e5 l\u00e4ngst ner p\u00e5 <em>Status<\/em> sidan.<\/p>\n\n\n\n<p>Ett annat s\u00e4tt att l\u00e4tt ta reda p\u00e5 enhetens adress \u00e4r att anv\u00e4nda appen &#8221;Fing&#8221; och scanna av n\u00e4tverket den \u00e4r ansluten till. Enheten heter EMR32_SERIENR (d\u00e4r SERIENR \u00e4r enhetens serienummer). Man kan ocks\u00e5 anv\u00e4nda en mDNS-SD klient (s\u00e5som <a href=\"https:\/\/www.tobias-erichsen.de\/software\/zeroconfservicebrowser.html\">zeroconfservicebrowser<\/a>) och leta efter en annonsering under protokollnamnet &#8221;_energy-meter-reader._tcp&#8221;.<\/p>\n\n\n\n<p>Av s\u00e4kerhetssk\u00e4l b\u00f6r accesspunkten vara avst\u00e4ngd n\u00e4r den inte anv\u00e4nds. St\u00e4ng av accesspunkten genom att h\u00e5lla knappen intryckt i ca 5 sekunder igen eller tills lampan lyser gr\u00f6nt igen. Alternativt, kryssa ur rutan &#8221;Enabled&#8221; under rubriken &#8221;Access point settings&#8221; under n\u00e4tverksfliken i webbgr\u00e4nssnittet.<\/p>\n","protected":false},"excerpt":{"rendered":"<p>Om enheten inte \u00e4r ansluten till ett wifi n\u00e4tverk kommer detta att visas genom att LED lampan f\u00f6r indikation av wifi anslutning (m\u00e4rkt: WIFI) inte lyser. Enheten kommer d\u00e5 ist\u00e4llet att agera som WiFi accesspunkt. Detta inneb\u00e4r att enheten kommer att skapa sitt egna WiFi n\u00e4tverk som mobila enheter eller datorer kan ansluta till f\u00f6r [&hellip;]<\/p>\n","protected":false},"author":3,"featured_media":0,"parent":0,"menu_order":0,"comment_status":"closed","ping_status":"closed","template":"","meta":{"footnotes":""},"yoast_head":"<!-- This site is optimized with the Yoast SEO plugin v21.7 - https:\/\/yoast.com\/wordpress\/plugins\/seo\/ -->\n<title>Konfigurera wifi - Energy Intelligence<\/title>\n<meta name=\"robots\" content=\"index, follow, max-snippet:-1, max-image-preview:large, max-video-preview:-1\" \/>\n<link rel=\"canonical\" href=\"https:\/\/energyintelligence.se\/shop\/konfigurera-wifi\/\" \/>\n<meta property=\"og:locale\" content=\"sv_SE\" \/>\n<meta property=\"og:type\" content=\"article\" \/>\n<meta property=\"og:title\" content=\"Konfigurera wifi - Energy Intelligence\" \/>\n<meta property=\"og:description\" content=\"Om enheten inte \u00e4r ansluten till ett wifi n\u00e4tverk kommer detta att visas genom att LED lampan f\u00f6r indikation av wifi anslutning (m\u00e4rkt: WIFI) inte lyser. Enheten kommer d\u00e5 ist\u00e4llet att agera som WiFi accesspunkt. Detta inneb\u00e4r att enheten kommer att skapa sitt egna WiFi n\u00e4tverk som mobila enheter eller datorer kan ansluta till f\u00f6r [&hellip;]\" \/>\n<meta property=\"og:url\" content=\"https:\/\/energyintelligence.se\/shop\/konfigurera-wifi\/\" \/>\n<meta property=\"og:site_name\" content=\"Energy Intelligence\" \/>\n<meta property=\"article:modified_time\" content=\"2025-08-19T08:58:11+00:00\" \/>\n<meta property=\"og:image\" content=\"https:\/\/energyintelligence.se\/shop\/wp-content\/uploads\/2025\/08\/EMR_WIFI.png\" \/>\n<meta name=\"twitter:card\" content=\"summary_large_image\" \/>\n<meta name=\"twitter:label1\" content=\"Ber\u00e4knad l\u00e4stid\" \/>\n\t<meta name=\"twitter:data1\" content=\"4 minuter\" \/>\n<script type=\"application\/ld+json\" class=\"yoast-schema-graph\">{\"@context\":\"https:\/\/schema.org\",\"@graph\":[{\"@type\":\"WebPage\",\"@id\":\"https:\/\/energyintelligence.se\/shop\/konfigurera-wifi\/\",\"url\":\"https:\/\/energyintelligence.se\/shop\/konfigurera-wifi\/\",\"name\":\"Konfigurera wifi - Energy Intelligence\",\"isPartOf\":{\"@id\":\"https:\/\/energyintelligence.se\/shop\/#website\"},\"datePublished\":\"2024-03-19T09:04:16+00:00\",\"dateModified\":\"2025-08-19T08:58:11+00:00\",\"breadcrumb\":{\"@id\":\"https:\/\/energyintelligence.se\/shop\/konfigurera-wifi\/#breadcrumb\"},\"inLanguage\":\"sv-SE\",\"potentialAction\":[{\"@type\":\"ReadAction\",\"target\":[\"https:\/\/energyintelligence.se\/shop\/konfigurera-wifi\/\"]}]},{\"@type\":\"BreadcrumbList\",\"@id\":\"https:\/\/energyintelligence.se\/shop\/konfigurera-wifi\/#breadcrumb\",\"itemListElement\":[{\"@type\":\"ListItem\",\"position\":1,\"name\":\"Hem\",\"item\":\"https:\/\/energyintelligence.se\/shop\/\"},{\"@type\":\"ListItem\",\"position\":2,\"name\":\"Konfigurera wifi\"}]},{\"@type\":\"WebSite\",\"@id\":\"https:\/\/energyintelligence.se\/shop\/#website\",\"url\":\"https:\/\/energyintelligence.se\/shop\/\",\"name\":\"Energy Intelligence\",\"description\":\"Ta kontroll \u00f6ver din elf\u00f6rbrukning\",\"publisher\":{\"@id\":\"https:\/\/energyintelligence.se\/shop\/#organization\"},\"potentialAction\":[{\"@type\":\"SearchAction\",\"target\":{\"@type\":\"EntryPoint\",\"urlTemplate\":\"https:\/\/energyintelligence.se\/shop\/?s={search_term_string}\"},\"query-input\":\"required name=search_term_string\"}],\"inLanguage\":\"sv-SE\"},{\"@type\":\"Organization\",\"@id\":\"https:\/\/energyintelligence.se\/shop\/#organization\",\"name\":\"Notima Energy Intelligence AB\",\"url\":\"https:\/\/energyintelligence.se\/shop\/\",\"logo\":{\"@type\":\"ImageObject\",\"inLanguage\":\"sv-SE\",\"@id\":\"https:\/\/energyintelligence.se\/shop\/#\/schema\/logo\/image\/\",\"url\":\"https:\/\/energyintelligence.se\/shop\/wp-content\/uploads\/2023\/11\/cropped-EI-300x66-1.png\",\"contentUrl\":\"https:\/\/energyintelligence.se\/shop\/wp-content\/uploads\/2023\/11\/cropped-EI-300x66-1.png\",\"width\":300,\"height\":66,\"caption\":\"Notima Energy Intelligence AB\"},\"image\":{\"@id\":\"https:\/\/energyintelligence.se\/shop\/#\/schema\/logo\/image\/\"}}]}<\/script>\n<!-- \/ Yoast SEO plugin. -->","yoast_head_json":{"title":"Konfigurera wifi - Energy Intelligence","robots":{"index":"index","follow":"follow","max-snippet":"max-snippet:-1","max-image-preview":"max-image-preview:large","max-video-preview":"max-video-preview:-1"},"canonical":"https:\/\/energyintelligence.se\/shop\/konfigurera-wifi\/","og_locale":"sv_SE","og_type":"article","og_title":"Konfigurera wifi - Energy Intelligence","og_description":"Om enheten inte \u00e4r ansluten till ett wifi n\u00e4tverk kommer detta att visas genom att LED lampan f\u00f6r indikation av wifi anslutning (m\u00e4rkt: WIFI) inte lyser. Enheten kommer d\u00e5 ist\u00e4llet att agera som WiFi accesspunkt. Detta inneb\u00e4r att enheten kommer att skapa sitt egna WiFi n\u00e4tverk som mobila enheter eller datorer kan ansluta till f\u00f6r [&hellip;]","og_url":"https:\/\/energyintelligence.se\/shop\/konfigurera-wifi\/","og_site_name":"Energy Intelligence","article_modified_time":"2025-08-19T08:58:11+00:00","og_image":[{"url":"https:\/\/energyintelligence.se\/shop\/wp-content\/uploads\/2025\/08\/EMR_WIFI.png"}],"twitter_card":"summary_large_image","twitter_misc":{"Ber\u00e4knad l\u00e4stid":"4 minuter"},"schema":{"@context":"https:\/\/schema.org","@graph":[{"@type":"WebPage","@id":"https:\/\/energyintelligence.se\/shop\/konfigurera-wifi\/","url":"https:\/\/energyintelligence.se\/shop\/konfigurera-wifi\/","name":"Konfigurera wifi - Energy Intelligence","isPartOf":{"@id":"https:\/\/energyintelligence.se\/shop\/#website"},"datePublished":"2024-03-19T09:04:16+00:00","dateModified":"2025-08-19T08:58:11+00:00","breadcrumb":{"@id":"https:\/\/energyintelligence.se\/shop\/konfigurera-wifi\/#breadcrumb"},"inLanguage":"sv-SE","potentialAction":[{"@type":"ReadAction","target":["https:\/\/energyintelligence.se\/shop\/konfigurera-wifi\/"]}]},{"@type":"BreadcrumbList","@id":"https:\/\/energyintelligence.se\/shop\/konfigurera-wifi\/#breadcrumb","itemListElement":[{"@type":"ListItem","position":1,"name":"Hem","item":"https:\/\/energyintelligence.se\/shop\/"},{"@type":"ListItem","position":2,"name":"Konfigurera wifi"}]},{"@type":"WebSite","@id":"https:\/\/energyintelligence.se\/shop\/#website","url":"https:\/\/energyintelligence.se\/shop\/","name":"Energy Intelligence","description":"Ta kontroll \u00f6ver din elf\u00f6rbrukning","publisher":{"@id":"https:\/\/energyintelligence.se\/shop\/#organization"},"potentialAction":[{"@type":"SearchAction","target":{"@type":"EntryPoint","urlTemplate":"https:\/\/energyintelligence.se\/shop\/?s={search_term_string}"},"query-input":"required name=search_term_string"}],"inLanguage":"sv-SE"},{"@type":"Organization","@id":"https:\/\/energyintelligence.se\/shop\/#organization","name":"Notima Energy Intelligence AB","url":"https:\/\/energyintelligence.se\/shop\/","logo":{"@type":"ImageObject","inLanguage":"sv-SE","@id":"https:\/\/energyintelligence.se\/shop\/#\/schema\/logo\/image\/","url":"https:\/\/energyintelligence.se\/shop\/wp-content\/uploads\/2023\/11\/cropped-EI-300x66-1.png","contentUrl":"https:\/\/energyintelligence.se\/shop\/wp-content\/uploads\/2023\/11\/cropped-EI-300x66-1.png","width":300,"height":66,"caption":"Notima Energy Intelligence AB"},"image":{"@id":"https:\/\/energyintelligence.se\/shop\/#\/schema\/logo\/image\/"}}]}},"_links":{"self":[{"href":"https:\/\/energyintelligence.se\/shop\/wp-json\/wp\/v2\/pages\/2422"}],"collection":[{"href":"https:\/\/energyintelligence.se\/shop\/wp-json\/wp\/v2\/pages"}],"about":[{"href":"https:\/\/energyintelligence.se\/shop\/wp-json\/wp\/v2\/types\/page"}],"author":[{"embeddable":true,"href":"https:\/\/energyintelligence.se\/shop\/wp-json\/wp\/v2\/users\/3"}],"replies":[{"embeddable":true,"href":"https:\/\/energyintelligence.se\/shop\/wp-json\/wp\/v2\/comments?post=2422"}],"version-history":[{"count":2,"href":"https:\/\/energyintelligence.se\/shop\/wp-json\/wp\/v2\/pages\/2422\/revisions"}],"predecessor-version":[{"id":3148,"href":"https:\/\/energyintelligence.se\/shop\/wp-json\/wp\/v2\/pages\/2422\/revisions\/3148"}],"wp:attachment":[{"href":"https:\/\/energyintelligence.se\/shop\/wp-json\/wp\/v2\/media?parent=2422"}],"curies":[{"name":"wp","href":"https:\/\/api.w.org\/{rel}","templated":true}]}}