{"id":2426,"date":"2024-03-19T11:07:23","date_gmt":"2024-03-19T09:07:23","guid":{"rendered":"https:\/\/energyintelligence.se\/shop\/?page_id=2426"},"modified":"2024-03-19T11:07:24","modified_gmt":"2024-03-19T09:07:24","slug":"konfigurera-mqtt","status":"publish","type":"page","link":"https:\/\/energyintelligence.se\/shop\/konfigurera-mqtt\/","title":{"rendered":"Konfigurera MQTT"},"content":{"rendered":"\n<p>Det enklaste s\u00e4ttet att l\u00e4sa av datat som kommer ur elm\u00e4taren \u00e4r att skicka det till en MQTT server. Inst\u00e4llningarna till detta hittar ni i fliken MQTT.<\/p>\n\n\n\n<p>Ett snabbt och enkelt s\u00e4tt att se ifall MQTT kommunikationen fungerar \u00e4r att anv\u00e4nda <a rel=\"noreferrer noopener\" href=\"https:\/\/mqtt-explorer.com\/\" target=\"_blank\">MQTT Explorer<\/a>. Det \u00e4r ett toppenverktyg f\u00f6r att se vad som h\u00e4nder p\u00e5 en MQTT broker.<\/p>\n\n\n\n<p>Enheten \u00e4r f\u00f6rinst\u00e4lld att ansluta till <a href=\"https:\/\/www.hivemq.com\/\" data-type=\"URL\" data-id=\"https:\/\/www.hivemq.com\/\">HiveMQ<\/a> vilket \u00e4r en offentlig MQTT broker som kan anv\u00e4ndas gratis. Denna broker kan anv\u00e4ndas f\u00f6r att f\u00f6r att testa enheten men t\u00e4nk d\u00e5 p\u00e5 att att informationen fr\u00e5n elm\u00e4taren \u00e4r tillg\u00e4nglig f\u00f6r den som vet var den finns.<\/p>\n\n\n\n<p>Den \u00f6ppna delen av HiveMQ verkar st\u00e4nga av uppdateringsm\u00f6jligheten efter bara en liten stund, s\u00e5 en oinloggad HiveMQ koppling kan enbart anv\u00e4ndas f\u00f6r test, ej f\u00f6r kontinuerlig drift. F\u00f6r kontinuerlig drift rekommenderar vi att man anv\u00e4nder en egen MQTT-server.<\/p>\n\n\n<div class=\"wp-block-image\">\n<figure class=\"aligncenter size-full\"><img loading=\"lazy\" decoding=\"async\" width=\"670\" height=\"449\" src=\"https:\/\/energyintelligence.se\/shop\/wp-content\/uploads\/2023\/02\/bild-1.png\" alt=\"\" class=\"wp-image-1426\" srcset=\"https:\/\/energyintelligence.se\/shop\/wp-content\/uploads\/2023\/02\/bild-1.png 670w, https:\/\/energyintelligence.se\/shop\/wp-content\/uploads\/2023\/02\/bild-1-300x201.png 300w, https:\/\/energyintelligence.se\/shop\/wp-content\/uploads\/2023\/02\/bild-1-416x279.png 416w\" sizes=\"(max-width: 670px) 100vw, 670px\" \/><\/figure><\/div>\n\n\n<p>F\u00f6r att l\u00e4sa information fr\u00e5n HiveMQ i MQTT Explorer kr\u00e4vs lite ytterligare konfigurering d\u00e5 HiveMQ inte till\u00e5ter att klienter prenumererar p\u00e5 topicet &#8221;<code>#<\/code>&#8221;. Ist\u00e4llet m\u00e5ste klienten prenumerera p\u00e5 &#8221;<code>&lt;enhets-id&gt;\/#<\/code>&#8221;. F\u00f6r att \u00e4ndra vilket topic som ska prenumereras p\u00e5 klickar man p\u00e5 knappen &#8221;ADVANCED&#8221; innan man ansluter till brokern.<\/p>\n\n\n<div class=\"wp-block-image\">\n<figure class=\"aligncenter size-full\"><img loading=\"lazy\" decoding=\"async\" width=\"651\" height=\"438\" src=\"https:\/\/energyintelligence.se\/shop\/wp-content\/uploads\/2022\/01\/hivemqtopic.png\" alt=\"\" class=\"wp-image-263\" srcset=\"https:\/\/energyintelligence.se\/shop\/wp-content\/uploads\/2022\/01\/hivemqtopic.png 651w, https:\/\/energyintelligence.se\/shop\/wp-content\/uploads\/2022\/01\/hivemqtopic-300x202.png 300w, https:\/\/energyintelligence.se\/shop\/wp-content\/uploads\/2022\/01\/hivemqtopic-416x280.png 416w\" sizes=\"(max-width: 651px) 100vw, 651px\" \/><\/figure><\/div>","protected":false},"excerpt":{"rendered":"<p>Det enklaste s\u00e4ttet att l\u00e4sa av datat som kommer ur elm\u00e4taren \u00e4r att skicka det till en MQTT server. Inst\u00e4llningarna till detta hittar ni i fliken MQTT. Ett snabbt och enkelt s\u00e4tt att se ifall MQTT kommunikationen fungerar \u00e4r att anv\u00e4nda MQTT Explorer. Det \u00e4r ett toppenverktyg f\u00f6r att se vad som h\u00e4nder p\u00e5 en [&hellip;]<\/p>\n","protected":false},"author":3,"featured_media":0,"parent":0,"menu_order":0,"comment_status":"closed","ping_status":"closed","template":"","meta":{"footnotes":""},"yoast_head":"<!-- This site is optimized with the Yoast SEO plugin v21.7 - https:\/\/yoast.com\/wordpress\/plugins\/seo\/ -->\n<title>Konfigurera MQTT - Energy Intelligence<\/title>\n<meta name=\"robots\" content=\"index, follow, max-snippet:-1, max-image-preview:large, max-video-preview:-1\" \/>\n<link rel=\"canonical\" href=\"https:\/\/energyintelligence.se\/shop\/konfigurera-mqtt\/\" \/>\n<meta property=\"og:locale\" content=\"sv_SE\" \/>\n<meta property=\"og:type\" content=\"article\" \/>\n<meta property=\"og:title\" content=\"Konfigurera MQTT - Energy Intelligence\" \/>\n<meta property=\"og:description\" content=\"Det enklaste s\u00e4ttet att l\u00e4sa av datat som kommer ur elm\u00e4taren \u00e4r att skicka det till en MQTT server. Inst\u00e4llningarna till detta hittar ni i fliken MQTT. Ett snabbt och enkelt s\u00e4tt att se ifall MQTT kommunikationen fungerar \u00e4r att anv\u00e4nda MQTT Explorer. Det \u00e4r ett toppenverktyg f\u00f6r att se vad som h\u00e4nder p\u00e5 en [&hellip;]\" \/>\n<meta property=\"og:url\" content=\"https:\/\/energyintelligence.se\/shop\/konfigurera-mqtt\/\" \/>\n<meta property=\"og:site_name\" content=\"Energy Intelligence\" \/>\n<meta property=\"article:modified_time\" content=\"2024-03-19T09:07:24+00:00\" \/>\n<meta property=\"og:image\" content=\"https:\/\/energyintelligence.se\/shop\/wp-content\/uploads\/2023\/02\/bild-1.png\" \/>\n<meta name=\"twitter:card\" content=\"summary_large_image\" \/>\n<meta name=\"twitter:label1\" content=\"Ber\u00e4knad l\u00e4stid\" \/>\n\t<meta name=\"twitter:data1\" content=\"2 minuter\" \/>\n<script type=\"application\/ld+json\" class=\"yoast-schema-graph\">{\"@context\":\"https:\/\/schema.org\",\"@graph\":[{\"@type\":\"WebPage\",\"@id\":\"https:\/\/energyintelligence.se\/shop\/konfigurera-mqtt\/\",\"url\":\"https:\/\/energyintelligence.se\/shop\/konfigurera-mqtt\/\",\"name\":\"Konfigurera MQTT - Energy Intelligence\",\"isPartOf\":{\"@id\":\"https:\/\/energyintelligence.se\/shop\/#website\"},\"datePublished\":\"2024-03-19T09:07:23+00:00\",\"dateModified\":\"2024-03-19T09:07:24+00:00\",\"breadcrumb\":{\"@id\":\"https:\/\/energyintelligence.se\/shop\/konfigurera-mqtt\/#breadcrumb\"},\"inLanguage\":\"sv-SE\",\"potentialAction\":[{\"@type\":\"ReadAction\",\"target\":[\"https:\/\/energyintelligence.se\/shop\/konfigurera-mqtt\/\"]}]},{\"@type\":\"BreadcrumbList\",\"@id\":\"https:\/\/energyintelligence.se\/shop\/konfigurera-mqtt\/#breadcrumb\",\"itemListElement\":[{\"@type\":\"ListItem\",\"position\":1,\"name\":\"Hem\",\"item\":\"https:\/\/energyintelligence.se\/shop\/\"},{\"@type\":\"ListItem\",\"position\":2,\"name\":\"Konfigurera MQTT\"}]},{\"@type\":\"WebSite\",\"@id\":\"https:\/\/energyintelligence.se\/shop\/#website\",\"url\":\"https:\/\/energyintelligence.se\/shop\/\",\"name\":\"Energy Intelligence\",\"description\":\"Ta kontroll \u00f6ver din elf\u00f6rbrukning\",\"publisher\":{\"@id\":\"https:\/\/energyintelligence.se\/shop\/#organization\"},\"potentialAction\":[{\"@type\":\"SearchAction\",\"target\":{\"@type\":\"EntryPoint\",\"urlTemplate\":\"https:\/\/energyintelligence.se\/shop\/?s={search_term_string}\"},\"query-input\":\"required name=search_term_string\"}],\"inLanguage\":\"sv-SE\"},{\"@type\":\"Organization\",\"@id\":\"https:\/\/energyintelligence.se\/shop\/#organization\",\"name\":\"Notima Energy Intelligence AB\",\"url\":\"https:\/\/energyintelligence.se\/shop\/\",\"logo\":{\"@type\":\"ImageObject\",\"inLanguage\":\"sv-SE\",\"@id\":\"https:\/\/energyintelligence.se\/shop\/#\/schema\/logo\/image\/\",\"url\":\"https:\/\/energyintelligence.se\/shop\/wp-content\/uploads\/2023\/11\/cropped-EI-300x66-1.png\",\"contentUrl\":\"https:\/\/energyintelligence.se\/shop\/wp-content\/uploads\/2023\/11\/cropped-EI-300x66-1.png\",\"width\":300,\"height\":66,\"caption\":\"Notima Energy Intelligence AB\"},\"image\":{\"@id\":\"https:\/\/energyintelligence.se\/shop\/#\/schema\/logo\/image\/\"}}]}<\/script>\n<!-- \/ Yoast SEO plugin. -->","yoast_head_json":{"title":"Konfigurera MQTT - Energy Intelligence","robots":{"index":"index","follow":"follow","max-snippet":"max-snippet:-1","max-image-preview":"max-image-preview:large","max-video-preview":"max-video-preview:-1"},"canonical":"https:\/\/energyintelligence.se\/shop\/konfigurera-mqtt\/","og_locale":"sv_SE","og_type":"article","og_title":"Konfigurera MQTT - Energy Intelligence","og_description":"Det enklaste s\u00e4ttet att l\u00e4sa av datat som kommer ur elm\u00e4taren \u00e4r att skicka det till en MQTT server. Inst\u00e4llningarna till detta hittar ni i fliken MQTT. Ett snabbt och enkelt s\u00e4tt att se ifall MQTT kommunikationen fungerar \u00e4r att anv\u00e4nda MQTT Explorer. Det \u00e4r ett toppenverktyg f\u00f6r att se vad som h\u00e4nder p\u00e5 en [&hellip;]","og_url":"https:\/\/energyintelligence.se\/shop\/konfigurera-mqtt\/","og_site_name":"Energy Intelligence","article_modified_time":"2024-03-19T09:07:24+00:00","og_image":[{"url":"https:\/\/energyintelligence.se\/shop\/wp-content\/uploads\/2023\/02\/bild-1.png"}],"twitter_card":"summary_large_image","twitter_misc":{"Ber\u00e4knad l\u00e4stid":"2 minuter"},"schema":{"@context":"https:\/\/schema.org","@graph":[{"@type":"WebPage","@id":"https:\/\/energyintelligence.se\/shop\/konfigurera-mqtt\/","url":"https:\/\/energyintelligence.se\/shop\/konfigurera-mqtt\/","name":"Konfigurera MQTT - Energy Intelligence","isPartOf":{"@id":"https:\/\/energyintelligence.se\/shop\/#website"},"datePublished":"2024-03-19T09:07:23+00:00","dateModified":"2024-03-19T09:07:24+00:00","breadcrumb":{"@id":"https:\/\/energyintelligence.se\/shop\/konfigurera-mqtt\/#breadcrumb"},"inLanguage":"sv-SE","potentialAction":[{"@type":"ReadAction","target":["https:\/\/energyintelligence.se\/shop\/konfigurera-mqtt\/"]}]},{"@type":"BreadcrumbList","@id":"https:\/\/energyintelligence.se\/shop\/konfigurera-mqtt\/#breadcrumb","itemListElement":[{"@type":"ListItem","position":1,"name":"Hem","item":"https:\/\/energyintelligence.se\/shop\/"},{"@type":"ListItem","position":2,"name":"Konfigurera MQTT"}]},{"@type":"WebSite","@id":"https:\/\/energyintelligence.se\/shop\/#website","url":"https:\/\/energyintelligence.se\/shop\/","name":"Energy Intelligence","description":"Ta kontroll \u00f6ver din elf\u00f6rbrukning","publisher":{"@id":"https:\/\/energyintelligence.se\/shop\/#organization"},"potentialAction":[{"@type":"SearchAction","target":{"@type":"EntryPoint","urlTemplate":"https:\/\/energyintelligence.se\/shop\/?s={search_term_string}"},"query-input":"required name=search_term_string"}],"inLanguage":"sv-SE"},{"@type":"Organization","@id":"https:\/\/energyintelligence.se\/shop\/#organization","name":"Notima Energy Intelligence AB","url":"https:\/\/energyintelligence.se\/shop\/","logo":{"@type":"ImageObject","inLanguage":"sv-SE","@id":"https:\/\/energyintelligence.se\/shop\/#\/schema\/logo\/image\/","url":"https:\/\/energyintelligence.se\/shop\/wp-content\/uploads\/2023\/11\/cropped-EI-300x66-1.png","contentUrl":"https:\/\/energyintelligence.se\/shop\/wp-content\/uploads\/2023\/11\/cropped-EI-300x66-1.png","width":300,"height":66,"caption":"Notima Energy Intelligence AB"},"image":{"@id":"https:\/\/energyintelligence.se\/shop\/#\/schema\/logo\/image\/"}}]}},"_links":{"self":[{"href":"https:\/\/energyintelligence.se\/shop\/wp-json\/wp\/v2\/pages\/2426"}],"collection":[{"href":"https:\/\/energyintelligence.se\/shop\/wp-json\/wp\/v2\/pages"}],"about":[{"href":"https:\/\/energyintelligence.se\/shop\/wp-json\/wp\/v2\/types\/page"}],"author":[{"embeddable":true,"href":"https:\/\/energyintelligence.se\/shop\/wp-json\/wp\/v2\/users\/3"}],"replies":[{"embeddable":true,"href":"https:\/\/energyintelligence.se\/shop\/wp-json\/wp\/v2\/comments?post=2426"}],"version-history":[{"count":1,"href":"https:\/\/energyintelligence.se\/shop\/wp-json\/wp\/v2\/pages\/2426\/revisions"}],"predecessor-version":[{"id":2427,"href":"https:\/\/energyintelligence.se\/shop\/wp-json\/wp\/v2\/pages\/2426\/revisions\/2427"}],"wp:attachment":[{"href":"https:\/\/energyintelligence.se\/shop\/wp-json\/wp\/v2\/media?parent=2426"}],"curies":[{"name":"wp","href":"https:\/\/api.w.org\/{rel}","templated":true}]}}