{"id":2546,"date":"2024-05-23T10:56:50","date_gmt":"2024-05-23T08:56:50","guid":{"rendered":"https:\/\/energyintelligence.se\/shop\/?page_id=2546"},"modified":"2024-07-15T15:31:16","modified_gmt":"2024-07-15T13:31:16","slug":"version-4-1","status":"publish","type":"page","link":"https:\/\/energyintelligence.se\/shop\/firmware\/version-4-1\/","title":{"rendered":"Version 4.1"},"content":{"rendered":"\n<div class=\"wp-block-file\"><a id=\"wp-block-file--media-023ed793-7af1-4458-bc1e-7fd07d581f5a\" href=\"https:\/\/energyintelligence.se\/shop\/wp-content\/uploads\/2024\/05\/MCUModule_4.1.0_240522.zip\">EMR_4.1.0_240522<\/a><a href=\"https:\/\/energyintelligence.se\/shop\/wp-content\/uploads\/2024\/05\/MCUModule_4.1.0_240522.zip\" class=\"wp-block-file__button wp-element-button\" download aria-describedby=\"wp-block-file--media-023ed793-7af1-4458-bc1e-7fd07d581f5a\">Ladda ner<\/a><\/div>\n\n\n\n<h3 class=\"wp-block-heading\">Bak\u00e5tkompatibel firmware f\u00f6r \u00e4ldre h\u00e5rdvara<\/h3>\n\n\n\n<p>F\u00f6ljande firmware filer kan anv\u00e4ndas f\u00f6r att uppdatera \u00e4ldre modeller som anv\u00e4nder tredjeparts utvecklingskort fr\u00e5n M5 eller Olimex.<\/p>\n\n\n\n<p>Anv\u00e4nd filen nedan om du har en l\u00e4sare utan extern antenn med rj12 port.<\/p>\n\n\n\n<div class=\"wp-block-file\"><a id=\"wp-block-file--media-e3342f70-7f29-4584-aae8-e7444b52245a\" href=\"https:\/\/energyintelligence.se\/shop\/wp-content\/uploads\/2024\/05\/Atom_rj12_4.1.0_240523.zip\">Atom_rj12_4.1.0_240523<\/a><a href=\"https:\/\/energyintelligence.se\/shop\/wp-content\/uploads\/2024\/05\/Atom_rj12_4.1.0_240523.zip\" class=\"wp-block-file__button wp-element-button\" download aria-describedby=\"wp-block-file--media-e3342f70-7f29-4584-aae8-e7444b52245a\">Ladda ner<\/a><\/div>\n\n\n\n<p>Anv\u00e4nd filen nedan om du har en l\u00e4sare med ethernet med str\u00f6mf\u00f6rs\u00f6rjningsf\u00f6rm\u00e5ga (POE) och rj12 port.<\/p>\n\n\n\n<div class=\"wp-block-file\"><a id=\"wp-block-file--media-9e596855-e895-484e-934b-799d6ccc090a\" href=\"https:\/\/energyintelligence.se\/shop\/wp-content\/uploads\/2024\/05\/POE_rj12_4.1.0_240523.zip\">POE_rj12_4.1.0_240523<\/a><a href=\"https:\/\/energyintelligence.se\/shop\/wp-content\/uploads\/2024\/05\/POE_rj12_4.1.0_240523.zip\" class=\"wp-block-file__button wp-element-button\" download aria-describedby=\"wp-block-file--media-9e596855-e895-484e-934b-799d6ccc090a\">Ladda ner<\/a><\/div>\n\n\n\n<p>Anv\u00e4nd filen nedan om du har en l\u00e4sare med ethernet med str\u00f6mf\u00f6rs\u00f6rjningsf\u00f6rm\u00e5ga (POE) och rj45 port.<\/p>\n\n\n\n<div class=\"wp-block-file\"><a id=\"wp-block-file--media-59b0d338-a8af-45b0-8a58-c6d6d0af1bb1\" href=\"https:\/\/energyintelligence.se\/shop\/wp-content\/uploads\/2024\/05\/POE_rj45_4.1.0_240523.zip\">POE_rj45_4.1.0_240523<\/a><a href=\"https:\/\/energyintelligence.se\/shop\/wp-content\/uploads\/2024\/05\/POE_rj45_4.1.0_240523.zip\" class=\"wp-block-file__button wp-element-button\" download aria-describedby=\"wp-block-file--media-59b0d338-a8af-45b0-8a58-c6d6d0af1bb1\">Ladda ner<\/a><\/div>\n\n\n\n<p>Anv\u00e4nd filen nedan om du har en l\u00e4sare med extern antenn, utan ethernet och med rj12 port<\/p>\n\n\n\n<div class=\"wp-block-file\"><a id=\"wp-block-file--media-216987b7-ca58-445d-9db8-12ef5b6e3999\" href=\"https:\/\/energyintelligence.se\/shop\/wp-content\/uploads\/2024\/05\/DevKit_rj12_4.1.0_240523.zip\">DevKit_rj12_4.1.0_240523<\/a><a href=\"https:\/\/energyintelligence.se\/shop\/wp-content\/uploads\/2024\/05\/DevKit_rj12_4.1.0_240523.zip\" class=\"wp-block-file__button wp-element-button\" download aria-describedby=\"wp-block-file--media-216987b7-ca58-445d-9db8-12ef5b6e3999\">Ladda ner<\/a><\/div>\n\n\n\n<p>Anv\u00e4nd filen nedan om du har en l\u00e4sare utan extern antenn med rj45 port.<\/p>\n\n\n\n<div class=\"wp-block-file\"><a id=\"wp-block-file--media-af54220b-e548-4564-88ed-395507362c87\" href=\"https:\/\/energyintelligence.se\/shop\/wp-content\/uploads\/2024\/05\/Atom_rj45_4.1.0_240523.zip\">Atom_rj45_4.1.0_240523<\/a><a href=\"https:\/\/energyintelligence.se\/shop\/wp-content\/uploads\/2024\/05\/Atom_rj45_4.1.0_240523.zip\" class=\"wp-block-file__button wp-element-button\" download aria-describedby=\"wp-block-file--media-af54220b-e548-4564-88ed-395507362c87\">Ladda ner<\/a><\/div>\n\n\n\n<p>Anv\u00e4nd filen nedan om du har en l\u00e4sare med rs485 (modbus) kontakt.<\/p>\n\n\n\n<div class=\"wp-block-file\"><a id=\"wp-block-file--media-6fcc4fe9-bac1-4787-a588-73e04f0cf30b\" href=\"https:\/\/energyintelligence.se\/shop\/wp-content\/uploads\/2024\/05\/Atom_rs485_4.1.0_240520.zip\">Atom_rs485_4.1.0_240520<\/a><a href=\"https:\/\/energyintelligence.se\/shop\/wp-content\/uploads\/2024\/05\/Atom_rs485_4.1.0_240520.zip\" class=\"wp-block-file__button wp-element-button\" download aria-describedby=\"wp-block-file--media-6fcc4fe9-bac1-4787-a588-73e04f0cf30b\">Ladda ner<\/a><\/div>\n\n\n\n<h2 class=\"wp-block-heading\">F\u00f6r\u00e4ndringar i denna version<\/h2>\n\n\n\n<ul>\n<li><strong>NYTT: Inst\u00e4llningar f\u00f6r behandling av data<br><\/strong>Med hj\u00e4lp av en metadata fil kan v\u00e4rden skalas eller hindras fr\u00e5n att publiceras. Detta ers\u00e4tter whitelist filen i tidigare versioner.<\/li>\n\n\n\n<li><strong>FIXAT: Felaktig skalning f\u00f6r Kaifa m\u00e4tare<\/strong><br>Skalning av v\u00e4rde fr\u00e5n Kaifa m\u00e4tare har korrigerats.<\/li>\n\n\n\n<li><strong>BORTTAGET: Whitelist system<\/strong><br>Whitelist filen kommer inte l\u00e4ngre att anv\u00e4ndas. Dess funktionalitet har ist\u00e4llet f\u00f6rflyttats till metadata systemet.<\/li>\n<\/ul>\n","protected":false},"excerpt":{"rendered":"<p>Bak\u00e5tkompatibel firmware f\u00f6r \u00e4ldre h\u00e5rdvara F\u00f6ljande firmware filer kan anv\u00e4ndas f\u00f6r att uppdatera \u00e4ldre modeller som anv\u00e4nder tredjeparts utvecklingskort fr\u00e5n M5 eller Olimex. Anv\u00e4nd filen nedan om du har en l\u00e4sare utan extern antenn med rj12 port. Anv\u00e4nd filen nedan om du har en l\u00e4sare med ethernet med str\u00f6mf\u00f6rs\u00f6rjningsf\u00f6rm\u00e5ga (POE) och rj12 port. Anv\u00e4nd filen [&hellip;]<\/p>\n","protected":false},"author":2,"featured_media":0,"parent":357,"menu_order":0,"comment_status":"closed","ping_status":"closed","template":"","meta":{"footnotes":""},"yoast_head":"<!-- This site is optimized with the Yoast SEO plugin v21.7 - https:\/\/yoast.com\/wordpress\/plugins\/seo\/ -->\n<title>Version 4.1 - Energy Intelligence<\/title>\n<meta name=\"robots\" content=\"index, follow, max-snippet:-1, max-image-preview:large, max-video-preview:-1\" \/>\n<link rel=\"canonical\" href=\"https:\/\/energyintelligence.se\/shop\/firmware\/version-4-1\/\" \/>\n<meta property=\"og:locale\" content=\"sv_SE\" \/>\n<meta property=\"og:type\" content=\"article\" \/>\n<meta property=\"og:title\" content=\"Version 4.1 - Energy Intelligence\" \/>\n<meta property=\"og:description\" content=\"Bak\u00e5tkompatibel firmware f\u00f6r \u00e4ldre h\u00e5rdvara F\u00f6ljande firmware filer kan anv\u00e4ndas f\u00f6r att uppdatera \u00e4ldre modeller som anv\u00e4nder tredjeparts utvecklingskort fr\u00e5n M5 eller Olimex. Anv\u00e4nd filen nedan om du har en l\u00e4sare utan extern antenn med rj12 port. Anv\u00e4nd filen nedan om du har en l\u00e4sare med ethernet med str\u00f6mf\u00f6rs\u00f6rjningsf\u00f6rm\u00e5ga (POE) och rj12 port. Anv\u00e4nd filen [&hellip;]\" \/>\n<meta property=\"og:url\" content=\"https:\/\/energyintelligence.se\/shop\/firmware\/version-4-1\/\" \/>\n<meta property=\"og:site_name\" content=\"Energy Intelligence\" \/>\n<meta property=\"article:modified_time\" content=\"2024-07-15T13:31:16+00:00\" \/>\n<meta name=\"twitter:card\" content=\"summary_large_image\" \/>\n<meta name=\"twitter:label1\" content=\"Ber\u00e4knad l\u00e4stid\" \/>\n\t<meta name=\"twitter:data1\" content=\"1 minut\" \/>\n<script type=\"application\/ld+json\" class=\"yoast-schema-graph\">{\"@context\":\"https:\/\/schema.org\",\"@graph\":[{\"@type\":\"WebPage\",\"@id\":\"https:\/\/energyintelligence.se\/shop\/firmware\/version-4-1\/\",\"url\":\"https:\/\/energyintelligence.se\/shop\/firmware\/version-4-1\/\",\"name\":\"Version 4.1 - Energy Intelligence\",\"isPartOf\":{\"@id\":\"https:\/\/energyintelligence.se\/shop\/#website\"},\"datePublished\":\"2024-05-23T08:56:50+00:00\",\"dateModified\":\"2024-07-15T13:31:16+00:00\",\"breadcrumb\":{\"@id\":\"https:\/\/energyintelligence.se\/shop\/firmware\/version-4-1\/#breadcrumb\"},\"inLanguage\":\"sv-SE\",\"potentialAction\":[{\"@type\":\"ReadAction\",\"target\":[\"https:\/\/energyintelligence.se\/shop\/firmware\/version-4-1\/\"]}]},{\"@type\":\"BreadcrumbList\",\"@id\":\"https:\/\/energyintelligence.se\/shop\/firmware\/version-4-1\/#breadcrumb\",\"itemListElement\":[{\"@type\":\"ListItem\",\"position\":1,\"name\":\"Hem\",\"item\":\"https:\/\/energyintelligence.se\/shop\/\"},{\"@type\":\"ListItem\",\"position\":2,\"name\":\"Firmware\",\"item\":\"https:\/\/energyintelligence.se\/shop\/firmware\/\"},{\"@type\":\"ListItem\",\"position\":3,\"name\":\"Version 4.1\"}]},{\"@type\":\"WebSite\",\"@id\":\"https:\/\/energyintelligence.se\/shop\/#website\",\"url\":\"https:\/\/energyintelligence.se\/shop\/\",\"name\":\"Energy Intelligence\",\"description\":\"Ta kontroll \u00f6ver din elf\u00f6rbrukning\",\"publisher\":{\"@id\":\"https:\/\/energyintelligence.se\/shop\/#organization\"},\"potentialAction\":[{\"@type\":\"SearchAction\",\"target\":{\"@type\":\"EntryPoint\",\"urlTemplate\":\"https:\/\/energyintelligence.se\/shop\/?s={search_term_string}\"},\"query-input\":\"required name=search_term_string\"}],\"inLanguage\":\"sv-SE\"},{\"@type\":\"Organization\",\"@id\":\"https:\/\/energyintelligence.se\/shop\/#organization\",\"name\":\"Notima Energy Intelligence AB\",\"url\":\"https:\/\/energyintelligence.se\/shop\/\",\"logo\":{\"@type\":\"ImageObject\",\"inLanguage\":\"sv-SE\",\"@id\":\"https:\/\/energyintelligence.se\/shop\/#\/schema\/logo\/image\/\",\"url\":\"https:\/\/energyintelligence.se\/shop\/wp-content\/uploads\/2023\/11\/cropped-EI-300x66-1.png\",\"contentUrl\":\"https:\/\/energyintelligence.se\/shop\/wp-content\/uploads\/2023\/11\/cropped-EI-300x66-1.png\",\"width\":300,\"height\":66,\"caption\":\"Notima Energy Intelligence AB\"},\"image\":{\"@id\":\"https:\/\/energyintelligence.se\/shop\/#\/schema\/logo\/image\/\"}}]}<\/script>\n<!-- \/ Yoast SEO plugin. -->","yoast_head_json":{"title":"Version 4.1 - Energy Intelligence","robots":{"index":"index","follow":"follow","max-snippet":"max-snippet:-1","max-image-preview":"max-image-preview:large","max-video-preview":"max-video-preview:-1"},"canonical":"https:\/\/energyintelligence.se\/shop\/firmware\/version-4-1\/","og_locale":"sv_SE","og_type":"article","og_title":"Version 4.1 - Energy Intelligence","og_description":"Bak\u00e5tkompatibel firmware f\u00f6r \u00e4ldre h\u00e5rdvara F\u00f6ljande firmware filer kan anv\u00e4ndas f\u00f6r att uppdatera \u00e4ldre modeller som anv\u00e4nder tredjeparts utvecklingskort fr\u00e5n M5 eller Olimex. Anv\u00e4nd filen nedan om du har en l\u00e4sare utan extern antenn med rj12 port. Anv\u00e4nd filen nedan om du har en l\u00e4sare med ethernet med str\u00f6mf\u00f6rs\u00f6rjningsf\u00f6rm\u00e5ga (POE) och rj12 port. Anv\u00e4nd filen [&hellip;]","og_url":"https:\/\/energyintelligence.se\/shop\/firmware\/version-4-1\/","og_site_name":"Energy Intelligence","article_modified_time":"2024-07-15T13:31:16+00:00","twitter_card":"summary_large_image","twitter_misc":{"Ber\u00e4knad l\u00e4stid":"1 minut"},"schema":{"@context":"https:\/\/schema.org","@graph":[{"@type":"WebPage","@id":"https:\/\/energyintelligence.se\/shop\/firmware\/version-4-1\/","url":"https:\/\/energyintelligence.se\/shop\/firmware\/version-4-1\/","name":"Version 4.1 - Energy Intelligence","isPartOf":{"@id":"https:\/\/energyintelligence.se\/shop\/#website"},"datePublished":"2024-05-23T08:56:50+00:00","dateModified":"2024-07-15T13:31:16+00:00","breadcrumb":{"@id":"https:\/\/energyintelligence.se\/shop\/firmware\/version-4-1\/#breadcrumb"},"inLanguage":"sv-SE","potentialAction":[{"@type":"ReadAction","target":["https:\/\/energyintelligence.se\/shop\/firmware\/version-4-1\/"]}]},{"@type":"BreadcrumbList","@id":"https:\/\/energyintelligence.se\/shop\/firmware\/version-4-1\/#breadcrumb","itemListElement":[{"@type":"ListItem","position":1,"name":"Hem","item":"https:\/\/energyintelligence.se\/shop\/"},{"@type":"ListItem","position":2,"name":"Firmware","item":"https:\/\/energyintelligence.se\/shop\/firmware\/"},{"@type":"ListItem","position":3,"name":"Version 4.1"}]},{"@type":"WebSite","@id":"https:\/\/energyintelligence.se\/shop\/#website","url":"https:\/\/energyintelligence.se\/shop\/","name":"Energy Intelligence","description":"Ta kontroll \u00f6ver din elf\u00f6rbrukning","publisher":{"@id":"https:\/\/energyintelligence.se\/shop\/#organization"},"potentialAction":[{"@type":"SearchAction","target":{"@type":"EntryPoint","urlTemplate":"https:\/\/energyintelligence.se\/shop\/?s={search_term_string}"},"query-input":"required name=search_term_string"}],"inLanguage":"sv-SE"},{"@type":"Organization","@id":"https:\/\/energyintelligence.se\/shop\/#organization","name":"Notima Energy Intelligence AB","url":"https:\/\/energyintelligence.se\/shop\/","logo":{"@type":"ImageObject","inLanguage":"sv-SE","@id":"https:\/\/energyintelligence.se\/shop\/#\/schema\/logo\/image\/","url":"https:\/\/energyintelligence.se\/shop\/wp-content\/uploads\/2023\/11\/cropped-EI-300x66-1.png","contentUrl":"https:\/\/energyintelligence.se\/shop\/wp-content\/uploads\/2023\/11\/cropped-EI-300x66-1.png","width":300,"height":66,"caption":"Notima Energy Intelligence AB"},"image":{"@id":"https:\/\/energyintelligence.se\/shop\/#\/schema\/logo\/image\/"}}]}},"_links":{"self":[{"href":"https:\/\/energyintelligence.se\/shop\/wp-json\/wp\/v2\/pages\/2546"}],"collection":[{"href":"https:\/\/energyintelligence.se\/shop\/wp-json\/wp\/v2\/pages"}],"about":[{"href":"https:\/\/energyintelligence.se\/shop\/wp-json\/wp\/v2\/types\/page"}],"author":[{"embeddable":true,"href":"https:\/\/energyintelligence.se\/shop\/wp-json\/wp\/v2\/users\/2"}],"replies":[{"embeddable":true,"href":"https:\/\/energyintelligence.se\/shop\/wp-json\/wp\/v2\/comments?post=2546"}],"version-history":[{"count":4,"href":"https:\/\/energyintelligence.se\/shop\/wp-json\/wp\/v2\/pages\/2546\/revisions"}],"predecessor-version":[{"id":2633,"href":"https:\/\/energyintelligence.se\/shop\/wp-json\/wp\/v2\/pages\/2546\/revisions\/2633"}],"up":[{"embeddable":true,"href":"https:\/\/energyintelligence.se\/shop\/wp-json\/wp\/v2\/pages\/357"}],"wp:attachment":[{"href":"https:\/\/energyintelligence.se\/shop\/wp-json\/wp\/v2\/media?parent=2546"}],"curies":[{"name":"wp","href":"https:\/\/api.w.org\/{rel}","templated":true}]}}