{"id":2622,"date":"2024-07-15T15:31:27","date_gmt":"2024-07-15T13:31:27","guid":{"rendered":"https:\/\/energyintelligence.se\/shop\/?page_id=2622"},"modified":"2025-10-06T14:40:42","modified_gmt":"2025-10-06T12:40:42","slug":"version-4-2","status":"publish","type":"page","link":"https:\/\/energyintelligence.se\/shop\/firmware\/version-4-2\/","title":{"rendered":"Version 4.2"},"content":{"rendered":"\n<div class=\"wp-block-file\"><a id=\"wp-block-file--media-5e2bfcbe-8b0a-4cd3-a88b-ce080ce3f85e\" href=\"https:\/\/energyintelligence.se\/shop\/wp-content\/uploads\/2025\/10\/MCUModule_rj12_4.2.5_251006.zip\">MCUModule_rj12_4.2.5_251006<\/a><a href=\"https:\/\/energyintelligence.se\/shop\/wp-content\/uploads\/2025\/10\/MCUModule_rj12_4.2.5_251006.zip\" class=\"wp-block-file__button wp-element-button\" download aria-describedby=\"wp-block-file--media-5e2bfcbe-8b0a-4cd3-a88b-ce080ce3f85e\">Ladda ner<\/a><\/div>\n\n\n\n<h3 class=\"wp-block-heading\">Bak\u00e5tkompatibel firmware f\u00f6r \u00e4ldre h\u00e5rdvara<\/h3>\n\n\n\n<p>F\u00f6ljande firmware filer kan anv\u00e4ndas f\u00f6r att uppdatera \u00e4ldre modeller som anv\u00e4nder tredjeparts utvecklingskort fr\u00e5n M5 eller Olimex.<\/p>\n\n\n\n<p>Anv\u00e4nd filen nedan om du har en l\u00e4sare utan extern antenn med rj12 port.<\/p>\n\n\n\n<div class=\"wp-block-file\"><a id=\"wp-block-file--media-cac17a85-7963-404f-95e3-c98f200caff3\" href=\"https:\/\/energyintelligence.se\/shop\/wp-content\/uploads\/2024\/07\/Atom_rj12_4.2.0_240704.zip\">Atom_rj12_4.2.0_240704<\/a><a href=\"https:\/\/energyintelligence.se\/shop\/wp-content\/uploads\/2024\/07\/Atom_rj12_4.2.0_240704.zip\" class=\"wp-block-file__button wp-element-button\" download aria-describedby=\"wp-block-file--media-cac17a85-7963-404f-95e3-c98f200caff3\">Ladda ner<\/a><\/div>\n\n\n\n<p>Anv\u00e4nd filen nedan om du har en l\u00e4sare med ethernet med str\u00f6mf\u00f6rs\u00f6rjningsf\u00f6rm\u00e5ga (POE) och rj12 port.<\/p>\n\n\n\n<div class=\"wp-block-file\"><a id=\"wp-block-file--media-eced3acc-616b-41c4-872a-598287eba309\" href=\"https:\/\/energyintelligence.se\/shop\/wp-content\/uploads\/2024\/07\/POE_rj12_4.2.0_240709.zip\">POE_rj12_4.2.0_240709<\/a><a href=\"https:\/\/energyintelligence.se\/shop\/wp-content\/uploads\/2024\/07\/POE_rj12_4.2.0_240709.zip\" class=\"wp-block-file__button wp-element-button\" download aria-describedby=\"wp-block-file--media-eced3acc-616b-41c4-872a-598287eba309\">Ladda ner<\/a><\/div>\n\n\n\n<p>Anv\u00e4nd filen nedan om du har en l\u00e4sare med ethernet med str\u00f6mf\u00f6rs\u00f6rjningsf\u00f6rm\u00e5ga (POE) och rj45 port.<\/p>\n\n\n\n<div class=\"wp-block-file\"><a id=\"wp-block-file--media-ec0cbd56-d690-4248-9632-aab06c0e9136\" href=\"https:\/\/energyintelligence.se\/shop\/wp-content\/uploads\/2025\/01\/POE_rj45_4.2.3_250131.zip\">POE_rj45_4.2.3_250131<\/a><a href=\"https:\/\/energyintelligence.se\/shop\/wp-content\/uploads\/2025\/01\/POE_rj45_4.2.3_250131.zip\" class=\"wp-block-file__button wp-element-button\" download aria-describedby=\"wp-block-file--media-ec0cbd56-d690-4248-9632-aab06c0e9136\">Ladda ner<\/a><\/div>\n\n\n\n<p>Anv\u00e4nd filen nedan om du har en l\u00e4sare med extern antenn, utan ethernet och med rj12 port<\/p>\n\n\n\n<div class=\"wp-block-file\"><a id=\"wp-block-file--media-d1f2ba49-419f-4e5f-adb4-f41538adbfe3\" href=\"https:\/\/energyintelligence.se\/shop\/wp-content\/uploads\/2024\/07\/DevKit_rj12_4.2.0_240715.zip\">DevKit_rj12_4.2.0_240715<\/a><a href=\"https:\/\/energyintelligence.se\/shop\/wp-content\/uploads\/2024\/07\/DevKit_rj12_4.2.0_240715.zip\" class=\"wp-block-file__button wp-element-button\" download aria-describedby=\"wp-block-file--media-d1f2ba49-419f-4e5f-adb4-f41538adbfe3\">Ladda ner<\/a><\/div>\n\n\n\n<p>Anv\u00e4nd filen nedan om du har en l\u00e4sare utan extern antenn med rj45 port.<\/p>\n\n\n\n<div class=\"wp-block-file\"><a id=\"wp-block-file--media-bd58389c-5e4d-46bd-9c41-2eee23c0d022\" href=\"https:\/\/energyintelligence.se\/shop\/wp-content\/uploads\/2025\/01\/Atom_rj45_4.2.3_250131.zip\">Atom_rj45_4.2.3_250131<\/a><a href=\"https:\/\/energyintelligence.se\/shop\/wp-content\/uploads\/2025\/01\/Atom_rj45_4.2.3_250131.zip\" class=\"wp-block-file__button wp-element-button\" download aria-describedby=\"wp-block-file--media-bd58389c-5e4d-46bd-9c41-2eee23c0d022\">Ladda ner<\/a><\/div>\n\n\n\n<p>Anv\u00e4nd filen nedan om du har en l\u00e4sare med rs485 (modbus) kontakt.<\/p>\n\n\n\n<div class=\"wp-block-file\"><a id=\"wp-block-file--media-b4270a62-4cc3-415d-bd79-e538bd02818e\" href=\"https:\/\/energyintelligence.se\/shop\/wp-content\/uploads\/2024\/07\/Atom_rs485_4.2.0_240715.zip\">Atom_rs485_4.2.0_240715<\/a><a href=\"https:\/\/energyintelligence.se\/shop\/wp-content\/uploads\/2024\/07\/Atom_rs485_4.2.0_240715.zip\" class=\"wp-block-file__button wp-element-button\" download aria-describedby=\"wp-block-file--media-b4270a62-4cc3-415d-bd79-e538bd02818e\">Ladda ner<\/a><\/div>\n\n\n\n<h2 class=\"wp-block-heading\">F\u00f6r\u00e4ndringar i denna version<\/h2>\n\n\n\n<h4 class=\"wp-block-heading\">4.2.5<\/h4>\n\n\n\n<ul>\n<li><strong>NYTT: Utr\u00e4kning av sp\u00e4nning<\/strong><br>Sp\u00e4nning p\u00e5 fas 2 fr\u00e5n KAIFA m\u00e4tare kommer r\u00e4knas ut om den inte tillhandah\u00e5lls av m\u00e4taren.<\/li>\n<\/ul>\n\n\n\n<h4 class=\"wp-block-heading\">4.2.4<\/h4>\n\n\n\n<ul>\n<li><strong>FIXAT: Boot loop<\/strong><br>Enheten kommer inte l\u00e4ngre hamna i en boot loop om ethernet gr\u00e4nssnittet inte kan startas korrekt.<\/li>\n<\/ul>\n\n\n\n<h4 class=\"wp-block-heading\">4.2.3<\/h4>\n\n\n\n<ul>\n<li><strong>FIXAT: Minnesl\u00e4ckor<\/strong><br>Minnesl\u00e4ckor kopplade till tolkning av HAN data (fr\u00e5n elm\u00e4tare med RJ45 port) har \u00e5tg\u00e4rdats.<\/li>\n<\/ul>\n\n\n\n<h4 class=\"wp-block-heading\">4.2.2<\/h4>\n\n\n\n<ul>\n<li><strong>NYTT: Ethernet n\u00e4tverksvakt<\/strong><br>Ethernet gr\u00e4nssnittet startas om automatiskt vid anslutningsfel<\/li>\n\n\n\n<li><strong>FIXAT: O\u00f6nskade fabriks\u00e5terst\u00e4llningar<\/strong><br>Detta problem kunde drabba Olimex kort<\/li>\n<\/ul>\n\n\n\n<h4 class=\"wp-block-heading\">4.2.1<\/h4>\n\n\n\n<ul>\n<li><strong>NYTT: Bredare h\u00e5rdvarust\u00f6d<\/strong><br>Enheter k\u00f6pta efter Oktober 2024 kan beh\u00f6va denna version f\u00f6r att fungera korrekt.<\/li>\n\n\n\n<li><strong>FIXAT: Nollst\u00e4llda v\u00e4rden fr\u00e5n Kaifa m\u00e4tare<\/strong><br>Tolkning av data fr\u00e5n vissa Kaifa m\u00e4tare har korrigerats s\u00e5 att vissa v\u00e4rden inte l\u00e4ngre ska vara konstant nollst\u00e4llda.<\/li>\n<\/ul>\n\n\n\n<h4 class=\"wp-block-heading\">4.2.0<\/h4>\n\n\n\n<ul>\n<li><strong>NYTT: L\u00f6senordsskydd f\u00f6r webbinterface<\/strong><br>Enheten kan konfigureras s\u00e5 att den kr\u00e4ver anv\u00e4ndarnamn och l\u00f6senord i HTTP Digest format f\u00f6r att anropa enhetens webbserver och komma \u00e5t webbgr\u00e4nssnittet.<\/li>\n\n\n\n<li><strong>NYTT: Rutin f\u00f6r rensning av filsystem<\/strong><br>Enhetens filsystem rensas efter en firmware uppdatering s\u00e5 att inaktuella filer inte tar plats p\u00e5 filsystemet i on\u00f6dan.<\/li>\n\n\n\n<li><strong>NYTT: UDP loggning<\/strong><br>Systemloggarna kan skickas till en UDP logserver. Detta konfigureras i webbgr\u00e4nssnittet.<\/li>\n\n\n\n<li><strong>NYTT: Modbus skanning<\/strong><br>Genom att anropa <code>\/modbus-scan<\/code>  via http kan en skanning efter anslutna modbus rtu enheter startas. Enheten kommer att svara p\u00e5 anropet efter lite mer \u00e4n en minut med en lista p\u00e5 alla adresser som svarade p\u00e5 modbus anrop.<\/li>\n\n\n\n<li><strong>FIXAT: Visning av n\u00e4tverkslog<\/strong><br>N\u00e4tverksloggen i webbgr\u00e4nssnittet fungerar utan o\u00e4ndlig laddning.<\/li>\n\n\n\n<li><strong>FIXAT: Modbus relaterade buggar<\/strong><br>Inst\u00e4llning av byteordning fungerar nu som f\u00f6rv\u00e4ntat.<br>F\u00f6rb\u00e4ttrad bryggfunktion mellan modbus tcp och modbus rtu.<\/li>\n<\/ul>\n\n\n\n<p><\/p>\n","protected":false},"excerpt":{"rendered":"<p>Bak\u00e5tkompatibel firmware f\u00f6r \u00e4ldre h\u00e5rdvara F\u00f6ljande firmware filer kan anv\u00e4ndas f\u00f6r att uppdatera \u00e4ldre modeller som anv\u00e4nder tredjeparts utvecklingskort fr\u00e5n M5 eller Olimex. Anv\u00e4nd filen nedan om du har en l\u00e4sare utan extern antenn med rj12 port. Anv\u00e4nd filen nedan om du har en l\u00e4sare med ethernet med str\u00f6mf\u00f6rs\u00f6rjningsf\u00f6rm\u00e5ga (POE) och rj12 port. Anv\u00e4nd filen [&hellip;]<\/p>\n","protected":false},"author":2,"featured_media":0,"parent":357,"menu_order":0,"comment_status":"closed","ping_status":"closed","template":"","meta":{"footnotes":""},"yoast_head":"<!-- This site is optimized with the Yoast SEO plugin v21.7 - https:\/\/yoast.com\/wordpress\/plugins\/seo\/ -->\n<title>Version 4.2 - Energy Intelligence<\/title>\n<meta name=\"robots\" content=\"index, follow, max-snippet:-1, max-image-preview:large, max-video-preview:-1\" \/>\n<link rel=\"canonical\" href=\"https:\/\/energyintelligence.se\/shop\/firmware\/version-4-2\/\" \/>\n<meta property=\"og:locale\" content=\"sv_SE\" \/>\n<meta property=\"og:type\" content=\"article\" \/>\n<meta property=\"og:title\" content=\"Version 4.2 - Energy Intelligence\" \/>\n<meta property=\"og:description\" content=\"Bak\u00e5tkompatibel firmware f\u00f6r \u00e4ldre h\u00e5rdvara F\u00f6ljande firmware filer kan anv\u00e4ndas f\u00f6r att uppdatera \u00e4ldre modeller som anv\u00e4nder tredjeparts utvecklingskort fr\u00e5n M5 eller Olimex. Anv\u00e4nd filen nedan om du har en l\u00e4sare utan extern antenn med rj12 port. Anv\u00e4nd filen nedan om du har en l\u00e4sare med ethernet med str\u00f6mf\u00f6rs\u00f6rjningsf\u00f6rm\u00e5ga (POE) och rj12 port. Anv\u00e4nd filen [&hellip;]\" \/>\n<meta property=\"og:url\" content=\"https:\/\/energyintelligence.se\/shop\/firmware\/version-4-2\/\" \/>\n<meta property=\"og:site_name\" content=\"Energy Intelligence\" \/>\n<meta property=\"article:modified_time\" content=\"2025-10-06T12:40:42+00:00\" \/>\n<meta name=\"twitter:card\" content=\"summary_large_image\" \/>\n<meta name=\"twitter:label1\" content=\"Ber\u00e4knad l\u00e4stid\" \/>\n\t<meta name=\"twitter:data1\" content=\"2 minuter\" \/>\n<script type=\"application\/ld+json\" class=\"yoast-schema-graph\">{\"@context\":\"https:\/\/schema.org\",\"@graph\":[{\"@type\":\"WebPage\",\"@id\":\"https:\/\/energyintelligence.se\/shop\/firmware\/version-4-2\/\",\"url\":\"https:\/\/energyintelligence.se\/shop\/firmware\/version-4-2\/\",\"name\":\"Version 4.2 - Energy Intelligence\",\"isPartOf\":{\"@id\":\"https:\/\/energyintelligence.se\/shop\/#website\"},\"datePublished\":\"2024-07-15T13:31:27+00:00\",\"dateModified\":\"2025-10-06T12:40:42+00:00\",\"breadcrumb\":{\"@id\":\"https:\/\/energyintelligence.se\/shop\/firmware\/version-4-2\/#breadcrumb\"},\"inLanguage\":\"sv-SE\",\"potentialAction\":[{\"@type\":\"ReadAction\",\"target\":[\"https:\/\/energyintelligence.se\/shop\/firmware\/version-4-2\/\"]}]},{\"@type\":\"BreadcrumbList\",\"@id\":\"https:\/\/energyintelligence.se\/shop\/firmware\/version-4-2\/#breadcrumb\",\"itemListElement\":[{\"@type\":\"ListItem\",\"position\":1,\"name\":\"Hem\",\"item\":\"https:\/\/energyintelligence.se\/shop\/\"},{\"@type\":\"ListItem\",\"position\":2,\"name\":\"Firmware\",\"item\":\"https:\/\/energyintelligence.se\/shop\/firmware\/\"},{\"@type\":\"ListItem\",\"position\":3,\"name\":\"Version 4.2\"}]},{\"@type\":\"WebSite\",\"@id\":\"https:\/\/energyintelligence.se\/shop\/#website\",\"url\":\"https:\/\/energyintelligence.se\/shop\/\",\"name\":\"Energy Intelligence\",\"description\":\"Ta kontroll \u00f6ver din elf\u00f6rbrukning\",\"publisher\":{\"@id\":\"https:\/\/energyintelligence.se\/shop\/#organization\"},\"potentialAction\":[{\"@type\":\"SearchAction\",\"target\":{\"@type\":\"EntryPoint\",\"urlTemplate\":\"https:\/\/energyintelligence.se\/shop\/?s={search_term_string}\"},\"query-input\":\"required name=search_term_string\"}],\"inLanguage\":\"sv-SE\"},{\"@type\":\"Organization\",\"@id\":\"https:\/\/energyintelligence.se\/shop\/#organization\",\"name\":\"Notima Energy Intelligence AB\",\"url\":\"https:\/\/energyintelligence.se\/shop\/\",\"logo\":{\"@type\":\"ImageObject\",\"inLanguage\":\"sv-SE\",\"@id\":\"https:\/\/energyintelligence.se\/shop\/#\/schema\/logo\/image\/\",\"url\":\"https:\/\/energyintelligence.se\/shop\/wp-content\/uploads\/2023\/11\/cropped-EI-300x66-1.png\",\"contentUrl\":\"https:\/\/energyintelligence.se\/shop\/wp-content\/uploads\/2023\/11\/cropped-EI-300x66-1.png\",\"width\":300,\"height\":66,\"caption\":\"Notima Energy Intelligence AB\"},\"image\":{\"@id\":\"https:\/\/energyintelligence.se\/shop\/#\/schema\/logo\/image\/\"}}]}<\/script>\n<!-- \/ Yoast SEO plugin. -->","yoast_head_json":{"title":"Version 4.2 - Energy Intelligence","robots":{"index":"index","follow":"follow","max-snippet":"max-snippet:-1","max-image-preview":"max-image-preview:large","max-video-preview":"max-video-preview:-1"},"canonical":"https:\/\/energyintelligence.se\/shop\/firmware\/version-4-2\/","og_locale":"sv_SE","og_type":"article","og_title":"Version 4.2 - Energy Intelligence","og_description":"Bak\u00e5tkompatibel firmware f\u00f6r \u00e4ldre h\u00e5rdvara F\u00f6ljande firmware filer kan anv\u00e4ndas f\u00f6r att uppdatera \u00e4ldre modeller som anv\u00e4nder tredjeparts utvecklingskort fr\u00e5n M5 eller Olimex. Anv\u00e4nd filen nedan om du har en l\u00e4sare utan extern antenn med rj12 port. Anv\u00e4nd filen nedan om du har en l\u00e4sare med ethernet med str\u00f6mf\u00f6rs\u00f6rjningsf\u00f6rm\u00e5ga (POE) och rj12 port. Anv\u00e4nd filen [&hellip;]","og_url":"https:\/\/energyintelligence.se\/shop\/firmware\/version-4-2\/","og_site_name":"Energy Intelligence","article_modified_time":"2025-10-06T12:40:42+00:00","twitter_card":"summary_large_image","twitter_misc":{"Ber\u00e4knad l\u00e4stid":"2 minuter"},"schema":{"@context":"https:\/\/schema.org","@graph":[{"@type":"WebPage","@id":"https:\/\/energyintelligence.se\/shop\/firmware\/version-4-2\/","url":"https:\/\/energyintelligence.se\/shop\/firmware\/version-4-2\/","name":"Version 4.2 - Energy Intelligence","isPartOf":{"@id":"https:\/\/energyintelligence.se\/shop\/#website"},"datePublished":"2024-07-15T13:31:27+00:00","dateModified":"2025-10-06T12:40:42+00:00","breadcrumb":{"@id":"https:\/\/energyintelligence.se\/shop\/firmware\/version-4-2\/#breadcrumb"},"inLanguage":"sv-SE","potentialAction":[{"@type":"ReadAction","target":["https:\/\/energyintelligence.se\/shop\/firmware\/version-4-2\/"]}]},{"@type":"BreadcrumbList","@id":"https:\/\/energyintelligence.se\/shop\/firmware\/version-4-2\/#breadcrumb","itemListElement":[{"@type":"ListItem","position":1,"name":"Hem","item":"https:\/\/energyintelligence.se\/shop\/"},{"@type":"ListItem","position":2,"name":"Firmware","item":"https:\/\/energyintelligence.se\/shop\/firmware\/"},{"@type":"ListItem","position":3,"name":"Version 4.2"}]},{"@type":"WebSite","@id":"https:\/\/energyintelligence.se\/shop\/#website","url":"https:\/\/energyintelligence.se\/shop\/","name":"Energy Intelligence","description":"Ta kontroll \u00f6ver din elf\u00f6rbrukning","publisher":{"@id":"https:\/\/energyintelligence.se\/shop\/#organization"},"potentialAction":[{"@type":"SearchAction","target":{"@type":"EntryPoint","urlTemplate":"https:\/\/energyintelligence.se\/shop\/?s={search_term_string}"},"query-input":"required name=search_term_string"}],"inLanguage":"sv-SE"},{"@type":"Organization","@id":"https:\/\/energyintelligence.se\/shop\/#organization","name":"Notima Energy Intelligence AB","url":"https:\/\/energyintelligence.se\/shop\/","logo":{"@type":"ImageObject","inLanguage":"sv-SE","@id":"https:\/\/energyintelligence.se\/shop\/#\/schema\/logo\/image\/","url":"https:\/\/energyintelligence.se\/shop\/wp-content\/uploads\/2023\/11\/cropped-EI-300x66-1.png","contentUrl":"https:\/\/energyintelligence.se\/shop\/wp-content\/uploads\/2023\/11\/cropped-EI-300x66-1.png","width":300,"height":66,"caption":"Notima Energy Intelligence AB"},"image":{"@id":"https:\/\/energyintelligence.se\/shop\/#\/schema\/logo\/image\/"}}]}},"_links":{"self":[{"href":"https:\/\/energyintelligence.se\/shop\/wp-json\/wp\/v2\/pages\/2622"}],"collection":[{"href":"https:\/\/energyintelligence.se\/shop\/wp-json\/wp\/v2\/pages"}],"about":[{"href":"https:\/\/energyintelligence.se\/shop\/wp-json\/wp\/v2\/types\/page"}],"author":[{"embeddable":true,"href":"https:\/\/energyintelligence.se\/shop\/wp-json\/wp\/v2\/users\/2"}],"replies":[{"embeddable":true,"href":"https:\/\/energyintelligence.se\/shop\/wp-json\/wp\/v2\/comments?post=2622"}],"version-history":[{"count":10,"href":"https:\/\/energyintelligence.se\/shop\/wp-json\/wp\/v2\/pages\/2622\/revisions"}],"predecessor-version":[{"id":3272,"href":"https:\/\/energyintelligence.se\/shop\/wp-json\/wp\/v2\/pages\/2622\/revisions\/3272"}],"up":[{"embeddable":true,"href":"https:\/\/energyintelligence.se\/shop\/wp-json\/wp\/v2\/pages\/357"}],"wp:attachment":[{"href":"https:\/\/energyintelligence.se\/shop\/wp-json\/wp\/v2\/media?parent=2622"}],"curies":[{"name":"wp","href":"https:\/\/api.w.org\/{rel}","templated":true}]}}