{"id":2893,"date":"2024-12-20T12:10:06","date_gmt":"2024-12-20T10:10:06","guid":{"rendered":"https:\/\/energyintelligence.se\/shop\/?page_id=2893"},"modified":"2024-12-20T12:15:46","modified_gmt":"2024-12-20T10:15:46","slug":"installningar-for-data","status":"publish","type":"page","link":"https:\/\/energyintelligence.se\/shop\/anvandarmanual\/utlasning-av-matarstallning\/installningar-for-data\/","title":{"rendered":"Inst\u00e4llningar f\u00f6r data"},"content":{"rendered":"\n<p>Elm\u00e4taravl\u00e4saren kommer att spara information om all data den tar emot fr\u00e5n en m\u00e4tare. D\u00e4refter kan olika inst\u00e4llningar g\u00f6ras f\u00f6r hur datan ska behandlas internt i enheten. Dessa inst\u00e4llningar kan \u00e4ndras via elm\u00e4taravl\u00e4sarens webbgr\u00e4nssnitt.<\/p>\n\n\n\n<p>F\u00f6r att \u00e4ndra inst\u00e4llningar g\u00e5r man till fliken <mark style=\"background-color:#7bdcb5\" class=\"has-inline-color\">Data output &gt; Data<\/mark> i webbgr\u00e4nssnittet och klickar p\u00e5 de tre prickarna i tabellen bredvid den datapunkt man vill \u00e4ndra.<\/p>\n\n\n\n<figure class=\"wp-block-image size-large\"><img loading=\"lazy\" decoding=\"async\" width=\"1024\" height=\"820\" src=\"https:\/\/energyintelligence.se\/shop\/wp-content\/uploads\/2024\/12\/Opera-Snapshot_2024-12-20_105002_192.168.128.46-1024x820.png\" alt=\"\" class=\"wp-image-2894\" srcset=\"https:\/\/energyintelligence.se\/shop\/wp-content\/uploads\/2024\/12\/Opera-Snapshot_2024-12-20_105002_192.168.128.46-1024x820.png 1024w, https:\/\/energyintelligence.se\/shop\/wp-content\/uploads\/2024\/12\/Opera-Snapshot_2024-12-20_105002_192.168.128.46-300x240.png 300w, https:\/\/energyintelligence.se\/shop\/wp-content\/uploads\/2024\/12\/Opera-Snapshot_2024-12-20_105002_192.168.128.46-768x615.png 768w, https:\/\/energyintelligence.se\/shop\/wp-content\/uploads\/2024\/12\/Opera-Snapshot_2024-12-20_105002_192.168.128.46-416x333.png 416w, https:\/\/energyintelligence.se\/shop\/wp-content\/uploads\/2024\/12\/Opera-Snapshot_2024-12-20_105002_192.168.128.46.png 1253w\" sizes=\"(max-width: 1024px) 100vw, 1024px\" \/><\/figure>\n\n\n\n<p>Det finns tv\u00e5 inst\u00e4llningar man kan \u00e4ndra f\u00f6r varje datapunkt.<\/p>\n\n\n\n<h4 class=\"wp-block-heading\">Publish<\/h4>\n\n\n\n<p>N\u00e4r denna ruta \u00e4r bockad kommer datapunkten att publiceras till mqtt- och websocketanslutningar. Vill man inte ha datapunkten publicerad s\u00e5 kan man klicka ur rutan och p\u00e5 s\u00e5 s\u00e4tt filtrera vilka datapunkter som blir tillg\u00e4ngliga.<\/p>\n\n\n\n<h4 class=\"wp-block-heading\">Scale factor<\/h4>\n\n\n\n<p>Med denna inst\u00e4llning kan man skala v\u00e4rdet f\u00f6r en datapunkt. Det kan vara anv\u00e4ndbart om man t.ex. har str\u00f6mtransformatorer f\u00f6r h\u00f6gsp\u00e4nningsm\u00e4tning. V\u00e4rdet som tas emot fr\u00e5n m\u00e4taren f\u00f6r denna datapunkt kommer att multipliceras med skalningsfaktorn. Standardv\u00e4rdet <kbd>1<\/kbd> ger allts\u00e5 ett of\u00f6r\u00e4ndrat v\u00e4rde. Vill man t.ex. omvandla fr\u00e5n MWh till kWh s\u00e5 kan man ange en skalningsfaktor p\u00e5 <kbd>1000<\/kbd>. Vill man omvandla fr\u00e5n Wh till kWh s\u00e5 anger man en skalningsfaktor p\u00e5 <kbd>0,001<\/kbd>. Observera att m\u00e4tenheten kommer att vara of\u00f6r\u00e4ndrad \u00e4ven om man \u00e4ndrar skalningsfaktorn.<\/p>\n\n\n\n<p>Efter att man har \u00e4ndrat inst\u00e4llningar f\u00f6r datapunkter beh\u00f6ver man klicka p\u00e5 &#8221;Save&#8221; och starta om elm\u00e4taravl\u00e4saren f\u00f6r att applicera de nya inst\u00e4llningarna.<\/p>\n","protected":false},"excerpt":{"rendered":"<p>Elm\u00e4taravl\u00e4saren kommer att spara information om all data den tar emot fr\u00e5n en m\u00e4tare. D\u00e4refter kan olika inst\u00e4llningar g\u00f6ras f\u00f6r hur datan ska behandlas internt i enheten. Dessa inst\u00e4llningar kan \u00e4ndras via elm\u00e4taravl\u00e4sarens webbgr\u00e4nssnitt. F\u00f6r att \u00e4ndra inst\u00e4llningar g\u00e5r man till fliken Data output &gt; Data i webbgr\u00e4nssnittet och klickar p\u00e5 de tre prickarna i [&hellip;]<\/p>\n","protected":false},"author":2,"featured_media":0,"parent":766,"menu_order":0,"comment_status":"closed","ping_status":"closed","template":"","meta":{"footnotes":""},"yoast_head":"<!-- This site is optimized with the Yoast SEO plugin v21.7 - https:\/\/yoast.com\/wordpress\/plugins\/seo\/ -->\n<title>Inst\u00e4llningar f\u00f6r data - Energy Intelligence<\/title>\n<meta name=\"robots\" content=\"index, follow, max-snippet:-1, max-image-preview:large, max-video-preview:-1\" \/>\n<link rel=\"canonical\" href=\"https:\/\/energyintelligence.se\/shop\/anvandarmanual\/utlasning-av-matarstallning\/installningar-for-data\/\" \/>\n<meta property=\"og:locale\" content=\"sv_SE\" \/>\n<meta property=\"og:type\" content=\"article\" \/>\n<meta property=\"og:title\" content=\"Inst\u00e4llningar f\u00f6r data - Energy Intelligence\" \/>\n<meta property=\"og:description\" content=\"Elm\u00e4taravl\u00e4saren kommer att spara information om all data den tar emot fr\u00e5n en m\u00e4tare. D\u00e4refter kan olika inst\u00e4llningar g\u00f6ras f\u00f6r hur datan ska behandlas internt i enheten. Dessa inst\u00e4llningar kan \u00e4ndras via elm\u00e4taravl\u00e4sarens webbgr\u00e4nssnitt. F\u00f6r att \u00e4ndra inst\u00e4llningar g\u00e5r man till fliken Data output &gt; Data i webbgr\u00e4nssnittet och klickar p\u00e5 de tre prickarna i [&hellip;]\" \/>\n<meta property=\"og:url\" content=\"https:\/\/energyintelligence.se\/shop\/anvandarmanual\/utlasning-av-matarstallning\/installningar-for-data\/\" \/>\n<meta property=\"og:site_name\" content=\"Energy Intelligence\" \/>\n<meta property=\"article:modified_time\" content=\"2024-12-20T10:15:46+00:00\" \/>\n<meta property=\"og:image\" content=\"https:\/\/energyintelligence.se\/shop\/wp-content\/uploads\/2024\/12\/Opera-Snapshot_2024-12-20_105002_192.168.128.46-1024x820.png\" \/>\n<meta name=\"twitter:card\" content=\"summary_large_image\" \/>\n<meta name=\"twitter:label1\" content=\"Ber\u00e4knad l\u00e4stid\" \/>\n\t<meta name=\"twitter:data1\" content=\"2 minuter\" \/>\n<script type=\"application\/ld+json\" class=\"yoast-schema-graph\">{\"@context\":\"https:\/\/schema.org\",\"@graph\":[{\"@type\":\"WebPage\",\"@id\":\"https:\/\/energyintelligence.se\/shop\/anvandarmanual\/utlasning-av-matarstallning\/installningar-for-data\/\",\"url\":\"https:\/\/energyintelligence.se\/shop\/anvandarmanual\/utlasning-av-matarstallning\/installningar-for-data\/\",\"name\":\"Inst\u00e4llningar f\u00f6r data - Energy Intelligence\",\"isPartOf\":{\"@id\":\"https:\/\/energyintelligence.se\/shop\/#website\"},\"datePublished\":\"2024-12-20T10:10:06+00:00\",\"dateModified\":\"2024-12-20T10:15:46+00:00\",\"breadcrumb\":{\"@id\":\"https:\/\/energyintelligence.se\/shop\/anvandarmanual\/utlasning-av-matarstallning\/installningar-for-data\/#breadcrumb\"},\"inLanguage\":\"sv-SE\",\"potentialAction\":[{\"@type\":\"ReadAction\",\"target\":[\"https:\/\/energyintelligence.se\/shop\/anvandarmanual\/utlasning-av-matarstallning\/installningar-for-data\/\"]}]},{\"@type\":\"BreadcrumbList\",\"@id\":\"https:\/\/energyintelligence.se\/shop\/anvandarmanual\/utlasning-av-matarstallning\/installningar-for-data\/#breadcrumb\",\"itemListElement\":[{\"@type\":\"ListItem\",\"position\":1,\"name\":\"Hem\",\"item\":\"https:\/\/energyintelligence.se\/shop\/\"},{\"@type\":\"ListItem\",\"position\":2,\"name\":\"Anv\u00e4ndarmanual\",\"item\":\"https:\/\/energyintelligence.se\/shop\/anvandarmanual\/\"},{\"@type\":\"ListItem\",\"position\":3,\"name\":\"Utl\u00e4sning av m\u00e4tarst\u00e4llning\",\"item\":\"https:\/\/energyintelligence.se\/shop\/anvandarmanual\/utlasning-av-matarstallning\/\"},{\"@type\":\"ListItem\",\"position\":4,\"name\":\"Inst\u00e4llningar f\u00f6r data\"}]},{\"@type\":\"WebSite\",\"@id\":\"https:\/\/energyintelligence.se\/shop\/#website\",\"url\":\"https:\/\/energyintelligence.se\/shop\/\",\"name\":\"Energy Intelligence\",\"description\":\"Ta kontroll \u00f6ver din elf\u00f6rbrukning\",\"publisher\":{\"@id\":\"https:\/\/energyintelligence.se\/shop\/#organization\"},\"potentialAction\":[{\"@type\":\"SearchAction\",\"target\":{\"@type\":\"EntryPoint\",\"urlTemplate\":\"https:\/\/energyintelligence.se\/shop\/?s={search_term_string}\"},\"query-input\":\"required name=search_term_string\"}],\"inLanguage\":\"sv-SE\"},{\"@type\":\"Organization\",\"@id\":\"https:\/\/energyintelligence.se\/shop\/#organization\",\"name\":\"Notima Energy Intelligence AB\",\"url\":\"https:\/\/energyintelligence.se\/shop\/\",\"logo\":{\"@type\":\"ImageObject\",\"inLanguage\":\"sv-SE\",\"@id\":\"https:\/\/energyintelligence.se\/shop\/#\/schema\/logo\/image\/\",\"url\":\"https:\/\/energyintelligence.se\/shop\/wp-content\/uploads\/2023\/11\/cropped-EI-300x66-1.png\",\"contentUrl\":\"https:\/\/energyintelligence.se\/shop\/wp-content\/uploads\/2023\/11\/cropped-EI-300x66-1.png\",\"width\":300,\"height\":66,\"caption\":\"Notima Energy Intelligence AB\"},\"image\":{\"@id\":\"https:\/\/energyintelligence.se\/shop\/#\/schema\/logo\/image\/\"}}]}<\/script>\n<!-- \/ Yoast SEO plugin. -->","yoast_head_json":{"title":"Inst\u00e4llningar f\u00f6r data - Energy Intelligence","robots":{"index":"index","follow":"follow","max-snippet":"max-snippet:-1","max-image-preview":"max-image-preview:large","max-video-preview":"max-video-preview:-1"},"canonical":"https:\/\/energyintelligence.se\/shop\/anvandarmanual\/utlasning-av-matarstallning\/installningar-for-data\/","og_locale":"sv_SE","og_type":"article","og_title":"Inst\u00e4llningar f\u00f6r data - Energy Intelligence","og_description":"Elm\u00e4taravl\u00e4saren kommer att spara information om all data den tar emot fr\u00e5n en m\u00e4tare. D\u00e4refter kan olika inst\u00e4llningar g\u00f6ras f\u00f6r hur datan ska behandlas internt i enheten. Dessa inst\u00e4llningar kan \u00e4ndras via elm\u00e4taravl\u00e4sarens webbgr\u00e4nssnitt. F\u00f6r att \u00e4ndra inst\u00e4llningar g\u00e5r man till fliken Data output &gt; Data i webbgr\u00e4nssnittet och klickar p\u00e5 de tre prickarna i [&hellip;]","og_url":"https:\/\/energyintelligence.se\/shop\/anvandarmanual\/utlasning-av-matarstallning\/installningar-for-data\/","og_site_name":"Energy Intelligence","article_modified_time":"2024-12-20T10:15:46+00:00","og_image":[{"url":"https:\/\/energyintelligence.se\/shop\/wp-content\/uploads\/2024\/12\/Opera-Snapshot_2024-12-20_105002_192.168.128.46-1024x820.png"}],"twitter_card":"summary_large_image","twitter_misc":{"Ber\u00e4knad l\u00e4stid":"2 minuter"},"schema":{"@context":"https:\/\/schema.org","@graph":[{"@type":"WebPage","@id":"https:\/\/energyintelligence.se\/shop\/anvandarmanual\/utlasning-av-matarstallning\/installningar-for-data\/","url":"https:\/\/energyintelligence.se\/shop\/anvandarmanual\/utlasning-av-matarstallning\/installningar-for-data\/","name":"Inst\u00e4llningar f\u00f6r data - Energy Intelligence","isPartOf":{"@id":"https:\/\/energyintelligence.se\/shop\/#website"},"datePublished":"2024-12-20T10:10:06+00:00","dateModified":"2024-12-20T10:15:46+00:00","breadcrumb":{"@id":"https:\/\/energyintelligence.se\/shop\/anvandarmanual\/utlasning-av-matarstallning\/installningar-for-data\/#breadcrumb"},"inLanguage":"sv-SE","potentialAction":[{"@type":"ReadAction","target":["https:\/\/energyintelligence.se\/shop\/anvandarmanual\/utlasning-av-matarstallning\/installningar-for-data\/"]}]},{"@type":"BreadcrumbList","@id":"https:\/\/energyintelligence.se\/shop\/anvandarmanual\/utlasning-av-matarstallning\/installningar-for-data\/#breadcrumb","itemListElement":[{"@type":"ListItem","position":1,"name":"Hem","item":"https:\/\/energyintelligence.se\/shop\/"},{"@type":"ListItem","position":2,"name":"Anv\u00e4ndarmanual","item":"https:\/\/energyintelligence.se\/shop\/anvandarmanual\/"},{"@type":"ListItem","position":3,"name":"Utl\u00e4sning av m\u00e4tarst\u00e4llning","item":"https:\/\/energyintelligence.se\/shop\/anvandarmanual\/utlasning-av-matarstallning\/"},{"@type":"ListItem","position":4,"name":"Inst\u00e4llningar f\u00f6r data"}]},{"@type":"WebSite","@id":"https:\/\/energyintelligence.se\/shop\/#website","url":"https:\/\/energyintelligence.se\/shop\/","name":"Energy Intelligence","description":"Ta kontroll \u00f6ver din elf\u00f6rbrukning","publisher":{"@id":"https:\/\/energyintelligence.se\/shop\/#organization"},"potentialAction":[{"@type":"SearchAction","target":{"@type":"EntryPoint","urlTemplate":"https:\/\/energyintelligence.se\/shop\/?s={search_term_string}"},"query-input":"required name=search_term_string"}],"inLanguage":"sv-SE"},{"@type":"Organization","@id":"https:\/\/energyintelligence.se\/shop\/#organization","name":"Notima Energy Intelligence AB","url":"https:\/\/energyintelligence.se\/shop\/","logo":{"@type":"ImageObject","inLanguage":"sv-SE","@id":"https:\/\/energyintelligence.se\/shop\/#\/schema\/logo\/image\/","url":"https:\/\/energyintelligence.se\/shop\/wp-content\/uploads\/2023\/11\/cropped-EI-300x66-1.png","contentUrl":"https:\/\/energyintelligence.se\/shop\/wp-content\/uploads\/2023\/11\/cropped-EI-300x66-1.png","width":300,"height":66,"caption":"Notima Energy Intelligence AB"},"image":{"@id":"https:\/\/energyintelligence.se\/shop\/#\/schema\/logo\/image\/"}}]}},"_links":{"self":[{"href":"https:\/\/energyintelligence.se\/shop\/wp-json\/wp\/v2\/pages\/2893"}],"collection":[{"href":"https:\/\/energyintelligence.se\/shop\/wp-json\/wp\/v2\/pages"}],"about":[{"href":"https:\/\/energyintelligence.se\/shop\/wp-json\/wp\/v2\/types\/page"}],"author":[{"embeddable":true,"href":"https:\/\/energyintelligence.se\/shop\/wp-json\/wp\/v2\/users\/2"}],"replies":[{"embeddable":true,"href":"https:\/\/energyintelligence.se\/shop\/wp-json\/wp\/v2\/comments?post=2893"}],"version-history":[{"count":2,"href":"https:\/\/energyintelligence.se\/shop\/wp-json\/wp\/v2\/pages\/2893\/revisions"}],"predecessor-version":[{"id":2898,"href":"https:\/\/energyintelligence.se\/shop\/wp-json\/wp\/v2\/pages\/2893\/revisions\/2898"}],"up":[{"embeddable":true,"href":"https:\/\/energyintelligence.se\/shop\/wp-json\/wp\/v2\/pages\/766"}],"wp:attachment":[{"href":"https:\/\/energyintelligence.se\/shop\/wp-json\/wp\/v2\/media?parent=2893"}],"curies":[{"name":"wp","href":"https:\/\/api.w.org\/{rel}","templated":true}]}}