{"id":357,"date":"2022-04-08T14:25:43","date_gmt":"2022-04-08T12:25:43","guid":{"rendered":"https:\/\/energyintelligence.se\/shop\/?page_id=357"},"modified":"2024-07-16T09:29:54","modified_gmt":"2024-07-16T07:29:54","slug":"firmware","status":"publish","type":"page","link":"https:\/\/energyintelligence.se\/shop\/firmware\/","title":{"rendered":"Firmware"},"content":{"rendered":"\n<p>Vi arbetar st\u00e4ndigt med att f\u00f6rb\u00e4ttra enheternas firmware. Om du \u00e4r n\u00f6jd med hur enheten fungerar f\u00f6r dina syften finns det ingen anledning att uppgradera din firmware.<\/p>\n\n\n\n<p><strong>OBS! Vi har ej m\u00f6jlighet att ge gratis support p\u00e5 firmware uppdateringar ni sj\u00e4lva v\u00e4ljer att g\u00f6ra utan uppmaning fr\u00e5n oss. Den firmware som kommer f\u00f6rinstallerad \u00e4r anpassad f\u00f6r den h\u00e5rdvara ni har. V\u00e4ljer ni en icke kompatibel firmware j\u00e4mf\u00f6rt med den h\u00e5rdvara ni har kan enheten sluta fungera. Firmware uppdatering sker p\u00e5 egen risk.<\/strong><\/p>\n\n\n\n<p>V\u00e5ra uppdateringar handlar dels om att ut\u00f6ka funktionaliteten (t ex tolka andra typer av elm\u00e4tare, b\u00e4ttre loggning etc) samt f\u00f6rb\u00e4ttra stabiliteten.<\/p>\n\n\n\n<h3 class=\"wp-block-heading\"><a href=\"https:\/\/energyintelligence.se\/shop\/firmware\/version-4-2\/\">Version 4.2<\/a> (2024-07-15)<\/h3>\n\n\n\n<h4 class=\"wp-block-heading\"><a href=\"https:\/\/energyintelligence.se\/shop\/firmware\/version-4-1\/\">Version 4.1<\/a> (2024-05-22)<\/h4>\n\n\n\n<h4 class=\"wp-block-heading\"><a href=\"https:\/\/energyintelligence.se\/shop\/firmware\/version-4-0\/\">Version 4.0<\/a> (2024-02-22)<\/h4>\n\n\n\n<h4 class=\"wp-block-heading\"><a href=\"https:\/\/energyintelligence.se\/shop\/firmware\/version-3-6\" data-type=\"page\">Version 3.6<\/a> (2023-04-03)<\/h4>\n\n\n\n<h4 class=\"wp-block-heading\"><a href=\"https:\/\/energyintelligence.se\/shop\/firmware\/version-3-5-0-snapshot\" data-type=\"page\" data-id=\"896\">Version 3.5<\/a> (2023-01-10)<\/h4>\n\n\n\n<h4 class=\"wp-block-heading\"><a data-type=\"page\" data-id=\"839\" href=\"https:\/\/energyintelligence.se\/shop\/firmware\/version-3-4-1\">Version 3.4<\/a> (2022-09-23)<br><a data-type=\"page\" data-id=\"411\" href=\"https:\/\/energyintelligence.se\/shop\/version-3-3\">Version 3.3<\/a> (2022-05-02)<\/h4>\n\n\n\n<h4 class=\"wp-block-heading\"><a data-type=\"page\" data-id=\"415\" href=\"https:\/\/energyintelligence.se\/shop\/version-3-2\">Version 3.2<\/a> (2022-02-24)<\/h4>\n\n\n\n<p>v\u00e4nligen l\u00e4s v\u00e5ra <a href=\"https:\/\/energyintelligence.se\/shop\/anvandarmanual\/firmware\/uppdatering\" data-type=\"page\" data-id=\"717\">instruktioner f\u00f6r uppdatering<\/a>!<\/p>\n\n\n\n<p><strong>OBS! Om du har en firmware med version 2 eller l\u00e4gre m\u00e5ste firmwaren uppdateras via &#8217;mos&#8217; eller att du ber oss om hj\u00e4lp s\u00e5 att vi kan fj\u00e4rruppdatera enheten.<\/strong><\/p>\n\n\n\n<p><\/p>\n","protected":false},"excerpt":{"rendered":"<p>Vi arbetar st\u00e4ndigt med att f\u00f6rb\u00e4ttra enheternas firmware. Om du \u00e4r n\u00f6jd med hur enheten fungerar f\u00f6r dina syften finns det ingen anledning att uppgradera din firmware. OBS! Vi har ej m\u00f6jlighet att ge gratis support p\u00e5 firmware uppdateringar ni sj\u00e4lva v\u00e4ljer att g\u00f6ra utan uppmaning fr\u00e5n oss. Den firmware som kommer f\u00f6rinstallerad \u00e4r anpassad [&hellip;]<\/p>\n","protected":false},"author":2,"featured_media":0,"parent":0,"menu_order":0,"comment_status":"closed","ping_status":"closed","template":"","meta":{"footnotes":""},"yoast_head":"<!-- This site is optimized with the Yoast SEO plugin v21.7 - https:\/\/yoast.com\/wordpress\/plugins\/seo\/ -->\n<title>Firmware - Energy Intelligence<\/title>\n<meta name=\"description\" content=\"Anv\u00e4ndarmanul f\u00f6r firmware till Energy Intelligences elm\u00e4taravl\u00e4sare f\u00f6r smarta elm\u00e4tare med P1 HAN port.\" \/>\n<meta name=\"robots\" content=\"index, follow, max-snippet:-1, max-image-preview:large, max-video-preview:-1\" \/>\n<link rel=\"canonical\" href=\"https:\/\/energyintelligence.se\/shop\/firmware\/\" \/>\n<meta property=\"og:locale\" content=\"sv_SE\" \/>\n<meta property=\"og:type\" content=\"article\" \/>\n<meta property=\"og:title\" content=\"Firmware - Energy Intelligence\" \/>\n<meta property=\"og:description\" content=\"Anv\u00e4ndarmanul f\u00f6r firmware till Energy Intelligences elm\u00e4taravl\u00e4sare f\u00f6r smarta elm\u00e4tare med P1 HAN port.\" \/>\n<meta property=\"og:url\" content=\"https:\/\/energyintelligence.se\/shop\/firmware\/\" \/>\n<meta property=\"og:site_name\" content=\"Energy Intelligence\" \/>\n<meta property=\"article:modified_time\" content=\"2024-07-16T07:29:54+00:00\" \/>\n<meta name=\"twitter:card\" content=\"summary_large_image\" \/>\n<meta name=\"twitter:label1\" content=\"Ber\u00e4knad l\u00e4stid\" \/>\n\t<meta name=\"twitter:data1\" content=\"1 minut\" \/>\n<script type=\"application\/ld+json\" class=\"yoast-schema-graph\">{\"@context\":\"https:\/\/schema.org\",\"@graph\":[{\"@type\":\"WebPage\",\"@id\":\"https:\/\/energyintelligence.se\/shop\/firmware\/\",\"url\":\"https:\/\/energyintelligence.se\/shop\/firmware\/\",\"name\":\"Firmware - Energy Intelligence\",\"isPartOf\":{\"@id\":\"https:\/\/energyintelligence.se\/shop\/#website\"},\"datePublished\":\"2022-04-08T12:25:43+00:00\",\"dateModified\":\"2024-07-16T07:29:54+00:00\",\"description\":\"Anv\u00e4ndarmanul f\u00f6r firmware till Energy Intelligences elm\u00e4taravl\u00e4sare f\u00f6r smarta elm\u00e4tare med P1 HAN port.\",\"breadcrumb\":{\"@id\":\"https:\/\/energyintelligence.se\/shop\/firmware\/#breadcrumb\"},\"inLanguage\":\"sv-SE\",\"potentialAction\":[{\"@type\":\"ReadAction\",\"target\":[\"https:\/\/energyintelligence.se\/shop\/firmware\/\"]}]},{\"@type\":\"BreadcrumbList\",\"@id\":\"https:\/\/energyintelligence.se\/shop\/firmware\/#breadcrumb\",\"itemListElement\":[{\"@type\":\"ListItem\",\"position\":1,\"name\":\"Hem\",\"item\":\"https:\/\/energyintelligence.se\/shop\/\"},{\"@type\":\"ListItem\",\"position\":2,\"name\":\"Firmware\"}]},{\"@type\":\"WebSite\",\"@id\":\"https:\/\/energyintelligence.se\/shop\/#website\",\"url\":\"https:\/\/energyintelligence.se\/shop\/\",\"name\":\"Energy Intelligence\",\"description\":\"Ta kontroll \u00f6ver din elf\u00f6rbrukning\",\"publisher\":{\"@id\":\"https:\/\/energyintelligence.se\/shop\/#organization\"},\"potentialAction\":[{\"@type\":\"SearchAction\",\"target\":{\"@type\":\"EntryPoint\",\"urlTemplate\":\"https:\/\/energyintelligence.se\/shop\/?s={search_term_string}\"},\"query-input\":\"required name=search_term_string\"}],\"inLanguage\":\"sv-SE\"},{\"@type\":\"Organization\",\"@id\":\"https:\/\/energyintelligence.se\/shop\/#organization\",\"name\":\"Notima Energy Intelligence AB\",\"url\":\"https:\/\/energyintelligence.se\/shop\/\",\"logo\":{\"@type\":\"ImageObject\",\"inLanguage\":\"sv-SE\",\"@id\":\"https:\/\/energyintelligence.se\/shop\/#\/schema\/logo\/image\/\",\"url\":\"https:\/\/energyintelligence.se\/shop\/wp-content\/uploads\/2023\/11\/cropped-EI-300x66-1.png\",\"contentUrl\":\"https:\/\/energyintelligence.se\/shop\/wp-content\/uploads\/2023\/11\/cropped-EI-300x66-1.png\",\"width\":300,\"height\":66,\"caption\":\"Notima Energy Intelligence AB\"},\"image\":{\"@id\":\"https:\/\/energyintelligence.se\/shop\/#\/schema\/logo\/image\/\"}}]}<\/script>\n<!-- \/ Yoast SEO plugin. -->","yoast_head_json":{"title":"Firmware - Energy Intelligence","description":"Anv\u00e4ndarmanul f\u00f6r firmware till Energy Intelligences elm\u00e4taravl\u00e4sare f\u00f6r smarta elm\u00e4tare med P1 HAN port.","robots":{"index":"index","follow":"follow","max-snippet":"max-snippet:-1","max-image-preview":"max-image-preview:large","max-video-preview":"max-video-preview:-1"},"canonical":"https:\/\/energyintelligence.se\/shop\/firmware\/","og_locale":"sv_SE","og_type":"article","og_title":"Firmware - Energy Intelligence","og_description":"Anv\u00e4ndarmanul f\u00f6r firmware till Energy Intelligences elm\u00e4taravl\u00e4sare f\u00f6r smarta elm\u00e4tare med P1 HAN port.","og_url":"https:\/\/energyintelligence.se\/shop\/firmware\/","og_site_name":"Energy Intelligence","article_modified_time":"2024-07-16T07:29:54+00:00","twitter_card":"summary_large_image","twitter_misc":{"Ber\u00e4knad l\u00e4stid":"1 minut"},"schema":{"@context":"https:\/\/schema.org","@graph":[{"@type":"WebPage","@id":"https:\/\/energyintelligence.se\/shop\/firmware\/","url":"https:\/\/energyintelligence.se\/shop\/firmware\/","name":"Firmware - Energy Intelligence","isPartOf":{"@id":"https:\/\/energyintelligence.se\/shop\/#website"},"datePublished":"2022-04-08T12:25:43+00:00","dateModified":"2024-07-16T07:29:54+00:00","description":"Anv\u00e4ndarmanul f\u00f6r firmware till Energy Intelligences elm\u00e4taravl\u00e4sare f\u00f6r smarta elm\u00e4tare med P1 HAN port.","breadcrumb":{"@id":"https:\/\/energyintelligence.se\/shop\/firmware\/#breadcrumb"},"inLanguage":"sv-SE","potentialAction":[{"@type":"ReadAction","target":["https:\/\/energyintelligence.se\/shop\/firmware\/"]}]},{"@type":"BreadcrumbList","@id":"https:\/\/energyintelligence.se\/shop\/firmware\/#breadcrumb","itemListElement":[{"@type":"ListItem","position":1,"name":"Hem","item":"https:\/\/energyintelligence.se\/shop\/"},{"@type":"ListItem","position":2,"name":"Firmware"}]},{"@type":"WebSite","@id":"https:\/\/energyintelligence.se\/shop\/#website","url":"https:\/\/energyintelligence.se\/shop\/","name":"Energy Intelligence","description":"Ta kontroll \u00f6ver din elf\u00f6rbrukning","publisher":{"@id":"https:\/\/energyintelligence.se\/shop\/#organization"},"potentialAction":[{"@type":"SearchAction","target":{"@type":"EntryPoint","urlTemplate":"https:\/\/energyintelligence.se\/shop\/?s={search_term_string}"},"query-input":"required name=search_term_string"}],"inLanguage":"sv-SE"},{"@type":"Organization","@id":"https:\/\/energyintelligence.se\/shop\/#organization","name":"Notima Energy Intelligence AB","url":"https:\/\/energyintelligence.se\/shop\/","logo":{"@type":"ImageObject","inLanguage":"sv-SE","@id":"https:\/\/energyintelligence.se\/shop\/#\/schema\/logo\/image\/","url":"https:\/\/energyintelligence.se\/shop\/wp-content\/uploads\/2023\/11\/cropped-EI-300x66-1.png","contentUrl":"https:\/\/energyintelligence.se\/shop\/wp-content\/uploads\/2023\/11\/cropped-EI-300x66-1.png","width":300,"height":66,"caption":"Notima Energy Intelligence AB"},"image":{"@id":"https:\/\/energyintelligence.se\/shop\/#\/schema\/logo\/image\/"}}]}},"_links":{"self":[{"href":"https:\/\/energyintelligence.se\/shop\/wp-json\/wp\/v2\/pages\/357"}],"collection":[{"href":"https:\/\/energyintelligence.se\/shop\/wp-json\/wp\/v2\/pages"}],"about":[{"href":"https:\/\/energyintelligence.se\/shop\/wp-json\/wp\/v2\/types\/page"}],"author":[{"embeddable":true,"href":"https:\/\/energyintelligence.se\/shop\/wp-json\/wp\/v2\/users\/2"}],"replies":[{"embeddable":true,"href":"https:\/\/energyintelligence.se\/shop\/wp-json\/wp\/v2\/comments?post=357"}],"version-history":[{"count":23,"href":"https:\/\/energyintelligence.se\/shop\/wp-json\/wp\/v2\/pages\/357\/revisions"}],"predecessor-version":[{"id":2638,"href":"https:\/\/energyintelligence.se\/shop\/wp-json\/wp\/v2\/pages\/357\/revisions\/2638"}],"wp:attachment":[{"href":"https:\/\/energyintelligence.se\/shop\/wp-json\/wp\/v2\/media?parent=357"}],"curies":[{"name":"wp","href":"https:\/\/api.w.org\/{rel}","templated":true}]}}