{"id":366,"date":"2022-04-09T16:59:00","date_gmt":"2022-04-09T14:59:00","guid":{"rendered":"https:\/\/energyintelligence.se\/shop\/?page_id=366"},"modified":"2025-02-28T12:16:53","modified_gmt":"2025-02-28T10:16:53","slug":"vanliga-fragor-och-svar","status":"publish","type":"page","link":"https:\/\/energyintelligence.se\/shop\/vanliga-fragor-och-svar\/","title":{"rendered":"Vanliga fr\u00e5gor och svar"},"content":{"rendered":"\n<h3 class=\"wp-block-heading\">Problem med wifi<\/h3>\n\n\n\n<p>Wifi \u00e4r ett praktiskt s\u00e4tt att koppla upp enheter men har en rad nackdelar. Vi har ett eget avsnitt om <a href=\"https:\/\/energyintelligence.se\/shop\/problem-med-wifi\" data-type=\"page\" data-id=\"1093\">vanliga problem med wifi<\/a>.<\/p>\n\n\n\n<h3 class=\"wp-block-heading\" id=\"factoryreset\">Hur \u00e5terst\u00e4ller jag enheten till &#8221;fabriksinst\u00e4llning&#8221;?<\/h3>\n\n\n\n<p>P\u00e5 kretsen finns en knapp m\u00e4rkt &#8221;Factory reset&#8221; som skall h\u00e5llas ner medan enheten startas om. Om detta sker s\u00e5 \u00e5terst\u00e4lls enheten till de inst\u00e4llningar den hade fr\u00e5n b\u00f6rjan, dvs era inst\u00e4llningar f\u00f6rsvinner.<\/p>\n\n\n\n<p>Se denna l\u00e4nk &#8221;<a href=\"https:\/\/energyintelligence.se\/shop\/anvandarmanual\/firmware\/fabriksaterstallning\" data-type=\"page\" data-id=\"761\">fabriks\u00e5terst\u00e4llning<\/a>&#8221;.<\/p>\n\n\n\n<h3 class=\"wp-block-heading\" id=\"no-data\">Det kommer ingen data fr\u00e5n elm\u00e4taren<\/h3>\n\n\n\n<p><strong>Ej p\u00e5slagen P1-port<\/strong><\/p>\n\n\n\n<p>Om allt i \u00f6vrigt ser ut att fungera, dvs elm\u00e4taravl\u00e4sarens dioder lyser upp och det g\u00e5r att surfa in p\u00e5 gr\u00e4nssnittet men ingen data ser ut att komma \u00e4r det vanligaste problemet att elbolaget inte har slagit ig\u00e5ng P1-porten.<\/p>\n\n\n\n<p>V\u00e5r erfarenhet och feedback fr\u00e5n andra har visat att det inte \u00e4r helt ovanligt att man best\u00e4ller ett p\u00e5slag av P1-porten, t ex via eln\u00e4tsbolagets hemsida, f\u00e5r en bekr\u00e4ftelse p\u00e5 att den \u00e4r ig\u00e5ng, men sedan visar det sig att den \u00e4nd\u00e5 inte \u00e4r p\u00e5slagen.<\/p>\n\n\n\n<p>Om ni upplever detta problem, dubbelkolla med elbolaget och be dem bekr\u00e4fta att P1-porten \u00e4r p\u00e5slagen och om m\u00f6jligt k\u00f6ra en \u00e5teraktivering.<\/p>\n\n\n\n<p><strong>F\u00f6r l\u00e5g sp\u00e4nning p\u00e5 den s.k. Data Request pinnen<\/strong><\/p>\n\n\n\n<p>Den svenska P1 standarden f\u00f6reskriver att en s.k. Data Request &#8221;pinne&#8221; skall s\u00e4ttas till 5 V f\u00f6r att signalera till elm\u00e4taren att den skall skicka ut data.<\/p>\n\n\n\n<p>Om denna sp\u00e4nning \u00e4r under en viss gr\u00e4ns, t ex 4 V skickar elm\u00e4taren ingen data. Allt kablage \u00e4r f\u00f6rem\u00e5l f\u00f6r s.k. sp\u00e4nningsfall som beror p\u00e5 ledarens tv\u00e4rsnittsarea, l\u00e4ngd p\u00e5 ledaren och str\u00f6mstyrka. Relativt h\u00f6g str\u00f6mstyrka och l\u00e5ng ledare ger st\u00f6rre sp\u00e4nningsfall \u00e4n kort ledare och l\u00e4gre str\u00f6mstyrka.<\/p>\n\n\n\n<p>Om elm\u00e4taravl\u00e4saren str\u00f6mf\u00f6rs\u00f6rjs av elm\u00e4taren kommer sp\u00e4nningen p\u00e5 Data Request att bli beroende av att kabeln mellan avl\u00e4sare och elm\u00e4taren inte \u00e4r f\u00f6r l\u00e5ng och att avl\u00e4saren inte drar f\u00f6r mycket str\u00f6m (t ex extern antenn).<\/p>\n\n\n\n<p>Om ni misst\u00e4nker att ni har detta problem, pr\u00f6va med en kortare kabel, anv\u00e4nd en <a data-type=\"product\" data-id=\"1246\" href=\"https:\/\/energyintelligence.se\/shop\/product\/aktiv-p1-splitter-forstarkare\">f\u00f6rst\u00e4rkare<\/a> och\/eller <a data-type=\"product\" data-id=\"288\" href=\"https:\/\/energyintelligence.se\/shop\/product\/stromforsorjning-5-v-din-monterbar\">extern str\u00f6mf\u00f6rs\u00f6rjning<\/a>.<\/p>\n\n\n\n<p id=\"wrong-connector\"><strong>Fel kontakt<\/strong><\/p>\n\n\n\n<p>Det \u00e4r fysiskt m\u00f6jligt att s\u00e4tta in en RJ12 kontakt i ett RJ45 uttag. Kontakterna kommer dock inte att passa ordentligt. Om det \u00e4nd\u00e5 blir kontakt kommer enheten att slockna alternativt g\u00e5 s\u00f6nder eftersom sp\u00e4nningsniv\u00e5erna \u00e4r h\u00f6gre i elm\u00e4tare som anv\u00e4nder en RJ45 kontakt. Om kontakterna inte f\u00e5r kontakt kommer ingen data. Oavsett alternativen kommer avl\u00e4sningen inte att fungera. Unders\u00f6k d\u00e4rf\u00f6r noga att det \u00e4r r\u00e4tt uttag till r\u00e4tt kabel.<\/p>\n\n\n\n<h3 class=\"wp-block-heading\" id=\"unreadable\">Det kommer ol\u00e4sbar data fr\u00e5n elm\u00e4taren<\/h3>\n\n\n\n<p>Om det kommer data fr\u00e5n P1-porten men den inte \u00e4r tolkningsbar av elm\u00e4taravl\u00e4saren kommer den inte att visa n\u00e5gon data i webgr\u00e4nssnitttet. F\u00f6r att se vilken data som kommer beh\u00f6ver ni kontrollera vad elm\u00e4taravl\u00e4saren skickar till MQTT. Detta kan man t ex g\u00f6ra med <a href=\"https:\/\/mqtt-explorer.com\/\" target=\"_blank\" rel=\"noreferrer noopener\">MQTT-explorer<\/a>.<\/p>\n\n\n\n<p>Om datat verkar ol\u00e4sbart beror detta med st\u00f6rsta sannolikhet p\u00e5 att elm\u00e4taren \u00e4r inst\u00e4lld p\u00e5 att leverera m\u00e4tinformation i ett bin\u00e4rt format. Ett flertal elm\u00e4tare som s\u00e4ljs i olika l\u00e4nder g\u00e5r att st\u00e4lla in i bin\u00e4rt (IEC62056-7-5) eller ascii-format (IEC62056-21)och inst\u00e4llningen av detta g\u00f6rs normalt vid aktiveringstillf\u00e4llet. <\/p>\n\n\n\n<p>Aidon kallar ascii-formatet f\u00f6r &#8221;<strong>Protokoll, l\u00e4ge D<\/strong>&#8221;. Det kan \u00e4ven kallas &#8221;<strong>dataprofil EFS2<\/strong>&#8221;.<\/p>\n\n\n\n<p>Vissa n\u00e4t\u00e4gare brukar fr\u00e5ga ifall man vill ha m\u00e4taren aktiverad f\u00f6r RJ45 eller RJ12. Detta g\u00e4ller t ex Kamstrup d\u00e4r sj\u00e4lva fysiska gr\u00e4nssnittet \u00e4r utbytbart, dvs man kan s\u00e4tta dit en RJ12 eller RJ45 modul.<\/p>\n\n\n\n<p>Kontrollera inst\u00e4llningarna med din n\u00e4t\u00e4gare.<\/p>\n\n\n\n<p>\u00c4r du mer tekniskt lagd kan du ta ut datat i hexadecimal mha nedan kommando (i Linux)<\/p>\n\n\n\n<pre class=\"wp-block-code\"><code>mosquitto_sub -F \"%x\" -h &#91;din_mqtt_server] -t &#91;base_topic]\/raw<\/code><\/pre>\n\n\n\n<p>Om du skickar resultatet till oss kan vi f\u00f6rhoppningsvis ta reda p\u00e5 vilket dataformat det \u00e4r.<\/p>\n\n\n\n<p>Mosquitto_sub installeras med &#8217;<strong>sudo apt install mosquitto-clients<\/strong>&#8217;<\/p>\n\n\n\n<p>Ett annat alternativt till ovanst\u00e5ende \u00e4r att ni skickar upp MQTT-meddelandet till en publik MQTT-server (t ex den f\u00f6rinst\u00e4llda) och meddelar oss vilket topic vi skall kontrollera.<\/p>\n\n\n\n<p><strong>Felaktig baud-rate RJ12<\/strong><\/p>\n\n\n\n<p>Om ni k\u00f6r en USB-adapter kan detta problem \u00e4ven bero p\u00e5 att baud-raten \u00e4r felinst\u00e4lld. Se till att serieporten anv\u00e4nder 115 200 baud. Elm\u00e4taravl\u00e4sarna har \u00e4ven de en inst\u00e4llning f\u00f6r baud-rate. Den \u00e4r default satt till 115 200 baud men den g\u00e5r att \u00e4ndra i webgr\u00e4nssnittet. Paritet = None (N)<\/p>\n\n\n\n<p><strong>Felaktig baud-rate RJ45<\/strong><\/p>\n\n\n\n<p>Har ni en anslutning med RJ45 skall baud rate normalt sett vara p\u00e5 2 400 baud. Detta g\u00e4ller \u00e4ven USB-varianten f\u00f6r RJ45. Har ni en Kamstrup m\u00e4tare skall paritet vara None (N).<\/p>\n\n\n\n<h3 class=\"wp-block-heading\" id=\"unreasonable\">M\u00e4tv\u00e4rdena verkar orimliga<\/h3>\n\n\n\n<p>Har du en st\u00f6rre s\u00e4kring kan det vara s\u00e5 att m\u00e4tv\u00e4rdena \u00e4r &#8221;skalade&#8221;, dvs man m\u00e5ste r\u00e4kna med multiplar. F\u00f6r att \u00e4ndra multipel p\u00e5 v\u00e4rdena se hur man <a href=\"https:\/\/energyintelligence.se\/shop\/anvandarmanual\/utlasning-av-matarstallning\/installningar-for-data\/\">\u00e4ndrar inst\u00e4llningarna f\u00f6r datat<\/a>.<\/p>\n\n\n\n<h3 class=\"wp-block-heading\" id=\"wrong-connector2\">Enheten slocknar n\u00e4r kabeln till elm\u00e4taren s\u00e4tts in<\/h3>\n\n\n\n<p>Kontrollera att kontakten till elm\u00e4taren \u00e4r korrekt. \u00c4ven fast det inte riktigt passar s\u00e5 \u00e4r det fysiskt m\u00f6jligt att stoppa in en RJ12-kontakt i ett RJ45-uttag och d\u00e5 brukar detta h\u00e4nda. &#8221;Pinnarna&#8221; \u00e4r annorlunda och sp\u00e4nningsniv\u00e5erna skiljer sig j\u00e4mf\u00f6rt med vad enheten f\u00f6rv\u00e4ntas f\u00e5. Sp\u00e4nningen fr\u00e5n en m\u00e4tare som \u00e4r konfigurerad f\u00f6r RJ45 ligger p\u00e5 mellan 12-36 V medan RJ12 varianten ligger p\u00e5 0-5 V. Om enheten &#8221;slocknar&#8221; n\u00e4r du stoppar in kontakten kan detta vara orsaken. En elm\u00e4tare som \u00e4r konfigurerad f\u00f6r RJ45 har i regel m\u00e4rkning som t ex MBus och DLMS. DLMS kan finnas \u00e4ven p\u00e5 en RJ12 konfigurerad m\u00e4tare, men \u00e4r vanligare p\u00e5 m\u00e4tare anpassade f\u00f6r RJ45-standarden.<\/p>\n\n\n\n<h2 class=\"wp-block-heading\">Str\u00f6mf\u00f6rs\u00f6rjning<\/h2>\n\n\n\n<p><strong>Hur str\u00f6mf\u00f6rs\u00f6rjer jag enheten?<\/strong><\/p>\n\n\n\n<p>Se v\u00e5rt avsnitt om <a href=\"https:\/\/energyintelligence.se\/shop\/stromforsorjning\" data-type=\"page\" data-id=\"1440\">str\u00f6mf\u00f6rs\u00f6rjning<\/a>.<\/p>\n\n\n\n<p><strong>Hur mycket str\u00f6m kr\u00e4ver enheten?<\/strong><\/p>\n\n\n\n<p>Str\u00f6mf\u00f6rbrukningen beror p\u00e5 enhetens anv\u00e4ndning. Vi brukar r\u00e4kna med att den drar mellan 20 &#8211; 350 mA vid 5 V, dvs 0,1 &#8211; 2 W. Radiokommunikation (wifi) \u00e4r generellt det som drar mest str\u00f6m och hur mycket beror p\u00e5 radiof\u00f6rh\u00e5llandena runt enheten.<\/p>\n\n\n\n<p>De flesta elm\u00e4tare p\u00e5 marknaden kan tillhandah\u00e5lla str\u00f6m via RJ12 porten men den str\u00f6mmen \u00e4r vanligtvis begr\u00e4nsad till runt 200 mA. Om enheten kr\u00e4ver mer str\u00f6m \u00e4n vad som kan ges blir symptomen diffusa men vanligtvis handlar det om att den &#8221;f\u00f6rsvinner&#8221; fr\u00e5n n\u00e4tverket, enheten reagerar tr\u00f6gt n\u00e4r man ansluter till den och\/eller startar inte upp ordentligt.<\/p>\n\n\n\n<p>Alla v\u00e5ra enheter har en separat str\u00f6mplint d\u00e4r man kan tillhandah\u00e5lla extern str\u00f6mf\u00f6rs\u00f6rjning. De flesta av v\u00e5ra enheter har \u00e4ven en \u00e5tkomlig USB-port som kan anv\u00e4ndas f\u00f6r str\u00f6mf\u00f6rs\u00f6rjning.<\/p>\n\n\n\n<p>Vill man f\u00f6rs\u00f6rja enheten via RJ12 porten men elm\u00e4taren saknar eller har otillr\u00e4cklig str\u00f6m kan man anv\u00e4nda en <a href=\"https:\/\/energyintelligence.se\/shop\/product\/aktiv-p1-splitter-forstarkare\" data-type=\"product\" data-id=\"1246\">aktiv f\u00f6rst\u00e4rkare\/splitter<\/a>.<\/p>\n\n\n\n<h2 class=\"wp-block-heading\">IP-klassning<\/h2>\n\n\n\n<p>Enheterna \u00e4r t\u00e4nkta att monteras p\u00e5 en DIN-skena i en s.k. normcentral. Enhetens kapsling \u00e4r d\u00e4rf\u00f6r enbart IP00, dvs den b\u00f6r vara monterad i minst ytterligare en kapsling f\u00f6r att vara skyddad mot fasta f\u00f6rem\u00e5l och v\u00e4ta.<\/p>\n","protected":false},"excerpt":{"rendered":"<p>Problem med wifi Wifi \u00e4r ett praktiskt s\u00e4tt att koppla upp enheter men har en rad nackdelar. Vi har ett eget avsnitt om vanliga problem med wifi. Hur \u00e5terst\u00e4ller jag enheten till &#8221;fabriksinst\u00e4llning&#8221;? P\u00e5 kretsen finns en knapp m\u00e4rkt &#8221;Factory reset&#8221; som skall h\u00e5llas ner medan enheten startas om. Om detta sker s\u00e5 \u00e5terst\u00e4lls enheten [&hellip;]<\/p>\n","protected":false},"author":3,"featured_media":0,"parent":0,"menu_order":0,"comment_status":"closed","ping_status":"closed","template":"","meta":{"footnotes":""},"yoast_head":"<!-- This site is optimized with the Yoast SEO plugin v21.7 - https:\/\/yoast.com\/wordpress\/plugins\/seo\/ -->\n<title>Vanliga fr\u00e5gor och svar - Energy Intelligence<\/title>\n<meta name=\"description\" content=\"Vanliga fr\u00e5gor och svar om Energy Intelligences elm\u00e4taravl\u00e4sare f\u00f6r smarta elm\u00e4tare med P1\/HAN port.\" \/>\n<meta name=\"robots\" content=\"index, follow, max-snippet:-1, max-image-preview:large, max-video-preview:-1\" \/>\n<link rel=\"canonical\" href=\"https:\/\/energyintelligence.se\/shop\/vanliga-fragor-och-svar\/\" \/>\n<meta property=\"og:locale\" content=\"sv_SE\" \/>\n<meta property=\"og:type\" content=\"article\" \/>\n<meta property=\"og:title\" content=\"Vanliga fr\u00e5gor och svar - Energy Intelligence\" \/>\n<meta property=\"og:description\" content=\"Vanliga fr\u00e5gor och svar om Energy Intelligences elm\u00e4taravl\u00e4sare f\u00f6r smarta elm\u00e4tare med P1\/HAN port.\" \/>\n<meta property=\"og:url\" content=\"https:\/\/energyintelligence.se\/shop\/vanliga-fragor-och-svar\/\" \/>\n<meta property=\"og:site_name\" content=\"Energy Intelligence\" \/>\n<meta property=\"article:modified_time\" content=\"2025-02-28T10:16:53+00:00\" \/>\n<meta name=\"twitter:card\" content=\"summary_large_image\" \/>\n<meta name=\"twitter:label1\" content=\"Ber\u00e4knad l\u00e4stid\" \/>\n\t<meta name=\"twitter:data1\" content=\"6 minuter\" \/>\n<script type=\"application\/ld+json\" class=\"yoast-schema-graph\">{\"@context\":\"https:\/\/schema.org\",\"@graph\":[{\"@type\":\"WebPage\",\"@id\":\"https:\/\/energyintelligence.se\/shop\/vanliga-fragor-och-svar\/\",\"url\":\"https:\/\/energyintelligence.se\/shop\/vanliga-fragor-och-svar\/\",\"name\":\"Vanliga fr\u00e5gor och svar - Energy Intelligence\",\"isPartOf\":{\"@id\":\"https:\/\/energyintelligence.se\/shop\/#website\"},\"datePublished\":\"2022-04-09T14:59:00+00:00\",\"dateModified\":\"2025-02-28T10:16:53+00:00\",\"description\":\"Vanliga fr\u00e5gor och svar om Energy Intelligences elm\u00e4taravl\u00e4sare f\u00f6r smarta elm\u00e4tare med P1\/HAN port.\",\"breadcrumb\":{\"@id\":\"https:\/\/energyintelligence.se\/shop\/vanliga-fragor-och-svar\/#breadcrumb\"},\"inLanguage\":\"sv-SE\",\"potentialAction\":[{\"@type\":\"ReadAction\",\"target\":[\"https:\/\/energyintelligence.se\/shop\/vanliga-fragor-och-svar\/\"]}]},{\"@type\":\"BreadcrumbList\",\"@id\":\"https:\/\/energyintelligence.se\/shop\/vanliga-fragor-och-svar\/#breadcrumb\",\"itemListElement\":[{\"@type\":\"ListItem\",\"position\":1,\"name\":\"Hem\",\"item\":\"https:\/\/energyintelligence.se\/shop\/\"},{\"@type\":\"ListItem\",\"position\":2,\"name\":\"Vanliga fr\u00e5gor och svar\"}]},{\"@type\":\"WebSite\",\"@id\":\"https:\/\/energyintelligence.se\/shop\/#website\",\"url\":\"https:\/\/energyintelligence.se\/shop\/\",\"name\":\"Energy Intelligence\",\"description\":\"Ta kontroll \u00f6ver din elf\u00f6rbrukning\",\"publisher\":{\"@id\":\"https:\/\/energyintelligence.se\/shop\/#organization\"},\"potentialAction\":[{\"@type\":\"SearchAction\",\"target\":{\"@type\":\"EntryPoint\",\"urlTemplate\":\"https:\/\/energyintelligence.se\/shop\/?s={search_term_string}\"},\"query-input\":\"required name=search_term_string\"}],\"inLanguage\":\"sv-SE\"},{\"@type\":\"Organization\",\"@id\":\"https:\/\/energyintelligence.se\/shop\/#organization\",\"name\":\"Notima Energy Intelligence AB\",\"url\":\"https:\/\/energyintelligence.se\/shop\/\",\"logo\":{\"@type\":\"ImageObject\",\"inLanguage\":\"sv-SE\",\"@id\":\"https:\/\/energyintelligence.se\/shop\/#\/schema\/logo\/image\/\",\"url\":\"https:\/\/energyintelligence.se\/shop\/wp-content\/uploads\/2023\/11\/cropped-EI-300x66-1.png\",\"contentUrl\":\"https:\/\/energyintelligence.se\/shop\/wp-content\/uploads\/2023\/11\/cropped-EI-300x66-1.png\",\"width\":300,\"height\":66,\"caption\":\"Notima Energy Intelligence AB\"},\"image\":{\"@id\":\"https:\/\/energyintelligence.se\/shop\/#\/schema\/logo\/image\/\"}}]}<\/script>\n<!-- \/ Yoast SEO plugin. -->","yoast_head_json":{"title":"Vanliga fr\u00e5gor och svar - Energy Intelligence","description":"Vanliga fr\u00e5gor och svar om Energy Intelligences elm\u00e4taravl\u00e4sare f\u00f6r smarta elm\u00e4tare med P1\/HAN port.","robots":{"index":"index","follow":"follow","max-snippet":"max-snippet:-1","max-image-preview":"max-image-preview:large","max-video-preview":"max-video-preview:-1"},"canonical":"https:\/\/energyintelligence.se\/shop\/vanliga-fragor-och-svar\/","og_locale":"sv_SE","og_type":"article","og_title":"Vanliga fr\u00e5gor och svar - Energy Intelligence","og_description":"Vanliga fr\u00e5gor och svar om Energy Intelligences elm\u00e4taravl\u00e4sare f\u00f6r smarta elm\u00e4tare med P1\/HAN port.","og_url":"https:\/\/energyintelligence.se\/shop\/vanliga-fragor-och-svar\/","og_site_name":"Energy Intelligence","article_modified_time":"2025-02-28T10:16:53+00:00","twitter_card":"summary_large_image","twitter_misc":{"Ber\u00e4knad l\u00e4stid":"6 minuter"},"schema":{"@context":"https:\/\/schema.org","@graph":[{"@type":"WebPage","@id":"https:\/\/energyintelligence.se\/shop\/vanliga-fragor-och-svar\/","url":"https:\/\/energyintelligence.se\/shop\/vanliga-fragor-och-svar\/","name":"Vanliga fr\u00e5gor och svar - Energy Intelligence","isPartOf":{"@id":"https:\/\/energyintelligence.se\/shop\/#website"},"datePublished":"2022-04-09T14:59:00+00:00","dateModified":"2025-02-28T10:16:53+00:00","description":"Vanliga fr\u00e5gor och svar om Energy Intelligences elm\u00e4taravl\u00e4sare f\u00f6r smarta elm\u00e4tare med P1\/HAN port.","breadcrumb":{"@id":"https:\/\/energyintelligence.se\/shop\/vanliga-fragor-och-svar\/#breadcrumb"},"inLanguage":"sv-SE","potentialAction":[{"@type":"ReadAction","target":["https:\/\/energyintelligence.se\/shop\/vanliga-fragor-och-svar\/"]}]},{"@type":"BreadcrumbList","@id":"https:\/\/energyintelligence.se\/shop\/vanliga-fragor-och-svar\/#breadcrumb","itemListElement":[{"@type":"ListItem","position":1,"name":"Hem","item":"https:\/\/energyintelligence.se\/shop\/"},{"@type":"ListItem","position":2,"name":"Vanliga fr\u00e5gor och svar"}]},{"@type":"WebSite","@id":"https:\/\/energyintelligence.se\/shop\/#website","url":"https:\/\/energyintelligence.se\/shop\/","name":"Energy Intelligence","description":"Ta kontroll \u00f6ver din elf\u00f6rbrukning","publisher":{"@id":"https:\/\/energyintelligence.se\/shop\/#organization"},"potentialAction":[{"@type":"SearchAction","target":{"@type":"EntryPoint","urlTemplate":"https:\/\/energyintelligence.se\/shop\/?s={search_term_string}"},"query-input":"required name=search_term_string"}],"inLanguage":"sv-SE"},{"@type":"Organization","@id":"https:\/\/energyintelligence.se\/shop\/#organization","name":"Notima Energy Intelligence AB","url":"https:\/\/energyintelligence.se\/shop\/","logo":{"@type":"ImageObject","inLanguage":"sv-SE","@id":"https:\/\/energyintelligence.se\/shop\/#\/schema\/logo\/image\/","url":"https:\/\/energyintelligence.se\/shop\/wp-content\/uploads\/2023\/11\/cropped-EI-300x66-1.png","contentUrl":"https:\/\/energyintelligence.se\/shop\/wp-content\/uploads\/2023\/11\/cropped-EI-300x66-1.png","width":300,"height":66,"caption":"Notima Energy Intelligence AB"},"image":{"@id":"https:\/\/energyintelligence.se\/shop\/#\/schema\/logo\/image\/"}}]}},"_links":{"self":[{"href":"https:\/\/energyintelligence.se\/shop\/wp-json\/wp\/v2\/pages\/366"}],"collection":[{"href":"https:\/\/energyintelligence.se\/shop\/wp-json\/wp\/v2\/pages"}],"about":[{"href":"https:\/\/energyintelligence.se\/shop\/wp-json\/wp\/v2\/types\/page"}],"author":[{"embeddable":true,"href":"https:\/\/energyintelligence.se\/shop\/wp-json\/wp\/v2\/users\/3"}],"replies":[{"embeddable":true,"href":"https:\/\/energyintelligence.se\/shop\/wp-json\/wp\/v2\/comments?post=366"}],"version-history":[{"count":39,"href":"https:\/\/energyintelligence.se\/shop\/wp-json\/wp\/v2\/pages\/366\/revisions"}],"predecessor-version":[{"id":3005,"href":"https:\/\/energyintelligence.se\/shop\/wp-json\/wp\/v2\/pages\/366\/revisions\/3005"}],"wp:attachment":[{"href":"https:\/\/energyintelligence.se\/shop\/wp-json\/wp\/v2\/media?parent=366"}],"curies":[{"name":"wp","href":"https:\/\/api.w.org\/{rel}","templated":true}]}}