{"id":411,"date":"2022-05-02T12:19:03","date_gmt":"2022-05-02T10:19:03","guid":{"rendered":"https:\/\/energyintelligence.se\/shop\/?page_id=411"},"modified":"2022-05-10T10:59:40","modified_gmt":"2022-05-10T08:59:40","slug":"version-3-3","status":"publish","type":"page","link":"https:\/\/energyintelligence.se\/shop\/firmware\/version-3-3\/","title":{"rendered":"Version 3.3"},"content":{"rendered":"\n<h2 class=\"wp-block-heading\">F\u00f6r P1\/HAN l\u00e4sare utan extern antenn<\/h2>\n\n\n\n<div class=\"wp-block-file\"><a id=\"wp-block-file--media-6f1671e5-0f77-4ff2-bb55-ed85cd009b55\" href=\"https:\/\/energyintelligence.se\/shop\/wp-content\/uploads\/2022\/05\/Atom3_3-220502.zip\">Atom3_3-220502<\/a><a href=\"https:\/\/energyintelligence.se\/shop\/wp-content\/uploads\/2022\/05\/Atom3_3-220502.zip\" class=\"wp-block-file__button\" download aria-describedby=\"wp-block-file--media-6f1671e5-0f77-4ff2-bb55-ed85cd009b55\">Ladda ner<\/a><\/div>\n\n\n\n<p>Uppdatera med denna fil om du har en &#8221;vanlig&#8221; <a href=\"https:\/\/energyintelligence.se\/shop\/product\/p1-till-mqtt-adapter\" data-type=\"product\" data-id=\"16\">P1\/HAN l\u00e4sare utan extern antenn<\/a>.<\/p>\n\n\n\n<h2 class=\"wp-block-heading\">F\u00f6r P1\/HAN l\u00e4sare med extern antenn<\/h2>\n\n\n\n<div class=\"wp-block-file\"><a id=\"wp-block-file--media-90ff7479-f621-4591-8587-61a8ff15a3b1\" href=\"https:\/\/energyintelligence.se\/shop\/wp-content\/uploads\/2022\/05\/Gateway3_3-220510.zip\">Gateway3_3-220509<\/a><a href=\"https:\/\/energyintelligence.se\/shop\/wp-content\/uploads\/2022\/05\/Gateway3_3-220510.zip\" class=\"wp-block-file__button\" download aria-describedby=\"wp-block-file--media-90ff7479-f621-4591-8587-61a8ff15a3b1\">Ladda ner<\/a><\/div>\n\n\n\n<p>Uppdatera med denna fil om du har en <a href=\"https:\/\/energyintelligence.se\/shop\/product\/p1-lasare-med-extern-antenn-och-ethernet\" data-type=\"product\" data-id=\"247\">P1\/HAN l\u00e4sare med extern antenn och ethernet<\/a>.<\/p>\n\n\n\n<h2 class=\"wp-block-heading\">Instruktioner f\u00f6r uppdatering<\/h2>\n\n\n\n<p>Om du uppdaterar fr\u00e5n en \u00e4ldre firmware version s\u00e5 finns det en del saker att t\u00e4nka p\u00e5.<\/p>\n\n\n\n<p>Webbgr\u00e4nssnittet har \u00e4ndrats lite grann och det kan vara s\u00e5 att er webbl\u00e4sare har sparat delar av den gamla sidan i sitt cache-minne. Vi rekommenderar d\u00e4rf\u00f6r att man g\u00f6r en &#8221;h\u00e5rd inl\u00e4sning&#8221; av den nya sidan efter uppdateringen. Hur man g\u00f6r det beror lite p\u00e5 vilken webbl\u00e4sare man har men nedan har vi instruktioner f\u00f6r de popul\u00e4raste webbl\u00e4sarna:<\/p>\n\n\n\n<div class=\"wp-block-group is-layout-flow wp-block-group-is-layout-flow\"><div class=\"wp-block-group__inner-container\">\n<ul><li>Google Chrome\/Firefox<ul><li>Windows\/Linux: H\u00e5ll ned <strong>Ctrl<\/strong> och tryck <strong>F5<\/strong><\/li><li>Mac: H\u00e5ll ned <strong>Cmd<\/strong> och <strong>Shift<\/strong> och tryck <strong>R<\/strong><\/li><\/ul><\/li><li>Safari: H\u00e5ll ned <strong>Opt<\/strong>, <strong>Cmd<\/strong> och <strong>E<\/strong> samtidigt f\u00f6r att rensa cache-minnet och h\u00e5ll sedan ned <strong>Cmd<\/strong> och <strong>R<\/strong> samtidigt f\u00f6r att ladda om sidan.<\/li><li>Microsoft Edge: H\u00e5ll ned <strong>Ctrl<\/strong> och tryck <strong>F5<\/strong><\/li><\/ul>\n<\/div><\/div>\n\n\n\n<p>En stor skillnad fr\u00e5n tidigare versioner \u00e4r att denna version st\u00f6djer flera modbus m\u00e4tare samtidigt. F\u00f6r att s\u00e4rskilja vilka v\u00e4rden som kommer fr\u00e5n vilken m\u00e4tare har vi d\u00e4rf\u00f6r gjort n\u00e5gra \u00e4ndringar i hur v\u00e4rdena skickas till MQTT brokern. Det kan d\u00e4rf\u00f6r vara n\u00f6dv\u00e4ndigt att konfigurera om Home Assistant eller liknande system f\u00f6r att fungera med den nya standarden.<\/p>\n\n\n\n<p>Om man anv\u00e4nder sig av MQTT Discovery funktionen i Home Assistant s\u00e5 kommer kommer nya sensorer l\u00e4ggas upp automatiskt f\u00f6r alla v\u00e4rden fr\u00e5n elm\u00e4taren. Man kan d\u00e5 beh\u00f6va ta bort de gamla manuellt genom att skicka tomma MQTT meddelanden till alla gamla discovery topics (exempelvis <code>homeassistant\/sensor\/esp32_ABC123\/Energy_Active_Positive\/config<\/code>) eller radera dem med hj\u00e4lp av MQTT Explorer.<\/p>\n\n\n\n<h2 class=\"wp-block-heading\">F\u00f6r\u00e4ndringar i denna version<\/h2>\n\n\n\n<ul><li><strong>NYTT: M\u00f6jlighet att s\u00e4tta egna namn p\u00e5 P1 m\u00e4tare<\/strong> <br>Detta kan anv\u00e4ndas f\u00f6r att \u00e4ndra vilket topic m\u00e4tv\u00e4rden ska skickas till.<\/li><li><strong>NYTT: St\u00f6d f\u00f6r flera modbus m\u00e4tare samtidigt<\/strong><\/li><li><strong>NYTT: &#8221;Meter&#8221; flik i webbgr\u00e4nssnittet<\/strong> <br>Under m\u00e4tar-fliken kan man v\u00e4lja vilket kommunikationsprotokoll man anv\u00e4nder f\u00f6r att kommunicera med elm\u00e4taren (P1 eller Modbus) samt konfigurera kommunikationen mellan m\u00e4tare och l\u00e4sare.<\/li><li><strong>NYTT: Tidsst\u00e4mpel f\u00f6r senast mottaget meddelande<\/strong> <br>Tiden d\u00e5 det senaste meddelandet fr\u00e5n elm\u00e4taren togs emot kan l\u00e4sas fr\u00e5n <code>&lt;base-topic&gt;\/device\/packet-status\/&lt;meter-name&gt;\/last<\/code>.<\/li><li><strong>BORTTAGET: &#8221;Modbus&#8221; fliken borttagen fr\u00e5n webbgr\u00e4nssnittet<\/strong> <br>Modbus fliken har ersatts av m\u00e4tarfliken<\/li><li><strong>FIXAT: Regelbunden WiFi skanning<\/strong><br>Enheten skannar efter WiFi n\u00e4tverk och uppdaterar webbgr\u00e4nssnittet regelbundet.<\/li><li><strong>FIXAT: Inkorrekta v\u00e4rden i loggar <\/strong><br>En bug som orsakat att v\u00e4rden i loggarna inte st\u00e4mmer har \u00e5tg\u00e4rdats.<\/li><li><strong>FIXAT: Websocket kommunikation blockerar mDash<\/strong><br>Att mDash blockeras har \u00e5tg\u00e4rdats genom att inaktivera realtids data i webbgr\u00e4nssnittet n\u00e4r mDash \u00e4r aktiverat.<\/li><li><strong>FIXAT: Ogiltiga radbrytningar i r\u00e5data<\/strong><br>En bug som orsakade korrupta radbrytningar i r\u00e5datan har \u00e5tg\u00e4rdats<br><\/li><\/ul>\n","protected":false},"excerpt":{"rendered":"<p>F\u00f6r P1\/HAN l\u00e4sare utan extern antenn Uppdatera med denna fil om du har en &#8221;vanlig&#8221; P1\/HAN l\u00e4sare utan extern antenn. F\u00f6r P1\/HAN l\u00e4sare med extern antenn Uppdatera med denna fil om du har en P1\/HAN l\u00e4sare med extern antenn och ethernet. Instruktioner f\u00f6r uppdatering Om du uppdaterar fr\u00e5n en \u00e4ldre firmware version s\u00e5 finns det [&hellip;]<\/p>\n","protected":false},"author":2,"featured_media":0,"parent":357,"menu_order":0,"comment_status":"closed","ping_status":"closed","template":"","meta":{"footnotes":""},"yoast_head":"<!-- This site is optimized with the Yoast SEO plugin v21.7 - https:\/\/yoast.com\/wordpress\/plugins\/seo\/ -->\n<title>Version 3.3 - Energy Intelligence<\/title>\n<meta name=\"robots\" content=\"index, follow, max-snippet:-1, max-image-preview:large, max-video-preview:-1\" \/>\n<link rel=\"canonical\" href=\"https:\/\/energyintelligence.se\/shop\/firmware\/version-3-3\/\" \/>\n<meta property=\"og:locale\" content=\"sv_SE\" \/>\n<meta property=\"og:type\" content=\"article\" \/>\n<meta property=\"og:title\" content=\"Version 3.3 - Energy Intelligence\" \/>\n<meta property=\"og:description\" content=\"F\u00f6r P1\/HAN l\u00e4sare utan extern antenn Uppdatera med denna fil om du har en &#8221;vanlig&#8221; P1\/HAN l\u00e4sare utan extern antenn. F\u00f6r P1\/HAN l\u00e4sare med extern antenn Uppdatera med denna fil om du har en P1\/HAN l\u00e4sare med extern antenn och ethernet. Instruktioner f\u00f6r uppdatering Om du uppdaterar fr\u00e5n en \u00e4ldre firmware version s\u00e5 finns det [&hellip;]\" \/>\n<meta property=\"og:url\" content=\"https:\/\/energyintelligence.se\/shop\/firmware\/version-3-3\/\" \/>\n<meta property=\"og:site_name\" content=\"Energy Intelligence\" \/>\n<meta property=\"article:modified_time\" content=\"2022-05-10T08:59:40+00:00\" \/>\n<meta name=\"twitter:card\" content=\"summary_large_image\" \/>\n<meta name=\"twitter:label1\" content=\"Ber\u00e4knad l\u00e4stid\" \/>\n\t<meta name=\"twitter:data1\" content=\"3 minuter\" \/>\n<script type=\"application\/ld+json\" class=\"yoast-schema-graph\">{\"@context\":\"https:\/\/schema.org\",\"@graph\":[{\"@type\":\"WebPage\",\"@id\":\"https:\/\/energyintelligence.se\/shop\/firmware\/version-3-3\/\",\"url\":\"https:\/\/energyintelligence.se\/shop\/firmware\/version-3-3\/\",\"name\":\"Version 3.3 - Energy Intelligence\",\"isPartOf\":{\"@id\":\"https:\/\/energyintelligence.se\/shop\/#website\"},\"datePublished\":\"2022-05-02T10:19:03+00:00\",\"dateModified\":\"2022-05-10T08:59:40+00:00\",\"breadcrumb\":{\"@id\":\"https:\/\/energyintelligence.se\/shop\/firmware\/version-3-3\/#breadcrumb\"},\"inLanguage\":\"sv-SE\",\"potentialAction\":[{\"@type\":\"ReadAction\",\"target\":[\"https:\/\/energyintelligence.se\/shop\/firmware\/version-3-3\/\"]}]},{\"@type\":\"BreadcrumbList\",\"@id\":\"https:\/\/energyintelligence.se\/shop\/firmware\/version-3-3\/#breadcrumb\",\"itemListElement\":[{\"@type\":\"ListItem\",\"position\":1,\"name\":\"Hem\",\"item\":\"https:\/\/energyintelligence.se\/shop\/\"},{\"@type\":\"ListItem\",\"position\":2,\"name\":\"Firmware\",\"item\":\"https:\/\/energyintelligence.se\/shop\/firmware\/\"},{\"@type\":\"ListItem\",\"position\":3,\"name\":\"Version 3.3\"}]},{\"@type\":\"WebSite\",\"@id\":\"https:\/\/energyintelligence.se\/shop\/#website\",\"url\":\"https:\/\/energyintelligence.se\/shop\/\",\"name\":\"Energy Intelligence\",\"description\":\"Ta kontroll \u00f6ver din elf\u00f6rbrukning\",\"publisher\":{\"@id\":\"https:\/\/energyintelligence.se\/shop\/#organization\"},\"potentialAction\":[{\"@type\":\"SearchAction\",\"target\":{\"@type\":\"EntryPoint\",\"urlTemplate\":\"https:\/\/energyintelligence.se\/shop\/?s={search_term_string}\"},\"query-input\":\"required name=search_term_string\"}],\"inLanguage\":\"sv-SE\"},{\"@type\":\"Organization\",\"@id\":\"https:\/\/energyintelligence.se\/shop\/#organization\",\"name\":\"Notima Energy Intelligence AB\",\"url\":\"https:\/\/energyintelligence.se\/shop\/\",\"logo\":{\"@type\":\"ImageObject\",\"inLanguage\":\"sv-SE\",\"@id\":\"https:\/\/energyintelligence.se\/shop\/#\/schema\/logo\/image\/\",\"url\":\"https:\/\/energyintelligence.se\/shop\/wp-content\/uploads\/2023\/11\/cropped-EI-300x66-1.png\",\"contentUrl\":\"https:\/\/energyintelligence.se\/shop\/wp-content\/uploads\/2023\/11\/cropped-EI-300x66-1.png\",\"width\":300,\"height\":66,\"caption\":\"Notima Energy Intelligence AB\"},\"image\":{\"@id\":\"https:\/\/energyintelligence.se\/shop\/#\/schema\/logo\/image\/\"}}]}<\/script>\n<!-- \/ Yoast SEO plugin. -->","yoast_head_json":{"title":"Version 3.3 - Energy Intelligence","robots":{"index":"index","follow":"follow","max-snippet":"max-snippet:-1","max-image-preview":"max-image-preview:large","max-video-preview":"max-video-preview:-1"},"canonical":"https:\/\/energyintelligence.se\/shop\/firmware\/version-3-3\/","og_locale":"sv_SE","og_type":"article","og_title":"Version 3.3 - Energy Intelligence","og_description":"F\u00f6r P1\/HAN l\u00e4sare utan extern antenn Uppdatera med denna fil om du har en &#8221;vanlig&#8221; P1\/HAN l\u00e4sare utan extern antenn. F\u00f6r P1\/HAN l\u00e4sare med extern antenn Uppdatera med denna fil om du har en P1\/HAN l\u00e4sare med extern antenn och ethernet. Instruktioner f\u00f6r uppdatering Om du uppdaterar fr\u00e5n en \u00e4ldre firmware version s\u00e5 finns det [&hellip;]","og_url":"https:\/\/energyintelligence.se\/shop\/firmware\/version-3-3\/","og_site_name":"Energy Intelligence","article_modified_time":"2022-05-10T08:59:40+00:00","twitter_card":"summary_large_image","twitter_misc":{"Ber\u00e4knad l\u00e4stid":"3 minuter"},"schema":{"@context":"https:\/\/schema.org","@graph":[{"@type":"WebPage","@id":"https:\/\/energyintelligence.se\/shop\/firmware\/version-3-3\/","url":"https:\/\/energyintelligence.se\/shop\/firmware\/version-3-3\/","name":"Version 3.3 - Energy Intelligence","isPartOf":{"@id":"https:\/\/energyintelligence.se\/shop\/#website"},"datePublished":"2022-05-02T10:19:03+00:00","dateModified":"2022-05-10T08:59:40+00:00","breadcrumb":{"@id":"https:\/\/energyintelligence.se\/shop\/firmware\/version-3-3\/#breadcrumb"},"inLanguage":"sv-SE","potentialAction":[{"@type":"ReadAction","target":["https:\/\/energyintelligence.se\/shop\/firmware\/version-3-3\/"]}]},{"@type":"BreadcrumbList","@id":"https:\/\/energyintelligence.se\/shop\/firmware\/version-3-3\/#breadcrumb","itemListElement":[{"@type":"ListItem","position":1,"name":"Hem","item":"https:\/\/energyintelligence.se\/shop\/"},{"@type":"ListItem","position":2,"name":"Firmware","item":"https:\/\/energyintelligence.se\/shop\/firmware\/"},{"@type":"ListItem","position":3,"name":"Version 3.3"}]},{"@type":"WebSite","@id":"https:\/\/energyintelligence.se\/shop\/#website","url":"https:\/\/energyintelligence.se\/shop\/","name":"Energy Intelligence","description":"Ta kontroll \u00f6ver din elf\u00f6rbrukning","publisher":{"@id":"https:\/\/energyintelligence.se\/shop\/#organization"},"potentialAction":[{"@type":"SearchAction","target":{"@type":"EntryPoint","urlTemplate":"https:\/\/energyintelligence.se\/shop\/?s={search_term_string}"},"query-input":"required name=search_term_string"}],"inLanguage":"sv-SE"},{"@type":"Organization","@id":"https:\/\/energyintelligence.se\/shop\/#organization","name":"Notima Energy Intelligence AB","url":"https:\/\/energyintelligence.se\/shop\/","logo":{"@type":"ImageObject","inLanguage":"sv-SE","@id":"https:\/\/energyintelligence.se\/shop\/#\/schema\/logo\/image\/","url":"https:\/\/energyintelligence.se\/shop\/wp-content\/uploads\/2023\/11\/cropped-EI-300x66-1.png","contentUrl":"https:\/\/energyintelligence.se\/shop\/wp-content\/uploads\/2023\/11\/cropped-EI-300x66-1.png","width":300,"height":66,"caption":"Notima Energy Intelligence AB"},"image":{"@id":"https:\/\/energyintelligence.se\/shop\/#\/schema\/logo\/image\/"}}]}},"_links":{"self":[{"href":"https:\/\/energyintelligence.se\/shop\/wp-json\/wp\/v2\/pages\/411"}],"collection":[{"href":"https:\/\/energyintelligence.se\/shop\/wp-json\/wp\/v2\/pages"}],"about":[{"href":"https:\/\/energyintelligence.se\/shop\/wp-json\/wp\/v2\/types\/page"}],"author":[{"embeddable":true,"href":"https:\/\/energyintelligence.se\/shop\/wp-json\/wp\/v2\/users\/2"}],"replies":[{"embeddable":true,"href":"https:\/\/energyintelligence.se\/shop\/wp-json\/wp\/v2\/comments?post=411"}],"version-history":[{"count":5,"href":"https:\/\/energyintelligence.se\/shop\/wp-json\/wp\/v2\/pages\/411\/revisions"}],"predecessor-version":[{"id":674,"href":"https:\/\/energyintelligence.se\/shop\/wp-json\/wp\/v2\/pages\/411\/revisions\/674"}],"up":[{"embeddable":true,"href":"https:\/\/energyintelligence.se\/shop\/wp-json\/wp\/v2\/pages\/357"}],"wp:attachment":[{"href":"https:\/\/energyintelligence.se\/shop\/wp-json\/wp\/v2\/media?parent=411"}],"curies":[{"name":"wp","href":"https:\/\/api.w.org\/{rel}","templated":true}]}}