{"id":415,"date":"2022-05-02T13:02:38","date_gmt":"2022-05-02T11:02:38","guid":{"rendered":"https:\/\/energyintelligence.se\/shop\/?page_id=415"},"modified":"2022-05-02T13:06:17","modified_gmt":"2022-05-02T11:06:17","slug":"version-3-2","status":"publish","type":"page","link":"https:\/\/energyintelligence.se\/shop\/firmware\/version-3-2\/","title":{"rendered":"Version 3.2"},"content":{"rendered":"\n<h2 class=\"wp-block-heading\">F\u00f6r P1\/HAN l\u00e4sare utan extern antenn<\/h2>\n\n\n\n<div class=\"wp-block-file\"><a id=\"wp-block-file--media-07073ffe-e9c0-4f6f-a2a8-42cc4e7b087d\" href=\"https:\/\/energyintelligence.se\/shop\/wp-content\/uploads\/2022\/05\/atom3.2.zip\">atom3.2<\/a><a href=\"https:\/\/energyintelligence.se\/shop\/wp-content\/uploads\/2022\/05\/atom3.2.zip\" class=\"wp-block-file__button\" download aria-describedby=\"wp-block-file--media-07073ffe-e9c0-4f6f-a2a8-42cc4e7b087d\">Ladda ner<\/a><\/div>\n\n\n\n<p>Uppdatera med denna fil om du har en \u201dvanlig\u201d <a href=\"https:\/\/energyintelligence.se\/shop\/product\/p1-till-mqtt-adapter\">P1\/HAN l\u00e4sare utan extern antenn<\/a>.<\/p>\n\n\n\n<h2 class=\"wp-block-heading\">F\u00f6r P1\/HAN l\u00e4sare med extern antenn<\/h2>\n\n\n\n<div class=\"wp-block-file\"><a id=\"wp-block-file--media-61a627d2-9ee6-464a-9254-18cd13353d89\" href=\"https:\/\/energyintelligence.se\/shop\/wp-content\/uploads\/2022\/05\/gateway3.2.zip\">gateway3.2<\/a><a href=\"https:\/\/energyintelligence.se\/shop\/wp-content\/uploads\/2022\/05\/gateway3.2.zip\" class=\"wp-block-file__button\" download aria-describedby=\"wp-block-file--media-61a627d2-9ee6-464a-9254-18cd13353d89\">Ladda ner<\/a><\/div>\n\n\n\n<p>Uppdatera med denna fil om du har en <a href=\"https:\/\/energyintelligence.se\/shop\/product\/p1-lasare-med-extern-antenn-och-ethernet\">P1\/HAN l\u00e4sare med extern antenn och ethernet<\/a>.<\/p>\n\n\n\n<h2 class=\"wp-block-heading\">F\u00f6r\u00e4ndringar i denna version<\/h2>\n\n\n\n<ul><li><strong>NYTT: M\u00f6jlighet att \u00e4ndra rot topic f\u00f6r MQTT<\/strong><br>Det MQTT topic som enheten skickar sina meddelanden till kan \u00e4ndras genom webbgr\u00e4nssnittet. <\/li><li><strong>NYTT: Ytterliggare status information f\u00f6r meddelanden fr\u00e5n elm\u00e4tare<\/strong><br>Tolkade men overifierade (dirty) och saknade (missing) meddelanden rapporteras under packet-status.<\/li><li><strong>NYTT: Ethernet ip adress visas i webbgr\u00e4nssnitt<\/strong><\/li><li><strong>\u00c4NDRAT: packet status topic<\/strong><br>\u00c4ndrat fr\u00e5n <code>&lt;base&gt;\/device\/packets-received\/&lt;protocol&gt;<\/code> till <code>&lt;base&gt;\/device\/packet-status\/&lt;meter-device-name&gt;<\/code><\/li><li><strong>FIXAT: Ok\u00e4nda OBIS koder bryter MQTT anslutnin<\/strong>g<br>V\u00e4rden fr\u00e5n ok\u00e4nda OBIS koder skickas ist\u00e4llet till <code>&lt;base&gt;\/Unknown\/&lt;c.d.e&gt;<\/code><\/li><li><strong>FIXAT: Firmware version visas i korrekt format under firmware fliken<\/strong><\/li><\/ul>\n","protected":false},"excerpt":{"rendered":"<p>F\u00f6r P1\/HAN l\u00e4sare utan extern antenn Uppdatera med denna fil om du har en \u201dvanlig\u201d P1\/HAN l\u00e4sare utan extern antenn. F\u00f6r P1\/HAN l\u00e4sare med extern antenn Uppdatera med denna fil om du har en P1\/HAN l\u00e4sare med extern antenn och ethernet. F\u00f6r\u00e4ndringar i denna version NYTT: M\u00f6jlighet att \u00e4ndra rot topic f\u00f6r MQTTDet MQTT topic [&hellip;]<\/p>\n","protected":false},"author":2,"featured_media":0,"parent":357,"menu_order":0,"comment_status":"closed","ping_status":"closed","template":"","meta":{"footnotes":""},"yoast_head":"<!-- This site is optimized with the Yoast SEO plugin v21.7 - https:\/\/yoast.com\/wordpress\/plugins\/seo\/ -->\n<title>Version 3.2 - Energy Intelligence<\/title>\n<meta name=\"robots\" content=\"index, follow, max-snippet:-1, max-image-preview:large, max-video-preview:-1\" \/>\n<link rel=\"canonical\" href=\"https:\/\/energyintelligence.se\/shop\/firmware\/version-3-2\/\" \/>\n<meta property=\"og:locale\" content=\"sv_SE\" \/>\n<meta property=\"og:type\" content=\"article\" \/>\n<meta property=\"og:title\" content=\"Version 3.2 - Energy Intelligence\" \/>\n<meta property=\"og:description\" content=\"F\u00f6r P1\/HAN l\u00e4sare utan extern antenn Uppdatera med denna fil om du har en \u201dvanlig\u201d P1\/HAN l\u00e4sare utan extern antenn. F\u00f6r P1\/HAN l\u00e4sare med extern antenn Uppdatera med denna fil om du har en P1\/HAN l\u00e4sare med extern antenn och ethernet. F\u00f6r\u00e4ndringar i denna version NYTT: M\u00f6jlighet att \u00e4ndra rot topic f\u00f6r MQTTDet MQTT topic [&hellip;]\" \/>\n<meta property=\"og:url\" content=\"https:\/\/energyintelligence.se\/shop\/firmware\/version-3-2\/\" \/>\n<meta property=\"og:site_name\" content=\"Energy Intelligence\" \/>\n<meta property=\"article:modified_time\" content=\"2022-05-02T11:06:17+00:00\" \/>\n<meta name=\"twitter:card\" content=\"summary_large_image\" \/>\n<meta name=\"twitter:label1\" content=\"Ber\u00e4knad l\u00e4stid\" \/>\n\t<meta name=\"twitter:data1\" content=\"1 minut\" \/>\n<script type=\"application\/ld+json\" class=\"yoast-schema-graph\">{\"@context\":\"https:\/\/schema.org\",\"@graph\":[{\"@type\":\"WebPage\",\"@id\":\"https:\/\/energyintelligence.se\/shop\/firmware\/version-3-2\/\",\"url\":\"https:\/\/energyintelligence.se\/shop\/firmware\/version-3-2\/\",\"name\":\"Version 3.2 - Energy Intelligence\",\"isPartOf\":{\"@id\":\"https:\/\/energyintelligence.se\/shop\/#website\"},\"datePublished\":\"2022-05-02T11:02:38+00:00\",\"dateModified\":\"2022-05-02T11:06:17+00:00\",\"breadcrumb\":{\"@id\":\"https:\/\/energyintelligence.se\/shop\/firmware\/version-3-2\/#breadcrumb\"},\"inLanguage\":\"sv-SE\",\"potentialAction\":[{\"@type\":\"ReadAction\",\"target\":[\"https:\/\/energyintelligence.se\/shop\/firmware\/version-3-2\/\"]}]},{\"@type\":\"BreadcrumbList\",\"@id\":\"https:\/\/energyintelligence.se\/shop\/firmware\/version-3-2\/#breadcrumb\",\"itemListElement\":[{\"@type\":\"ListItem\",\"position\":1,\"name\":\"Hem\",\"item\":\"https:\/\/energyintelligence.se\/shop\/\"},{\"@type\":\"ListItem\",\"position\":2,\"name\":\"Firmware\",\"item\":\"https:\/\/energyintelligence.se\/shop\/firmware\/\"},{\"@type\":\"ListItem\",\"position\":3,\"name\":\"Version 3.2\"}]},{\"@type\":\"WebSite\",\"@id\":\"https:\/\/energyintelligence.se\/shop\/#website\",\"url\":\"https:\/\/energyintelligence.se\/shop\/\",\"name\":\"Energy Intelligence\",\"description\":\"Ta kontroll \u00f6ver din elf\u00f6rbrukning\",\"publisher\":{\"@id\":\"https:\/\/energyintelligence.se\/shop\/#organization\"},\"potentialAction\":[{\"@type\":\"SearchAction\",\"target\":{\"@type\":\"EntryPoint\",\"urlTemplate\":\"https:\/\/energyintelligence.se\/shop\/?s={search_term_string}\"},\"query-input\":\"required name=search_term_string\"}],\"inLanguage\":\"sv-SE\"},{\"@type\":\"Organization\",\"@id\":\"https:\/\/energyintelligence.se\/shop\/#organization\",\"name\":\"Notima Energy Intelligence AB\",\"url\":\"https:\/\/energyintelligence.se\/shop\/\",\"logo\":{\"@type\":\"ImageObject\",\"inLanguage\":\"sv-SE\",\"@id\":\"https:\/\/energyintelligence.se\/shop\/#\/schema\/logo\/image\/\",\"url\":\"https:\/\/energyintelligence.se\/shop\/wp-content\/uploads\/2023\/11\/cropped-EI-300x66-1.png\",\"contentUrl\":\"https:\/\/energyintelligence.se\/shop\/wp-content\/uploads\/2023\/11\/cropped-EI-300x66-1.png\",\"width\":300,\"height\":66,\"caption\":\"Notima Energy Intelligence AB\"},\"image\":{\"@id\":\"https:\/\/energyintelligence.se\/shop\/#\/schema\/logo\/image\/\"}}]}<\/script>\n<!-- \/ Yoast SEO plugin. -->","yoast_head_json":{"title":"Version 3.2 - Energy Intelligence","robots":{"index":"index","follow":"follow","max-snippet":"max-snippet:-1","max-image-preview":"max-image-preview:large","max-video-preview":"max-video-preview:-1"},"canonical":"https:\/\/energyintelligence.se\/shop\/firmware\/version-3-2\/","og_locale":"sv_SE","og_type":"article","og_title":"Version 3.2 - Energy Intelligence","og_description":"F\u00f6r P1\/HAN l\u00e4sare utan extern antenn Uppdatera med denna fil om du har en \u201dvanlig\u201d P1\/HAN l\u00e4sare utan extern antenn. F\u00f6r P1\/HAN l\u00e4sare med extern antenn Uppdatera med denna fil om du har en P1\/HAN l\u00e4sare med extern antenn och ethernet. F\u00f6r\u00e4ndringar i denna version NYTT: M\u00f6jlighet att \u00e4ndra rot topic f\u00f6r MQTTDet MQTT topic [&hellip;]","og_url":"https:\/\/energyintelligence.se\/shop\/firmware\/version-3-2\/","og_site_name":"Energy Intelligence","article_modified_time":"2022-05-02T11:06:17+00:00","twitter_card":"summary_large_image","twitter_misc":{"Ber\u00e4knad l\u00e4stid":"1 minut"},"schema":{"@context":"https:\/\/schema.org","@graph":[{"@type":"WebPage","@id":"https:\/\/energyintelligence.se\/shop\/firmware\/version-3-2\/","url":"https:\/\/energyintelligence.se\/shop\/firmware\/version-3-2\/","name":"Version 3.2 - Energy Intelligence","isPartOf":{"@id":"https:\/\/energyintelligence.se\/shop\/#website"},"datePublished":"2022-05-02T11:02:38+00:00","dateModified":"2022-05-02T11:06:17+00:00","breadcrumb":{"@id":"https:\/\/energyintelligence.se\/shop\/firmware\/version-3-2\/#breadcrumb"},"inLanguage":"sv-SE","potentialAction":[{"@type":"ReadAction","target":["https:\/\/energyintelligence.se\/shop\/firmware\/version-3-2\/"]}]},{"@type":"BreadcrumbList","@id":"https:\/\/energyintelligence.se\/shop\/firmware\/version-3-2\/#breadcrumb","itemListElement":[{"@type":"ListItem","position":1,"name":"Hem","item":"https:\/\/energyintelligence.se\/shop\/"},{"@type":"ListItem","position":2,"name":"Firmware","item":"https:\/\/energyintelligence.se\/shop\/firmware\/"},{"@type":"ListItem","position":3,"name":"Version 3.2"}]},{"@type":"WebSite","@id":"https:\/\/energyintelligence.se\/shop\/#website","url":"https:\/\/energyintelligence.se\/shop\/","name":"Energy Intelligence","description":"Ta kontroll \u00f6ver din elf\u00f6rbrukning","publisher":{"@id":"https:\/\/energyintelligence.se\/shop\/#organization"},"potentialAction":[{"@type":"SearchAction","target":{"@type":"EntryPoint","urlTemplate":"https:\/\/energyintelligence.se\/shop\/?s={search_term_string}"},"query-input":"required name=search_term_string"}],"inLanguage":"sv-SE"},{"@type":"Organization","@id":"https:\/\/energyintelligence.se\/shop\/#organization","name":"Notima Energy Intelligence AB","url":"https:\/\/energyintelligence.se\/shop\/","logo":{"@type":"ImageObject","inLanguage":"sv-SE","@id":"https:\/\/energyintelligence.se\/shop\/#\/schema\/logo\/image\/","url":"https:\/\/energyintelligence.se\/shop\/wp-content\/uploads\/2023\/11\/cropped-EI-300x66-1.png","contentUrl":"https:\/\/energyintelligence.se\/shop\/wp-content\/uploads\/2023\/11\/cropped-EI-300x66-1.png","width":300,"height":66,"caption":"Notima Energy Intelligence AB"},"image":{"@id":"https:\/\/energyintelligence.se\/shop\/#\/schema\/logo\/image\/"}}]}},"_links":{"self":[{"href":"https:\/\/energyintelligence.se\/shop\/wp-json\/wp\/v2\/pages\/415"}],"collection":[{"href":"https:\/\/energyintelligence.se\/shop\/wp-json\/wp\/v2\/pages"}],"about":[{"href":"https:\/\/energyintelligence.se\/shop\/wp-json\/wp\/v2\/types\/page"}],"author":[{"embeddable":true,"href":"https:\/\/energyintelligence.se\/shop\/wp-json\/wp\/v2\/users\/2"}],"replies":[{"embeddable":true,"href":"https:\/\/energyintelligence.se\/shop\/wp-json\/wp\/v2\/comments?post=415"}],"version-history":[{"count":2,"href":"https:\/\/energyintelligence.se\/shop\/wp-json\/wp\/v2\/pages\/415\/revisions"}],"predecessor-version":[{"id":422,"href":"https:\/\/energyintelligence.se\/shop\/wp-json\/wp\/v2\/pages\/415\/revisions\/422"}],"up":[{"embeddable":true,"href":"https:\/\/energyintelligence.se\/shop\/wp-json\/wp\/v2\/pages\/357"}],"wp:attachment":[{"href":"https:\/\/energyintelligence.se\/shop\/wp-json\/wp\/v2\/media?parent=415"}],"curies":[{"name":"wp","href":"https:\/\/api.w.org\/{rel}","templated":true}]}}