{"id":694,"date":"2022-09-14T11:28:28","date_gmt":"2022-09-14T09:28:28","guid":{"rendered":"https:\/\/energyintelligence.se\/shop\/?page_id=694"},"modified":"2025-08-19T11:56:28","modified_gmt":"2025-08-19T09:56:28","slug":"anvandarmanual","status":"publish","type":"page","link":"https:\/\/energyintelligence.se\/shop\/anvandarmanual\/","title":{"rendered":"Anv\u00e4ndarmanual"},"content":{"rendered":"\n<ol>\n<li><a data-type=\"page\" data-id=\"698\" href=\"https:\/\/energyintelligence.se\/shop\/anvandarmanual\/hardvara\">H\u00e5rdvara<\/a><\/li>\n\n\n\n<li><a href=\"https:\/\/energyintelligence.se\/shop\/?page_id=714\" data-type=\"page\" data-id=\"714\">Firmware<\/a>\n<ol>\n<li><a href=\"https:\/\/energyintelligence.se\/shop\/anvandarmanual\/firmware\/uppdatering\" data-type=\"page\" data-id=\"717\">Uppdatering<\/a>\n<ol>\n<li><a href=\"https:\/\/energyintelligence.se\/shop\/anvandarmanual\/firmware\/uppdatering#ota\" data-type=\"page\">Tr\u00e5dl\u00f6st<\/a><\/li>\n\n\n\n<li><a href=\"https:\/\/energyintelligence.se\/shop\/anvandarmanual\/firmware\/uppdatering#usb\" data-type=\"page\">USB<\/a><\/li>\n<\/ol>\n<\/li>\n\n\n\n<li><a href=\"https:\/\/energyintelligence.se\/shop\/anvandarmanual\/firmware\/fabriksaterstallning\" data-type=\"page\" data-id=\"761\">Fabriks\u00e5terst\u00e4llning<\/a><\/li>\n<\/ol>\n<\/li>\n\n\n\n<li><a href=\"https:\/\/energyintelligence.se\/shop\/anvandarmanual\/anslutning-till-elmatare\">Anslutning till elm\u00e4tare<\/a>\n<ol>\n<li><a href=\"https:\/\/energyintelligence.se\/shop\/anvandarmanual\/anslutning-till-elmatare\/p1\">P1 &#8211; RJ12<\/a><\/li>\n\n\n\n<li><a href=\"https:\/\/energyintelligence.se\/shop\/anvandarmanual\/anslutning-till-elmatare\/han-rj45\">HAN &#8211; RJ45<\/a><\/li>\n\n\n\n<li><a href=\"https:\/\/energyintelligence.se\/shop\/anvandarmanual\/anslutning-till-elmatare\/modbus-rtu\">Modbus RTU &#8211; RS485<\/a><\/li>\n<\/ol>\n<\/li>\n\n\n\n<li><a data-type=\"page\" data-id=\"766\" href=\"https:\/\/energyintelligence.se\/shop\/?page_id=766\">Utl\u00e4sning av m\u00e4tarst\u00e4llning<\/a>\n<ol>\n<li><a href=\"https:\/\/energyintelligence.se\/shop\/anvandarmanual\/utlasning-av-matarstallning\/installningar-for-data\/\">Inst\u00e4llningar f\u00f6r data<\/a><\/li>\n\n\n\n<li><a href=\"https:\/\/energyintelligence.se\/shop\/anvandarmanual\/utlasning-av-matarstallning\/mqtt\/\">MQTT<\/a><\/li>\n\n\n\n<li><a href=\"https:\/\/energyintelligence.se\/shop\/anvandarmanual\/utlasning-av-matarstallning\/websocket\/\">Websocket<\/a><\/li>\n\n\n\n<li><a href=\"https:\/\/energyintelligence.se\/shop\/anvandarmanual\/utlasning-av-matarstallning\/modbus-tcp\/\">Modbus TCP<\/a><\/li>\n<\/ol>\n<\/li>\n<\/ol>\n\n\n\n<p>Se \u00e4ven <a href=\"https:\/\/energyintelligence.se\/shop\/vanliga-fragor-och-svar\" data-type=\"page\" data-id=\"366\">vanliga fr\u00e5gor och svar<\/a>.<\/p>\n","protected":false},"excerpt":{"rendered":"<p>Se \u00e4ven vanliga fr\u00e5gor och svar.<\/p>\n","protected":false},"author":2,"featured_media":0,"parent":0,"menu_order":0,"comment_status":"closed","ping_status":"closed","template":"","meta":{"footnotes":""},"yoast_head":"<!-- This site is optimized with the Yoast SEO plugin v21.7 - https:\/\/yoast.com\/wordpress\/plugins\/seo\/ -->\n<title>Anv\u00e4ndarmanual - Energy Intelligence<\/title>\n<meta name=\"description\" content=\"Anv\u00e4ndarmanual f\u00f6r Energy Intelligences elm\u00e4taravl\u00e4sare f\u00f6r realtidsm\u00e4tning av din elf\u00f6rbrukning. F\u00f6r smarta elm\u00e4tare med P1\/HAN port.\" \/>\n<meta name=\"robots\" content=\"index, follow, max-snippet:-1, max-image-preview:large, max-video-preview:-1\" \/>\n<link rel=\"canonical\" href=\"https:\/\/energyintelligence.se\/shop\/anvandarmanual\/\" \/>\n<meta property=\"og:locale\" content=\"sv_SE\" \/>\n<meta property=\"og:type\" content=\"article\" \/>\n<meta property=\"og:title\" content=\"Anv\u00e4ndarmanual - Energy Intelligence\" \/>\n<meta property=\"og:description\" content=\"Anv\u00e4ndarmanual f\u00f6r Energy Intelligences elm\u00e4taravl\u00e4sare f\u00f6r realtidsm\u00e4tning av din elf\u00f6rbrukning. F\u00f6r smarta elm\u00e4tare med P1\/HAN port.\" \/>\n<meta property=\"og:url\" content=\"https:\/\/energyintelligence.se\/shop\/anvandarmanual\/\" \/>\n<meta property=\"og:site_name\" content=\"Energy Intelligence\" \/>\n<meta property=\"article:modified_time\" content=\"2025-08-19T09:56:28+00:00\" \/>\n<meta name=\"twitter:card\" content=\"summary_large_image\" \/>\n<meta name=\"twitter:label1\" content=\"Ber\u00e4knad l\u00e4stid\" \/>\n\t<meta name=\"twitter:data1\" content=\"1 minut\" \/>\n<script type=\"application\/ld+json\" class=\"yoast-schema-graph\">{\"@context\":\"https:\/\/schema.org\",\"@graph\":[{\"@type\":\"WebPage\",\"@id\":\"https:\/\/energyintelligence.se\/shop\/anvandarmanual\/\",\"url\":\"https:\/\/energyintelligence.se\/shop\/anvandarmanual\/\",\"name\":\"Anv\u00e4ndarmanual - Energy Intelligence\",\"isPartOf\":{\"@id\":\"https:\/\/energyintelligence.se\/shop\/#website\"},\"datePublished\":\"2022-09-14T09:28:28+00:00\",\"dateModified\":\"2025-08-19T09:56:28+00:00\",\"description\":\"Anv\u00e4ndarmanual f\u00f6r Energy Intelligences elm\u00e4taravl\u00e4sare f\u00f6r realtidsm\u00e4tning av din elf\u00f6rbrukning. F\u00f6r smarta elm\u00e4tare med P1\/HAN port.\",\"breadcrumb\":{\"@id\":\"https:\/\/energyintelligence.se\/shop\/anvandarmanual\/#breadcrumb\"},\"inLanguage\":\"sv-SE\",\"potentialAction\":[{\"@type\":\"ReadAction\",\"target\":[\"https:\/\/energyintelligence.se\/shop\/anvandarmanual\/\"]}]},{\"@type\":\"BreadcrumbList\",\"@id\":\"https:\/\/energyintelligence.se\/shop\/anvandarmanual\/#breadcrumb\",\"itemListElement\":[{\"@type\":\"ListItem\",\"position\":1,\"name\":\"Hem\",\"item\":\"https:\/\/energyintelligence.se\/shop\/\"},{\"@type\":\"ListItem\",\"position\":2,\"name\":\"Anv\u00e4ndarmanual\"}]},{\"@type\":\"WebSite\",\"@id\":\"https:\/\/energyintelligence.se\/shop\/#website\",\"url\":\"https:\/\/energyintelligence.se\/shop\/\",\"name\":\"Energy Intelligence\",\"description\":\"Ta kontroll \u00f6ver din elf\u00f6rbrukning\",\"publisher\":{\"@id\":\"https:\/\/energyintelligence.se\/shop\/#organization\"},\"potentialAction\":[{\"@type\":\"SearchAction\",\"target\":{\"@type\":\"EntryPoint\",\"urlTemplate\":\"https:\/\/energyintelligence.se\/shop\/?s={search_term_string}\"},\"query-input\":\"required name=search_term_string\"}],\"inLanguage\":\"sv-SE\"},{\"@type\":\"Organization\",\"@id\":\"https:\/\/energyintelligence.se\/shop\/#organization\",\"name\":\"Notima Energy Intelligence AB\",\"url\":\"https:\/\/energyintelligence.se\/shop\/\",\"logo\":{\"@type\":\"ImageObject\",\"inLanguage\":\"sv-SE\",\"@id\":\"https:\/\/energyintelligence.se\/shop\/#\/schema\/logo\/image\/\",\"url\":\"https:\/\/energyintelligence.se\/shop\/wp-content\/uploads\/2023\/11\/cropped-EI-300x66-1.png\",\"contentUrl\":\"https:\/\/energyintelligence.se\/shop\/wp-content\/uploads\/2023\/11\/cropped-EI-300x66-1.png\",\"width\":300,\"height\":66,\"caption\":\"Notima Energy Intelligence AB\"},\"image\":{\"@id\":\"https:\/\/energyintelligence.se\/shop\/#\/schema\/logo\/image\/\"}}]}<\/script>\n<!-- \/ Yoast SEO plugin. -->","yoast_head_json":{"title":"Anv\u00e4ndarmanual - Energy Intelligence","description":"Anv\u00e4ndarmanual f\u00f6r Energy Intelligences elm\u00e4taravl\u00e4sare f\u00f6r realtidsm\u00e4tning av din elf\u00f6rbrukning. F\u00f6r smarta elm\u00e4tare med P1\/HAN port.","robots":{"index":"index","follow":"follow","max-snippet":"max-snippet:-1","max-image-preview":"max-image-preview:large","max-video-preview":"max-video-preview:-1"},"canonical":"https:\/\/energyintelligence.se\/shop\/anvandarmanual\/","og_locale":"sv_SE","og_type":"article","og_title":"Anv\u00e4ndarmanual - Energy Intelligence","og_description":"Anv\u00e4ndarmanual f\u00f6r Energy Intelligences elm\u00e4taravl\u00e4sare f\u00f6r realtidsm\u00e4tning av din elf\u00f6rbrukning. F\u00f6r smarta elm\u00e4tare med P1\/HAN port.","og_url":"https:\/\/energyintelligence.se\/shop\/anvandarmanual\/","og_site_name":"Energy Intelligence","article_modified_time":"2025-08-19T09:56:28+00:00","twitter_card":"summary_large_image","twitter_misc":{"Ber\u00e4knad l\u00e4stid":"1 minut"},"schema":{"@context":"https:\/\/schema.org","@graph":[{"@type":"WebPage","@id":"https:\/\/energyintelligence.se\/shop\/anvandarmanual\/","url":"https:\/\/energyintelligence.se\/shop\/anvandarmanual\/","name":"Anv\u00e4ndarmanual - Energy Intelligence","isPartOf":{"@id":"https:\/\/energyintelligence.se\/shop\/#website"},"datePublished":"2022-09-14T09:28:28+00:00","dateModified":"2025-08-19T09:56:28+00:00","description":"Anv\u00e4ndarmanual f\u00f6r Energy Intelligences elm\u00e4taravl\u00e4sare f\u00f6r realtidsm\u00e4tning av din elf\u00f6rbrukning. F\u00f6r smarta elm\u00e4tare med P1\/HAN port.","breadcrumb":{"@id":"https:\/\/energyintelligence.se\/shop\/anvandarmanual\/#breadcrumb"},"inLanguage":"sv-SE","potentialAction":[{"@type":"ReadAction","target":["https:\/\/energyintelligence.se\/shop\/anvandarmanual\/"]}]},{"@type":"BreadcrumbList","@id":"https:\/\/energyintelligence.se\/shop\/anvandarmanual\/#breadcrumb","itemListElement":[{"@type":"ListItem","position":1,"name":"Hem","item":"https:\/\/energyintelligence.se\/shop\/"},{"@type":"ListItem","position":2,"name":"Anv\u00e4ndarmanual"}]},{"@type":"WebSite","@id":"https:\/\/energyintelligence.se\/shop\/#website","url":"https:\/\/energyintelligence.se\/shop\/","name":"Energy Intelligence","description":"Ta kontroll \u00f6ver din elf\u00f6rbrukning","publisher":{"@id":"https:\/\/energyintelligence.se\/shop\/#organization"},"potentialAction":[{"@type":"SearchAction","target":{"@type":"EntryPoint","urlTemplate":"https:\/\/energyintelligence.se\/shop\/?s={search_term_string}"},"query-input":"required name=search_term_string"}],"inLanguage":"sv-SE"},{"@type":"Organization","@id":"https:\/\/energyintelligence.se\/shop\/#organization","name":"Notima Energy Intelligence AB","url":"https:\/\/energyintelligence.se\/shop\/","logo":{"@type":"ImageObject","inLanguage":"sv-SE","@id":"https:\/\/energyintelligence.se\/shop\/#\/schema\/logo\/image\/","url":"https:\/\/energyintelligence.se\/shop\/wp-content\/uploads\/2023\/11\/cropped-EI-300x66-1.png","contentUrl":"https:\/\/energyintelligence.se\/shop\/wp-content\/uploads\/2023\/11\/cropped-EI-300x66-1.png","width":300,"height":66,"caption":"Notima Energy Intelligence AB"},"image":{"@id":"https:\/\/energyintelligence.se\/shop\/#\/schema\/logo\/image\/"}}]}},"_links":{"self":[{"href":"https:\/\/energyintelligence.se\/shop\/wp-json\/wp\/v2\/pages\/694"}],"collection":[{"href":"https:\/\/energyintelligence.se\/shop\/wp-json\/wp\/v2\/pages"}],"about":[{"href":"https:\/\/energyintelligence.se\/shop\/wp-json\/wp\/v2\/types\/page"}],"author":[{"embeddable":true,"href":"https:\/\/energyintelligence.se\/shop\/wp-json\/wp\/v2\/users\/2"}],"replies":[{"embeddable":true,"href":"https:\/\/energyintelligence.se\/shop\/wp-json\/wp\/v2\/comments?post=694"}],"version-history":[{"count":20,"href":"https:\/\/energyintelligence.se\/shop\/wp-json\/wp\/v2\/pages\/694\/revisions"}],"predecessor-version":[{"id":3149,"href":"https:\/\/energyintelligence.se\/shop\/wp-json\/wp\/v2\/pages\/694\/revisions\/3149"}],"wp:attachment":[{"href":"https:\/\/energyintelligence.se\/shop\/wp-json\/wp\/v2\/media?parent=694"}],"curies":[{"name":"wp","href":"https:\/\/api.w.org\/{rel}","templated":true}]}}