{"id":698,"date":"2022-09-14T11:31:19","date_gmt":"2022-09-14T09:31:19","guid":{"rendered":"https:\/\/energyintelligence.se\/shop\/?page_id=698"},"modified":"2025-08-20T10:30:08","modified_gmt":"2025-08-20T08:30:08","slug":"hardvara","status":"publish","type":"page","link":"https:\/\/energyintelligence.se\/shop\/anvandarmanual\/hardvara\/","title":{"rendered":"H\u00e5rdvara"},"content":{"rendered":"\n<figure class=\"wp-block-gallery alignfull has-nested-images columns-default is-cropped wp-block-gallery-2 is-layout-flex wp-block-gallery-is-layout-flex\">\n<figure class=\"wp-block-image size-large wp-duotone-unset-1\"><img loading=\"lazy\" decoding=\"async\" width=\"500\" height=\"800\" data-id=\"3152\" src=\"https:\/\/energyintelligence.se\/shop\/wp-content\/uploads\/2025\/08\/HWParts81.png\" alt=\"\" class=\"wp-image-3152\" srcset=\"https:\/\/energyintelligence.se\/shop\/wp-content\/uploads\/2025\/08\/HWParts81.png 500w, https:\/\/energyintelligence.se\/shop\/wp-content\/uploads\/2025\/08\/HWParts81-188x300.png 188w, https:\/\/energyintelligence.se\/shop\/wp-content\/uploads\/2025\/08\/HWParts81-416x666.png 416w\" sizes=\"(max-width: 500px) 100vw, 500px\" \/><figcaption class=\"wp-element-caption\"><strong><mark style=\"background-color:#000000\" class=\"has-inline-color has-white-color\">Typ 81 (RJ12, WiFi)<\/mark><\/strong><\/figcaption><\/figure>\n\n\n\n<figure class=\"wp-block-image size-large\"><img loading=\"lazy\" decoding=\"async\" width=\"500\" height=\"800\" data-id=\"3153\" src=\"https:\/\/energyintelligence.se\/shop\/wp-content\/uploads\/2025\/08\/HWPart82.png\" alt=\"\" class=\"wp-image-3153\" srcset=\"https:\/\/energyintelligence.se\/shop\/wp-content\/uploads\/2025\/08\/HWPart82.png 500w, https:\/\/energyintelligence.se\/shop\/wp-content\/uploads\/2025\/08\/HWPart82-188x300.png 188w, https:\/\/energyintelligence.se\/shop\/wp-content\/uploads\/2025\/08\/HWPart82-416x666.png 416w\" sizes=\"(max-width: 500px) 100vw, 500px\" \/><figcaption class=\"wp-element-caption\"><strong><mark style=\"background-color:#000000\" class=\"has-inline-color has-white-color\">Typ 82 (RJ45, WiFi)<\/mark><\/strong><\/figcaption><\/figure>\n\n\n\n<figure class=\"wp-block-image size-large\"><img loading=\"lazy\" decoding=\"async\" width=\"500\" height=\"800\" data-id=\"3154\" src=\"https:\/\/energyintelligence.se\/shop\/wp-content\/uploads\/2025\/08\/HWParts41.png\" alt=\"\" class=\"wp-image-3154\" srcset=\"https:\/\/energyintelligence.se\/shop\/wp-content\/uploads\/2025\/08\/HWParts41.png 500w, https:\/\/energyintelligence.se\/shop\/wp-content\/uploads\/2025\/08\/HWParts41-188x300.png 188w, https:\/\/energyintelligence.se\/shop\/wp-content\/uploads\/2025\/08\/HWParts41-416x666.png 416w\" sizes=\"(max-width: 500px) 100vw, 500px\" \/><figcaption class=\"wp-element-caption\"><mark style=\"background-color:#000000\" class=\"has-inline-color has-white-color\">Typ 41 (RJ12, Ethernet)<\/mark><\/figcaption><\/figure>\n\n\n\n<figure class=\"wp-block-image size-large\"><img loading=\"lazy\" decoding=\"async\" width=\"500\" height=\"800\" data-id=\"3155\" src=\"https:\/\/energyintelligence.se\/shop\/wp-content\/uploads\/2025\/08\/HWParts41-1.png\" alt=\"\" class=\"wp-image-3155\" srcset=\"https:\/\/energyintelligence.se\/shop\/wp-content\/uploads\/2025\/08\/HWParts41-1.png 500w, https:\/\/energyintelligence.se\/shop\/wp-content\/uploads\/2025\/08\/HWParts41-1-188x300.png 188w, https:\/\/energyintelligence.se\/shop\/wp-content\/uploads\/2025\/08\/HWParts41-1-416x666.png 416w\" sizes=\"(max-width: 500px) 100vw, 500px\" \/><figcaption class=\"wp-element-caption\"><strong><mark style=\"background-color:#000000\" class=\"has-inline-color has-white-color\">Typ 41 (RJ12, Ethernet-poe)<\/mark><\/strong><\/figcaption><\/figure>\n\n\n\n<figure class=\"wp-block-image size-large\"><img loading=\"lazy\" decoding=\"async\" width=\"500\" height=\"800\" data-id=\"3156\" src=\"https:\/\/energyintelligence.se\/shop\/wp-content\/uploads\/2025\/08\/HWParts42.png\" alt=\"\" class=\"wp-image-3156\" srcset=\"https:\/\/energyintelligence.se\/shop\/wp-content\/uploads\/2025\/08\/HWParts42.png 500w, https:\/\/energyintelligence.se\/shop\/wp-content\/uploads\/2025\/08\/HWParts42-188x300.png 188w, https:\/\/energyintelligence.se\/shop\/wp-content\/uploads\/2025\/08\/HWParts42-416x666.png 416w\" sizes=\"(max-width: 500px) 100vw, 500px\" \/><figcaption class=\"wp-element-caption\"><strong><mark style=\"background-color:#000000\" class=\"has-inline-color has-white-color\">Typ 42 (RJ45, Ethernet-poe)<\/mark><\/strong><\/figcaption><\/figure>\n\n\n\n<figure class=\"wp-block-image size-large\"><img loading=\"lazy\" decoding=\"async\" width=\"500\" height=\"800\" data-id=\"3157\" src=\"https:\/\/energyintelligence.se\/shop\/wp-content\/uploads\/2025\/08\/HWParts44.png\" alt=\"\" class=\"wp-image-3157\" srcset=\"https:\/\/energyintelligence.se\/shop\/wp-content\/uploads\/2025\/08\/HWParts44.png 500w, https:\/\/energyintelligence.se\/shop\/wp-content\/uploads\/2025\/08\/HWParts44-188x300.png 188w, https:\/\/energyintelligence.se\/shop\/wp-content\/uploads\/2025\/08\/HWParts44-416x666.png 416w\" sizes=\"(max-width: 500px) 100vw, 500px\" \/><figcaption class=\"wp-element-caption\"><strong><mark style=\"background-color:#000000\" class=\"has-inline-color has-white-color\">Typ 44 (RS485, Ethernet-poe)<\/mark><\/strong><\/figcaption><\/figure>\n<\/figure>\n\n\n\n<h2 class=\"wp-block-heading\" id=\"description\">Beskrivning<\/h2>\n\n\n\n<figure class=\"wp-block-table alignfull is-style-stripes\"><table><tbody><tr><td><strong>#<\/strong><\/td><td><strong>Beskrivning<\/strong><\/td><td><strong>Typ 81<\/strong><\/td><td><strong>Typ 82<\/strong><\/td><td><strong>Typ 41<\/strong><\/td><td><strong>Typ 41-poe<\/strong><\/td><td><strong>Typ 42-poe<\/strong><\/td><td><strong>Typ 44-poe<\/strong><\/td><\/tr><tr><td>1<\/td><td>RJ12 port f\u00f6r anslutning till elm\u00e4tarens P1 port<\/td><td><strong>\u2713<\/strong><\/td><td><\/td><td><strong>\u2713<\/strong><\/td><td><strong>\u2713<\/strong><\/td><td><\/td><td><\/td><\/tr><tr><td>2<\/td><td>RJ45 port f\u00f6r anslutning till elm\u00e4tarens HAN port<\/td><td><\/td><td><strong>\u2713<\/strong><\/td><td><\/td><td><\/td><td><strong>\u2713<\/strong><\/td><td><\/td><\/tr><tr><td>3<\/td><td>RS485 port f\u00f6r anslutning till Modbus RTU slinga<\/td><td><\/td><td><\/td><td><\/td><td><\/td><td><\/td><td><strong>\u2713<\/strong><\/td><\/tr><tr><td>4<\/td><td>USB port f\u00f6r str\u00f6mf\u00f6rs\u00f6rjning och systemloggning<\/td><td><strong>\u2713<\/strong><\/td><td><strong>\u2713<\/strong><\/td><td><strong>\u2713<\/strong><\/td><td><strong>\u2713<\/strong><\/td><td><strong>\u2713<\/strong><\/td><td><strong>\u2713<\/strong><\/td><\/tr><tr><td>5<\/td><td>Skruvplint f\u00f6r str\u00f6mf\u00f6rs\u00f6rjning<\/td><td><strong>\u2713<\/strong><\/td><td><strong>\u2713<\/strong><\/td><td><strong>\u2713<\/strong><\/td><td><\/td><td><\/td><td><\/td><\/tr><tr><td>6<\/td><td>Ethernet port<\/td><td><\/td><td><\/td><td><strong>\u2713<\/strong><\/td><td><strong>\u2713<\/strong><\/td><td><strong>\u2713<\/strong><\/td><td><strong>\u2713<\/strong><\/td><\/tr><tr><td>7<\/td><td>Knapp f\u00f6r system\u00e5terst\u00e4llning (omstart)<\/td><td><strong>\u2713<\/strong><\/td><td><strong>\u2713<\/strong><\/td><td><strong>\u2713<\/strong><\/td><td><strong>\u2713<\/strong><\/td><td><strong>\u2713<\/strong><\/td><td><strong>\u2713<\/strong><\/td><\/tr><tr><td>8<\/td><td>Knapp f\u00f6r fabriks\u00e5terst\u00e4llning<\/td><td><strong>\u2713<\/strong><\/td><td><strong>\u2713<\/strong><\/td><td><strong>\u2713<\/strong><\/td><td><strong>\u2713<\/strong><\/td><td><strong>\u2713<\/strong><\/td><td><strong>\u2713<\/strong><\/td><\/tr><tr><td>9<\/td><td>Knapp f\u00f6r aktivering\/avaktivering av WiFi-accesspunkt<\/td><td><strong>\u2713<\/strong><\/td><td><strong>\u2713<\/strong><\/td><td><\/td><td><\/td><td><\/td><td><\/td><\/tr><tr><td>10<\/td><td>LED f\u00f6r indikation av str\u00f6mf\u00f6rs\u00f6rjning<\/td><td><strong>\u2713<\/strong><\/td><td><strong>\u2713<\/strong><\/td><td><strong>\u2713<\/strong><\/td><td><strong>\u2713<\/strong><\/td><td><strong>\u2713<\/strong><\/td><td><strong>\u2713<\/strong><\/td><\/tr><tr><td>11<\/td><td>LED f\u00f6r indikation av inkommande data<\/td><td><strong>\u2713<\/strong><\/td><td><strong>\u2713<\/strong><\/td><td><strong>\u2713<\/strong><\/td><td><strong>\u2713<\/strong><\/td><td><strong>\u2713<\/strong><\/td><td><strong>\u2713<\/strong><\/td><\/tr><tr><td>12<\/td><td>LED f\u00f6r indikation av utg\u00e5ende data<\/td><td><\/td><td><\/td><td><\/td><td><\/td><td><\/td><td><strong>\u2713<\/strong><\/td><\/tr><tr><td>13<\/td><td>LED f\u00f6r indikation av WiFi-anslutning<\/td><td><strong>\u2713<\/strong><\/td><td><strong>\u2713<\/strong><\/td><td><\/td><td><\/td><td><\/td><td><\/td><\/tr><tr><td>14<\/td><td>LED f\u00f6r indikation av WiFi-accesspunkt<\/td><td><strong>\u2713<\/strong><\/td><td><strong>\u2713<\/strong><\/td><td><\/td><td><\/td><td><\/td><td><\/td><\/tr><tr><td>15<\/td><td>LED f\u00f6r indikation av MBus anslutning<\/td><td><\/td><td><strong>\u2713<\/strong><\/td><td><\/td><td><\/td><td><strong>\u2713<\/strong><\/td><td><\/td><\/tr><\/tbody><\/table><\/figure>\n","protected":false},"excerpt":{"rendered":"<p>Beskrivning # Beskrivning Typ 81 Typ 82 Typ 41 Typ 41-poe Typ 42-poe Typ 44-poe 1 RJ12 port f\u00f6r anslutning till elm\u00e4tarens P1 port \u2713 \u2713 \u2713 2 RJ45 port f\u00f6r anslutning till elm\u00e4tarens HAN port \u2713 \u2713 3 RS485 port f\u00f6r anslutning till Modbus RTU slinga \u2713 4 USB port f\u00f6r str\u00f6mf\u00f6rs\u00f6rjning och systemloggning [&hellip;]<\/p>\n","protected":false},"author":2,"featured_media":0,"parent":694,"menu_order":0,"comment_status":"closed","ping_status":"closed","template":"","meta":{"footnotes":""},"yoast_head":"<!-- This site is optimized with the Yoast SEO plugin v21.7 - https:\/\/yoast.com\/wordpress\/plugins\/seo\/ -->\n<title>H\u00e5rdvara - Energy Intelligence<\/title>\n<meta name=\"description\" content=\"Anv\u00e4ndarmanual av h\u00e5rdvaran i Energy Intelligences elm\u00e4taravl\u00e4sare f\u00f6r smarta elm\u00e4tare med P1\/HAN port.\" \/>\n<meta name=\"robots\" content=\"index, follow, max-snippet:-1, max-image-preview:large, max-video-preview:-1\" \/>\n<link rel=\"canonical\" href=\"https:\/\/energyintelligence.se\/shop\/anvandarmanual\/hardvara\/\" \/>\n<meta property=\"og:locale\" content=\"sv_SE\" \/>\n<meta property=\"og:type\" content=\"article\" \/>\n<meta property=\"og:title\" content=\"H\u00e5rdvara - Energy Intelligence\" \/>\n<meta property=\"og:description\" content=\"Anv\u00e4ndarmanual av h\u00e5rdvaran i Energy Intelligences elm\u00e4taravl\u00e4sare f\u00f6r smarta elm\u00e4tare med P1\/HAN port.\" \/>\n<meta property=\"og:url\" content=\"https:\/\/energyintelligence.se\/shop\/anvandarmanual\/hardvara\/\" \/>\n<meta property=\"og:site_name\" content=\"Energy Intelligence\" \/>\n<meta property=\"article:modified_time\" content=\"2025-08-20T08:30:08+00:00\" \/>\n<meta property=\"og:image\" content=\"https:\/\/energyintelligence.se\/shop\/wp-content\/uploads\/2025\/08\/HWParts81.png\" \/>\n<meta name=\"twitter:card\" content=\"summary_large_image\" \/>\n<meta name=\"twitter:label1\" content=\"Ber\u00e4knad l\u00e4stid\" \/>\n\t<meta name=\"twitter:data1\" content=\"2 minuter\" \/>\n<script type=\"application\/ld+json\" class=\"yoast-schema-graph\">{\"@context\":\"https:\/\/schema.org\",\"@graph\":[{\"@type\":\"WebPage\",\"@id\":\"https:\/\/energyintelligence.se\/shop\/anvandarmanual\/hardvara\/\",\"url\":\"https:\/\/energyintelligence.se\/shop\/anvandarmanual\/hardvara\/\",\"name\":\"H\u00e5rdvara - Energy Intelligence\",\"isPartOf\":{\"@id\":\"https:\/\/energyintelligence.se\/shop\/#website\"},\"datePublished\":\"2022-09-14T09:31:19+00:00\",\"dateModified\":\"2025-08-20T08:30:08+00:00\",\"description\":\"Anv\u00e4ndarmanual av h\u00e5rdvaran i Energy Intelligences elm\u00e4taravl\u00e4sare f\u00f6r smarta elm\u00e4tare med P1\/HAN port.\",\"breadcrumb\":{\"@id\":\"https:\/\/energyintelligence.se\/shop\/anvandarmanual\/hardvara\/#breadcrumb\"},\"inLanguage\":\"sv-SE\",\"potentialAction\":[{\"@type\":\"ReadAction\",\"target\":[\"https:\/\/energyintelligence.se\/shop\/anvandarmanual\/hardvara\/\"]}]},{\"@type\":\"BreadcrumbList\",\"@id\":\"https:\/\/energyintelligence.se\/shop\/anvandarmanual\/hardvara\/#breadcrumb\",\"itemListElement\":[{\"@type\":\"ListItem\",\"position\":1,\"name\":\"Hem\",\"item\":\"https:\/\/energyintelligence.se\/shop\/\"},{\"@type\":\"ListItem\",\"position\":2,\"name\":\"Anv\u00e4ndarmanual\",\"item\":\"https:\/\/energyintelligence.se\/shop\/anvandarmanual\/\"},{\"@type\":\"ListItem\",\"position\":3,\"name\":\"H\u00e5rdvara\"}]},{\"@type\":\"WebSite\",\"@id\":\"https:\/\/energyintelligence.se\/shop\/#website\",\"url\":\"https:\/\/energyintelligence.se\/shop\/\",\"name\":\"Energy Intelligence\",\"description\":\"Ta kontroll \u00f6ver din elf\u00f6rbrukning\",\"publisher\":{\"@id\":\"https:\/\/energyintelligence.se\/shop\/#organization\"},\"potentialAction\":[{\"@type\":\"SearchAction\",\"target\":{\"@type\":\"EntryPoint\",\"urlTemplate\":\"https:\/\/energyintelligence.se\/shop\/?s={search_term_string}\"},\"query-input\":\"required name=search_term_string\"}],\"inLanguage\":\"sv-SE\"},{\"@type\":\"Organization\",\"@id\":\"https:\/\/energyintelligence.se\/shop\/#organization\",\"name\":\"Notima Energy Intelligence AB\",\"url\":\"https:\/\/energyintelligence.se\/shop\/\",\"logo\":{\"@type\":\"ImageObject\",\"inLanguage\":\"sv-SE\",\"@id\":\"https:\/\/energyintelligence.se\/shop\/#\/schema\/logo\/image\/\",\"url\":\"https:\/\/energyintelligence.se\/shop\/wp-content\/uploads\/2023\/11\/cropped-EI-300x66-1.png\",\"contentUrl\":\"https:\/\/energyintelligence.se\/shop\/wp-content\/uploads\/2023\/11\/cropped-EI-300x66-1.png\",\"width\":300,\"height\":66,\"caption\":\"Notima Energy Intelligence AB\"},\"image\":{\"@id\":\"https:\/\/energyintelligence.se\/shop\/#\/schema\/logo\/image\/\"}}]}<\/script>\n<!-- \/ Yoast SEO plugin. -->","yoast_head_json":{"title":"H\u00e5rdvara - Energy Intelligence","description":"Anv\u00e4ndarmanual av h\u00e5rdvaran i Energy Intelligences elm\u00e4taravl\u00e4sare f\u00f6r smarta elm\u00e4tare med P1\/HAN port.","robots":{"index":"index","follow":"follow","max-snippet":"max-snippet:-1","max-image-preview":"max-image-preview:large","max-video-preview":"max-video-preview:-1"},"canonical":"https:\/\/energyintelligence.se\/shop\/anvandarmanual\/hardvara\/","og_locale":"sv_SE","og_type":"article","og_title":"H\u00e5rdvara - Energy Intelligence","og_description":"Anv\u00e4ndarmanual av h\u00e5rdvaran i Energy Intelligences elm\u00e4taravl\u00e4sare f\u00f6r smarta elm\u00e4tare med P1\/HAN port.","og_url":"https:\/\/energyintelligence.se\/shop\/anvandarmanual\/hardvara\/","og_site_name":"Energy Intelligence","article_modified_time":"2025-08-20T08:30:08+00:00","og_image":[{"url":"https:\/\/energyintelligence.se\/shop\/wp-content\/uploads\/2025\/08\/HWParts81.png"}],"twitter_card":"summary_large_image","twitter_misc":{"Ber\u00e4knad l\u00e4stid":"2 minuter"},"schema":{"@context":"https:\/\/schema.org","@graph":[{"@type":"WebPage","@id":"https:\/\/energyintelligence.se\/shop\/anvandarmanual\/hardvara\/","url":"https:\/\/energyintelligence.se\/shop\/anvandarmanual\/hardvara\/","name":"H\u00e5rdvara - Energy Intelligence","isPartOf":{"@id":"https:\/\/energyintelligence.se\/shop\/#website"},"datePublished":"2022-09-14T09:31:19+00:00","dateModified":"2025-08-20T08:30:08+00:00","description":"Anv\u00e4ndarmanual av h\u00e5rdvaran i Energy Intelligences elm\u00e4taravl\u00e4sare f\u00f6r smarta elm\u00e4tare med P1\/HAN port.","breadcrumb":{"@id":"https:\/\/energyintelligence.se\/shop\/anvandarmanual\/hardvara\/#breadcrumb"},"inLanguage":"sv-SE","potentialAction":[{"@type":"ReadAction","target":["https:\/\/energyintelligence.se\/shop\/anvandarmanual\/hardvara\/"]}]},{"@type":"BreadcrumbList","@id":"https:\/\/energyintelligence.se\/shop\/anvandarmanual\/hardvara\/#breadcrumb","itemListElement":[{"@type":"ListItem","position":1,"name":"Hem","item":"https:\/\/energyintelligence.se\/shop\/"},{"@type":"ListItem","position":2,"name":"Anv\u00e4ndarmanual","item":"https:\/\/energyintelligence.se\/shop\/anvandarmanual\/"},{"@type":"ListItem","position":3,"name":"H\u00e5rdvara"}]},{"@type":"WebSite","@id":"https:\/\/energyintelligence.se\/shop\/#website","url":"https:\/\/energyintelligence.se\/shop\/","name":"Energy Intelligence","description":"Ta kontroll \u00f6ver din elf\u00f6rbrukning","publisher":{"@id":"https:\/\/energyintelligence.se\/shop\/#organization"},"potentialAction":[{"@type":"SearchAction","target":{"@type":"EntryPoint","urlTemplate":"https:\/\/energyintelligence.se\/shop\/?s={search_term_string}"},"query-input":"required name=search_term_string"}],"inLanguage":"sv-SE"},{"@type":"Organization","@id":"https:\/\/energyintelligence.se\/shop\/#organization","name":"Notima Energy Intelligence AB","url":"https:\/\/energyintelligence.se\/shop\/","logo":{"@type":"ImageObject","inLanguage":"sv-SE","@id":"https:\/\/energyintelligence.se\/shop\/#\/schema\/logo\/image\/","url":"https:\/\/energyintelligence.se\/shop\/wp-content\/uploads\/2023\/11\/cropped-EI-300x66-1.png","contentUrl":"https:\/\/energyintelligence.se\/shop\/wp-content\/uploads\/2023\/11\/cropped-EI-300x66-1.png","width":300,"height":66,"caption":"Notima Energy Intelligence AB"},"image":{"@id":"https:\/\/energyintelligence.se\/shop\/#\/schema\/logo\/image\/"}}]}},"_links":{"self":[{"href":"https:\/\/energyintelligence.se\/shop\/wp-json\/wp\/v2\/pages\/698"}],"collection":[{"href":"https:\/\/energyintelligence.se\/shop\/wp-json\/wp\/v2\/pages"}],"about":[{"href":"https:\/\/energyintelligence.se\/shop\/wp-json\/wp\/v2\/types\/page"}],"author":[{"embeddable":true,"href":"https:\/\/energyintelligence.se\/shop\/wp-json\/wp\/v2\/users\/2"}],"replies":[{"embeddable":true,"href":"https:\/\/energyintelligence.se\/shop\/wp-json\/wp\/v2\/comments?post=698"}],"version-history":[{"count":10,"href":"https:\/\/energyintelligence.se\/shop\/wp-json\/wp\/v2\/pages\/698\/revisions"}],"predecessor-version":[{"id":3158,"href":"https:\/\/energyintelligence.se\/shop\/wp-json\/wp\/v2\/pages\/698\/revisions\/3158"}],"up":[{"embeddable":true,"href":"https:\/\/energyintelligence.se\/shop\/wp-json\/wp\/v2\/pages\/694"}],"wp:attachment":[{"href":"https:\/\/energyintelligence.se\/shop\/wp-json\/wp\/v2\/media?parent=698"}],"curies":[{"name":"wp","href":"https:\/\/api.w.org\/{rel}","templated":true}]}}