{"id":714,"date":"2022-09-14T13:30:43","date_gmt":"2022-09-14T11:30:43","guid":{"rendered":"https:\/\/energyintelligence.se\/shop\/?page_id=714"},"modified":"2024-01-18T15:55:55","modified_gmt":"2024-01-18T13:55:55","slug":"firmware","status":"publish","type":"page","link":"https:\/\/energyintelligence.se\/shop\/anvandarmanual\/firmware\/","title":{"rendered":"Firmware &#8211; uppdatering och \u00e5terst\u00e4llning"},"content":{"rendered":"\n<p>Detta kapitel beskriver  anv\u00e4ndning av l\u00e4sarens firmware<\/p>\n\n\n\n<ol>\n<li><a href=\"https:\/\/energyintelligence.se\/shop\/?page_id=717\" data-type=\"page\" data-id=\"717\">Uppdatering<\/a><\/li>\n\n\n\n<li><a href=\"https:\/\/energyintelligence.se\/shop\/anvandarmanual\/firmware\/fabriksaterstallning\" data-type=\"page\" data-id=\"761\">Fabriks\u00e5terst\u00e4llning<\/a><\/li>\n<\/ol>\n\n\n\n<p><\/p>\n","protected":false},"excerpt":{"rendered":"<p>Detta kapitel beskriver anv\u00e4ndning av l\u00e4sarens firmware<\/p>\n","protected":false},"author":2,"featured_media":0,"parent":694,"menu_order":0,"comment_status":"closed","ping_status":"closed","template":"","meta":{"footnotes":""},"yoast_head":"<!-- This site is optimized with the Yoast SEO plugin v21.7 - https:\/\/yoast.com\/wordpress\/plugins\/seo\/ -->\n<title>Firmware - uppdatering och \u00e5terst\u00e4llning - Energy Intelligence<\/title>\n<meta name=\"description\" content=\"Anv\u00e4ndarmanual f\u00f6r uppdatering och fabriks\u00e5terst\u00e4llning av firmware f\u00f6r Energy Intelligences elm\u00e4taravl\u00e4sare f\u00f6r smarta elm\u00e4tare med P1\/HAN port.\" \/>\n<meta name=\"robots\" content=\"index, follow, max-snippet:-1, max-image-preview:large, max-video-preview:-1\" \/>\n<link rel=\"canonical\" href=\"https:\/\/energyintelligence.se\/shop\/anvandarmanual\/firmware\/\" \/>\n<meta property=\"og:locale\" content=\"sv_SE\" \/>\n<meta property=\"og:type\" content=\"article\" \/>\n<meta property=\"og:title\" content=\"Firmware - uppdatering och \u00e5terst\u00e4llning - Energy Intelligence\" \/>\n<meta property=\"og:description\" content=\"Anv\u00e4ndarmanual f\u00f6r uppdatering och fabriks\u00e5terst\u00e4llning av firmware f\u00f6r Energy Intelligences elm\u00e4taravl\u00e4sare f\u00f6r smarta elm\u00e4tare med P1\/HAN port.\" \/>\n<meta property=\"og:url\" content=\"https:\/\/energyintelligence.se\/shop\/anvandarmanual\/firmware\/\" \/>\n<meta property=\"og:site_name\" content=\"Energy Intelligence\" \/>\n<meta property=\"article:modified_time\" content=\"2024-01-18T13:55:55+00:00\" \/>\n<meta name=\"twitter:card\" content=\"summary_large_image\" \/>\n<meta name=\"twitter:label1\" content=\"Ber\u00e4knad l\u00e4stid\" \/>\n\t<meta name=\"twitter:data1\" content=\"1 minut\" \/>\n<script type=\"application\/ld+json\" class=\"yoast-schema-graph\">{\"@context\":\"https:\/\/schema.org\",\"@graph\":[{\"@type\":\"WebPage\",\"@id\":\"https:\/\/energyintelligence.se\/shop\/anvandarmanual\/firmware\/\",\"url\":\"https:\/\/energyintelligence.se\/shop\/anvandarmanual\/firmware\/\",\"name\":\"Firmware - uppdatering och \u00e5terst\u00e4llning - Energy Intelligence\",\"isPartOf\":{\"@id\":\"https:\/\/energyintelligence.se\/shop\/#website\"},\"datePublished\":\"2022-09-14T11:30:43+00:00\",\"dateModified\":\"2024-01-18T13:55:55+00:00\",\"description\":\"Anv\u00e4ndarmanual f\u00f6r uppdatering och fabriks\u00e5terst\u00e4llning av firmware f\u00f6r Energy Intelligences elm\u00e4taravl\u00e4sare f\u00f6r smarta elm\u00e4tare med P1\/HAN port.\",\"breadcrumb\":{\"@id\":\"https:\/\/energyintelligence.se\/shop\/anvandarmanual\/firmware\/#breadcrumb\"},\"inLanguage\":\"sv-SE\",\"potentialAction\":[{\"@type\":\"ReadAction\",\"target\":[\"https:\/\/energyintelligence.se\/shop\/anvandarmanual\/firmware\/\"]}]},{\"@type\":\"BreadcrumbList\",\"@id\":\"https:\/\/energyintelligence.se\/shop\/anvandarmanual\/firmware\/#breadcrumb\",\"itemListElement\":[{\"@type\":\"ListItem\",\"position\":1,\"name\":\"Hem\",\"item\":\"https:\/\/energyintelligence.se\/shop\/\"},{\"@type\":\"ListItem\",\"position\":2,\"name\":\"Anv\u00e4ndarmanual\",\"item\":\"https:\/\/energyintelligence.se\/shop\/anvandarmanual\/\"},{\"@type\":\"ListItem\",\"position\":3,\"name\":\"Firmware &#8211; uppdatering och \u00e5terst\u00e4llning\"}]},{\"@type\":\"WebSite\",\"@id\":\"https:\/\/energyintelligence.se\/shop\/#website\",\"url\":\"https:\/\/energyintelligence.se\/shop\/\",\"name\":\"Energy Intelligence\",\"description\":\"Ta kontroll \u00f6ver din elf\u00f6rbrukning\",\"publisher\":{\"@id\":\"https:\/\/energyintelligence.se\/shop\/#organization\"},\"potentialAction\":[{\"@type\":\"SearchAction\",\"target\":{\"@type\":\"EntryPoint\",\"urlTemplate\":\"https:\/\/energyintelligence.se\/shop\/?s={search_term_string}\"},\"query-input\":\"required name=search_term_string\"}],\"inLanguage\":\"sv-SE\"},{\"@type\":\"Organization\",\"@id\":\"https:\/\/energyintelligence.se\/shop\/#organization\",\"name\":\"Notima Energy Intelligence AB\",\"url\":\"https:\/\/energyintelligence.se\/shop\/\",\"logo\":{\"@type\":\"ImageObject\",\"inLanguage\":\"sv-SE\",\"@id\":\"https:\/\/energyintelligence.se\/shop\/#\/schema\/logo\/image\/\",\"url\":\"https:\/\/energyintelligence.se\/shop\/wp-content\/uploads\/2023\/11\/cropped-EI-300x66-1.png\",\"contentUrl\":\"https:\/\/energyintelligence.se\/shop\/wp-content\/uploads\/2023\/11\/cropped-EI-300x66-1.png\",\"width\":300,\"height\":66,\"caption\":\"Notima Energy Intelligence AB\"},\"image\":{\"@id\":\"https:\/\/energyintelligence.se\/shop\/#\/schema\/logo\/image\/\"}}]}<\/script>\n<!-- \/ Yoast SEO plugin. -->","yoast_head_json":{"title":"Firmware - uppdatering och \u00e5terst\u00e4llning - Energy Intelligence","description":"Anv\u00e4ndarmanual f\u00f6r uppdatering och fabriks\u00e5terst\u00e4llning av firmware f\u00f6r Energy Intelligences elm\u00e4taravl\u00e4sare f\u00f6r smarta elm\u00e4tare med P1\/HAN port.","robots":{"index":"index","follow":"follow","max-snippet":"max-snippet:-1","max-image-preview":"max-image-preview:large","max-video-preview":"max-video-preview:-1"},"canonical":"https:\/\/energyintelligence.se\/shop\/anvandarmanual\/firmware\/","og_locale":"sv_SE","og_type":"article","og_title":"Firmware - uppdatering och \u00e5terst\u00e4llning - Energy Intelligence","og_description":"Anv\u00e4ndarmanual f\u00f6r uppdatering och fabriks\u00e5terst\u00e4llning av firmware f\u00f6r Energy Intelligences elm\u00e4taravl\u00e4sare f\u00f6r smarta elm\u00e4tare med P1\/HAN port.","og_url":"https:\/\/energyintelligence.se\/shop\/anvandarmanual\/firmware\/","og_site_name":"Energy Intelligence","article_modified_time":"2024-01-18T13:55:55+00:00","twitter_card":"summary_large_image","twitter_misc":{"Ber\u00e4knad l\u00e4stid":"1 minut"},"schema":{"@context":"https:\/\/schema.org","@graph":[{"@type":"WebPage","@id":"https:\/\/energyintelligence.se\/shop\/anvandarmanual\/firmware\/","url":"https:\/\/energyintelligence.se\/shop\/anvandarmanual\/firmware\/","name":"Firmware - uppdatering och \u00e5terst\u00e4llning - Energy Intelligence","isPartOf":{"@id":"https:\/\/energyintelligence.se\/shop\/#website"},"datePublished":"2022-09-14T11:30:43+00:00","dateModified":"2024-01-18T13:55:55+00:00","description":"Anv\u00e4ndarmanual f\u00f6r uppdatering och fabriks\u00e5terst\u00e4llning av firmware f\u00f6r Energy Intelligences elm\u00e4taravl\u00e4sare f\u00f6r smarta elm\u00e4tare med P1\/HAN port.","breadcrumb":{"@id":"https:\/\/energyintelligence.se\/shop\/anvandarmanual\/firmware\/#breadcrumb"},"inLanguage":"sv-SE","potentialAction":[{"@type":"ReadAction","target":["https:\/\/energyintelligence.se\/shop\/anvandarmanual\/firmware\/"]}]},{"@type":"BreadcrumbList","@id":"https:\/\/energyintelligence.se\/shop\/anvandarmanual\/firmware\/#breadcrumb","itemListElement":[{"@type":"ListItem","position":1,"name":"Hem","item":"https:\/\/energyintelligence.se\/shop\/"},{"@type":"ListItem","position":2,"name":"Anv\u00e4ndarmanual","item":"https:\/\/energyintelligence.se\/shop\/anvandarmanual\/"},{"@type":"ListItem","position":3,"name":"Firmware &#8211; uppdatering och \u00e5terst\u00e4llning"}]},{"@type":"WebSite","@id":"https:\/\/energyintelligence.se\/shop\/#website","url":"https:\/\/energyintelligence.se\/shop\/","name":"Energy Intelligence","description":"Ta kontroll \u00f6ver din elf\u00f6rbrukning","publisher":{"@id":"https:\/\/energyintelligence.se\/shop\/#organization"},"potentialAction":[{"@type":"SearchAction","target":{"@type":"EntryPoint","urlTemplate":"https:\/\/energyintelligence.se\/shop\/?s={search_term_string}"},"query-input":"required name=search_term_string"}],"inLanguage":"sv-SE"},{"@type":"Organization","@id":"https:\/\/energyintelligence.se\/shop\/#organization","name":"Notima Energy Intelligence AB","url":"https:\/\/energyintelligence.se\/shop\/","logo":{"@type":"ImageObject","inLanguage":"sv-SE","@id":"https:\/\/energyintelligence.se\/shop\/#\/schema\/logo\/image\/","url":"https:\/\/energyintelligence.se\/shop\/wp-content\/uploads\/2023\/11\/cropped-EI-300x66-1.png","contentUrl":"https:\/\/energyintelligence.se\/shop\/wp-content\/uploads\/2023\/11\/cropped-EI-300x66-1.png","width":300,"height":66,"caption":"Notima Energy Intelligence AB"},"image":{"@id":"https:\/\/energyintelligence.se\/shop\/#\/schema\/logo\/image\/"}}]}},"_links":{"self":[{"href":"https:\/\/energyintelligence.se\/shop\/wp-json\/wp\/v2\/pages\/714"}],"collection":[{"href":"https:\/\/energyintelligence.se\/shop\/wp-json\/wp\/v2\/pages"}],"about":[{"href":"https:\/\/energyintelligence.se\/shop\/wp-json\/wp\/v2\/types\/page"}],"author":[{"embeddable":true,"href":"https:\/\/energyintelligence.se\/shop\/wp-json\/wp\/v2\/users\/2"}],"replies":[{"embeddable":true,"href":"https:\/\/energyintelligence.se\/shop\/wp-json\/wp\/v2\/comments?post=714"}],"version-history":[{"count":3,"href":"https:\/\/energyintelligence.se\/shop\/wp-json\/wp\/v2\/pages\/714\/revisions"}],"predecessor-version":[{"id":1204,"href":"https:\/\/energyintelligence.se\/shop\/wp-json\/wp\/v2\/pages\/714\/revisions\/1204"}],"up":[{"embeddable":true,"href":"https:\/\/energyintelligence.se\/shop\/wp-json\/wp\/v2\/pages\/694"}],"wp:attachment":[{"href":"https:\/\/energyintelligence.se\/shop\/wp-json\/wp\/v2\/media?parent=714"}],"curies":[{"name":"wp","href":"https:\/\/api.w.org\/{rel}","templated":true}]}}