{"id":717,"date":"2022-09-14T13:33:52","date_gmt":"2022-09-14T11:33:52","guid":{"rendered":"https:\/\/energyintelligence.se\/shop\/?page_id=717"},"modified":"2024-05-28T11:20:47","modified_gmt":"2024-05-28T09:20:47","slug":"uppdatering","status":"publish","type":"page","link":"https:\/\/energyintelligence.se\/shop\/anvandarmanual\/firmware\/uppdatering\/","title":{"rendered":"Uppdatering"},"content":{"rendered":"\n<p>Den senaste versionen av l\u00e4sarens firmware finns att ladda ned <a href=\"https:\/\/energyintelligence.se\/shop\/firmware\" data-type=\"page\" data-id=\"357\">h\u00e4r<\/a>.<\/p>\n\n\n\n<p><strong>OBS! Vi har ej m\u00f6jlighet att ge gratis support p\u00e5 firmware uppdateringar ni sj\u00e4lva v\u00e4ljer att g\u00f6ra utan uppmaning fr\u00e5n oss. Den firmware som kommer f\u00f6rinstallerad \u00e4r anpassad f\u00f6r den h\u00e5rdvara ni har. V\u00e4ljer ni en icke kompatibel firmware j\u00e4mf\u00f6rt med den h\u00e5rdvara ni har kan enheten sluta fungera. Firmware uppdatering sker p\u00e5 egen risk.<\/strong><\/p>\n\n\n\n<p>F\u00f6ljande tv\u00e5 metoder kan anv\u00e4ndas f\u00f6r att uppdatera enhetens firmware:<\/p>\n\n\n\n<h2 class=\"wp-block-heading\" id=\"ota\">Tr\u00e5dl\u00f6s uppdatering<\/h2>\n\n\n\n<p>Enhetens firmware kan uppdateras tr\u00e5dl\u00f6st Over The Air (OTA) genom en WiFi anslutning. Detta \u00e4r det enklaste s\u00e4ttat att uppdatera enheten och alla inst\u00e4llningar som gjorts kommer att beh\u00e5llas (f\u00f6rutom modbus konfigurationer). F\u00f6lj nedanst\u00e5ende steg f\u00f6r att utf\u00f6ra en OTA uppdatering:<\/p>\n\n\n\n<ol>\n<li>Se till att din dator \u00e4r uppkoplad p\u00e5 samma n\u00e4tverk som enheten och surfa in p\u00e5 webbgr\u00e4nssnittet.<\/li>\n\n\n\n<li>Klicka p\u00e5 &#8221;Firmware&#8221; i menyn till v\u00e4nster<\/li>\n\n\n\n<li>Ladda upp firmware filen. Detta skall vara en .zip fil som inte ska packas upp innan uppladdning.<\/li>\n\n\n\n<li>Klicka p\u00e5 knappen &#8221;Update firmware&#8221; och v\u00e4nta tills uppdateringen \u00e4r klar.<\/li>\n\n\n\n<li>Kontrollera att det nya versionsnumret visas i webbgr\u00e4nssnittet.<\/li>\n<\/ol>\n\n\n\n<p>Enheten kommer att starta om automatiskt n\u00e4r uppdateringen \u00e4r slutf\u00f6rd.<\/p>\n\n\n\n<h2 class=\"wp-block-heading\" id=\"usb\">Uppdatering via USB<\/h2>\n\n\n\n<p>Enheten kan ocks\u00e5 uppdateras via USB. Detta kan vara n\u00f6dv\u00e4ndigt om webbgr\u00e4nssnittet inte g\u00e5r att komma \u00e5t eller om enheten inte \u00e4r responsiv. Observera att uppdatering via USB kommer att \u00e5terst\u00e4lla alla inst\u00e4llningar.<\/p>\n\n\n\n<p>F\u00f6r att uppdatera via USB kr\u00e4vs verktyget <em>mos<\/em>. L\u00e4s mer om hur man installerar och anv\u00e4nder mos <a href=\"https:\/\/mongoose-os.com\/docs\/mongoose-os\/quickstart\/setup.md#1-download-and-install-mos-tool\" data-type=\"URL\" data-id=\"https:\/\/mongoose-os.com\/docs\/mongoose-os\/quickstart\/setup.md#1-download-and-install-mos-tool\">h\u00e4r<\/a>.<\/p>\n\n\n\n<p>N\u00e4r mos \u00e4r installerat kan man uppdatera genom att koppla en USB kabel mellan datorn och l\u00e4sarens USB port. \u00f6ppna sedan en kommandprompt p\u00e5 datorn och k\u00f6r f\u00f6ljande kommando:<\/p>\n\n\n\n<pre class=\"wp-block-code\"><code>mos flash path\/to\/file<\/code><\/pre>\n\n\n\n<p>Ers\u00e4tt &#8221;path\/to\/file&#8221; med filens s\u00f6kv\u00e4g.<\/p>\n\n\n\n<p>Av n\u00e5gon anledning kan enheterna med Atom processor (enheter med inbyggd wifi) vara sv\u00e5ra att flasha med mos. Det yttrar sig i att den inte &#8221;tar&#8221; firmwaren. Pr\u00f6va d\u00e5 att k\u00f6ra &#8221;mos flash&#8221; enligt ovan tills dess att firmwaren &#8221;fastnar&#8221;. Det kan ta ett antal f\u00f6rs\u00f6k.<\/p>\n\n\n\n<p>Har du problem att komma \u00e5t enheten p\u00e5 en Linux dator, se d\u00e5 denna <a href=\"https:\/\/koen.vervloesem.eu\/blog\/how-to-stop-brltty-from-claiming-your-usb-uart-interface-on-linux\/\">l\u00e4nk<\/a>.<\/p>\n","protected":false},"excerpt":{"rendered":"<p>Den senaste versionen av l\u00e4sarens firmware finns att ladda ned h\u00e4r. OBS! Vi har ej m\u00f6jlighet att ge gratis support p\u00e5 firmware uppdateringar ni sj\u00e4lva v\u00e4ljer att g\u00f6ra utan uppmaning fr\u00e5n oss. Den firmware som kommer f\u00f6rinstallerad \u00e4r anpassad f\u00f6r den h\u00e5rdvara ni har. V\u00e4ljer ni en icke kompatibel firmware j\u00e4mf\u00f6rt med den h\u00e5rdvara ni [&hellip;]<\/p>\n","protected":false},"author":2,"featured_media":0,"parent":714,"menu_order":0,"comment_status":"closed","ping_status":"closed","template":"","meta":{"footnotes":""},"yoast_head":"<!-- This site is optimized with the Yoast SEO plugin v21.7 - https:\/\/yoast.com\/wordpress\/plugins\/seo\/ -->\n<title>Uppdatering - Energy Intelligence<\/title>\n<meta name=\"description\" content=\"Anv\u00e4ndarmanual f\u00f6r firmware uppgradering av Energy Intelligences elm\u00e4taravl\u00e4sare f\u00f6r smarta elm\u00e4tare med P1\/HAN port.\" \/>\n<meta name=\"robots\" content=\"index, follow, max-snippet:-1, max-image-preview:large, max-video-preview:-1\" \/>\n<link rel=\"canonical\" href=\"https:\/\/energyintelligence.se\/shop\/anvandarmanual\/firmware\/uppdatering\/\" \/>\n<meta property=\"og:locale\" content=\"sv_SE\" \/>\n<meta property=\"og:type\" content=\"article\" \/>\n<meta property=\"og:title\" content=\"Uppdatering - Energy Intelligence\" \/>\n<meta property=\"og:description\" content=\"Anv\u00e4ndarmanual f\u00f6r firmware uppgradering av Energy Intelligences elm\u00e4taravl\u00e4sare f\u00f6r smarta elm\u00e4tare med P1\/HAN port.\" \/>\n<meta property=\"og:url\" content=\"https:\/\/energyintelligence.se\/shop\/anvandarmanual\/firmware\/uppdatering\/\" \/>\n<meta property=\"og:site_name\" content=\"Energy Intelligence\" \/>\n<meta property=\"article:modified_time\" content=\"2024-05-28T09:20:47+00:00\" \/>\n<meta name=\"twitter:card\" content=\"summary_large_image\" \/>\n<meta name=\"twitter:label1\" content=\"Ber\u00e4knad l\u00e4stid\" \/>\n\t<meta name=\"twitter:data1\" content=\"2 minuter\" \/>\n<script type=\"application\/ld+json\" class=\"yoast-schema-graph\">{\"@context\":\"https:\/\/schema.org\",\"@graph\":[{\"@type\":\"WebPage\",\"@id\":\"https:\/\/energyintelligence.se\/shop\/anvandarmanual\/firmware\/uppdatering\/\",\"url\":\"https:\/\/energyintelligence.se\/shop\/anvandarmanual\/firmware\/uppdatering\/\",\"name\":\"Uppdatering - Energy Intelligence\",\"isPartOf\":{\"@id\":\"https:\/\/energyintelligence.se\/shop\/#website\"},\"datePublished\":\"2022-09-14T11:33:52+00:00\",\"dateModified\":\"2024-05-28T09:20:47+00:00\",\"description\":\"Anv\u00e4ndarmanual f\u00f6r firmware uppgradering av Energy Intelligences elm\u00e4taravl\u00e4sare f\u00f6r smarta elm\u00e4tare med P1\/HAN port.\",\"breadcrumb\":{\"@id\":\"https:\/\/energyintelligence.se\/shop\/anvandarmanual\/firmware\/uppdatering\/#breadcrumb\"},\"inLanguage\":\"sv-SE\",\"potentialAction\":[{\"@type\":\"ReadAction\",\"target\":[\"https:\/\/energyintelligence.se\/shop\/anvandarmanual\/firmware\/uppdatering\/\"]}]},{\"@type\":\"BreadcrumbList\",\"@id\":\"https:\/\/energyintelligence.se\/shop\/anvandarmanual\/firmware\/uppdatering\/#breadcrumb\",\"itemListElement\":[{\"@type\":\"ListItem\",\"position\":1,\"name\":\"Hem\",\"item\":\"https:\/\/energyintelligence.se\/shop\/\"},{\"@type\":\"ListItem\",\"position\":2,\"name\":\"Anv\u00e4ndarmanual\",\"item\":\"https:\/\/energyintelligence.se\/shop\/anvandarmanual\/\"},{\"@type\":\"ListItem\",\"position\":3,\"name\":\"Firmware &#8211; uppdatering och \u00e5terst\u00e4llning\",\"item\":\"https:\/\/energyintelligence.se\/shop\/anvandarmanual\/firmware\/\"},{\"@type\":\"ListItem\",\"position\":4,\"name\":\"Uppdatering\"}]},{\"@type\":\"WebSite\",\"@id\":\"https:\/\/energyintelligence.se\/shop\/#website\",\"url\":\"https:\/\/energyintelligence.se\/shop\/\",\"name\":\"Energy Intelligence\",\"description\":\"Ta kontroll \u00f6ver din elf\u00f6rbrukning\",\"publisher\":{\"@id\":\"https:\/\/energyintelligence.se\/shop\/#organization\"},\"potentialAction\":[{\"@type\":\"SearchAction\",\"target\":{\"@type\":\"EntryPoint\",\"urlTemplate\":\"https:\/\/energyintelligence.se\/shop\/?s={search_term_string}\"},\"query-input\":\"required name=search_term_string\"}],\"inLanguage\":\"sv-SE\"},{\"@type\":\"Organization\",\"@id\":\"https:\/\/energyintelligence.se\/shop\/#organization\",\"name\":\"Notima Energy Intelligence AB\",\"url\":\"https:\/\/energyintelligence.se\/shop\/\",\"logo\":{\"@type\":\"ImageObject\",\"inLanguage\":\"sv-SE\",\"@id\":\"https:\/\/energyintelligence.se\/shop\/#\/schema\/logo\/image\/\",\"url\":\"https:\/\/energyintelligence.se\/shop\/wp-content\/uploads\/2023\/11\/cropped-EI-300x66-1.png\",\"contentUrl\":\"https:\/\/energyintelligence.se\/shop\/wp-content\/uploads\/2023\/11\/cropped-EI-300x66-1.png\",\"width\":300,\"height\":66,\"caption\":\"Notima Energy Intelligence AB\"},\"image\":{\"@id\":\"https:\/\/energyintelligence.se\/shop\/#\/schema\/logo\/image\/\"}}]}<\/script>\n<!-- \/ Yoast SEO plugin. -->","yoast_head_json":{"title":"Uppdatering - Energy Intelligence","description":"Anv\u00e4ndarmanual f\u00f6r firmware uppgradering av Energy Intelligences elm\u00e4taravl\u00e4sare f\u00f6r smarta elm\u00e4tare med P1\/HAN port.","robots":{"index":"index","follow":"follow","max-snippet":"max-snippet:-1","max-image-preview":"max-image-preview:large","max-video-preview":"max-video-preview:-1"},"canonical":"https:\/\/energyintelligence.se\/shop\/anvandarmanual\/firmware\/uppdatering\/","og_locale":"sv_SE","og_type":"article","og_title":"Uppdatering - Energy Intelligence","og_description":"Anv\u00e4ndarmanual f\u00f6r firmware uppgradering av Energy Intelligences elm\u00e4taravl\u00e4sare f\u00f6r smarta elm\u00e4tare med P1\/HAN port.","og_url":"https:\/\/energyintelligence.se\/shop\/anvandarmanual\/firmware\/uppdatering\/","og_site_name":"Energy Intelligence","article_modified_time":"2024-05-28T09:20:47+00:00","twitter_card":"summary_large_image","twitter_misc":{"Ber\u00e4knad l\u00e4stid":"2 minuter"},"schema":{"@context":"https:\/\/schema.org","@graph":[{"@type":"WebPage","@id":"https:\/\/energyintelligence.se\/shop\/anvandarmanual\/firmware\/uppdatering\/","url":"https:\/\/energyintelligence.se\/shop\/anvandarmanual\/firmware\/uppdatering\/","name":"Uppdatering - Energy Intelligence","isPartOf":{"@id":"https:\/\/energyintelligence.se\/shop\/#website"},"datePublished":"2022-09-14T11:33:52+00:00","dateModified":"2024-05-28T09:20:47+00:00","description":"Anv\u00e4ndarmanual f\u00f6r firmware uppgradering av Energy Intelligences elm\u00e4taravl\u00e4sare f\u00f6r smarta elm\u00e4tare med P1\/HAN port.","breadcrumb":{"@id":"https:\/\/energyintelligence.se\/shop\/anvandarmanual\/firmware\/uppdatering\/#breadcrumb"},"inLanguage":"sv-SE","potentialAction":[{"@type":"ReadAction","target":["https:\/\/energyintelligence.se\/shop\/anvandarmanual\/firmware\/uppdatering\/"]}]},{"@type":"BreadcrumbList","@id":"https:\/\/energyintelligence.se\/shop\/anvandarmanual\/firmware\/uppdatering\/#breadcrumb","itemListElement":[{"@type":"ListItem","position":1,"name":"Hem","item":"https:\/\/energyintelligence.se\/shop\/"},{"@type":"ListItem","position":2,"name":"Anv\u00e4ndarmanual","item":"https:\/\/energyintelligence.se\/shop\/anvandarmanual\/"},{"@type":"ListItem","position":3,"name":"Firmware &#8211; uppdatering och \u00e5terst\u00e4llning","item":"https:\/\/energyintelligence.se\/shop\/anvandarmanual\/firmware\/"},{"@type":"ListItem","position":4,"name":"Uppdatering"}]},{"@type":"WebSite","@id":"https:\/\/energyintelligence.se\/shop\/#website","url":"https:\/\/energyintelligence.se\/shop\/","name":"Energy Intelligence","description":"Ta kontroll \u00f6ver din elf\u00f6rbrukning","publisher":{"@id":"https:\/\/energyintelligence.se\/shop\/#organization"},"potentialAction":[{"@type":"SearchAction","target":{"@type":"EntryPoint","urlTemplate":"https:\/\/energyintelligence.se\/shop\/?s={search_term_string}"},"query-input":"required name=search_term_string"}],"inLanguage":"sv-SE"},{"@type":"Organization","@id":"https:\/\/energyintelligence.se\/shop\/#organization","name":"Notima Energy Intelligence AB","url":"https:\/\/energyintelligence.se\/shop\/","logo":{"@type":"ImageObject","inLanguage":"sv-SE","@id":"https:\/\/energyintelligence.se\/shop\/#\/schema\/logo\/image\/","url":"https:\/\/energyintelligence.se\/shop\/wp-content\/uploads\/2023\/11\/cropped-EI-300x66-1.png","contentUrl":"https:\/\/energyintelligence.se\/shop\/wp-content\/uploads\/2023\/11\/cropped-EI-300x66-1.png","width":300,"height":66,"caption":"Notima Energy Intelligence AB"},"image":{"@id":"https:\/\/energyintelligence.se\/shop\/#\/schema\/logo\/image\/"}}]}},"_links":{"self":[{"href":"https:\/\/energyintelligence.se\/shop\/wp-json\/wp\/v2\/pages\/717"}],"collection":[{"href":"https:\/\/energyintelligence.se\/shop\/wp-json\/wp\/v2\/pages"}],"about":[{"href":"https:\/\/energyintelligence.se\/shop\/wp-json\/wp\/v2\/types\/page"}],"author":[{"embeddable":true,"href":"https:\/\/energyintelligence.se\/shop\/wp-json\/wp\/v2\/users\/2"}],"replies":[{"embeddable":true,"href":"https:\/\/energyintelligence.se\/shop\/wp-json\/wp\/v2\/comments?post=717"}],"version-history":[{"count":5,"href":"https:\/\/energyintelligence.se\/shop\/wp-json\/wp\/v2\/pages\/717\/revisions"}],"predecessor-version":[{"id":2563,"href":"https:\/\/energyintelligence.se\/shop\/wp-json\/wp\/v2\/pages\/717\/revisions\/2563"}],"up":[{"embeddable":true,"href":"https:\/\/energyintelligence.se\/shop\/wp-json\/wp\/v2\/pages\/714"}],"wp:attachment":[{"href":"https:\/\/energyintelligence.se\/shop\/wp-json\/wp\/v2\/media?parent=717"}],"curies":[{"name":"wp","href":"https:\/\/api.w.org\/{rel}","templated":true}]}}