{"id":761,"date":"2022-09-15T08:50:50","date_gmt":"2022-09-15T06:50:50","guid":{"rendered":"https:\/\/energyintelligence.se\/shop\/?page_id=761"},"modified":"2024-01-18T15:56:39","modified_gmt":"2024-01-18T13:56:39","slug":"fabriksaterstallning","status":"publish","type":"page","link":"https:\/\/energyintelligence.se\/shop\/anvandarmanual\/firmware\/fabriksaterstallning\/","title":{"rendered":"Fabriks\u00e5terst\u00e4llning"},"content":{"rendered":"\n<h3 class=\"wp-block-heading\">Enhet med intern antenn (Atom-processor)<\/h3>\n\n\n<div class=\"wp-block-image\">\n<figure class=\"aligncenter size-full\"><img loading=\"lazy\" decoding=\"async\" width=\"900\" height=\"900\" src=\"https:\/\/energyintelligence.se\/shop\/wp-content\/uploads\/2022\/09\/drawing-numbered.png\" alt=\"\" class=\"wp-image-703\" srcset=\"https:\/\/energyintelligence.se\/shop\/wp-content\/uploads\/2022\/09\/drawing-numbered.png 900w, https:\/\/energyintelligence.se\/shop\/wp-content\/uploads\/2022\/09\/drawing-numbered-300x300.png 300w, https:\/\/energyintelligence.se\/shop\/wp-content\/uploads\/2022\/09\/drawing-numbered-150x150.png 150w, https:\/\/energyintelligence.se\/shop\/wp-content\/uploads\/2022\/09\/drawing-numbered-768x768.png 768w, https:\/\/energyintelligence.se\/shop\/wp-content\/uploads\/2022\/09\/drawing-numbered-324x324.png 324w, https:\/\/energyintelligence.se\/shop\/wp-content\/uploads\/2022\/09\/drawing-numbered-416x416.png 416w, https:\/\/energyintelligence.se\/shop\/wp-content\/uploads\/2022\/09\/drawing-numbered-100x100.png 100w\" sizes=\"(max-width: 900px) 100vw, 900px\" \/><figcaption class=\"wp-element-caption\">Beskrivning av h\u00e5rdvaran<\/figcaption><\/figure><\/div>\n\n\n<p>F\u00f6r att \u00e5terst\u00e4lla alla inst\u00e4llningar som gjorts p\u00e5 enheten trycker man in fabriks\u00e5terst\u00e4llningsknappen (nummer 4) medan man startar om enheten. H\u00e5ll knappen intryckt tills LED lampan blinkar f\u00f6r att indikera att enheten startat om. Du kan starta om enheten p\u00e5 n\u00e5got av f\u00f6ljande s\u00e4tt:<\/p>\n\n\n\n<ul>\n<li>Tryck p\u00e5 \u00e5terst\u00e4llningsknappen (nummer 3).<\/li>\n\n\n\n<li>Bryt str\u00f6mmen genom att dra ut kontakten fr\u00e5n RJ12 porten (nummer 7) och sedan stoppa in den igen. Observera att detta inte fungerar om enheten anv\u00e4nder extern str\u00f6mf\u00f6rs\u00f6rjning via str\u00f6mplinten (nummer 6).<\/li>\n<\/ul>\n\n\n\n<h3 class=\"wp-block-heading\">Enhet med extern antenn<\/h3>\n\n\n<div class=\"wp-block-image\">\n<figure class=\"aligncenter size-full\"><img loading=\"lazy\" decoding=\"async\" width=\"564\" height=\"829\" src=\"https:\/\/energyintelligence.se\/shop\/wp-content\/uploads\/2023\/04\/Buttons-P1-EA-IND.png\" alt=\"\" class=\"wp-image-1620\" srcset=\"https:\/\/energyintelligence.se\/shop\/wp-content\/uploads\/2023\/04\/Buttons-P1-EA-IND.png 564w, https:\/\/energyintelligence.se\/shop\/wp-content\/uploads\/2023\/04\/Buttons-P1-EA-IND-204x300.png 204w, https:\/\/energyintelligence.se\/shop\/wp-content\/uploads\/2023\/04\/Buttons-P1-EA-IND-416x611.png 416w\" sizes=\"(max-width: 564px) 100vw, 564px\" \/><\/figure><\/div>\n\n\n<p>Fabriks\u00e5terst\u00e4llningsknappen 9 h\u00e5lls intryckt samtidigt som enheten startas om.<\/p>\n\n\n\n<p>Enheten kan startas om antingen genom att trycka p\u00e5 omstartsknappen (nr 7 i ovanst\u00e5ende bild) eller genom att enheten g\u00f6rs str\u00f6ml\u00f6s och d\u00e4refter str\u00f6ms\u00e4tts.<\/p>\n\n\n\n<p>F\u00f6r att enheten skall bli str\u00f6ml\u00f6s m\u00e5ste RJ12-kabeln vara bortkopplad (om str\u00f6m kommer den v\u00e4gen), USB-kabeln bortkopplad och ingen str\u00f6m p\u00e5 str\u00f6mplinten.<\/p>\n\n\n\n<h3 class=\"wp-block-heading\">Enhet med extern antenn och ethernet (PoE)<\/h3>\n\n\n<div class=\"wp-block-image\">\n<figure class=\"aligncenter size-full\"><img loading=\"lazy\" decoding=\"async\" width=\"519\" height=\"717\" src=\"https:\/\/energyintelligence.se\/shop\/wp-content\/uploads\/2023\/04\/Buttons-P1-POE-IND.png\" alt=\"\" class=\"wp-image-1621\" srcset=\"https:\/\/energyintelligence.se\/shop\/wp-content\/uploads\/2023\/04\/Buttons-P1-POE-IND.png 519w, https:\/\/energyintelligence.se\/shop\/wp-content\/uploads\/2023\/04\/Buttons-P1-POE-IND-217x300.png 217w, https:\/\/energyintelligence.se\/shop\/wp-content\/uploads\/2023\/04\/Buttons-P1-POE-IND-416x575.png 416w\" sizes=\"(max-width: 519px) 100vw, 519px\" \/><\/figure><\/div>\n\n\n<p>Fabriks\u00e5terst\u00e4llningsknappen 4 h\u00e5lls in samtidigt som enheten str\u00f6ms\u00e4tts efter att ha varit str\u00f6ml\u00f6s.<\/p>\n\n\n\n<p>F\u00f6r att enheten skall bli str\u00f6ml\u00f6s m\u00e5ste RJ12-kabeln vara bortkopplad (om str\u00f6m kommer den v\u00e4gen), PoE-kabeln vara bortkopplad, USB-kabeln bortkopplad och ingen str\u00f6m p\u00e5 str\u00f6mplinten.<\/p>\n\n\n\n<h3 class=\"wp-block-heading\">\u00c4ldre enhet utan PoE<\/h3>\n\n\n\n<p>Om du har <a href=\"https:\/\/energyintelligence.se\/shop\/product\/p1-lasare-med-extern-antenn-och-ethernet\" data-type=\"product\" data-id=\"247\">en enhet med b\u00e5de extern antenn och ethernetport<\/a> s\u00e5 \u00e5terfinner du fabriks\u00e5terst\u00e4llningsknappen enligt bilden nedan. \u00c5terst\u00e4llningsknapp (omstart) saknas s\u00e5 enda alternativet \u00e4r att starta om enheten genom att bryta str\u00f6mmen.<\/p>\n\n\n<div class=\"wp-block-image is-style-default\">\n<figure class=\"alignleft size-full is-resized\"><img loading=\"lazy\" decoding=\"async\" src=\"https:\/\/energyintelligence.se\/shop\/wp-content\/uploads\/2022\/01\/P1-Gateway-factory-reset.jpg\" alt=\"\" class=\"wp-image-1140\" width=\"382\" height=\"330\" srcset=\"https:\/\/energyintelligence.se\/shop\/wp-content\/uploads\/2022\/01\/P1-Gateway-factory-reset.jpg 764w, https:\/\/energyintelligence.se\/shop\/wp-content\/uploads\/2022\/01\/P1-Gateway-factory-reset-300x259.jpg 300w, https:\/\/energyintelligence.se\/shop\/wp-content\/uploads\/2022\/01\/P1-Gateway-factory-reset-416x359.jpg 416w\" sizes=\"(max-width: 382px) 100vw, 382px\" \/><\/figure><\/div>\n\n\n<p>Har du en tidig variant av v\u00e5ra enheter kan det h\u00e4nda att fabriks\u00e5terst\u00e4llningsknappen saknas. Kontakta d\u00e5 oss f\u00f6r hj\u00e4lp.<\/p>\n","protected":false},"excerpt":{"rendered":"<p>Enhet med intern antenn (Atom-processor) F\u00f6r att \u00e5terst\u00e4lla alla inst\u00e4llningar som gjorts p\u00e5 enheten trycker man in fabriks\u00e5terst\u00e4llningsknappen (nummer 4) medan man startar om enheten. H\u00e5ll knappen intryckt tills LED lampan blinkar f\u00f6r att indikera att enheten startat om. Du kan starta om enheten p\u00e5 n\u00e5got av f\u00f6ljande s\u00e4tt: Enhet med extern antenn Fabriks\u00e5terst\u00e4llningsknappen 9 [&hellip;]<\/p>\n","protected":false},"author":2,"featured_media":0,"parent":714,"menu_order":0,"comment_status":"closed","ping_status":"closed","template":"","meta":{"footnotes":""},"yoast_head":"<!-- This site is optimized with the Yoast SEO plugin v21.7 - https:\/\/yoast.com\/wordpress\/plugins\/seo\/ -->\n<title>Fabriks\u00e5terst\u00e4llning - Energy Intelligence<\/title>\n<meta name=\"description\" content=\"Anv\u00e4ndarmanual f\u00f6r fabriks\u00e5terst\u00e4llning av Energy Intelligences elm\u00e4taravl\u00e4sare f\u00f6r smarta elm\u00e4tare med P1\/HAN port.\" \/>\n<meta name=\"robots\" content=\"index, follow, max-snippet:-1, max-image-preview:large, max-video-preview:-1\" \/>\n<link rel=\"canonical\" href=\"https:\/\/energyintelligence.se\/shop\/anvandarmanual\/firmware\/fabriksaterstallning\/\" \/>\n<meta property=\"og:locale\" content=\"sv_SE\" \/>\n<meta property=\"og:type\" content=\"article\" \/>\n<meta property=\"og:title\" content=\"Fabriks\u00e5terst\u00e4llning - Energy Intelligence\" \/>\n<meta property=\"og:description\" content=\"Anv\u00e4ndarmanual f\u00f6r fabriks\u00e5terst\u00e4llning av Energy Intelligences elm\u00e4taravl\u00e4sare f\u00f6r smarta elm\u00e4tare med P1\/HAN port.\" \/>\n<meta property=\"og:url\" content=\"https:\/\/energyintelligence.se\/shop\/anvandarmanual\/firmware\/fabriksaterstallning\/\" \/>\n<meta property=\"og:site_name\" content=\"Energy Intelligence\" \/>\n<meta property=\"article:modified_time\" content=\"2024-01-18T13:56:39+00:00\" \/>\n<meta property=\"og:image\" content=\"https:\/\/energyintelligence.se\/shop\/wp-content\/uploads\/2022\/09\/drawing-numbered.png\" \/>\n<meta name=\"twitter:card\" content=\"summary_large_image\" \/>\n<meta name=\"twitter:label1\" content=\"Ber\u00e4knad l\u00e4stid\" \/>\n\t<meta name=\"twitter:data1\" content=\"3 minuter\" \/>\n<script type=\"application\/ld+json\" class=\"yoast-schema-graph\">{\"@context\":\"https:\/\/schema.org\",\"@graph\":[{\"@type\":\"WebPage\",\"@id\":\"https:\/\/energyintelligence.se\/shop\/anvandarmanual\/firmware\/fabriksaterstallning\/\",\"url\":\"https:\/\/energyintelligence.se\/shop\/anvandarmanual\/firmware\/fabriksaterstallning\/\",\"name\":\"Fabriks\u00e5terst\u00e4llning - Energy Intelligence\",\"isPartOf\":{\"@id\":\"https:\/\/energyintelligence.se\/shop\/#website\"},\"datePublished\":\"2022-09-15T06:50:50+00:00\",\"dateModified\":\"2024-01-18T13:56:39+00:00\",\"description\":\"Anv\u00e4ndarmanual f\u00f6r fabriks\u00e5terst\u00e4llning av Energy Intelligences elm\u00e4taravl\u00e4sare f\u00f6r smarta elm\u00e4tare med P1\/HAN port.\",\"breadcrumb\":{\"@id\":\"https:\/\/energyintelligence.se\/shop\/anvandarmanual\/firmware\/fabriksaterstallning\/#breadcrumb\"},\"inLanguage\":\"sv-SE\",\"potentialAction\":[{\"@type\":\"ReadAction\",\"target\":[\"https:\/\/energyintelligence.se\/shop\/anvandarmanual\/firmware\/fabriksaterstallning\/\"]}]},{\"@type\":\"BreadcrumbList\",\"@id\":\"https:\/\/energyintelligence.se\/shop\/anvandarmanual\/firmware\/fabriksaterstallning\/#breadcrumb\",\"itemListElement\":[{\"@type\":\"ListItem\",\"position\":1,\"name\":\"Hem\",\"item\":\"https:\/\/energyintelligence.se\/shop\/\"},{\"@type\":\"ListItem\",\"position\":2,\"name\":\"Anv\u00e4ndarmanual\",\"item\":\"https:\/\/energyintelligence.se\/shop\/anvandarmanual\/\"},{\"@type\":\"ListItem\",\"position\":3,\"name\":\"Firmware &#8211; uppdatering och \u00e5terst\u00e4llning\",\"item\":\"https:\/\/energyintelligence.se\/shop\/anvandarmanual\/firmware\/\"},{\"@type\":\"ListItem\",\"position\":4,\"name\":\"Fabriks\u00e5terst\u00e4llning\"}]},{\"@type\":\"WebSite\",\"@id\":\"https:\/\/energyintelligence.se\/shop\/#website\",\"url\":\"https:\/\/energyintelligence.se\/shop\/\",\"name\":\"Energy Intelligence\",\"description\":\"Ta kontroll \u00f6ver din elf\u00f6rbrukning\",\"publisher\":{\"@id\":\"https:\/\/energyintelligence.se\/shop\/#organization\"},\"potentialAction\":[{\"@type\":\"SearchAction\",\"target\":{\"@type\":\"EntryPoint\",\"urlTemplate\":\"https:\/\/energyintelligence.se\/shop\/?s={search_term_string}\"},\"query-input\":\"required name=search_term_string\"}],\"inLanguage\":\"sv-SE\"},{\"@type\":\"Organization\",\"@id\":\"https:\/\/energyintelligence.se\/shop\/#organization\",\"name\":\"Notima Energy Intelligence AB\",\"url\":\"https:\/\/energyintelligence.se\/shop\/\",\"logo\":{\"@type\":\"ImageObject\",\"inLanguage\":\"sv-SE\",\"@id\":\"https:\/\/energyintelligence.se\/shop\/#\/schema\/logo\/image\/\",\"url\":\"https:\/\/energyintelligence.se\/shop\/wp-content\/uploads\/2023\/11\/cropped-EI-300x66-1.png\",\"contentUrl\":\"https:\/\/energyintelligence.se\/shop\/wp-content\/uploads\/2023\/11\/cropped-EI-300x66-1.png\",\"width\":300,\"height\":66,\"caption\":\"Notima Energy Intelligence AB\"},\"image\":{\"@id\":\"https:\/\/energyintelligence.se\/shop\/#\/schema\/logo\/image\/\"}}]}<\/script>\n<!-- \/ Yoast SEO plugin. -->","yoast_head_json":{"title":"Fabriks\u00e5terst\u00e4llning - Energy Intelligence","description":"Anv\u00e4ndarmanual f\u00f6r fabriks\u00e5terst\u00e4llning av Energy Intelligences elm\u00e4taravl\u00e4sare f\u00f6r smarta elm\u00e4tare med P1\/HAN port.","robots":{"index":"index","follow":"follow","max-snippet":"max-snippet:-1","max-image-preview":"max-image-preview:large","max-video-preview":"max-video-preview:-1"},"canonical":"https:\/\/energyintelligence.se\/shop\/anvandarmanual\/firmware\/fabriksaterstallning\/","og_locale":"sv_SE","og_type":"article","og_title":"Fabriks\u00e5terst\u00e4llning - Energy Intelligence","og_description":"Anv\u00e4ndarmanual f\u00f6r fabriks\u00e5terst\u00e4llning av Energy Intelligences elm\u00e4taravl\u00e4sare f\u00f6r smarta elm\u00e4tare med P1\/HAN port.","og_url":"https:\/\/energyintelligence.se\/shop\/anvandarmanual\/firmware\/fabriksaterstallning\/","og_site_name":"Energy Intelligence","article_modified_time":"2024-01-18T13:56:39+00:00","og_image":[{"url":"https:\/\/energyintelligence.se\/shop\/wp-content\/uploads\/2022\/09\/drawing-numbered.png"}],"twitter_card":"summary_large_image","twitter_misc":{"Ber\u00e4knad l\u00e4stid":"3 minuter"},"schema":{"@context":"https:\/\/schema.org","@graph":[{"@type":"WebPage","@id":"https:\/\/energyintelligence.se\/shop\/anvandarmanual\/firmware\/fabriksaterstallning\/","url":"https:\/\/energyintelligence.se\/shop\/anvandarmanual\/firmware\/fabriksaterstallning\/","name":"Fabriks\u00e5terst\u00e4llning - Energy Intelligence","isPartOf":{"@id":"https:\/\/energyintelligence.se\/shop\/#website"},"datePublished":"2022-09-15T06:50:50+00:00","dateModified":"2024-01-18T13:56:39+00:00","description":"Anv\u00e4ndarmanual f\u00f6r fabriks\u00e5terst\u00e4llning av Energy Intelligences elm\u00e4taravl\u00e4sare f\u00f6r smarta elm\u00e4tare med P1\/HAN port.","breadcrumb":{"@id":"https:\/\/energyintelligence.se\/shop\/anvandarmanual\/firmware\/fabriksaterstallning\/#breadcrumb"},"inLanguage":"sv-SE","potentialAction":[{"@type":"ReadAction","target":["https:\/\/energyintelligence.se\/shop\/anvandarmanual\/firmware\/fabriksaterstallning\/"]}]},{"@type":"BreadcrumbList","@id":"https:\/\/energyintelligence.se\/shop\/anvandarmanual\/firmware\/fabriksaterstallning\/#breadcrumb","itemListElement":[{"@type":"ListItem","position":1,"name":"Hem","item":"https:\/\/energyintelligence.se\/shop\/"},{"@type":"ListItem","position":2,"name":"Anv\u00e4ndarmanual","item":"https:\/\/energyintelligence.se\/shop\/anvandarmanual\/"},{"@type":"ListItem","position":3,"name":"Firmware &#8211; uppdatering och \u00e5terst\u00e4llning","item":"https:\/\/energyintelligence.se\/shop\/anvandarmanual\/firmware\/"},{"@type":"ListItem","position":4,"name":"Fabriks\u00e5terst\u00e4llning"}]},{"@type":"WebSite","@id":"https:\/\/energyintelligence.se\/shop\/#website","url":"https:\/\/energyintelligence.se\/shop\/","name":"Energy Intelligence","description":"Ta kontroll \u00f6ver din elf\u00f6rbrukning","publisher":{"@id":"https:\/\/energyintelligence.se\/shop\/#organization"},"potentialAction":[{"@type":"SearchAction","target":{"@type":"EntryPoint","urlTemplate":"https:\/\/energyintelligence.se\/shop\/?s={search_term_string}"},"query-input":"required name=search_term_string"}],"inLanguage":"sv-SE"},{"@type":"Organization","@id":"https:\/\/energyintelligence.se\/shop\/#organization","name":"Notima Energy Intelligence AB","url":"https:\/\/energyintelligence.se\/shop\/","logo":{"@type":"ImageObject","inLanguage":"sv-SE","@id":"https:\/\/energyintelligence.se\/shop\/#\/schema\/logo\/image\/","url":"https:\/\/energyintelligence.se\/shop\/wp-content\/uploads\/2023\/11\/cropped-EI-300x66-1.png","contentUrl":"https:\/\/energyintelligence.se\/shop\/wp-content\/uploads\/2023\/11\/cropped-EI-300x66-1.png","width":300,"height":66,"caption":"Notima Energy Intelligence AB"},"image":{"@id":"https:\/\/energyintelligence.se\/shop\/#\/schema\/logo\/image\/"}}]}},"_links":{"self":[{"href":"https:\/\/energyintelligence.se\/shop\/wp-json\/wp\/v2\/pages\/761"}],"collection":[{"href":"https:\/\/energyintelligence.se\/shop\/wp-json\/wp\/v2\/pages"}],"about":[{"href":"https:\/\/energyintelligence.se\/shop\/wp-json\/wp\/v2\/types\/page"}],"author":[{"embeddable":true,"href":"https:\/\/energyintelligence.se\/shop\/wp-json\/wp\/v2\/users\/2"}],"replies":[{"embeddable":true,"href":"https:\/\/energyintelligence.se\/shop\/wp-json\/wp\/v2\/comments?post=761"}],"version-history":[{"count":8,"href":"https:\/\/energyintelligence.se\/shop\/wp-json\/wp\/v2\/pages\/761\/revisions"}],"predecessor-version":[{"id":1622,"href":"https:\/\/energyintelligence.se\/shop\/wp-json\/wp\/v2\/pages\/761\/revisions\/1622"}],"up":[{"embeddable":true,"href":"https:\/\/energyintelligence.se\/shop\/wp-json\/wp\/v2\/pages\/714"}],"wp:attachment":[{"href":"https:\/\/energyintelligence.se\/shop\/wp-json\/wp\/v2\/media?parent=761"}],"curies":[{"name":"wp","href":"https:\/\/api.w.org\/{rel}","templated":true}]}}