{"id":839,"date":"2022-09-26T08:32:21","date_gmt":"2022-09-26T06:32:21","guid":{"rendered":"https:\/\/energyintelligence.se\/shop\/?page_id=839"},"modified":"2022-10-04T08:10:57","modified_gmt":"2022-10-04T06:10:57","slug":"version-3-4-1","status":"publish","type":"page","link":"https:\/\/energyintelligence.se\/shop\/firmware\/version-3-4-1\/","title":{"rendered":"Version 3.4.1"},"content":{"rendered":"\n<p>Anv\u00e4nd denna fil nedan om du har en l\u00e4sare utan extern antenn med rj12 port.<\/p>\n\n\n\n<div class=\"wp-block-file\"><a id=\"wp-block-file--media-643c49bc-6b96-4460-b42a-67455161c359\" href=\"https:\/\/energyintelligence.se\/shop\/wp-content\/uploads\/2022\/09\/Atom_rj12_3.4.1_220923.zip\">Atom_rj12_3.4.1_220923<\/a><a href=\"https:\/\/energyintelligence.se\/shop\/wp-content\/uploads\/2022\/09\/Atom_rj12_3.4.1_220923.zip\" class=\"wp-block-file__button\" download aria-describedby=\"wp-block-file--media-643c49bc-6b96-4460-b42a-67455161c359\">Ladda ner<\/a><\/div>\n\n\n\n<p>Anv\u00e4nd denna fil nedan om du har en l\u00e4sare utan extern antenn med rs485 kontakter.<\/p>\n\n\n\n<div class=\"wp-block-file\"><a id=\"wp-block-file--media-9ad41ab3-eea6-4d50-87b2-6304b0977820\" href=\"https:\/\/energyintelligence.se\/shop\/wp-content\/uploads\/2022\/10\/Atom_rs485_3.4.1_220929.zip\">Atom_rs485_3.4.1_220929<\/a><a href=\"https:\/\/energyintelligence.se\/shop\/wp-content\/uploads\/2022\/10\/Atom_rs485_3.4.1_220929.zip\" class=\"wp-block-file__button\" download aria-describedby=\"wp-block-file--media-9ad41ab3-eea6-4d50-87b2-6304b0977820\">Ladda ner<\/a><\/div>\n\n\n\n<p>Anv\u00e4nd denna fil nedan om du har en l\u00e4sare utan extern antenn med st\u00f6d f\u00f6r b\u00e5de rj12 och rs485.<\/p>\n\n\n\n<div class=\"wp-block-file\"><a id=\"wp-block-file--media-b53178b2-3633-4009-9c94-b16dee0b87c4\" href=\"https:\/\/energyintelligence.se\/shop\/wp-content\/uploads\/2022\/09\/Atom_hybrid_3.4.1_220923.zip\">Atom_hybrid_3.4.1_220923<\/a><a href=\"https:\/\/energyintelligence.se\/shop\/wp-content\/uploads\/2022\/09\/Atom_hybrid_3.4.1_220923.zip\" class=\"wp-block-file__button\" download aria-describedby=\"wp-block-file--media-b53178b2-3633-4009-9c94-b16dee0b87c4\">Ladda ner<\/a><\/div>\n\n\n\n<p>Anv\u00e4nd denna fil nedan om du har en l\u00e4sare med extern antenn med rj12 port.<\/p>\n\n\n\n<div class=\"wp-block-file\"><a id=\"wp-block-file--media-f75a9cc1-2594-4467-8aa6-dc60a8d60c9f\" href=\"https:\/\/energyintelligence.se\/shop\/wp-content\/uploads\/2022\/09\/Gateway_rj12_3.4.1_220923.zip\">Gateway_rj12_3.4.1_220923<\/a><a href=\"https:\/\/energyintelligence.se\/shop\/wp-content\/uploads\/2022\/09\/Gateway_rj12_3.4.1_220923.zip\" class=\"wp-block-file__button\" download aria-describedby=\"wp-block-file--media-f75a9cc1-2594-4467-8aa6-dc60a8d60c9f\">Ladda ner<\/a><\/div>\n\n\n\n<p>har en l\u00e4sare med extern antenn med rs485 kontakter.<\/p>\n\n\n\n<div class=\"wp-block-file\"><a id=\"wp-block-file--media-704fae13-bdc3-496f-a452-fdb1b1f22bfa\" href=\"https:\/\/energyintelligence.se\/shop\/wp-content\/uploads\/2022\/09\/Gateway_rs485_3.4.1_220923.zip\">Gateway_rs485_3.4.1_220923<\/a><a href=\"https:\/\/energyintelligence.se\/shop\/wp-content\/uploads\/2022\/09\/Gateway_rs485_3.4.1_220923.zip\" class=\"wp-block-file__button\" download aria-describedby=\"wp-block-file--media-704fae13-bdc3-496f-a452-fdb1b1f22bfa\">Ladda ner<\/a><\/div>\n\n\n\n<p>Anv\u00e4nd denna fil nedan om du har en l\u00e4sare med extern antenn och st\u00f6d f\u00f6r b\u00e5de rj12 och rs485.<\/p>\n\n\n\n<div class=\"wp-block-file\"><a id=\"wp-block-file--media-ba7a6684-cb70-421d-a545-1a4685bcb219\" href=\"https:\/\/energyintelligence.se\/shop\/wp-content\/uploads\/2022\/09\/Gateway_hybrid_3.4.1_220923.zip\">Gateway_hybrid_3.4.1_220923<\/a><a href=\"https:\/\/energyintelligence.se\/shop\/wp-content\/uploads\/2022\/09\/Gateway_hybrid_3.4.1_220923.zip\" class=\"wp-block-file__button\" download aria-describedby=\"wp-block-file--media-ba7a6684-cb70-421d-a545-1a4685bcb219\">Ladda ner<\/a><\/div>\n\n\n\n<h2 class=\"wp-block-heading\">Att t\u00e4nka p\u00e5 vid uppdatering<\/h2>\n\n\n\n<ul><li>Fr\u00e5n och med denna version \u00e4r det viktigt att v\u00e4lja r\u00e4tt firmware till sin h\u00e5rdvara. Tidigare varianter av l\u00e4saren kunde st\u00f6dja flera protokoll samtidigt (exempelvis P1 och Modbus) medan nuvarande l\u00e4sare bara har st\u00f6d f\u00f6r ett protokoll \u00e5t g\u00e5ngen. D\u00e4rf\u00f6r har olika varianter av h\u00e5rdvaran ocks\u00e5 olika varianter av firmware f\u00f6r att g\u00f6ra det enklare och tydligare att konfigurera l\u00e4saren.<\/li><li>J\u00e4mf\u00f6rt med tidigare versioner har denna en mer utf\u00f6rlig auto discovery f\u00f6r Home Assistant. Det inneb\u00e4r att ingen ytterligare konfiguration beh\u00f6ver skrivas i Home Assistants konfigurationsfiler f\u00f6r att man ska kunna l\u00e4gga till v\u00e4rden i energipanelen. <\/li><li>N\u00e4r denna version uppdateras s\u00e5 kommer eventuella modbus konfigurationer att \u00e5terst\u00e4llas<\/li><\/ul>\n\n\n\n<h2 class=\"wp-block-heading\">F\u00f6r\u00e4ndringar i denna version<\/h2>\n\n\n\n<h3 class=\"wp-block-heading\">3.4.1<\/h3>\n\n\n\n<ul><li><strong>FIXAT: Visulla fel n\u00e4r webbgr\u00e4nssnittet visas i Google Chrome<\/strong><br>O\u00f6nskade rullningslister har tagits bort.<\/li><\/ul>\n\n\n\n<h3 class=\"wp-block-heading\">3.4<\/h3>\n\n\n\n<ul><li><strong>NYTT: St\u00f6d f\u00f6r GARO m\u00e4tare<\/strong><br>modellerna GNM1D och GNM3D st\u00f6ds nu via modbus.<\/li><li><strong>NYTT: Utf\u00f6rligare MQTT konfiguration f\u00f6r Home Assistant<\/strong><br>Ytterligare parametrar har lagts till i Home Assistant auto discovery meddelanden samt information om enheten.<\/li><li><strong>NYTT: N\u00e4tverks log<\/strong><br>Anslutningar och bortkopplingar fr\u00e5n WiFi, ethernet och MQTT loggas och kan ses i webbgr\u00e4nssnittet.<\/li><li><strong>NYTT: St\u00e4llbar modbus hastighet<\/strong><br>L\u00e4s och skrivhastigheten f\u00f6r modbus m\u00e4tare kan st\u00e4llas in manuellt. Notera att alla anslutna modbus enheter fortfarande m\u00e5ste vara inst\u00e4llda p\u00e5 samma hastighet.<\/li><li><strong>NYTT: Tillg\u00e4ngligt minne publiceras till MQTT brokern<\/strong><br>Var trettionde sekund publiceras m\u00e4ngden tillg\u00e4ngligt minne f\u00f6r att kunna \u00f6vervaka och fels\u00f6ka enheten.<\/li><li><strong>\u00c4NDRAT: Icke tillg\u00e4ngliga protokoll exkluderas<\/strong><br>protokoll som inte st\u00f6ds h\u00e5rdvarum\u00e4ssigt (exempelvis om rj12 kontakt saknas) st\u00f6ds inte av firmware och kan inte v\u00e4ljas i webbgr\u00e4nssnittet. Var noga med att installera r\u00e4tt firmware f\u00f6r enheten i framtiden.<\/li><li><strong>\u00c4NDRAT: Ny design p\u00e5 webbgr\u00e4nssnitt<\/strong><br>Kosmetiska \u00e4ndringar har gjorts.<\/li><li><strong>FIXAT: Skr\u00e4pdata kommer inte l\u00e4ngre publiceras<\/strong><br>Meddelanden fr\u00e5n P1 porten vars checksumma inte st\u00e4mmer kommer att ignoreras. Detta eftersom t ex ackumulerade m\u00e4tv\u00e4rden kan &#8221;hoppa&#8221; stort ifall meddelandet inte \u00e4r helt felfritt.<\/li><li><strong>BORTTAGET: WiFi anslutningslog<\/strong><br>Ersatt av n\u00e4tverksloggen.<\/li><\/ul>\n","protected":false},"excerpt":{"rendered":"<p>Anv\u00e4nd denna fil nedan om du har en l\u00e4sare utan extern antenn med rj12 port. Anv\u00e4nd denna fil nedan om du har en l\u00e4sare utan extern antenn med rs485 kontakter. Anv\u00e4nd denna fil nedan om du har en l\u00e4sare utan extern antenn med st\u00f6d f\u00f6r b\u00e5de rj12 och rs485. Anv\u00e4nd denna fil nedan om du [&hellip;]<\/p>\n","protected":false},"author":2,"featured_media":0,"parent":357,"menu_order":0,"comment_status":"closed","ping_status":"closed","template":"","meta":{"footnotes":""},"yoast_head":"<!-- This site is optimized with the Yoast SEO plugin v21.7 - https:\/\/yoast.com\/wordpress\/plugins\/seo\/ -->\n<title>Version 3.4.1 - Energy Intelligence<\/title>\n<meta name=\"robots\" content=\"index, follow, max-snippet:-1, max-image-preview:large, max-video-preview:-1\" \/>\n<link rel=\"canonical\" href=\"https:\/\/energyintelligence.se\/shop\/firmware\/version-3-4-1\/\" \/>\n<meta property=\"og:locale\" content=\"sv_SE\" \/>\n<meta property=\"og:type\" content=\"article\" \/>\n<meta property=\"og:title\" content=\"Version 3.4.1 - Energy Intelligence\" \/>\n<meta property=\"og:description\" content=\"Anv\u00e4nd denna fil nedan om du har en l\u00e4sare utan extern antenn med rj12 port. Anv\u00e4nd denna fil nedan om du har en l\u00e4sare utan extern antenn med rs485 kontakter. Anv\u00e4nd denna fil nedan om du har en l\u00e4sare utan extern antenn med st\u00f6d f\u00f6r b\u00e5de rj12 och rs485. Anv\u00e4nd denna fil nedan om du [&hellip;]\" \/>\n<meta property=\"og:url\" content=\"https:\/\/energyintelligence.se\/shop\/firmware\/version-3-4-1\/\" \/>\n<meta property=\"og:site_name\" content=\"Energy Intelligence\" \/>\n<meta property=\"article:modified_time\" content=\"2022-10-04T06:10:57+00:00\" \/>\n<meta name=\"twitter:card\" content=\"summary_large_image\" \/>\n<meta name=\"twitter:label1\" content=\"Ber\u00e4knad l\u00e4stid\" \/>\n\t<meta name=\"twitter:data1\" content=\"3 minuter\" \/>\n<script type=\"application\/ld+json\" class=\"yoast-schema-graph\">{\"@context\":\"https:\/\/schema.org\",\"@graph\":[{\"@type\":\"WebPage\",\"@id\":\"https:\/\/energyintelligence.se\/shop\/firmware\/version-3-4-1\/\",\"url\":\"https:\/\/energyintelligence.se\/shop\/firmware\/version-3-4-1\/\",\"name\":\"Version 3.4.1 - Energy Intelligence\",\"isPartOf\":{\"@id\":\"https:\/\/energyintelligence.se\/shop\/#website\"},\"datePublished\":\"2022-09-26T06:32:21+00:00\",\"dateModified\":\"2022-10-04T06:10:57+00:00\",\"breadcrumb\":{\"@id\":\"https:\/\/energyintelligence.se\/shop\/firmware\/version-3-4-1\/#breadcrumb\"},\"inLanguage\":\"sv-SE\",\"potentialAction\":[{\"@type\":\"ReadAction\",\"target\":[\"https:\/\/energyintelligence.se\/shop\/firmware\/version-3-4-1\/\"]}]},{\"@type\":\"BreadcrumbList\",\"@id\":\"https:\/\/energyintelligence.se\/shop\/firmware\/version-3-4-1\/#breadcrumb\",\"itemListElement\":[{\"@type\":\"ListItem\",\"position\":1,\"name\":\"Hem\",\"item\":\"https:\/\/energyintelligence.se\/shop\/\"},{\"@type\":\"ListItem\",\"position\":2,\"name\":\"Firmware\",\"item\":\"https:\/\/energyintelligence.se\/shop\/firmware\/\"},{\"@type\":\"ListItem\",\"position\":3,\"name\":\"Version 3.4.1\"}]},{\"@type\":\"WebSite\",\"@id\":\"https:\/\/energyintelligence.se\/shop\/#website\",\"url\":\"https:\/\/energyintelligence.se\/shop\/\",\"name\":\"Energy Intelligence\",\"description\":\"Ta kontroll \u00f6ver din elf\u00f6rbrukning\",\"publisher\":{\"@id\":\"https:\/\/energyintelligence.se\/shop\/#organization\"},\"potentialAction\":[{\"@type\":\"SearchAction\",\"target\":{\"@type\":\"EntryPoint\",\"urlTemplate\":\"https:\/\/energyintelligence.se\/shop\/?s={search_term_string}\"},\"query-input\":\"required name=search_term_string\"}],\"inLanguage\":\"sv-SE\"},{\"@type\":\"Organization\",\"@id\":\"https:\/\/energyintelligence.se\/shop\/#organization\",\"name\":\"Notima Energy Intelligence AB\",\"url\":\"https:\/\/energyintelligence.se\/shop\/\",\"logo\":{\"@type\":\"ImageObject\",\"inLanguage\":\"sv-SE\",\"@id\":\"https:\/\/energyintelligence.se\/shop\/#\/schema\/logo\/image\/\",\"url\":\"https:\/\/energyintelligence.se\/shop\/wp-content\/uploads\/2023\/11\/cropped-EI-300x66-1.png\",\"contentUrl\":\"https:\/\/energyintelligence.se\/shop\/wp-content\/uploads\/2023\/11\/cropped-EI-300x66-1.png\",\"width\":300,\"height\":66,\"caption\":\"Notima Energy Intelligence AB\"},\"image\":{\"@id\":\"https:\/\/energyintelligence.se\/shop\/#\/schema\/logo\/image\/\"}}]}<\/script>\n<!-- \/ Yoast SEO plugin. -->","yoast_head_json":{"title":"Version 3.4.1 - Energy Intelligence","robots":{"index":"index","follow":"follow","max-snippet":"max-snippet:-1","max-image-preview":"max-image-preview:large","max-video-preview":"max-video-preview:-1"},"canonical":"https:\/\/energyintelligence.se\/shop\/firmware\/version-3-4-1\/","og_locale":"sv_SE","og_type":"article","og_title":"Version 3.4.1 - Energy Intelligence","og_description":"Anv\u00e4nd denna fil nedan om du har en l\u00e4sare utan extern antenn med rj12 port. Anv\u00e4nd denna fil nedan om du har en l\u00e4sare utan extern antenn med rs485 kontakter. Anv\u00e4nd denna fil nedan om du har en l\u00e4sare utan extern antenn med st\u00f6d f\u00f6r b\u00e5de rj12 och rs485. Anv\u00e4nd denna fil nedan om du [&hellip;]","og_url":"https:\/\/energyintelligence.se\/shop\/firmware\/version-3-4-1\/","og_site_name":"Energy Intelligence","article_modified_time":"2022-10-04T06:10:57+00:00","twitter_card":"summary_large_image","twitter_misc":{"Ber\u00e4knad l\u00e4stid":"3 minuter"},"schema":{"@context":"https:\/\/schema.org","@graph":[{"@type":"WebPage","@id":"https:\/\/energyintelligence.se\/shop\/firmware\/version-3-4-1\/","url":"https:\/\/energyintelligence.se\/shop\/firmware\/version-3-4-1\/","name":"Version 3.4.1 - Energy Intelligence","isPartOf":{"@id":"https:\/\/energyintelligence.se\/shop\/#website"},"datePublished":"2022-09-26T06:32:21+00:00","dateModified":"2022-10-04T06:10:57+00:00","breadcrumb":{"@id":"https:\/\/energyintelligence.se\/shop\/firmware\/version-3-4-1\/#breadcrumb"},"inLanguage":"sv-SE","potentialAction":[{"@type":"ReadAction","target":["https:\/\/energyintelligence.se\/shop\/firmware\/version-3-4-1\/"]}]},{"@type":"BreadcrumbList","@id":"https:\/\/energyintelligence.se\/shop\/firmware\/version-3-4-1\/#breadcrumb","itemListElement":[{"@type":"ListItem","position":1,"name":"Hem","item":"https:\/\/energyintelligence.se\/shop\/"},{"@type":"ListItem","position":2,"name":"Firmware","item":"https:\/\/energyintelligence.se\/shop\/firmware\/"},{"@type":"ListItem","position":3,"name":"Version 3.4.1"}]},{"@type":"WebSite","@id":"https:\/\/energyintelligence.se\/shop\/#website","url":"https:\/\/energyintelligence.se\/shop\/","name":"Energy Intelligence","description":"Ta kontroll \u00f6ver din elf\u00f6rbrukning","publisher":{"@id":"https:\/\/energyintelligence.se\/shop\/#organization"},"potentialAction":[{"@type":"SearchAction","target":{"@type":"EntryPoint","urlTemplate":"https:\/\/energyintelligence.se\/shop\/?s={search_term_string}"},"query-input":"required name=search_term_string"}],"inLanguage":"sv-SE"},{"@type":"Organization","@id":"https:\/\/energyintelligence.se\/shop\/#organization","name":"Notima Energy Intelligence AB","url":"https:\/\/energyintelligence.se\/shop\/","logo":{"@type":"ImageObject","inLanguage":"sv-SE","@id":"https:\/\/energyintelligence.se\/shop\/#\/schema\/logo\/image\/","url":"https:\/\/energyintelligence.se\/shop\/wp-content\/uploads\/2023\/11\/cropped-EI-300x66-1.png","contentUrl":"https:\/\/energyintelligence.se\/shop\/wp-content\/uploads\/2023\/11\/cropped-EI-300x66-1.png","width":300,"height":66,"caption":"Notima Energy Intelligence AB"},"image":{"@id":"https:\/\/energyintelligence.se\/shop\/#\/schema\/logo\/image\/"}}]}},"_links":{"self":[{"href":"https:\/\/energyintelligence.se\/shop\/wp-json\/wp\/v2\/pages\/839"}],"collection":[{"href":"https:\/\/energyintelligence.se\/shop\/wp-json\/wp\/v2\/pages"}],"about":[{"href":"https:\/\/energyintelligence.se\/shop\/wp-json\/wp\/v2\/types\/page"}],"author":[{"embeddable":true,"href":"https:\/\/energyintelligence.se\/shop\/wp-json\/wp\/v2\/users\/2"}],"replies":[{"embeddable":true,"href":"https:\/\/energyintelligence.se\/shop\/wp-json\/wp\/v2\/comments?post=839"}],"version-history":[{"count":4,"href":"https:\/\/energyintelligence.se\/shop\/wp-json\/wp\/v2\/pages\/839\/revisions"}],"predecessor-version":[{"id":955,"href":"https:\/\/energyintelligence.se\/shop\/wp-json\/wp\/v2\/pages\/839\/revisions\/955"}],"up":[{"embeddable":true,"href":"https:\/\/energyintelligence.se\/shop\/wp-json\/wp\/v2\/pages\/357"}],"wp:attachment":[{"href":"https:\/\/energyintelligence.se\/shop\/wp-json\/wp\/v2\/media?parent=839"}],"curies":[{"name":"wp","href":"https:\/\/api.w.org\/{rel}","templated":true}]}}