{"id":896,"date":"2022-10-06T13:30:51","date_gmt":"2022-10-06T11:30:51","guid":{"rendered":"https:\/\/energyintelligence.se\/shop\/?page_id=896"},"modified":"2023-01-17T10:49:29","modified_gmt":"2023-01-17T08:49:29","slug":"version-3-5-0-snapshot","status":"publish","type":"page","link":"https:\/\/energyintelligence.se\/shop\/firmware\/version-3-5-0-snapshot\/","title":{"rendered":"Version 3.5"},"content":{"rendered":"\n<p>Anv\u00e4nd filen nedan om du har en l\u00e4sare utan extern antenn med rj12 port.<\/p>\n\n\n\n<div class=\"wp-block-file\"><a id=\"wp-block-file--media-53d35e74-af9d-402a-a6bf-83d5dfff6409\" href=\"https:\/\/energyintelligence.se\/shop\/wp-content\/uploads\/2023\/01\/Atom_rj12_3.5.1_230111.zip\">Atom_rj12_3.5.1_230111<\/a><a href=\"https:\/\/energyintelligence.se\/shop\/wp-content\/uploads\/2023\/01\/Atom_rj12_3.5.1_230111.zip\" class=\"wp-block-file__button wp-element-button\" download aria-describedby=\"wp-block-file--media-53d35e74-af9d-402a-a6bf-83d5dfff6409\">Ladda ner<\/a><\/div>\n\n\n\n<hr class=\"wp-block-separator has-css-opacity\"\/>\n\n\n\n<p>Anv\u00e4nd filen nedan om du har en l\u00e4sare med ethernet med str\u00f6mf\u00f6rs\u00f6rjningsf\u00f6rm\u00e5ga (POE) och rj12 port.<\/p>\n\n\n\n<div class=\"wp-block-file\"><a id=\"wp-block-file--media-d80abb63-0b11-4ca5-871f-f6539e0ab3b2\" href=\"https:\/\/energyintelligence.se\/shop\/wp-content\/uploads\/2023\/01\/POE_rj12_3.5.1_230111.zip\">POE_rj12_3.5.1_230111<\/a><a href=\"https:\/\/energyintelligence.se\/shop\/wp-content\/uploads\/2023\/01\/POE_rj12_3.5.1_230111.zip\" class=\"wp-block-file__button wp-element-button\" download aria-describedby=\"wp-block-file--media-d80abb63-0b11-4ca5-871f-f6539e0ab3b2\">Ladda ner<\/a><\/div>\n\n\n\n<hr class=\"wp-block-separator has-alpha-channel-opacity\"\/>\n\n\n\n<p>Anv\u00e4nd filen nedan om du har en l\u00e4sare med extern antenn, utan ethernet och med rj12 port<\/p>\n\n\n\n<div class=\"wp-block-file\"><a id=\"wp-block-file--media-2bc9ee0d-be4e-4e89-9543-f2c28bbe3b68\" href=\"https:\/\/energyintelligence.se\/shop\/wp-content\/uploads\/2023\/01\/DevKit_rj12_3.5.1_230111.zip\">DevKit_rj12_3.5.1_230111<\/a><a href=\"https:\/\/energyintelligence.se\/shop\/wp-content\/uploads\/2023\/01\/DevKit_rj12_3.5.1_230111.zip\" class=\"wp-block-file__button wp-element-button\" download aria-describedby=\"wp-block-file--media-2bc9ee0d-be4e-4e89-9543-f2c28bbe3b68\">Ladda ner<\/a><\/div>\n\n\n\n<hr class=\"wp-block-separator has-alpha-channel-opacity\"\/>\n\n\n\n<p>Anv\u00e4nd filen nedan om du har en l\u00e4sare med extern antenn, ethernetport utan str\u00f6mf\u00f6rs\u00f6rjningsf\u00f6rm\u00e5ga och rj12 port.<\/p>\n\n\n\n<div class=\"wp-block-file\"><a id=\"wp-block-file--media-a765cdff-1b6b-49eb-89e3-607e72720654\" href=\"https:\/\/energyintelligence.se\/shop\/wp-content\/uploads\/2023\/01\/Gateway_rj12_3.5.1_230111.zip\">Gateway_rj12_3.5.1_230111<\/a><a href=\"https:\/\/energyintelligence.se\/shop\/wp-content\/uploads\/2023\/01\/Gateway_rj12_3.5.1_230111.zip\" class=\"wp-block-file__button wp-element-button\" download aria-describedby=\"wp-block-file--media-a765cdff-1b6b-49eb-89e3-607e72720654\">Ladda ner<\/a><\/div>\n\n\n\n<hr class=\"wp-block-separator has-alpha-channel-opacity\"\/>\n\n\n\n<p>anv\u00e4nd filen nedan om du har en l\u00e4sare med rs485 (modbus) kontakt<\/p>\n\n\n\n<div class=\"wp-block-file\"><a id=\"wp-block-file--media-143411cd-1254-4344-9860-9c627f4b9e27\" href=\"https:\/\/energyintelligence.se\/shop\/wp-content\/uploads\/2023\/01\/Atom_rs485_3.5.1_230111.zip\">Atom_rs485_3.5.1_230111<\/a><a href=\"https:\/\/energyintelligence.se\/shop\/wp-content\/uploads\/2023\/01\/Atom_rs485_3.5.1_230111.zip\" class=\"wp-block-file__button wp-element-button\" download aria-describedby=\"wp-block-file--media-143411cd-1254-4344-9860-9c627f4b9e27\">Ladda ner<\/a><\/div>\n\n\n\n<hr class=\"wp-block-separator has-alpha-channel-opacity\"\/>\n\n\n\n<h2 class=\"wp-block-heading\">Att t\u00e4nka p\u00e5 vid uppdatering<\/h2>\n\n\n\n<ul>\n<li>Om du vill anv\u00e4nda DLMS protokollet s\u00e5 m\u00e5ste du st\u00e4lla in l\u00e4saren att anv\u00e4nda det under &#8221;P1&#8221; fliken i webbgr\u00e4nssnittet.<\/li>\n<\/ul>\n\n\n\n<h2 class=\"wp-block-heading\">F\u00f6r\u00e4ndringar i denna version<\/h2>\n\n\n\n<ul>\n<li><strong>NYTT: St\u00f6d f\u00f6r DLMS<\/strong><br>DLMS meddelanden som anv\u00e4nder COSEM klasser kan tolkas. Detta inneb\u00e4r st\u00f6d f\u00f6r bland annat Aidon m\u00e4tare<\/li>\n\n\n\n<li><strong>NYTT: M\u00f6jlighet att \u00e4ndra protokoll i webbgr\u00e4nssnittet<\/strong><\/li>\n\n\n\n<li><strong>NYTT: Avancerade UART inst\u00e4llningar<\/strong><br>Buad rate och paritet g\u00e5r att \u00e4ndra om det skulle vara s\u00e5 att man har en elm\u00e4tare som inte f\u00f6ljer branschrekommendationen.<\/li>\n\n\n\n<li><strong>NYTT: WiFi signalstyrka loggas till MQTT brokern<\/strong><br>Signalstyrkan publiceras var trettionde sekund till &lt;ID&gt;\/device\/wifi-rssi<\/li>\n\n\n\n<li><strong>NYTT: St\u00f6d f\u00f6r fler LED indikatorer<\/strong><br>St\u00f6d f\u00f6r h\u00e5rdvara som har separata indikatorer f\u00f6r WiFi och access punkt<\/li>\n\n\n\n<li><strong>NYTT: Inst\u00e4llningar f\u00f6r statisk IP<\/strong><br>IP inst\u00e4llningar kan \u00e4ndras i webbgr\u00e4nssnittet<\/li>\n\n\n\n<li><strong>\u00c4NDRAT: Olika UART kanaler f\u00f6r datakommunikation och loggning<\/strong><br>Datakommunikation anv\u00e4nder UART1 f\u00f6r att inte krocka med loggning<\/li>\n\n\n\n<li><strong>\u00c4NDRAT: USB loggning \u00e4r inaktiverat<\/strong><br>Detta sparar enhetens resurser. Loggningen kan \u00e5teraktiveras i webbgr\u00e4nssnittet<br><\/li>\n<\/ul>\n\n\n\n<p><\/p>\n","protected":false},"excerpt":{"rendered":"<p>Anv\u00e4nd filen nedan om du har en l\u00e4sare utan extern antenn med rj12 port. Anv\u00e4nd filen nedan om du har en l\u00e4sare med ethernet med str\u00f6mf\u00f6rs\u00f6rjningsf\u00f6rm\u00e5ga (POE) och rj12 port. Anv\u00e4nd filen nedan om du har en l\u00e4sare med extern antenn, utan ethernet och med rj12 port Anv\u00e4nd filen nedan om du har en l\u00e4sare [&hellip;]<\/p>\n","protected":false},"author":2,"featured_media":0,"parent":357,"menu_order":0,"comment_status":"closed","ping_status":"closed","template":"","meta":{"footnotes":""},"yoast_head":"<!-- This site is optimized with the Yoast SEO plugin v21.7 - https:\/\/yoast.com\/wordpress\/plugins\/seo\/ -->\n<title>Version 3.5 - Energy Intelligence<\/title>\n<meta name=\"robots\" content=\"index, follow, max-snippet:-1, max-image-preview:large, max-video-preview:-1\" \/>\n<link rel=\"canonical\" href=\"https:\/\/energyintelligence.se\/shop\/firmware\/version-3-5-0-snapshot\/\" \/>\n<meta property=\"og:locale\" content=\"sv_SE\" \/>\n<meta property=\"og:type\" content=\"article\" \/>\n<meta property=\"og:title\" content=\"Version 3.5 - Energy Intelligence\" \/>\n<meta property=\"og:description\" content=\"Anv\u00e4nd filen nedan om du har en l\u00e4sare utan extern antenn med rj12 port. Anv\u00e4nd filen nedan om du har en l\u00e4sare med ethernet med str\u00f6mf\u00f6rs\u00f6rjningsf\u00f6rm\u00e5ga (POE) och rj12 port. Anv\u00e4nd filen nedan om du har en l\u00e4sare med extern antenn, utan ethernet och med rj12 port Anv\u00e4nd filen nedan om du har en l\u00e4sare [&hellip;]\" \/>\n<meta property=\"og:url\" content=\"https:\/\/energyintelligence.se\/shop\/firmware\/version-3-5-0-snapshot\/\" \/>\n<meta property=\"og:site_name\" content=\"Energy Intelligence\" \/>\n<meta property=\"article:modified_time\" content=\"2023-01-17T08:49:29+00:00\" \/>\n<meta name=\"twitter:card\" content=\"summary_large_image\" \/>\n<meta name=\"twitter:label1\" content=\"Ber\u00e4knad l\u00e4stid\" \/>\n\t<meta name=\"twitter:data1\" content=\"2 minuter\" \/>\n<script type=\"application\/ld+json\" class=\"yoast-schema-graph\">{\"@context\":\"https:\/\/schema.org\",\"@graph\":[{\"@type\":\"WebPage\",\"@id\":\"https:\/\/energyintelligence.se\/shop\/firmware\/version-3-5-0-snapshot\/\",\"url\":\"https:\/\/energyintelligence.se\/shop\/firmware\/version-3-5-0-snapshot\/\",\"name\":\"Version 3.5 - Energy Intelligence\",\"isPartOf\":{\"@id\":\"https:\/\/energyintelligence.se\/shop\/#website\"},\"datePublished\":\"2022-10-06T11:30:51+00:00\",\"dateModified\":\"2023-01-17T08:49:29+00:00\",\"breadcrumb\":{\"@id\":\"https:\/\/energyintelligence.se\/shop\/firmware\/version-3-5-0-snapshot\/#breadcrumb\"},\"inLanguage\":\"sv-SE\",\"potentialAction\":[{\"@type\":\"ReadAction\",\"target\":[\"https:\/\/energyintelligence.se\/shop\/firmware\/version-3-5-0-snapshot\/\"]}]},{\"@type\":\"BreadcrumbList\",\"@id\":\"https:\/\/energyintelligence.se\/shop\/firmware\/version-3-5-0-snapshot\/#breadcrumb\",\"itemListElement\":[{\"@type\":\"ListItem\",\"position\":1,\"name\":\"Hem\",\"item\":\"https:\/\/energyintelligence.se\/shop\/\"},{\"@type\":\"ListItem\",\"position\":2,\"name\":\"Firmware\",\"item\":\"https:\/\/energyintelligence.se\/shop\/firmware\/\"},{\"@type\":\"ListItem\",\"position\":3,\"name\":\"Version 3.5\"}]},{\"@type\":\"WebSite\",\"@id\":\"https:\/\/energyintelligence.se\/shop\/#website\",\"url\":\"https:\/\/energyintelligence.se\/shop\/\",\"name\":\"Energy Intelligence\",\"description\":\"Ta kontroll \u00f6ver din elf\u00f6rbrukning\",\"publisher\":{\"@id\":\"https:\/\/energyintelligence.se\/shop\/#organization\"},\"potentialAction\":[{\"@type\":\"SearchAction\",\"target\":{\"@type\":\"EntryPoint\",\"urlTemplate\":\"https:\/\/energyintelligence.se\/shop\/?s={search_term_string}\"},\"query-input\":\"required name=search_term_string\"}],\"inLanguage\":\"sv-SE\"},{\"@type\":\"Organization\",\"@id\":\"https:\/\/energyintelligence.se\/shop\/#organization\",\"name\":\"Notima Energy Intelligence AB\",\"url\":\"https:\/\/energyintelligence.se\/shop\/\",\"logo\":{\"@type\":\"ImageObject\",\"inLanguage\":\"sv-SE\",\"@id\":\"https:\/\/energyintelligence.se\/shop\/#\/schema\/logo\/image\/\",\"url\":\"https:\/\/energyintelligence.se\/shop\/wp-content\/uploads\/2023\/11\/cropped-EI-300x66-1.png\",\"contentUrl\":\"https:\/\/energyintelligence.se\/shop\/wp-content\/uploads\/2023\/11\/cropped-EI-300x66-1.png\",\"width\":300,\"height\":66,\"caption\":\"Notima Energy Intelligence AB\"},\"image\":{\"@id\":\"https:\/\/energyintelligence.se\/shop\/#\/schema\/logo\/image\/\"}}]}<\/script>\n<!-- \/ Yoast SEO plugin. -->","yoast_head_json":{"title":"Version 3.5 - Energy Intelligence","robots":{"index":"index","follow":"follow","max-snippet":"max-snippet:-1","max-image-preview":"max-image-preview:large","max-video-preview":"max-video-preview:-1"},"canonical":"https:\/\/energyintelligence.se\/shop\/firmware\/version-3-5-0-snapshot\/","og_locale":"sv_SE","og_type":"article","og_title":"Version 3.5 - Energy Intelligence","og_description":"Anv\u00e4nd filen nedan om du har en l\u00e4sare utan extern antenn med rj12 port. Anv\u00e4nd filen nedan om du har en l\u00e4sare med ethernet med str\u00f6mf\u00f6rs\u00f6rjningsf\u00f6rm\u00e5ga (POE) och rj12 port. Anv\u00e4nd filen nedan om du har en l\u00e4sare med extern antenn, utan ethernet och med rj12 port Anv\u00e4nd filen nedan om du har en l\u00e4sare [&hellip;]","og_url":"https:\/\/energyintelligence.se\/shop\/firmware\/version-3-5-0-snapshot\/","og_site_name":"Energy Intelligence","article_modified_time":"2023-01-17T08:49:29+00:00","twitter_card":"summary_large_image","twitter_misc":{"Ber\u00e4knad l\u00e4stid":"2 minuter"},"schema":{"@context":"https:\/\/schema.org","@graph":[{"@type":"WebPage","@id":"https:\/\/energyintelligence.se\/shop\/firmware\/version-3-5-0-snapshot\/","url":"https:\/\/energyintelligence.se\/shop\/firmware\/version-3-5-0-snapshot\/","name":"Version 3.5 - Energy Intelligence","isPartOf":{"@id":"https:\/\/energyintelligence.se\/shop\/#website"},"datePublished":"2022-10-06T11:30:51+00:00","dateModified":"2023-01-17T08:49:29+00:00","breadcrumb":{"@id":"https:\/\/energyintelligence.se\/shop\/firmware\/version-3-5-0-snapshot\/#breadcrumb"},"inLanguage":"sv-SE","potentialAction":[{"@type":"ReadAction","target":["https:\/\/energyintelligence.se\/shop\/firmware\/version-3-5-0-snapshot\/"]}]},{"@type":"BreadcrumbList","@id":"https:\/\/energyintelligence.se\/shop\/firmware\/version-3-5-0-snapshot\/#breadcrumb","itemListElement":[{"@type":"ListItem","position":1,"name":"Hem","item":"https:\/\/energyintelligence.se\/shop\/"},{"@type":"ListItem","position":2,"name":"Firmware","item":"https:\/\/energyintelligence.se\/shop\/firmware\/"},{"@type":"ListItem","position":3,"name":"Version 3.5"}]},{"@type":"WebSite","@id":"https:\/\/energyintelligence.se\/shop\/#website","url":"https:\/\/energyintelligence.se\/shop\/","name":"Energy Intelligence","description":"Ta kontroll \u00f6ver din elf\u00f6rbrukning","publisher":{"@id":"https:\/\/energyintelligence.se\/shop\/#organization"},"potentialAction":[{"@type":"SearchAction","target":{"@type":"EntryPoint","urlTemplate":"https:\/\/energyintelligence.se\/shop\/?s={search_term_string}"},"query-input":"required name=search_term_string"}],"inLanguage":"sv-SE"},{"@type":"Organization","@id":"https:\/\/energyintelligence.se\/shop\/#organization","name":"Notima Energy Intelligence AB","url":"https:\/\/energyintelligence.se\/shop\/","logo":{"@type":"ImageObject","inLanguage":"sv-SE","@id":"https:\/\/energyintelligence.se\/shop\/#\/schema\/logo\/image\/","url":"https:\/\/energyintelligence.se\/shop\/wp-content\/uploads\/2023\/11\/cropped-EI-300x66-1.png","contentUrl":"https:\/\/energyintelligence.se\/shop\/wp-content\/uploads\/2023\/11\/cropped-EI-300x66-1.png","width":300,"height":66,"caption":"Notima Energy Intelligence AB"},"image":{"@id":"https:\/\/energyintelligence.se\/shop\/#\/schema\/logo\/image\/"}}]}},"_links":{"self":[{"href":"https:\/\/energyintelligence.se\/shop\/wp-json\/wp\/v2\/pages\/896"}],"collection":[{"href":"https:\/\/energyintelligence.se\/shop\/wp-json\/wp\/v2\/pages"}],"about":[{"href":"https:\/\/energyintelligence.se\/shop\/wp-json\/wp\/v2\/types\/page"}],"author":[{"embeddable":true,"href":"https:\/\/energyintelligence.se\/shop\/wp-json\/wp\/v2\/users\/2"}],"replies":[{"embeddable":true,"href":"https:\/\/energyintelligence.se\/shop\/wp-json\/wp\/v2\/comments?post=896"}],"version-history":[{"count":10,"href":"https:\/\/energyintelligence.se\/shop\/wp-json\/wp\/v2\/pages\/896\/revisions"}],"predecessor-version":[{"id":1340,"href":"https:\/\/energyintelligence.se\/shop\/wp-json\/wp\/v2\/pages\/896\/revisions\/1340"}],"up":[{"embeddable":true,"href":"https:\/\/energyintelligence.se\/shop\/wp-json\/wp\/v2\/pages\/357"}],"wp:attachment":[{"href":"https:\/\/energyintelligence.se\/shop\/wp-json\/wp\/v2\/media?parent=896"}],"curies":[{"name":"wp","href":"https:\/\/api.w.org\/{rel}","templated":true}]}}