{"id":1224,"date":"2022-12-27T18:39:43","date_gmt":"2022-12-27T16:39:43","guid":{"rendered":"https:\/\/energyintelligence.se\/shop\/?post_type=product&#038;p=1224"},"modified":"2026-03-30T19:15:28","modified_gmt":"2026-03-30T17:15:28","slug":"p1-usb-din","status":"publish","type":"product","link":"https:\/\/energyintelligence.se\/shop\/product\/p1-usb-din\/","title":{"rendered":"P1-USB adapter i DIN-kapsling inkl RJ12-kabel"},"content":{"rendered":"<p>Denna adapter omvandlar HAN-portens seriella data till data som kan l\u00e4sas av en vanlig USB-port p\u00e5 en dator.<\/p>\n<p>En rak <a href=\"https:\/\/energyintelligence.se\/shop\/product\/rj12-rak-kabel-06-m-gra\">RJ12-kabel<\/a> (60 cm) ing\u00e5r men beh\u00f6ver kompletteras med en <a href=\"https:\/\/energyintelligence.se\/shop\/product\/usb-302s\">USB-micro-B kabel<\/a> om ni inte redan har en.<\/p>\n<p>USB-porten st\u00e4lls in p\u00e5 115200 baud.<\/p>\n<p>Exakt hur man &#8221;pratar&#8221; med USB-porten beror p\u00e5 vilken dator och operativsystem man har.<\/p>\n<p>Ett enkelt s\u00e4tt att testa porten \u00e4r att anv\u00e4nda sig av t ex Serial Monitor i <a href=\"https:\/\/www.arduino.cc\/en\/software\" target=\"_blank\" rel=\"noopener\">Arduino IDE<\/a>.<\/p>\n<p><a href=\"https:\/\/energyintelligence.se\/shop\/wp-content\/uploads\/2022\/12\/Manual-P1-USB-DIN.pdf\">Produktmanual P1-USB-DIN<\/a><\/p>\n","protected":false},"excerpt":{"rendered":"<p>En USB-adapter i en DIN-skenemonterbar l\u00e5da. USB-adaptern anv\u00e4nds n\u00e4r du sj\u00e4lv vill tolka datat som kommer fr\u00e5n elm\u00e4tarens P1\/HAN port.<\/p>\n","protected":false},"featured_media":1226,"template":"","meta":[],"product_cat":[16],"product_tag":[],"yoast_head":"<!-- This site is optimized with the Yoast SEO plugin v21.7 - https:\/\/yoast.com\/wordpress\/plugins\/seo\/ -->\n<title>P1-USB adapter i DIN-kapsling inkl RJ12-kabel - Energy Intelligence<\/title>\n<meta name=\"description\" content=\"Denna adapter omvandlar HAN-portens seriella data till data som kan l\u00e4sas av en vanlig USB-port p\u00e5 en dator. En rak RJ12-kabel ing\u00e5r.\" \/>\n<meta name=\"robots\" content=\"index, follow, max-snippet:-1, max-image-preview:large, max-video-preview:-1\" \/>\n<link rel=\"canonical\" href=\"https:\/\/energyintelligence.se\/shop\/product\/p1-usb-din\/\" \/>\n<meta property=\"og:locale\" content=\"sv_SE\" \/>\n<meta property=\"og:type\" content=\"article\" \/>\n<meta property=\"og:title\" content=\"P1-USB adapter i DIN-kapsling inkl RJ12-kabel - Energy Intelligence\" \/>\n<meta property=\"og:description\" content=\"Denna adapter omvandlar HAN-portens seriella data till data som kan l\u00e4sas av en vanlig USB-port p\u00e5 en dator. En rak RJ12-kabel ing\u00e5r.\" \/>\n<meta property=\"og:url\" content=\"https:\/\/energyintelligence.se\/shop\/product\/p1-usb-din\/\" \/>\n<meta property=\"og:site_name\" content=\"Energy Intelligence\" \/>\n<meta property=\"article:modified_time\" content=\"2026-03-30T17:15:28+00:00\" \/>\n<meta property=\"og:image\" content=\"https:\/\/energyintelligence.se\/shop\/wp-content\/uploads\/2022\/12\/p1usb-front-right.jpg\" \/>\n\t<meta property=\"og:image:width\" content=\"624\" \/>\n\t<meta property=\"og:image:height\" content=\"624\" \/>\n\t<meta property=\"og:image:type\" content=\"image\/jpeg\" \/>\n<meta name=\"twitter:card\" content=\"summary_large_image\" \/>\n<meta name=\"twitter:label1\" content=\"Ber\u00e4knad l\u00e4stid\" \/>\n\t<meta name=\"twitter:data1\" content=\"1 minut\" \/>\n<script type=\"application\/ld+json\" class=\"yoast-schema-graph\">{\"@context\":\"https:\/\/schema.org\",\"@graph\":[{\"@type\":\"WebPage\",\"@id\":\"https:\/\/energyintelligence.se\/shop\/product\/p1-usb-din\/\",\"url\":\"https:\/\/energyintelligence.se\/shop\/product\/p1-usb-din\/\",\"name\":\"P1-USB adapter i DIN-kapsling inkl RJ12-kabel - Energy Intelligence\",\"isPartOf\":{\"@id\":\"https:\/\/energyintelligence.se\/shop\/#website\"},\"datePublished\":\"2022-12-27T16:39:43+00:00\",\"dateModified\":\"2026-03-30T17:15:28+00:00\",\"description\":\"Denna adapter omvandlar HAN-portens seriella data till data som kan l\u00e4sas av en vanlig USB-port p\u00e5 en dator. En rak RJ12-kabel ing\u00e5r.\",\"breadcrumb\":{\"@id\":\"https:\/\/energyintelligence.se\/shop\/product\/p1-usb-din\/#breadcrumb\"},\"inLanguage\":\"sv-SE\",\"potentialAction\":[{\"@type\":\"ReadAction\",\"target\":[\"https:\/\/energyintelligence.se\/shop\/product\/p1-usb-din\/\"]}]},{\"@type\":\"BreadcrumbList\",\"@id\":\"https:\/\/energyintelligence.se\/shop\/product\/p1-usb-din\/#breadcrumb\",\"itemListElement\":[{\"@type\":\"ListItem\",\"position\":1,\"name\":\"Hem\",\"item\":\"https:\/\/energyintelligence.se\/shop\/\"},{\"@type\":\"ListItem\",\"position\":2,\"name\":\"Ta kontroll \u00f6ver din elf\u00f6rbrukning helt utan abonnemang eller till\u00e4ggstj\u00e4nster\",\"item\":\"https:\/\/energyintelligence.se\/shop\/\"},{\"@type\":\"ListItem\",\"position\":3,\"name\":\"P1-USB adapter i DIN-kapsling inkl RJ12-kabel\"}]},{\"@type\":\"WebSite\",\"@id\":\"https:\/\/energyintelligence.se\/shop\/#website\",\"url\":\"https:\/\/energyintelligence.se\/shop\/\",\"name\":\"Energy Intelligence\",\"description\":\"Ta kontroll \u00f6ver din elf\u00f6rbrukning\",\"publisher\":{\"@id\":\"https:\/\/energyintelligence.se\/shop\/#organization\"},\"potentialAction\":[{\"@type\":\"SearchAction\",\"target\":{\"@type\":\"EntryPoint\",\"urlTemplate\":\"https:\/\/energyintelligence.se\/shop\/?s={search_term_string}\"},\"query-input\":\"required name=search_term_string\"}],\"inLanguage\":\"sv-SE\"},{\"@type\":\"Organization\",\"@id\":\"https:\/\/energyintelligence.se\/shop\/#organization\",\"name\":\"Notima Energy Intelligence AB\",\"url\":\"https:\/\/energyintelligence.se\/shop\/\",\"logo\":{\"@type\":\"ImageObject\",\"inLanguage\":\"sv-SE\",\"@id\":\"https:\/\/energyintelligence.se\/shop\/#\/schema\/logo\/image\/\",\"url\":\"https:\/\/energyintelligence.se\/shop\/wp-content\/uploads\/2023\/11\/cropped-EI-300x66-1.png\",\"contentUrl\":\"https:\/\/energyintelligence.se\/shop\/wp-content\/uploads\/2023\/11\/cropped-EI-300x66-1.png\",\"width\":300,\"height\":66,\"caption\":\"Notima Energy Intelligence AB\"},\"image\":{\"@id\":\"https:\/\/energyintelligence.se\/shop\/#\/schema\/logo\/image\/\"}}]}<\/script>\n<!-- \/ Yoast SEO plugin. -->","yoast_head_json":{"title":"P1-USB adapter i DIN-kapsling inkl RJ12-kabel - Energy Intelligence","description":"Denna adapter omvandlar HAN-portens seriella data till data som kan l\u00e4sas av en vanlig USB-port p\u00e5 en dator. En rak RJ12-kabel ing\u00e5r.","robots":{"index":"index","follow":"follow","max-snippet":"max-snippet:-1","max-image-preview":"max-image-preview:large","max-video-preview":"max-video-preview:-1"},"canonical":"https:\/\/energyintelligence.se\/shop\/product\/p1-usb-din\/","og_locale":"sv_SE","og_type":"article","og_title":"P1-USB adapter i DIN-kapsling inkl RJ12-kabel - Energy Intelligence","og_description":"Denna adapter omvandlar HAN-portens seriella data till data som kan l\u00e4sas av en vanlig USB-port p\u00e5 en dator. En rak RJ12-kabel ing\u00e5r.","og_url":"https:\/\/energyintelligence.se\/shop\/product\/p1-usb-din\/","og_site_name":"Energy Intelligence","article_modified_time":"2026-03-30T17:15:28+00:00","og_image":[{"width":624,"height":624,"url":"https:\/\/energyintelligence.se\/shop\/wp-content\/uploads\/2022\/12\/p1usb-front-right.jpg","type":"image\/jpeg"}],"twitter_card":"summary_large_image","twitter_misc":{"Ber\u00e4knad l\u00e4stid":"1 minut"},"schema":{"@context":"https:\/\/schema.org","@graph":[{"@type":"WebPage","@id":"https:\/\/energyintelligence.se\/shop\/product\/p1-usb-din\/","url":"https:\/\/energyintelligence.se\/shop\/product\/p1-usb-din\/","name":"P1-USB adapter i DIN-kapsling inkl RJ12-kabel - Energy Intelligence","isPartOf":{"@id":"https:\/\/energyintelligence.se\/shop\/#website"},"datePublished":"2022-12-27T16:39:43+00:00","dateModified":"2026-03-30T17:15:28+00:00","description":"Denna adapter omvandlar HAN-portens seriella data till data som kan l\u00e4sas av en vanlig USB-port p\u00e5 en dator. En rak RJ12-kabel ing\u00e5r.","breadcrumb":{"@id":"https:\/\/energyintelligence.se\/shop\/product\/p1-usb-din\/#breadcrumb"},"inLanguage":"sv-SE","potentialAction":[{"@type":"ReadAction","target":["https:\/\/energyintelligence.se\/shop\/product\/p1-usb-din\/"]}]},{"@type":"BreadcrumbList","@id":"https:\/\/energyintelligence.se\/shop\/product\/p1-usb-din\/#breadcrumb","itemListElement":[{"@type":"ListItem","position":1,"name":"Hem","item":"https:\/\/energyintelligence.se\/shop\/"},{"@type":"ListItem","position":2,"name":"Ta kontroll \u00f6ver din elf\u00f6rbrukning helt utan abonnemang eller till\u00e4ggstj\u00e4nster","item":"https:\/\/energyintelligence.se\/shop\/"},{"@type":"ListItem","position":3,"name":"P1-USB adapter i DIN-kapsling inkl RJ12-kabel"}]},{"@type":"WebSite","@id":"https:\/\/energyintelligence.se\/shop\/#website","url":"https:\/\/energyintelligence.se\/shop\/","name":"Energy Intelligence","description":"Ta kontroll \u00f6ver din elf\u00f6rbrukning","publisher":{"@id":"https:\/\/energyintelligence.se\/shop\/#organization"},"potentialAction":[{"@type":"SearchAction","target":{"@type":"EntryPoint","urlTemplate":"https:\/\/energyintelligence.se\/shop\/?s={search_term_string}"},"query-input":"required name=search_term_string"}],"inLanguage":"sv-SE"},{"@type":"Organization","@id":"https:\/\/energyintelligence.se\/shop\/#organization","name":"Notima Energy Intelligence AB","url":"https:\/\/energyintelligence.se\/shop\/","logo":{"@type":"ImageObject","inLanguage":"sv-SE","@id":"https:\/\/energyintelligence.se\/shop\/#\/schema\/logo\/image\/","url":"https:\/\/energyintelligence.se\/shop\/wp-content\/uploads\/2023\/11\/cropped-EI-300x66-1.png","contentUrl":"https:\/\/energyintelligence.se\/shop\/wp-content\/uploads\/2023\/11\/cropped-EI-300x66-1.png","width":300,"height":66,"caption":"Notima Energy Intelligence AB"},"image":{"@id":"https:\/\/energyintelligence.se\/shop\/#\/schema\/logo\/image\/"}}]}},"_links":{"self":[{"href":"https:\/\/energyintelligence.se\/shop\/wp-json\/wp\/v2\/product\/1224"}],"collection":[{"href":"https:\/\/energyintelligence.se\/shop\/wp-json\/wp\/v2\/product"}],"about":[{"href":"https:\/\/energyintelligence.se\/shop\/wp-json\/wp\/v2\/types\/product"}],"wp:featuredmedia":[{"embeddable":true,"href":"https:\/\/energyintelligence.se\/shop\/wp-json\/wp\/v2\/media\/1226"}],"wp:attachment":[{"href":"https:\/\/energyintelligence.se\/shop\/wp-json\/wp\/v2\/media?parent=1224"}],"wp:term":[{"taxonomy":"product_cat","embeddable":true,"href":"https:\/\/energyintelligence.se\/shop\/wp-json\/wp\/v2\/product_cat?post=1224"},{"taxonomy":"product_tag","embeddable":true,"href":"https:\/\/energyintelligence.se\/shop\/wp-json\/wp\/v2\/product_tag?post=1224"}],"curies":[{"name":"wp","href":"https:\/\/api.w.org\/{rel}","templated":true}]}}