{"id":1246,"date":"2023-01-03T17:25:42","date_gmt":"2023-01-03T15:25:42","guid":{"rendered":"https:\/\/energyintelligence.se\/shop\/?post_type=product&#038;p=1246"},"modified":"2026-03-20T00:18:17","modified_gmt":"2026-03-19T22:18:17","slug":"aktiv-p1-splitter-forstarkare","status":"publish","type":"product","link":"https:\/\/energyintelligence.se\/shop\/product\/aktiv-p1-splitter-forstarkare\/","title":{"rendered":"Aktiv P1-splitter\/f\u00f6rst\u00e4rkare RJ12"},"content":{"rendered":"","protected":false},"excerpt":{"rendered":"<p>Enheten skapar 3 st extra P1 signaler utifr\u00e5n en inkommande signal. Enheten f\u00f6rst\u00e4rker \u00e4ven de inkommande signalerna vilket g\u00f6r att l\u00e4ngre kabell\u00e4ngder \u00e4r m\u00f6jliga.<\/p>\n<p>Enheten kan str\u00f6mf\u00f6rs\u00f6rjas p\u00e5 olika s\u00e4tt<\/p>\n<ul>\n<li>Via den anslutna elm\u00e4taren (om den har str\u00f6mf\u00f6rs\u00f6rjning)<\/li>\n<li>Via en USB-C kontakt.<\/li>\n<li>Via en av utsignalernas P1-utg\u00e5ngar (om str\u00f6mf\u00f6rs\u00f6rjning ges fr\u00e5n det h\u00e5llet).<\/li>\n<\/ul>\n<p>En 100 cm l\u00e5ng RJ12 kabel ing\u00e5r.<\/p>\n","protected":false},"featured_media":1293,"template":"","meta":[],"product_cat":[33],"product_tag":[],"yoast_head":"<!-- This site is optimized with the Yoast SEO plugin v21.7 - https:\/\/yoast.com\/wordpress\/plugins\/seo\/ -->\n<title>Aktiv P1-splitter\/f\u00f6rst\u00e4rkare RJ12 - Energy Intelligence<\/title>\n<meta name=\"description\" content=\"Skapar 3 st extra P1 signaler utifr\u00e5n en inkommande signal. Enheten f\u00f6rst\u00e4rker \u00e4ven de inkommande signalerna vilket g\u00f6r att l\u00e4ngre kabell\u00e4ngder \u00e4r m\u00f6jliga.\" \/>\n<meta name=\"robots\" content=\"index, follow, max-snippet:-1, max-image-preview:large, max-video-preview:-1\" \/>\n<link rel=\"canonical\" href=\"https:\/\/energyintelligence.se\/shop\/product\/aktiv-p1-splitter-forstarkare\/\" \/>\n<meta property=\"og:locale\" content=\"sv_SE\" \/>\n<meta property=\"og:type\" content=\"article\" \/>\n<meta property=\"og:title\" content=\"Aktiv P1-splitter\/f\u00f6rst\u00e4rkare RJ12 - Energy Intelligence\" \/>\n<meta property=\"og:description\" content=\"Skapar 3 st extra P1 signaler utifr\u00e5n en inkommande signal. Enheten f\u00f6rst\u00e4rker \u00e4ven de inkommande signalerna vilket g\u00f6r att l\u00e4ngre kabell\u00e4ngder \u00e4r m\u00f6jliga.\" \/>\n<meta property=\"og:url\" content=\"https:\/\/energyintelligence.se\/shop\/product\/aktiv-p1-splitter-forstarkare\/\" \/>\n<meta property=\"og:site_name\" content=\"Energy Intelligence\" \/>\n<meta property=\"article:modified_time\" content=\"2026-03-19T22:18:17+00:00\" \/>\n<meta property=\"og:image\" content=\"https:\/\/energyintelligence.se\/shop\/wp-content\/uploads\/2023\/01\/p1-splitter-top-right.jpg\" \/>\n\t<meta property=\"og:image:width\" content=\"741\" \/>\n\t<meta property=\"og:image:height\" content=\"679\" \/>\n\t<meta property=\"og:image:type\" content=\"image\/jpeg\" \/>\n<meta name=\"twitter:card\" content=\"summary_large_image\" \/>\n<meta name=\"twitter:label1\" content=\"Ber\u00e4knad l\u00e4stid\" \/>\n\t<meta name=\"twitter:data1\" content=\"1 minut\" \/>\n<script type=\"application\/ld+json\" class=\"yoast-schema-graph\">{\"@context\":\"https:\/\/schema.org\",\"@graph\":[{\"@type\":\"WebPage\",\"@id\":\"https:\/\/energyintelligence.se\/shop\/product\/aktiv-p1-splitter-forstarkare\/\",\"url\":\"https:\/\/energyintelligence.se\/shop\/product\/aktiv-p1-splitter-forstarkare\/\",\"name\":\"Aktiv P1-splitter\/f\u00f6rst\u00e4rkare RJ12 - Energy Intelligence\",\"isPartOf\":{\"@id\":\"https:\/\/energyintelligence.se\/shop\/#website\"},\"datePublished\":\"2023-01-03T15:25:42+00:00\",\"dateModified\":\"2026-03-19T22:18:17+00:00\",\"description\":\"Skapar 3 st extra P1 signaler utifr\u00e5n en inkommande signal. Enheten f\u00f6rst\u00e4rker \u00e4ven de inkommande signalerna vilket g\u00f6r att l\u00e4ngre kabell\u00e4ngder \u00e4r m\u00f6jliga.\",\"breadcrumb\":{\"@id\":\"https:\/\/energyintelligence.se\/shop\/product\/aktiv-p1-splitter-forstarkare\/#breadcrumb\"},\"inLanguage\":\"sv-SE\",\"potentialAction\":[{\"@type\":\"ReadAction\",\"target\":[\"https:\/\/energyintelligence.se\/shop\/product\/aktiv-p1-splitter-forstarkare\/\"]}]},{\"@type\":\"BreadcrumbList\",\"@id\":\"https:\/\/energyintelligence.se\/shop\/product\/aktiv-p1-splitter-forstarkare\/#breadcrumb\",\"itemListElement\":[{\"@type\":\"ListItem\",\"position\":1,\"name\":\"Hem\",\"item\":\"https:\/\/energyintelligence.se\/shop\/\"},{\"@type\":\"ListItem\",\"position\":2,\"name\":\"Ta kontroll \u00f6ver din elf\u00f6rbrukning helt utan abonnemang eller till\u00e4ggstj\u00e4nster\",\"item\":\"https:\/\/energyintelligence.se\/shop\/\"},{\"@type\":\"ListItem\",\"position\":3,\"name\":\"Aktiv P1-splitter\/f\u00f6rst\u00e4rkare RJ12\"}]},{\"@type\":\"WebSite\",\"@id\":\"https:\/\/energyintelligence.se\/shop\/#website\",\"url\":\"https:\/\/energyintelligence.se\/shop\/\",\"name\":\"Energy Intelligence\",\"description\":\"Ta kontroll \u00f6ver din elf\u00f6rbrukning\",\"publisher\":{\"@id\":\"https:\/\/energyintelligence.se\/shop\/#organization\"},\"potentialAction\":[{\"@type\":\"SearchAction\",\"target\":{\"@type\":\"EntryPoint\",\"urlTemplate\":\"https:\/\/energyintelligence.se\/shop\/?s={search_term_string}\"},\"query-input\":\"required name=search_term_string\"}],\"inLanguage\":\"sv-SE\"},{\"@type\":\"Organization\",\"@id\":\"https:\/\/energyintelligence.se\/shop\/#organization\",\"name\":\"Notima Energy Intelligence AB\",\"url\":\"https:\/\/energyintelligence.se\/shop\/\",\"logo\":{\"@type\":\"ImageObject\",\"inLanguage\":\"sv-SE\",\"@id\":\"https:\/\/energyintelligence.se\/shop\/#\/schema\/logo\/image\/\",\"url\":\"https:\/\/energyintelligence.se\/shop\/wp-content\/uploads\/2023\/11\/cropped-EI-300x66-1.png\",\"contentUrl\":\"https:\/\/energyintelligence.se\/shop\/wp-content\/uploads\/2023\/11\/cropped-EI-300x66-1.png\",\"width\":300,\"height\":66,\"caption\":\"Notima Energy Intelligence AB\"},\"image\":{\"@id\":\"https:\/\/energyintelligence.se\/shop\/#\/schema\/logo\/image\/\"}}]}<\/script>\n<!-- \/ Yoast SEO plugin. -->","yoast_head_json":{"title":"Aktiv P1-splitter\/f\u00f6rst\u00e4rkare RJ12 - Energy Intelligence","description":"Skapar 3 st extra P1 signaler utifr\u00e5n en inkommande signal. Enheten f\u00f6rst\u00e4rker \u00e4ven de inkommande signalerna vilket g\u00f6r att l\u00e4ngre kabell\u00e4ngder \u00e4r m\u00f6jliga.","robots":{"index":"index","follow":"follow","max-snippet":"max-snippet:-1","max-image-preview":"max-image-preview:large","max-video-preview":"max-video-preview:-1"},"canonical":"https:\/\/energyintelligence.se\/shop\/product\/aktiv-p1-splitter-forstarkare\/","og_locale":"sv_SE","og_type":"article","og_title":"Aktiv P1-splitter\/f\u00f6rst\u00e4rkare RJ12 - Energy Intelligence","og_description":"Skapar 3 st extra P1 signaler utifr\u00e5n en inkommande signal. Enheten f\u00f6rst\u00e4rker \u00e4ven de inkommande signalerna vilket g\u00f6r att l\u00e4ngre kabell\u00e4ngder \u00e4r m\u00f6jliga.","og_url":"https:\/\/energyintelligence.se\/shop\/product\/aktiv-p1-splitter-forstarkare\/","og_site_name":"Energy Intelligence","article_modified_time":"2026-03-19T22:18:17+00:00","og_image":[{"width":741,"height":679,"url":"https:\/\/energyintelligence.se\/shop\/wp-content\/uploads\/2023\/01\/p1-splitter-top-right.jpg","type":"image\/jpeg"}],"twitter_card":"summary_large_image","twitter_misc":{"Ber\u00e4knad l\u00e4stid":"1 minut"},"schema":{"@context":"https:\/\/schema.org","@graph":[{"@type":"WebPage","@id":"https:\/\/energyintelligence.se\/shop\/product\/aktiv-p1-splitter-forstarkare\/","url":"https:\/\/energyintelligence.se\/shop\/product\/aktiv-p1-splitter-forstarkare\/","name":"Aktiv P1-splitter\/f\u00f6rst\u00e4rkare RJ12 - Energy Intelligence","isPartOf":{"@id":"https:\/\/energyintelligence.se\/shop\/#website"},"datePublished":"2023-01-03T15:25:42+00:00","dateModified":"2026-03-19T22:18:17+00:00","description":"Skapar 3 st extra P1 signaler utifr\u00e5n en inkommande signal. Enheten f\u00f6rst\u00e4rker \u00e4ven de inkommande signalerna vilket g\u00f6r att l\u00e4ngre kabell\u00e4ngder \u00e4r m\u00f6jliga.","breadcrumb":{"@id":"https:\/\/energyintelligence.se\/shop\/product\/aktiv-p1-splitter-forstarkare\/#breadcrumb"},"inLanguage":"sv-SE","potentialAction":[{"@type":"ReadAction","target":["https:\/\/energyintelligence.se\/shop\/product\/aktiv-p1-splitter-forstarkare\/"]}]},{"@type":"BreadcrumbList","@id":"https:\/\/energyintelligence.se\/shop\/product\/aktiv-p1-splitter-forstarkare\/#breadcrumb","itemListElement":[{"@type":"ListItem","position":1,"name":"Hem","item":"https:\/\/energyintelligence.se\/shop\/"},{"@type":"ListItem","position":2,"name":"Ta kontroll \u00f6ver din elf\u00f6rbrukning helt utan abonnemang eller till\u00e4ggstj\u00e4nster","item":"https:\/\/energyintelligence.se\/shop\/"},{"@type":"ListItem","position":3,"name":"Aktiv P1-splitter\/f\u00f6rst\u00e4rkare RJ12"}]},{"@type":"WebSite","@id":"https:\/\/energyintelligence.se\/shop\/#website","url":"https:\/\/energyintelligence.se\/shop\/","name":"Energy Intelligence","description":"Ta kontroll \u00f6ver din elf\u00f6rbrukning","publisher":{"@id":"https:\/\/energyintelligence.se\/shop\/#organization"},"potentialAction":[{"@type":"SearchAction","target":{"@type":"EntryPoint","urlTemplate":"https:\/\/energyintelligence.se\/shop\/?s={search_term_string}"},"query-input":"required name=search_term_string"}],"inLanguage":"sv-SE"},{"@type":"Organization","@id":"https:\/\/energyintelligence.se\/shop\/#organization","name":"Notima Energy Intelligence AB","url":"https:\/\/energyintelligence.se\/shop\/","logo":{"@type":"ImageObject","inLanguage":"sv-SE","@id":"https:\/\/energyintelligence.se\/shop\/#\/schema\/logo\/image\/","url":"https:\/\/energyintelligence.se\/shop\/wp-content\/uploads\/2023\/11\/cropped-EI-300x66-1.png","contentUrl":"https:\/\/energyintelligence.se\/shop\/wp-content\/uploads\/2023\/11\/cropped-EI-300x66-1.png","width":300,"height":66,"caption":"Notima Energy Intelligence AB"},"image":{"@id":"https:\/\/energyintelligence.se\/shop\/#\/schema\/logo\/image\/"}}]}},"_links":{"self":[{"href":"https:\/\/energyintelligence.se\/shop\/wp-json\/wp\/v2\/product\/1246"}],"collection":[{"href":"https:\/\/energyintelligence.se\/shop\/wp-json\/wp\/v2\/product"}],"about":[{"href":"https:\/\/energyintelligence.se\/shop\/wp-json\/wp\/v2\/types\/product"}],"wp:featuredmedia":[{"embeddable":true,"href":"https:\/\/energyintelligence.se\/shop\/wp-json\/wp\/v2\/media\/1293"}],"wp:attachment":[{"href":"https:\/\/energyintelligence.se\/shop\/wp-json\/wp\/v2\/media?parent=1246"}],"wp:term":[{"taxonomy":"product_cat","embeddable":true,"href":"https:\/\/energyintelligence.se\/shop\/wp-json\/wp\/v2\/product_cat?post=1246"},{"taxonomy":"product_tag","embeddable":true,"href":"https:\/\/energyintelligence.se\/shop\/wp-json\/wp\/v2\/product_tag?post=1246"}],"curies":[{"name":"wp","href":"https:\/\/api.w.org\/{rel}","templated":true}]}}