{"id":1399,"date":"2023-02-01T11:34:21","date_gmt":"2023-02-01T09:34:21","guid":{"rendered":"https:\/\/energyintelligence.se\/shop\/?post_type=product&#038;p=1399"},"modified":"2026-02-26T18:05:43","modified_gmt":"2026-02-26T16:05:43","slug":"rj12-rak-kabel-10-m-vit","status":"publish","type":"product","link":"https:\/\/energyintelligence.se\/shop\/product\/rj12-rak-kabel-10-m-vit\/","title":{"rendered":"RJ12 rak kabel 10 m vit"},"content":{"rendered":"<p>F\u00e4rdig modularkabel med 6-pin RJ-kontakter. 6st anslutna ledare.<\/p>\n<p>Denna kabel kan anv\u00e4ndas f\u00f6r att ansluta till elm\u00e4taren.<\/p>\n","protected":false},"excerpt":{"rendered":"<p>OBS! Denna kabell\u00e4ngd kan kr\u00e4va en <a href=\"https:\/\/energyintelligence.se\/shop\/product\/aktiv-p1-splitter-forstarkare\">f\u00f6rst\u00e4rkare<\/a> av signalen.<\/p>\n","protected":false},"featured_media":1396,"template":"","meta":[],"product_cat":[33],"product_tag":[],"yoast_head":"<!-- This site is optimized with the Yoast SEO plugin v21.7 - https:\/\/yoast.com\/wordpress\/plugins\/seo\/ -->\n<title>RJ12 rak kabel 10 m vit - Energy Intelligence<\/title>\n<meta name=\"description\" content=\"10 meter vit kabel kompatibel med elm\u00e4taravl\u00e4sare med RJ12 uttag. F\u00e4rdig modularkabel med 6-pin RJ-kontakter. 6st anslutna ledare.\" \/>\n<meta name=\"robots\" content=\"index, follow, max-snippet:-1, max-image-preview:large, max-video-preview:-1\" \/>\n<link rel=\"canonical\" href=\"https:\/\/energyintelligence.se\/shop\/product\/rj12-rak-kabel-10-m-vit\/\" \/>\n<meta property=\"og:locale\" content=\"sv_SE\" \/>\n<meta property=\"og:type\" content=\"article\" \/>\n<meta property=\"og:title\" content=\"RJ12 rak kabel 10 m vit - Energy Intelligence\" \/>\n<meta property=\"og:description\" content=\"10 meter vit kabel kompatibel med elm\u00e4taravl\u00e4sare med RJ12 uttag. F\u00e4rdig modularkabel med 6-pin RJ-kontakter. 6st anslutna ledare.\" \/>\n<meta property=\"og:url\" content=\"https:\/\/energyintelligence.se\/shop\/product\/rj12-rak-kabel-10-m-vit\/\" \/>\n<meta property=\"og:site_name\" content=\"Energy Intelligence\" \/>\n<meta property=\"article:modified_time\" content=\"2026-02-26T16:05:43+00:00\" \/>\n<meta property=\"og:image\" content=\"https:\/\/energyintelligence.se\/shop\/wp-content\/uploads\/2023\/02\/Rj12.png\" \/>\n\t<meta property=\"og:image:width\" content=\"282\" \/>\n\t<meta property=\"og:image:height\" content=\"241\" \/>\n\t<meta property=\"og:image:type\" content=\"image\/png\" \/>\n<meta name=\"twitter:card\" content=\"summary_large_image\" \/>\n<meta name=\"twitter:label1\" content=\"Ber\u00e4knad l\u00e4stid\" \/>\n\t<meta name=\"twitter:data1\" content=\"1 minut\" \/>\n<script type=\"application\/ld+json\" class=\"yoast-schema-graph\">{\"@context\":\"https:\/\/schema.org\",\"@graph\":[{\"@type\":\"WebPage\",\"@id\":\"https:\/\/energyintelligence.se\/shop\/product\/rj12-rak-kabel-10-m-vit\/\",\"url\":\"https:\/\/energyintelligence.se\/shop\/product\/rj12-rak-kabel-10-m-vit\/\",\"name\":\"RJ12 rak kabel 10 m vit - Energy Intelligence\",\"isPartOf\":{\"@id\":\"https:\/\/energyintelligence.se\/shop\/#website\"},\"datePublished\":\"2023-02-01T09:34:21+00:00\",\"dateModified\":\"2026-02-26T16:05:43+00:00\",\"description\":\"10 meter vit kabel kompatibel med elm\u00e4taravl\u00e4sare med RJ12 uttag. F\u00e4rdig modularkabel med 6-pin RJ-kontakter. 6st anslutna ledare.\",\"breadcrumb\":{\"@id\":\"https:\/\/energyintelligence.se\/shop\/product\/rj12-rak-kabel-10-m-vit\/#breadcrumb\"},\"inLanguage\":\"sv-SE\",\"potentialAction\":[{\"@type\":\"ReadAction\",\"target\":[\"https:\/\/energyintelligence.se\/shop\/product\/rj12-rak-kabel-10-m-vit\/\"]}]},{\"@type\":\"BreadcrumbList\",\"@id\":\"https:\/\/energyintelligence.se\/shop\/product\/rj12-rak-kabel-10-m-vit\/#breadcrumb\",\"itemListElement\":[{\"@type\":\"ListItem\",\"position\":1,\"name\":\"Hem\",\"item\":\"https:\/\/energyintelligence.se\/shop\/\"},{\"@type\":\"ListItem\",\"position\":2,\"name\":\"Ta kontroll \u00f6ver din elf\u00f6rbrukning helt utan abonnemang eller till\u00e4ggstj\u00e4nster\",\"item\":\"https:\/\/energyintelligence.se\/shop\/\"},{\"@type\":\"ListItem\",\"position\":3,\"name\":\"RJ12 rak kabel 10 m vit\"}]},{\"@type\":\"WebSite\",\"@id\":\"https:\/\/energyintelligence.se\/shop\/#website\",\"url\":\"https:\/\/energyintelligence.se\/shop\/\",\"name\":\"Energy Intelligence\",\"description\":\"Ta kontroll \u00f6ver din elf\u00f6rbrukning\",\"publisher\":{\"@id\":\"https:\/\/energyintelligence.se\/shop\/#organization\"},\"potentialAction\":[{\"@type\":\"SearchAction\",\"target\":{\"@type\":\"EntryPoint\",\"urlTemplate\":\"https:\/\/energyintelligence.se\/shop\/?s={search_term_string}\"},\"query-input\":\"required name=search_term_string\"}],\"inLanguage\":\"sv-SE\"},{\"@type\":\"Organization\",\"@id\":\"https:\/\/energyintelligence.se\/shop\/#organization\",\"name\":\"Notima Energy Intelligence AB\",\"url\":\"https:\/\/energyintelligence.se\/shop\/\",\"logo\":{\"@type\":\"ImageObject\",\"inLanguage\":\"sv-SE\",\"@id\":\"https:\/\/energyintelligence.se\/shop\/#\/schema\/logo\/image\/\",\"url\":\"https:\/\/energyintelligence.se\/shop\/wp-content\/uploads\/2023\/11\/cropped-EI-300x66-1.png\",\"contentUrl\":\"https:\/\/energyintelligence.se\/shop\/wp-content\/uploads\/2023\/11\/cropped-EI-300x66-1.png\",\"width\":300,\"height\":66,\"caption\":\"Notima Energy Intelligence AB\"},\"image\":{\"@id\":\"https:\/\/energyintelligence.se\/shop\/#\/schema\/logo\/image\/\"}}]}<\/script>\n<!-- \/ Yoast SEO plugin. -->","yoast_head_json":{"title":"RJ12 rak kabel 10 m vit - Energy Intelligence","description":"10 meter vit kabel kompatibel med elm\u00e4taravl\u00e4sare med RJ12 uttag. F\u00e4rdig modularkabel med 6-pin RJ-kontakter. 6st anslutna ledare.","robots":{"index":"index","follow":"follow","max-snippet":"max-snippet:-1","max-image-preview":"max-image-preview:large","max-video-preview":"max-video-preview:-1"},"canonical":"https:\/\/energyintelligence.se\/shop\/product\/rj12-rak-kabel-10-m-vit\/","og_locale":"sv_SE","og_type":"article","og_title":"RJ12 rak kabel 10 m vit - Energy Intelligence","og_description":"10 meter vit kabel kompatibel med elm\u00e4taravl\u00e4sare med RJ12 uttag. F\u00e4rdig modularkabel med 6-pin RJ-kontakter. 6st anslutna ledare.","og_url":"https:\/\/energyintelligence.se\/shop\/product\/rj12-rak-kabel-10-m-vit\/","og_site_name":"Energy Intelligence","article_modified_time":"2026-02-26T16:05:43+00:00","og_image":[{"width":282,"height":241,"url":"https:\/\/energyintelligence.se\/shop\/wp-content\/uploads\/2023\/02\/Rj12.png","type":"image\/png"}],"twitter_card":"summary_large_image","twitter_misc":{"Ber\u00e4knad l\u00e4stid":"1 minut"},"schema":{"@context":"https:\/\/schema.org","@graph":[{"@type":"WebPage","@id":"https:\/\/energyintelligence.se\/shop\/product\/rj12-rak-kabel-10-m-vit\/","url":"https:\/\/energyintelligence.se\/shop\/product\/rj12-rak-kabel-10-m-vit\/","name":"RJ12 rak kabel 10 m vit - Energy Intelligence","isPartOf":{"@id":"https:\/\/energyintelligence.se\/shop\/#website"},"datePublished":"2023-02-01T09:34:21+00:00","dateModified":"2026-02-26T16:05:43+00:00","description":"10 meter vit kabel kompatibel med elm\u00e4taravl\u00e4sare med RJ12 uttag. F\u00e4rdig modularkabel med 6-pin RJ-kontakter. 6st anslutna ledare.","breadcrumb":{"@id":"https:\/\/energyintelligence.se\/shop\/product\/rj12-rak-kabel-10-m-vit\/#breadcrumb"},"inLanguage":"sv-SE","potentialAction":[{"@type":"ReadAction","target":["https:\/\/energyintelligence.se\/shop\/product\/rj12-rak-kabel-10-m-vit\/"]}]},{"@type":"BreadcrumbList","@id":"https:\/\/energyintelligence.se\/shop\/product\/rj12-rak-kabel-10-m-vit\/#breadcrumb","itemListElement":[{"@type":"ListItem","position":1,"name":"Hem","item":"https:\/\/energyintelligence.se\/shop\/"},{"@type":"ListItem","position":2,"name":"Ta kontroll \u00f6ver din elf\u00f6rbrukning helt utan abonnemang eller till\u00e4ggstj\u00e4nster","item":"https:\/\/energyintelligence.se\/shop\/"},{"@type":"ListItem","position":3,"name":"RJ12 rak kabel 10 m vit"}]},{"@type":"WebSite","@id":"https:\/\/energyintelligence.se\/shop\/#website","url":"https:\/\/energyintelligence.se\/shop\/","name":"Energy Intelligence","description":"Ta kontroll \u00f6ver din elf\u00f6rbrukning","publisher":{"@id":"https:\/\/energyintelligence.se\/shop\/#organization"},"potentialAction":[{"@type":"SearchAction","target":{"@type":"EntryPoint","urlTemplate":"https:\/\/energyintelligence.se\/shop\/?s={search_term_string}"},"query-input":"required name=search_term_string"}],"inLanguage":"sv-SE"},{"@type":"Organization","@id":"https:\/\/energyintelligence.se\/shop\/#organization","name":"Notima Energy Intelligence AB","url":"https:\/\/energyintelligence.se\/shop\/","logo":{"@type":"ImageObject","inLanguage":"sv-SE","@id":"https:\/\/energyintelligence.se\/shop\/#\/schema\/logo\/image\/","url":"https:\/\/energyintelligence.se\/shop\/wp-content\/uploads\/2023\/11\/cropped-EI-300x66-1.png","contentUrl":"https:\/\/energyintelligence.se\/shop\/wp-content\/uploads\/2023\/11\/cropped-EI-300x66-1.png","width":300,"height":66,"caption":"Notima Energy Intelligence AB"},"image":{"@id":"https:\/\/energyintelligence.se\/shop\/#\/schema\/logo\/image\/"}}]}},"_links":{"self":[{"href":"https:\/\/energyintelligence.se\/shop\/wp-json\/wp\/v2\/product\/1399"}],"collection":[{"href":"https:\/\/energyintelligence.se\/shop\/wp-json\/wp\/v2\/product"}],"about":[{"href":"https:\/\/energyintelligence.se\/shop\/wp-json\/wp\/v2\/types\/product"}],"wp:featuredmedia":[{"embeddable":true,"href":"https:\/\/energyintelligence.se\/shop\/wp-json\/wp\/v2\/media\/1396"}],"wp:attachment":[{"href":"https:\/\/energyintelligence.se\/shop\/wp-json\/wp\/v2\/media?parent=1399"}],"wp:term":[{"taxonomy":"product_cat","embeddable":true,"href":"https:\/\/energyintelligence.se\/shop\/wp-json\/wp\/v2\/product_cat?post=1399"},{"taxonomy":"product_tag","embeddable":true,"href":"https:\/\/energyintelligence.se\/shop\/wp-json\/wp\/v2\/product_tag?post=1399"}],"curies":[{"name":"wp","href":"https:\/\/api.w.org\/{rel}","templated":true}]}}