{"id":1950,"date":"2023-10-23T10:15:20","date_gmt":"2023-10-23T08:15:20","guid":{"rendered":"https:\/\/energyintelligence.se\/shop\/?post_type=product&#038;p=1950"},"modified":"2026-01-14T09:39:06","modified_gmt":"2026-01-14T07:39:06","slug":"poe-injektor","status":"publish","type":"product","link":"https:\/\/energyintelligence.se\/shop\/product\/poe-injektor\/","title":{"rendered":"PoE-Injektor"},"content":{"rendered":"","protected":false},"excerpt":{"rendered":"<p><strong>Snabbfakta<\/strong><\/p>\n<p>Produkttyp\u00a0\u00a0\u00a0\u00a0\u00a0\u00a0\u00a0\u00a0\u00a0 PoE-Injektor<br \/>\nStandarder\u00a0\u00a0\u00a0\u00a0\u00a0\u00a0\u00a0\u00a0\u00a0 FCC, UL, IEEE 802.3af<br \/>\nSp\u00e4nning\u00a0\u00a0\u00a0\u00a0\u00a0\u00a0\u00a0\u00a0\u00a0\u00a0\u00a0\u00a0 48 V<br \/>\nFormfaktor\u00a0\u00a0\u00a0\u00a0\u00a0\u00a0\u00a0\u00a0\u00a0 Extern<\/p>\n","protected":false},"featured_media":1954,"template":"","meta":[],"product_cat":[15],"product_tag":[],"yoast_head":"<!-- This site is optimized with the Yoast SEO plugin v21.7 - https:\/\/yoast.com\/wordpress\/plugins\/seo\/ -->\n<title>PoE-Injektor - Energy Intelligence<\/title>\n<meta name=\"description\" content=\"Anv\u00e4nds f\u00f6r att driva PoE produkter via ethernetkabel utan PoE switch.\" \/>\n<meta name=\"robots\" content=\"index, follow, max-snippet:-1, max-image-preview:large, max-video-preview:-1\" \/>\n<link rel=\"canonical\" href=\"https:\/\/energyintelligence.se\/shop\/product\/poe-injektor\/\" \/>\n<meta property=\"og:locale\" content=\"sv_SE\" \/>\n<meta property=\"og:type\" content=\"article\" \/>\n<meta property=\"og:title\" content=\"PoE-Injektor - Energy Intelligence\" \/>\n<meta property=\"og:description\" content=\"Anv\u00e4nds f\u00f6r att driva PoE produkter via ethernetkabel utan PoE switch.\" \/>\n<meta property=\"og:url\" content=\"https:\/\/energyintelligence.se\/shop\/product\/poe-injektor\/\" \/>\n<meta property=\"og:site_name\" content=\"Energy Intelligence\" \/>\n<meta property=\"article:modified_time\" content=\"2026-01-14T07:39:06+00:00\" \/>\n<meta property=\"og:image\" content=\"https:\/\/energyintelligence.se\/shop\/wp-content\/uploads\/2023\/10\/PoE-Injektor-sladd-e1698047337857.jpg\" \/>\n\t<meta property=\"og:image:width\" content=\"1512\" \/>\n\t<meta property=\"og:image:height\" content=\"2016\" \/>\n\t<meta property=\"og:image:type\" content=\"image\/jpeg\" \/>\n<meta name=\"twitter:card\" content=\"summary_large_image\" \/>\n<meta name=\"twitter:label1\" content=\"Ber\u00e4knad l\u00e4stid\" \/>\n\t<meta name=\"twitter:data1\" content=\"1 minut\" \/>\n<script type=\"application\/ld+json\" class=\"yoast-schema-graph\">{\"@context\":\"https:\/\/schema.org\",\"@graph\":[{\"@type\":\"WebPage\",\"@id\":\"https:\/\/energyintelligence.se\/shop\/product\/poe-injektor\/\",\"url\":\"https:\/\/energyintelligence.se\/shop\/product\/poe-injektor\/\",\"name\":\"PoE-Injektor - Energy Intelligence\",\"isPartOf\":{\"@id\":\"https:\/\/energyintelligence.se\/shop\/#website\"},\"datePublished\":\"2023-10-23T08:15:20+00:00\",\"dateModified\":\"2026-01-14T07:39:06+00:00\",\"description\":\"Anv\u00e4nds f\u00f6r att driva PoE produkter via ethernetkabel utan PoE switch.\",\"breadcrumb\":{\"@id\":\"https:\/\/energyintelligence.se\/shop\/product\/poe-injektor\/#breadcrumb\"},\"inLanguage\":\"sv-SE\",\"potentialAction\":[{\"@type\":\"ReadAction\",\"target\":[\"https:\/\/energyintelligence.se\/shop\/product\/poe-injektor\/\"]}]},{\"@type\":\"BreadcrumbList\",\"@id\":\"https:\/\/energyintelligence.se\/shop\/product\/poe-injektor\/#breadcrumb\",\"itemListElement\":[{\"@type\":\"ListItem\",\"position\":1,\"name\":\"Hem\",\"item\":\"https:\/\/energyintelligence.se\/shop\/\"},{\"@type\":\"ListItem\",\"position\":2,\"name\":\"Ta kontroll \u00f6ver din elf\u00f6rbrukning helt utan abonnemang eller till\u00e4ggstj\u00e4nster\",\"item\":\"https:\/\/energyintelligence.se\/shop\/\"},{\"@type\":\"ListItem\",\"position\":3,\"name\":\"PoE-Injektor\"}]},{\"@type\":\"WebSite\",\"@id\":\"https:\/\/energyintelligence.se\/shop\/#website\",\"url\":\"https:\/\/energyintelligence.se\/shop\/\",\"name\":\"Energy Intelligence\",\"description\":\"Ta kontroll \u00f6ver din elf\u00f6rbrukning\",\"publisher\":{\"@id\":\"https:\/\/energyintelligence.se\/shop\/#organization\"},\"potentialAction\":[{\"@type\":\"SearchAction\",\"target\":{\"@type\":\"EntryPoint\",\"urlTemplate\":\"https:\/\/energyintelligence.se\/shop\/?s={search_term_string}\"},\"query-input\":\"required name=search_term_string\"}],\"inLanguage\":\"sv-SE\"},{\"@type\":\"Organization\",\"@id\":\"https:\/\/energyintelligence.se\/shop\/#organization\",\"name\":\"Notima Energy Intelligence AB\",\"url\":\"https:\/\/energyintelligence.se\/shop\/\",\"logo\":{\"@type\":\"ImageObject\",\"inLanguage\":\"sv-SE\",\"@id\":\"https:\/\/energyintelligence.se\/shop\/#\/schema\/logo\/image\/\",\"url\":\"https:\/\/energyintelligence.se\/shop\/wp-content\/uploads\/2023\/11\/cropped-EI-300x66-1.png\",\"contentUrl\":\"https:\/\/energyintelligence.se\/shop\/wp-content\/uploads\/2023\/11\/cropped-EI-300x66-1.png\",\"width\":300,\"height\":66,\"caption\":\"Notima Energy Intelligence AB\"},\"image\":{\"@id\":\"https:\/\/energyintelligence.se\/shop\/#\/schema\/logo\/image\/\"}}]}<\/script>\n<!-- \/ Yoast SEO plugin. -->","yoast_head_json":{"title":"PoE-Injektor - Energy Intelligence","description":"Anv\u00e4nds f\u00f6r att driva PoE produkter via ethernetkabel utan PoE switch.","robots":{"index":"index","follow":"follow","max-snippet":"max-snippet:-1","max-image-preview":"max-image-preview:large","max-video-preview":"max-video-preview:-1"},"canonical":"https:\/\/energyintelligence.se\/shop\/product\/poe-injektor\/","og_locale":"sv_SE","og_type":"article","og_title":"PoE-Injektor - Energy Intelligence","og_description":"Anv\u00e4nds f\u00f6r att driva PoE produkter via ethernetkabel utan PoE switch.","og_url":"https:\/\/energyintelligence.se\/shop\/product\/poe-injektor\/","og_site_name":"Energy Intelligence","article_modified_time":"2026-01-14T07:39:06+00:00","og_image":[{"width":1512,"height":2016,"url":"https:\/\/energyintelligence.se\/shop\/wp-content\/uploads\/2023\/10\/PoE-Injektor-sladd-e1698047337857.jpg","type":"image\/jpeg"}],"twitter_card":"summary_large_image","twitter_misc":{"Ber\u00e4knad l\u00e4stid":"1 minut"},"schema":{"@context":"https:\/\/schema.org","@graph":[{"@type":"WebPage","@id":"https:\/\/energyintelligence.se\/shop\/product\/poe-injektor\/","url":"https:\/\/energyintelligence.se\/shop\/product\/poe-injektor\/","name":"PoE-Injektor - Energy Intelligence","isPartOf":{"@id":"https:\/\/energyintelligence.se\/shop\/#website"},"datePublished":"2023-10-23T08:15:20+00:00","dateModified":"2026-01-14T07:39:06+00:00","description":"Anv\u00e4nds f\u00f6r att driva PoE produkter via ethernetkabel utan PoE switch.","breadcrumb":{"@id":"https:\/\/energyintelligence.se\/shop\/product\/poe-injektor\/#breadcrumb"},"inLanguage":"sv-SE","potentialAction":[{"@type":"ReadAction","target":["https:\/\/energyintelligence.se\/shop\/product\/poe-injektor\/"]}]},{"@type":"BreadcrumbList","@id":"https:\/\/energyintelligence.se\/shop\/product\/poe-injektor\/#breadcrumb","itemListElement":[{"@type":"ListItem","position":1,"name":"Hem","item":"https:\/\/energyintelligence.se\/shop\/"},{"@type":"ListItem","position":2,"name":"Ta kontroll \u00f6ver din elf\u00f6rbrukning helt utan abonnemang eller till\u00e4ggstj\u00e4nster","item":"https:\/\/energyintelligence.se\/shop\/"},{"@type":"ListItem","position":3,"name":"PoE-Injektor"}]},{"@type":"WebSite","@id":"https:\/\/energyintelligence.se\/shop\/#website","url":"https:\/\/energyintelligence.se\/shop\/","name":"Energy Intelligence","description":"Ta kontroll \u00f6ver din elf\u00f6rbrukning","publisher":{"@id":"https:\/\/energyintelligence.se\/shop\/#organization"},"potentialAction":[{"@type":"SearchAction","target":{"@type":"EntryPoint","urlTemplate":"https:\/\/energyintelligence.se\/shop\/?s={search_term_string}"},"query-input":"required name=search_term_string"}],"inLanguage":"sv-SE"},{"@type":"Organization","@id":"https:\/\/energyintelligence.se\/shop\/#organization","name":"Notima Energy Intelligence AB","url":"https:\/\/energyintelligence.se\/shop\/","logo":{"@type":"ImageObject","inLanguage":"sv-SE","@id":"https:\/\/energyintelligence.se\/shop\/#\/schema\/logo\/image\/","url":"https:\/\/energyintelligence.se\/shop\/wp-content\/uploads\/2023\/11\/cropped-EI-300x66-1.png","contentUrl":"https:\/\/energyintelligence.se\/shop\/wp-content\/uploads\/2023\/11\/cropped-EI-300x66-1.png","width":300,"height":66,"caption":"Notima Energy Intelligence AB"},"image":{"@id":"https:\/\/energyintelligence.se\/shop\/#\/schema\/logo\/image\/"}}]}},"_links":{"self":[{"href":"https:\/\/energyintelligence.se\/shop\/wp-json\/wp\/v2\/product\/1950"}],"collection":[{"href":"https:\/\/energyintelligence.se\/shop\/wp-json\/wp\/v2\/product"}],"about":[{"href":"https:\/\/energyintelligence.se\/shop\/wp-json\/wp\/v2\/types\/product"}],"wp:featuredmedia":[{"embeddable":true,"href":"https:\/\/energyintelligence.se\/shop\/wp-json\/wp\/v2\/media\/1954"}],"wp:attachment":[{"href":"https:\/\/energyintelligence.se\/shop\/wp-json\/wp\/v2\/media?parent=1950"}],"wp:term":[{"taxonomy":"product_cat","embeddable":true,"href":"https:\/\/energyintelligence.se\/shop\/wp-json\/wp\/v2\/product_cat?post=1950"},{"taxonomy":"product_tag","embeddable":true,"href":"https:\/\/energyintelligence.se\/shop\/wp-json\/wp\/v2\/product_tag?post=1950"}],"curies":[{"name":"wp","href":"https:\/\/api.w.org\/{rel}","templated":true}]}}