{"id":2048,"date":"2023-11-25T12:32:52","date_gmt":"2023-11-25T10:32:52","guid":{"rendered":"https:\/\/energyintelligence.se\/shop\/?post_type=product&#038;p=2048"},"modified":"2025-10-16T13:48:07","modified_gmt":"2025-10-16T11:48:07","slug":"omkopplare-energilager","status":"publish","type":"product","link":"https:\/\/energyintelligence.se\/shop\/product\/omkopplare-energilager\/","title":{"rendered":"Omkopplare energilager"},"content":{"rendered":"<h3>Parallelldrift<\/h3>\n<p>Enklare energilager \u00e4r beroende av att det finns en aktiv eln\u00e4tsanslutning. Vi kallar detta f\u00f6r parallelldrift, dvs energilagret k\u00f6rs med enbart en anslutning direkt mot eln\u00e4tet och f\u00f6rbrukarna, dvs ditt eln\u00e4t hemma. F\u00f6rdelar med detta \u00e4r bl a att energilagrets effekt inte beh\u00f6ver matcha hush\u00e5llets behov samt att inkopplingen \u00e4r mycket enkel. Nackdelen \u00e4r att du inte kan anv\u00e4nda energilagret vid str\u00f6mavbrott.<\/p>\n<h3>Reservdrift<\/h3>\n<p>Vid reservdrift g\u00e5r all str\u00f6m genom energilagret, dvs dina f\u00f6rbrukare och ditt lokala eln\u00e4t hemma ligger bakom energilagret. Detta inneb\u00e4r att om eln\u00e4tsanslutningen avbryts kommer ditt lokala eln\u00e4t hemma bakom energilagret att forts\u00e4tta fungera, dock utan st\u00f6d fr\u00e5n eln\u00e4tet. Denna typ av inkoppling kr\u00e4ver mer men \u00e4r mer robust. Energilagrets effekt beh\u00f6ver bara matcha hush\u00e5llets totala behov n\u00e4r inget eln\u00e4t \u00e4r tillg\u00e4ngligt.<\/p>\n<h4>Jordtag<\/h4>\n<p>F\u00f6r att reservkraft skall vara till\u00e5tet m\u00e5ste det finnas ett eget godk\u00e4nt och uppm\u00e4tt jordtag, dvs en lokal jordning som inte beror p\u00e5 eln\u00e4tet. Detta beror p\u00e5 att vid ett str\u00f6mavbrott kan \u00e4ven jordningen via eln\u00e4tet brytas, vilket d\u00e5 skulle resultera i att anl\u00e4ggningen \u00e4r helt ojordad vid reservkraftsdrift.<\/p>\n<p>F\u00f6r projektering och uppm\u00e4tning av jordtag rekommenderar vi <a href=\"https:\/\/www.domotek.se\/tjanster\/jordning\/\" target=\"_blank\" rel=\"noopener\">Domotek<\/a>.<\/p>\n<p>&nbsp;<\/p>\n<p>&nbsp;<\/p>\n","protected":false},"excerpt":{"rendered":"<p>Denna f\u00e4rdigmonterade omkopplare kan med f\u00f6rdel anv\u00e4ndas f\u00f6r att v\u00e4lja driftl\u00e4ge f\u00f6r ditt energilager.<\/p>\n<p>Omkopplaren kan anpassas efter anl\u00e4ggningens behov vid best\u00e4llning. Exempelkonfigurationen i bilden har 25 A i maxstr\u00f6m till energilagret och 32 A i maximal str\u00f6m fr\u00e5n energilagret. T ex kan \u00e4ven jordfelsbrytare l\u00e4ggas in i konfigurationen.<\/p>\n<p>Exempelkonfigurationen \u00e4r med \u00f6versp\u00e4nningsskydd f\u00f6r att skydda anl\u00e4ggningen fr\u00e5n \u00f6versp\u00e4nningar fr\u00e5n eln\u00e4tet (t ex i samband med \u00e5skv\u00e4der).<\/p>\n<p><img loading=\"lazy\" decoding=\"async\" class=\"aligncenter size-full wp-image-2053\" src=\"https:\/\/energyintelligence.se\/shop\/wp-content\/uploads\/2023\/11\/principskiss-omkopplare.png\" alt=\"\" width=\"456\" height=\"588\" srcset=\"https:\/\/energyintelligence.se\/shop\/wp-content\/uploads\/2023\/11\/principskiss-omkopplare.png 456w, https:\/\/energyintelligence.se\/shop\/wp-content\/uploads\/2023\/11\/principskiss-omkopplare-233x300.png 233w, https:\/\/energyintelligence.se\/shop\/wp-content\/uploads\/2023\/11\/principskiss-omkopplare-416x536.png 416w\" sizes=\"(max-width: 456px) 100vw, 456px\" \/><\/p>\n<p>&nbsp;<\/p>\n","protected":false},"featured_media":2073,"template":"","meta":[],"product_cat":[27],"product_tag":[],"yoast_head":"<!-- This site is optimized with the Yoast SEO plugin v21.7 - https:\/\/yoast.com\/wordpress\/plugins\/seo\/ -->\n<title>Omkopplare energilager - Energy Intelligence<\/title>\n<meta name=\"description\" content=\"Denna f\u00e4rdigmonterade omkopplare anv\u00e4nds f\u00f6r att v\u00e4lja driftl\u00e4ge f\u00f6r ditt energilager. Omkopplaren kan anpassas efter anl\u00e4ggningens behov vid best\u00e4llning.\" \/>\n<meta name=\"robots\" content=\"index, follow, max-snippet:-1, max-image-preview:large, max-video-preview:-1\" \/>\n<link rel=\"canonical\" href=\"https:\/\/energyintelligence.se\/shop\/product\/omkopplare-energilager\/\" \/>\n<meta property=\"og:locale\" content=\"sv_SE\" \/>\n<meta property=\"og:type\" content=\"article\" \/>\n<meta property=\"og:title\" content=\"Omkopplare energilager - Energy Intelligence\" \/>\n<meta property=\"og:description\" content=\"Denna f\u00e4rdigmonterade omkopplare anv\u00e4nds f\u00f6r att v\u00e4lja driftl\u00e4ge f\u00f6r ditt energilager. Omkopplaren kan anpassas efter anl\u00e4ggningens behov vid best\u00e4llning.\" \/>\n<meta property=\"og:url\" content=\"https:\/\/energyintelligence.se\/shop\/product\/omkopplare-energilager\/\" \/>\n<meta property=\"og:site_name\" content=\"Energy Intelligence\" \/>\n<meta property=\"article:modified_time\" content=\"2025-10-16T11:48:07+00:00\" \/>\n<meta property=\"og:image\" content=\"https:\/\/energyintelligence.se\/shop\/wp-content\/uploads\/2023\/11\/Bypass-box-top-w-cover-NEW.jpg\" \/>\n\t<meta property=\"og:image:width\" content=\"1512\" \/>\n\t<meta property=\"og:image:height\" content=\"2016\" \/>\n\t<meta property=\"og:image:type\" content=\"image\/jpeg\" \/>\n<meta name=\"twitter:card\" content=\"summary_large_image\" \/>\n<meta name=\"twitter:label1\" content=\"Ber\u00e4knad l\u00e4stid\" \/>\n\t<meta name=\"twitter:data1\" content=\"2 minuter\" \/>\n<script type=\"application\/ld+json\" class=\"yoast-schema-graph\">{\"@context\":\"https:\/\/schema.org\",\"@graph\":[{\"@type\":\"WebPage\",\"@id\":\"https:\/\/energyintelligence.se\/shop\/product\/omkopplare-energilager\/\",\"url\":\"https:\/\/energyintelligence.se\/shop\/product\/omkopplare-energilager\/\",\"name\":\"Omkopplare energilager - Energy Intelligence\",\"isPartOf\":{\"@id\":\"https:\/\/energyintelligence.se\/shop\/#website\"},\"datePublished\":\"2023-11-25T10:32:52+00:00\",\"dateModified\":\"2025-10-16T11:48:07+00:00\",\"description\":\"Denna f\u00e4rdigmonterade omkopplare anv\u00e4nds f\u00f6r att v\u00e4lja driftl\u00e4ge f\u00f6r ditt energilager. Omkopplaren kan anpassas efter anl\u00e4ggningens behov vid best\u00e4llning.\",\"breadcrumb\":{\"@id\":\"https:\/\/energyintelligence.se\/shop\/product\/omkopplare-energilager\/#breadcrumb\"},\"inLanguage\":\"sv-SE\",\"potentialAction\":[{\"@type\":\"ReadAction\",\"target\":[\"https:\/\/energyintelligence.se\/shop\/product\/omkopplare-energilager\/\"]}]},{\"@type\":\"BreadcrumbList\",\"@id\":\"https:\/\/energyintelligence.se\/shop\/product\/omkopplare-energilager\/#breadcrumb\",\"itemListElement\":[{\"@type\":\"ListItem\",\"position\":1,\"name\":\"Hem\",\"item\":\"https:\/\/energyintelligence.se\/shop\/\"},{\"@type\":\"ListItem\",\"position\":2,\"name\":\"Ta kontroll \u00f6ver din elf\u00f6rbrukning helt utan abonnemang eller till\u00e4ggstj\u00e4nster\",\"item\":\"https:\/\/energyintelligence.se\/shop\/\"},{\"@type\":\"ListItem\",\"position\":3,\"name\":\"Omkopplare energilager\"}]},{\"@type\":\"WebSite\",\"@id\":\"https:\/\/energyintelligence.se\/shop\/#website\",\"url\":\"https:\/\/energyintelligence.se\/shop\/\",\"name\":\"Energy Intelligence\",\"description\":\"Ta kontroll \u00f6ver din elf\u00f6rbrukning\",\"publisher\":{\"@id\":\"https:\/\/energyintelligence.se\/shop\/#organization\"},\"potentialAction\":[{\"@type\":\"SearchAction\",\"target\":{\"@type\":\"EntryPoint\",\"urlTemplate\":\"https:\/\/energyintelligence.se\/shop\/?s={search_term_string}\"},\"query-input\":\"required name=search_term_string\"}],\"inLanguage\":\"sv-SE\"},{\"@type\":\"Organization\",\"@id\":\"https:\/\/energyintelligence.se\/shop\/#organization\",\"name\":\"Notima Energy Intelligence AB\",\"url\":\"https:\/\/energyintelligence.se\/shop\/\",\"logo\":{\"@type\":\"ImageObject\",\"inLanguage\":\"sv-SE\",\"@id\":\"https:\/\/energyintelligence.se\/shop\/#\/schema\/logo\/image\/\",\"url\":\"https:\/\/energyintelligence.se\/shop\/wp-content\/uploads\/2023\/11\/cropped-EI-300x66-1.png\",\"contentUrl\":\"https:\/\/energyintelligence.se\/shop\/wp-content\/uploads\/2023\/11\/cropped-EI-300x66-1.png\",\"width\":300,\"height\":66,\"caption\":\"Notima Energy Intelligence AB\"},\"image\":{\"@id\":\"https:\/\/energyintelligence.se\/shop\/#\/schema\/logo\/image\/\"}}]}<\/script>\n<!-- \/ Yoast SEO plugin. -->","yoast_head_json":{"title":"Omkopplare energilager - Energy Intelligence","description":"Denna f\u00e4rdigmonterade omkopplare anv\u00e4nds f\u00f6r att v\u00e4lja driftl\u00e4ge f\u00f6r ditt energilager. Omkopplaren kan anpassas efter anl\u00e4ggningens behov vid best\u00e4llning.","robots":{"index":"index","follow":"follow","max-snippet":"max-snippet:-1","max-image-preview":"max-image-preview:large","max-video-preview":"max-video-preview:-1"},"canonical":"https:\/\/energyintelligence.se\/shop\/product\/omkopplare-energilager\/","og_locale":"sv_SE","og_type":"article","og_title":"Omkopplare energilager - Energy Intelligence","og_description":"Denna f\u00e4rdigmonterade omkopplare anv\u00e4nds f\u00f6r att v\u00e4lja driftl\u00e4ge f\u00f6r ditt energilager. Omkopplaren kan anpassas efter anl\u00e4ggningens behov vid best\u00e4llning.","og_url":"https:\/\/energyintelligence.se\/shop\/product\/omkopplare-energilager\/","og_site_name":"Energy Intelligence","article_modified_time":"2025-10-16T11:48:07+00:00","og_image":[{"width":1512,"height":2016,"url":"https:\/\/energyintelligence.se\/shop\/wp-content\/uploads\/2023\/11\/Bypass-box-top-w-cover-NEW.jpg","type":"image\/jpeg"}],"twitter_card":"summary_large_image","twitter_misc":{"Ber\u00e4knad l\u00e4stid":"2 minuter"},"schema":{"@context":"https:\/\/schema.org","@graph":[{"@type":"WebPage","@id":"https:\/\/energyintelligence.se\/shop\/product\/omkopplare-energilager\/","url":"https:\/\/energyintelligence.se\/shop\/product\/omkopplare-energilager\/","name":"Omkopplare energilager - Energy Intelligence","isPartOf":{"@id":"https:\/\/energyintelligence.se\/shop\/#website"},"datePublished":"2023-11-25T10:32:52+00:00","dateModified":"2025-10-16T11:48:07+00:00","description":"Denna f\u00e4rdigmonterade omkopplare anv\u00e4nds f\u00f6r att v\u00e4lja driftl\u00e4ge f\u00f6r ditt energilager. Omkopplaren kan anpassas efter anl\u00e4ggningens behov vid best\u00e4llning.","breadcrumb":{"@id":"https:\/\/energyintelligence.se\/shop\/product\/omkopplare-energilager\/#breadcrumb"},"inLanguage":"sv-SE","potentialAction":[{"@type":"ReadAction","target":["https:\/\/energyintelligence.se\/shop\/product\/omkopplare-energilager\/"]}]},{"@type":"BreadcrumbList","@id":"https:\/\/energyintelligence.se\/shop\/product\/omkopplare-energilager\/#breadcrumb","itemListElement":[{"@type":"ListItem","position":1,"name":"Hem","item":"https:\/\/energyintelligence.se\/shop\/"},{"@type":"ListItem","position":2,"name":"Ta kontroll \u00f6ver din elf\u00f6rbrukning helt utan abonnemang eller till\u00e4ggstj\u00e4nster","item":"https:\/\/energyintelligence.se\/shop\/"},{"@type":"ListItem","position":3,"name":"Omkopplare energilager"}]},{"@type":"WebSite","@id":"https:\/\/energyintelligence.se\/shop\/#website","url":"https:\/\/energyintelligence.se\/shop\/","name":"Energy Intelligence","description":"Ta kontroll \u00f6ver din elf\u00f6rbrukning","publisher":{"@id":"https:\/\/energyintelligence.se\/shop\/#organization"},"potentialAction":[{"@type":"SearchAction","target":{"@type":"EntryPoint","urlTemplate":"https:\/\/energyintelligence.se\/shop\/?s={search_term_string}"},"query-input":"required name=search_term_string"}],"inLanguage":"sv-SE"},{"@type":"Organization","@id":"https:\/\/energyintelligence.se\/shop\/#organization","name":"Notima Energy Intelligence AB","url":"https:\/\/energyintelligence.se\/shop\/","logo":{"@type":"ImageObject","inLanguage":"sv-SE","@id":"https:\/\/energyintelligence.se\/shop\/#\/schema\/logo\/image\/","url":"https:\/\/energyintelligence.se\/shop\/wp-content\/uploads\/2023\/11\/cropped-EI-300x66-1.png","contentUrl":"https:\/\/energyintelligence.se\/shop\/wp-content\/uploads\/2023\/11\/cropped-EI-300x66-1.png","width":300,"height":66,"caption":"Notima Energy Intelligence AB"},"image":{"@id":"https:\/\/energyintelligence.se\/shop\/#\/schema\/logo\/image\/"}}]}},"_links":{"self":[{"href":"https:\/\/energyintelligence.se\/shop\/wp-json\/wp\/v2\/product\/2048"}],"collection":[{"href":"https:\/\/energyintelligence.se\/shop\/wp-json\/wp\/v2\/product"}],"about":[{"href":"https:\/\/energyintelligence.se\/shop\/wp-json\/wp\/v2\/types\/product"}],"wp:featuredmedia":[{"embeddable":true,"href":"https:\/\/energyintelligence.se\/shop\/wp-json\/wp\/v2\/media\/2073"}],"wp:attachment":[{"href":"https:\/\/energyintelligence.se\/shop\/wp-json\/wp\/v2\/media?parent=2048"}],"wp:term":[{"taxonomy":"product_cat","embeddable":true,"href":"https:\/\/energyintelligence.se\/shop\/wp-json\/wp\/v2\/product_cat?post=2048"},{"taxonomy":"product_tag","embeddable":true,"href":"https:\/\/energyintelligence.se\/shop\/wp-json\/wp\/v2\/product_tag?post=2048"}],"curies":[{"name":"wp","href":"https:\/\/api.w.org\/{rel}","templated":true}]}}