{"id":2258,"date":"2024-02-09T11:02:22","date_gmt":"2024-02-09T09:02:22","guid":{"rendered":"https:\/\/energyintelligence.se\/shop\/?post_type=product&#038;p=2258"},"modified":"2025-10-27T11:44:57","modified_gmt":"2025-10-27T09:44:57","slug":"modbus-tcp-licens","status":"publish","type":"product","link":"https:\/\/energyintelligence.se\/shop\/product\/modbus-tcp-licens\/","title":{"rendered":"Modbus\/TCP-licens"},"content":{"rendered":"","protected":false},"excerpt":{"rendered":"<p>Med en Modbus\/TCP-licens kan ni aktivera m\u00f6jligheten att l\u00e4sa ut m\u00e4tdata via <a href=\"https:\/\/energyintelligence.se\/shop\/modbus-tcp\">Modbus\/TCP<\/a><\/p>\n<p>Om ni best\u00e4ller licensen tillsammans med en elm\u00e4taravl\u00e4sare f\u00f6rkonfigurerar vi enheten med licensen.<\/p>\n<p>Om ni best\u00e4ller licensen i efterhand skickar vi \u00f6ver licensnyckeln via mail.<\/p>\n<p>Licensen g\u00e4ller f\u00f6r alltid f\u00f6r en specifik enhet, den \u00e4r dock ej \u00f6verf\u00f6rbar till en annan enhet.<\/p>\n<p>Registerlistan g\u00e5r att konfigurera som man vill, men vi skickar med denna som standard<br \/>\n<a href=\"https:\/\/energyintelligence.se\/shop\/wp-content\/uploads\/2024\/02\/EnergyIntelligence-Modbus-TCP-register-list-240327.pdf\">EnergyIntelligence-Modbus-TCP-register-list-240327<\/a>.<\/p>\n<p>&nbsp;<\/p>\n","protected":false},"featured_media":2487,"template":"","meta":[],"product_cat":[15],"product_tag":[],"yoast_head":"<!-- This site is optimized with the Yoast SEO plugin v21.7 - https:\/\/yoast.com\/wordpress\/plugins\/seo\/ -->\n<title>Modbus\/TCP-licens - Energy Intelligence<\/title>\n<meta name=\"description\" content=\"Licensen aktiverar m\u00f6jligheten att l\u00e4sa ut elm\u00e4tardata via Modbus\/TCP.\" \/>\n<meta name=\"robots\" content=\"index, follow, max-snippet:-1, max-image-preview:large, max-video-preview:-1\" \/>\n<link rel=\"canonical\" href=\"https:\/\/energyintelligence.se\/shop\/product\/modbus-tcp-licens\/\" \/>\n<meta property=\"og:locale\" content=\"sv_SE\" \/>\n<meta property=\"og:type\" content=\"article\" \/>\n<meta property=\"og:title\" content=\"Modbus\/TCP-licens - Energy Intelligence\" \/>\n<meta property=\"og:description\" content=\"Licensen aktiverar m\u00f6jligheten att l\u00e4sa ut elm\u00e4tardata via Modbus\/TCP.\" \/>\n<meta property=\"og:url\" content=\"https:\/\/energyintelligence.se\/shop\/product\/modbus-tcp-licens\/\" \/>\n<meta property=\"og:site_name\" content=\"Energy Intelligence\" \/>\n<meta property=\"article:modified_time\" content=\"2025-10-27T09:44:57+00:00\" \/>\n<meta property=\"og:image\" content=\"https:\/\/energyintelligence.se\/shop\/wp-content\/uploads\/2024\/02\/ModbusTCP.png\" \/>\n\t<meta property=\"og:image:width\" content=\"225\" \/>\n\t<meta property=\"og:image:height\" content=\"225\" \/>\n\t<meta property=\"og:image:type\" content=\"image\/png\" \/>\n<meta name=\"twitter:card\" content=\"summary_large_image\" \/>\n<meta name=\"twitter:label1\" content=\"Ber\u00e4knad l\u00e4stid\" \/>\n\t<meta name=\"twitter:data1\" content=\"1 minut\" \/>\n<script type=\"application\/ld+json\" class=\"yoast-schema-graph\">{\"@context\":\"https:\/\/schema.org\",\"@graph\":[{\"@type\":\"WebPage\",\"@id\":\"https:\/\/energyintelligence.se\/shop\/product\/modbus-tcp-licens\/\",\"url\":\"https:\/\/energyintelligence.se\/shop\/product\/modbus-tcp-licens\/\",\"name\":\"Modbus\/TCP-licens - Energy Intelligence\",\"isPartOf\":{\"@id\":\"https:\/\/energyintelligence.se\/shop\/#website\"},\"datePublished\":\"2024-02-09T09:02:22+00:00\",\"dateModified\":\"2025-10-27T09:44:57+00:00\",\"description\":\"Licensen aktiverar m\u00f6jligheten att l\u00e4sa ut elm\u00e4tardata via Modbus\/TCP.\",\"breadcrumb\":{\"@id\":\"https:\/\/energyintelligence.se\/shop\/product\/modbus-tcp-licens\/#breadcrumb\"},\"inLanguage\":\"sv-SE\",\"potentialAction\":[{\"@type\":\"ReadAction\",\"target\":[\"https:\/\/energyintelligence.se\/shop\/product\/modbus-tcp-licens\/\"]}]},{\"@type\":\"BreadcrumbList\",\"@id\":\"https:\/\/energyintelligence.se\/shop\/product\/modbus-tcp-licens\/#breadcrumb\",\"itemListElement\":[{\"@type\":\"ListItem\",\"position\":1,\"name\":\"Hem\",\"item\":\"https:\/\/energyintelligence.se\/shop\/\"},{\"@type\":\"ListItem\",\"position\":2,\"name\":\"Ta kontroll \u00f6ver din elf\u00f6rbrukning helt utan abonnemang eller till\u00e4ggstj\u00e4nster\",\"item\":\"https:\/\/energyintelligence.se\/shop\/\"},{\"@type\":\"ListItem\",\"position\":3,\"name\":\"Modbus\/TCP-licens\"}]},{\"@type\":\"WebSite\",\"@id\":\"https:\/\/energyintelligence.se\/shop\/#website\",\"url\":\"https:\/\/energyintelligence.se\/shop\/\",\"name\":\"Energy Intelligence\",\"description\":\"Ta kontroll \u00f6ver din elf\u00f6rbrukning\",\"publisher\":{\"@id\":\"https:\/\/energyintelligence.se\/shop\/#organization\"},\"potentialAction\":[{\"@type\":\"SearchAction\",\"target\":{\"@type\":\"EntryPoint\",\"urlTemplate\":\"https:\/\/energyintelligence.se\/shop\/?s={search_term_string}\"},\"query-input\":\"required name=search_term_string\"}],\"inLanguage\":\"sv-SE\"},{\"@type\":\"Organization\",\"@id\":\"https:\/\/energyintelligence.se\/shop\/#organization\",\"name\":\"Notima Energy Intelligence AB\",\"url\":\"https:\/\/energyintelligence.se\/shop\/\",\"logo\":{\"@type\":\"ImageObject\",\"inLanguage\":\"sv-SE\",\"@id\":\"https:\/\/energyintelligence.se\/shop\/#\/schema\/logo\/image\/\",\"url\":\"https:\/\/energyintelligence.se\/shop\/wp-content\/uploads\/2023\/11\/cropped-EI-300x66-1.png\",\"contentUrl\":\"https:\/\/energyintelligence.se\/shop\/wp-content\/uploads\/2023\/11\/cropped-EI-300x66-1.png\",\"width\":300,\"height\":66,\"caption\":\"Notima Energy Intelligence AB\"},\"image\":{\"@id\":\"https:\/\/energyintelligence.se\/shop\/#\/schema\/logo\/image\/\"}}]}<\/script>\n<!-- \/ Yoast SEO plugin. -->","yoast_head_json":{"title":"Modbus\/TCP-licens - Energy Intelligence","description":"Licensen aktiverar m\u00f6jligheten att l\u00e4sa ut elm\u00e4tardata via Modbus\/TCP.","robots":{"index":"index","follow":"follow","max-snippet":"max-snippet:-1","max-image-preview":"max-image-preview:large","max-video-preview":"max-video-preview:-1"},"canonical":"https:\/\/energyintelligence.se\/shop\/product\/modbus-tcp-licens\/","og_locale":"sv_SE","og_type":"article","og_title":"Modbus\/TCP-licens - Energy Intelligence","og_description":"Licensen aktiverar m\u00f6jligheten att l\u00e4sa ut elm\u00e4tardata via Modbus\/TCP.","og_url":"https:\/\/energyintelligence.se\/shop\/product\/modbus-tcp-licens\/","og_site_name":"Energy Intelligence","article_modified_time":"2025-10-27T09:44:57+00:00","og_image":[{"width":225,"height":225,"url":"https:\/\/energyintelligence.se\/shop\/wp-content\/uploads\/2024\/02\/ModbusTCP.png","type":"image\/png"}],"twitter_card":"summary_large_image","twitter_misc":{"Ber\u00e4knad l\u00e4stid":"1 minut"},"schema":{"@context":"https:\/\/schema.org","@graph":[{"@type":"WebPage","@id":"https:\/\/energyintelligence.se\/shop\/product\/modbus-tcp-licens\/","url":"https:\/\/energyintelligence.se\/shop\/product\/modbus-tcp-licens\/","name":"Modbus\/TCP-licens - Energy Intelligence","isPartOf":{"@id":"https:\/\/energyintelligence.se\/shop\/#website"},"datePublished":"2024-02-09T09:02:22+00:00","dateModified":"2025-10-27T09:44:57+00:00","description":"Licensen aktiverar m\u00f6jligheten att l\u00e4sa ut elm\u00e4tardata via Modbus\/TCP.","breadcrumb":{"@id":"https:\/\/energyintelligence.se\/shop\/product\/modbus-tcp-licens\/#breadcrumb"},"inLanguage":"sv-SE","potentialAction":[{"@type":"ReadAction","target":["https:\/\/energyintelligence.se\/shop\/product\/modbus-tcp-licens\/"]}]},{"@type":"BreadcrumbList","@id":"https:\/\/energyintelligence.se\/shop\/product\/modbus-tcp-licens\/#breadcrumb","itemListElement":[{"@type":"ListItem","position":1,"name":"Hem","item":"https:\/\/energyintelligence.se\/shop\/"},{"@type":"ListItem","position":2,"name":"Ta kontroll \u00f6ver din elf\u00f6rbrukning helt utan abonnemang eller till\u00e4ggstj\u00e4nster","item":"https:\/\/energyintelligence.se\/shop\/"},{"@type":"ListItem","position":3,"name":"Modbus\/TCP-licens"}]},{"@type":"WebSite","@id":"https:\/\/energyintelligence.se\/shop\/#website","url":"https:\/\/energyintelligence.se\/shop\/","name":"Energy Intelligence","description":"Ta kontroll \u00f6ver din elf\u00f6rbrukning","publisher":{"@id":"https:\/\/energyintelligence.se\/shop\/#organization"},"potentialAction":[{"@type":"SearchAction","target":{"@type":"EntryPoint","urlTemplate":"https:\/\/energyintelligence.se\/shop\/?s={search_term_string}"},"query-input":"required name=search_term_string"}],"inLanguage":"sv-SE"},{"@type":"Organization","@id":"https:\/\/energyintelligence.se\/shop\/#organization","name":"Notima Energy Intelligence AB","url":"https:\/\/energyintelligence.se\/shop\/","logo":{"@type":"ImageObject","inLanguage":"sv-SE","@id":"https:\/\/energyintelligence.se\/shop\/#\/schema\/logo\/image\/","url":"https:\/\/energyintelligence.se\/shop\/wp-content\/uploads\/2023\/11\/cropped-EI-300x66-1.png","contentUrl":"https:\/\/energyintelligence.se\/shop\/wp-content\/uploads\/2023\/11\/cropped-EI-300x66-1.png","width":300,"height":66,"caption":"Notima Energy Intelligence AB"},"image":{"@id":"https:\/\/energyintelligence.se\/shop\/#\/schema\/logo\/image\/"}}]}},"_links":{"self":[{"href":"https:\/\/energyintelligence.se\/shop\/wp-json\/wp\/v2\/product\/2258"}],"collection":[{"href":"https:\/\/energyintelligence.se\/shop\/wp-json\/wp\/v2\/product"}],"about":[{"href":"https:\/\/energyintelligence.se\/shop\/wp-json\/wp\/v2\/types\/product"}],"wp:featuredmedia":[{"embeddable":true,"href":"https:\/\/energyintelligence.se\/shop\/wp-json\/wp\/v2\/media\/2487"}],"wp:attachment":[{"href":"https:\/\/energyintelligence.se\/shop\/wp-json\/wp\/v2\/media?parent=2258"}],"wp:term":[{"taxonomy":"product_cat","embeddable":true,"href":"https:\/\/energyintelligence.se\/shop\/wp-json\/wp\/v2\/product_cat?post=2258"},{"taxonomy":"product_tag","embeddable":true,"href":"https:\/\/energyintelligence.se\/shop\/wp-json\/wp\/v2\/product_tag?post=2258"}],"curies":[{"name":"wp","href":"https:\/\/api.w.org\/{rel}","templated":true}]}}