{"id":2406,"date":"2024-03-12T17:29:20","date_gmt":"2024-03-12T15:29:20","guid":{"rendered":"https:\/\/energyintelligence.se\/shop\/?post_type=product&#038;p=2406"},"modified":"2025-10-27T11:44:07","modified_gmt":"2025-10-27T09:44:07","slug":"forkonfigurering-elmataravlasare","status":"publish","type":"product","link":"https:\/\/energyintelligence.se\/shop\/product\/forkonfigurering-elmataravlasare\/","title":{"rendered":"F\u00f6rkonfigurering av elm\u00e4taravl\u00e4sare"},"content":{"rendered":"","protected":false},"excerpt":{"rendered":"<p>Vi kan f\u00f6rkonfigurera och m\u00e4rka er elm\u00e4taravl\u00e4sare med en egen &#8221;fabriksinst\u00e4llning&#8221;. Detta kan vara bra vid installationer d\u00e4r ni p\u00e5 f\u00f6rhand vet t ex var i n\u00e4tverket enheten skall sitta.<br \/>\nOm ni har best\u00e4llt en <a href=\"https:\/\/energyintelligence.se\/shop\/product\/modbus-reader\/\">modbus-elm\u00e4taravl\u00e4sare<\/a> kan vi f\u00f6rkonfigurera &#8221;slingan&#8221; som skall l\u00e4sas av. Vill ni att vi skall f\u00f6rkonfigurera elm\u00e4tarna p\u00e5 slingan kan vi \u00e4ven g\u00f6ra det med tj\u00e4nsten &#8221;f\u00f6rkonfigurera elm\u00e4tare&#8221;.<\/p>\n","protected":false},"featured_media":0,"template":"","meta":[],"product_cat":[15],"product_tag":[],"yoast_head":"<!-- This site is optimized with the Yoast SEO plugin v21.7 - https:\/\/yoast.com\/wordpress\/plugins\/seo\/ -->\n<title>F\u00f6rkonfigurering av elm\u00e4taravl\u00e4sare - Energy Intelligence<\/title>\n<meta name=\"robots\" content=\"index, follow, max-snippet:-1, max-image-preview:large, max-video-preview:-1\" \/>\n<link rel=\"canonical\" href=\"https:\/\/energyintelligence.se\/shop\/product\/forkonfigurering-elmataravlasare\/\" \/>\n<meta property=\"og:locale\" content=\"sv_SE\" \/>\n<meta property=\"og:type\" content=\"article\" \/>\n<meta property=\"og:title\" content=\"F\u00f6rkonfigurering av elm\u00e4taravl\u00e4sare - Energy Intelligence\" \/>\n<meta property=\"og:description\" content=\"Vi kan f\u00f6rkonfigurera och m\u00e4rka er elm\u00e4taravl\u00e4sare med en egen &quot;fabriksinst\u00e4llning&quot;. Detta kan vara bra vid installationer d\u00e4r ni p\u00e5 f\u00f6rhand vet t ex var i n\u00e4tverket enheten skall sitta. Om ni har best\u00e4llt en modbus-elm\u00e4taravl\u00e4sare kan vi f\u00f6rkonfigurera &quot;slingan&quot; som skall l\u00e4sas av. Vill ni att vi skall f\u00f6rkonfigurera elm\u00e4tarna p\u00e5 slingan kan vi \u00e4ven g\u00f6ra det med tj\u00e4nsten &quot;f\u00f6rkonfigurera elm\u00e4tare&quot;.\" \/>\n<meta property=\"og:url\" content=\"https:\/\/energyintelligence.se\/shop\/product\/forkonfigurering-elmataravlasare\/\" \/>\n<meta property=\"og:site_name\" content=\"Energy Intelligence\" \/>\n<meta property=\"article:modified_time\" content=\"2025-10-27T09:44:07+00:00\" \/>\n<meta name=\"twitter:card\" content=\"summary_large_image\" \/>\n<script type=\"application\/ld+json\" class=\"yoast-schema-graph\">{\"@context\":\"https:\/\/schema.org\",\"@graph\":[{\"@type\":\"WebPage\",\"@id\":\"https:\/\/energyintelligence.se\/shop\/product\/forkonfigurering-elmataravlasare\/\",\"url\":\"https:\/\/energyintelligence.se\/shop\/product\/forkonfigurering-elmataravlasare\/\",\"name\":\"F\u00f6rkonfigurering av elm\u00e4taravl\u00e4sare - Energy Intelligence\",\"isPartOf\":{\"@id\":\"https:\/\/energyintelligence.se\/shop\/#website\"},\"datePublished\":\"2024-03-12T15:29:20+00:00\",\"dateModified\":\"2025-10-27T09:44:07+00:00\",\"breadcrumb\":{\"@id\":\"https:\/\/energyintelligence.se\/shop\/product\/forkonfigurering-elmataravlasare\/#breadcrumb\"},\"inLanguage\":\"sv-SE\",\"potentialAction\":[{\"@type\":\"ReadAction\",\"target\":[\"https:\/\/energyintelligence.se\/shop\/product\/forkonfigurering-elmataravlasare\/\"]}]},{\"@type\":\"BreadcrumbList\",\"@id\":\"https:\/\/energyintelligence.se\/shop\/product\/forkonfigurering-elmataravlasare\/#breadcrumb\",\"itemListElement\":[{\"@type\":\"ListItem\",\"position\":1,\"name\":\"Hem\",\"item\":\"https:\/\/energyintelligence.se\/shop\/\"},{\"@type\":\"ListItem\",\"position\":2,\"name\":\"Ta kontroll \u00f6ver din elf\u00f6rbrukning helt utan abonnemang eller till\u00e4ggstj\u00e4nster\",\"item\":\"https:\/\/energyintelligence.se\/shop\/\"},{\"@type\":\"ListItem\",\"position\":3,\"name\":\"F\u00f6rkonfigurering av elm\u00e4taravl\u00e4sare\"}]},{\"@type\":\"WebSite\",\"@id\":\"https:\/\/energyintelligence.se\/shop\/#website\",\"url\":\"https:\/\/energyintelligence.se\/shop\/\",\"name\":\"Energy Intelligence\",\"description\":\"Ta kontroll \u00f6ver din elf\u00f6rbrukning\",\"publisher\":{\"@id\":\"https:\/\/energyintelligence.se\/shop\/#organization\"},\"potentialAction\":[{\"@type\":\"SearchAction\",\"target\":{\"@type\":\"EntryPoint\",\"urlTemplate\":\"https:\/\/energyintelligence.se\/shop\/?s={search_term_string}\"},\"query-input\":\"required name=search_term_string\"}],\"inLanguage\":\"sv-SE\"},{\"@type\":\"Organization\",\"@id\":\"https:\/\/energyintelligence.se\/shop\/#organization\",\"name\":\"Notima Energy Intelligence AB\",\"url\":\"https:\/\/energyintelligence.se\/shop\/\",\"logo\":{\"@type\":\"ImageObject\",\"inLanguage\":\"sv-SE\",\"@id\":\"https:\/\/energyintelligence.se\/shop\/#\/schema\/logo\/image\/\",\"url\":\"https:\/\/energyintelligence.se\/shop\/wp-content\/uploads\/2023\/11\/cropped-EI-300x66-1.png\",\"contentUrl\":\"https:\/\/energyintelligence.se\/shop\/wp-content\/uploads\/2023\/11\/cropped-EI-300x66-1.png\",\"width\":300,\"height\":66,\"caption\":\"Notima Energy Intelligence AB\"},\"image\":{\"@id\":\"https:\/\/energyintelligence.se\/shop\/#\/schema\/logo\/image\/\"}}]}<\/script>\n<!-- \/ Yoast SEO plugin. -->","yoast_head_json":{"title":"F\u00f6rkonfigurering av elm\u00e4taravl\u00e4sare - Energy Intelligence","robots":{"index":"index","follow":"follow","max-snippet":"max-snippet:-1","max-image-preview":"max-image-preview:large","max-video-preview":"max-video-preview:-1"},"canonical":"https:\/\/energyintelligence.se\/shop\/product\/forkonfigurering-elmataravlasare\/","og_locale":"sv_SE","og_type":"article","og_title":"F\u00f6rkonfigurering av elm\u00e4taravl\u00e4sare - Energy Intelligence","og_description":"Vi kan f\u00f6rkonfigurera och m\u00e4rka er elm\u00e4taravl\u00e4sare med en egen \"fabriksinst\u00e4llning\". Detta kan vara bra vid installationer d\u00e4r ni p\u00e5 f\u00f6rhand vet t ex var i n\u00e4tverket enheten skall sitta. Om ni har best\u00e4llt en modbus-elm\u00e4taravl\u00e4sare kan vi f\u00f6rkonfigurera \"slingan\" som skall l\u00e4sas av. Vill ni att vi skall f\u00f6rkonfigurera elm\u00e4tarna p\u00e5 slingan kan vi \u00e4ven g\u00f6ra det med tj\u00e4nsten \"f\u00f6rkonfigurera elm\u00e4tare\".","og_url":"https:\/\/energyintelligence.se\/shop\/product\/forkonfigurering-elmataravlasare\/","og_site_name":"Energy Intelligence","article_modified_time":"2025-10-27T09:44:07+00:00","twitter_card":"summary_large_image","schema":{"@context":"https:\/\/schema.org","@graph":[{"@type":"WebPage","@id":"https:\/\/energyintelligence.se\/shop\/product\/forkonfigurering-elmataravlasare\/","url":"https:\/\/energyintelligence.se\/shop\/product\/forkonfigurering-elmataravlasare\/","name":"F\u00f6rkonfigurering av elm\u00e4taravl\u00e4sare - Energy Intelligence","isPartOf":{"@id":"https:\/\/energyintelligence.se\/shop\/#website"},"datePublished":"2024-03-12T15:29:20+00:00","dateModified":"2025-10-27T09:44:07+00:00","breadcrumb":{"@id":"https:\/\/energyintelligence.se\/shop\/product\/forkonfigurering-elmataravlasare\/#breadcrumb"},"inLanguage":"sv-SE","potentialAction":[{"@type":"ReadAction","target":["https:\/\/energyintelligence.se\/shop\/product\/forkonfigurering-elmataravlasare\/"]}]},{"@type":"BreadcrumbList","@id":"https:\/\/energyintelligence.se\/shop\/product\/forkonfigurering-elmataravlasare\/#breadcrumb","itemListElement":[{"@type":"ListItem","position":1,"name":"Hem","item":"https:\/\/energyintelligence.se\/shop\/"},{"@type":"ListItem","position":2,"name":"Ta kontroll \u00f6ver din elf\u00f6rbrukning helt utan abonnemang eller till\u00e4ggstj\u00e4nster","item":"https:\/\/energyintelligence.se\/shop\/"},{"@type":"ListItem","position":3,"name":"F\u00f6rkonfigurering av elm\u00e4taravl\u00e4sare"}]},{"@type":"WebSite","@id":"https:\/\/energyintelligence.se\/shop\/#website","url":"https:\/\/energyintelligence.se\/shop\/","name":"Energy Intelligence","description":"Ta kontroll \u00f6ver din elf\u00f6rbrukning","publisher":{"@id":"https:\/\/energyintelligence.se\/shop\/#organization"},"potentialAction":[{"@type":"SearchAction","target":{"@type":"EntryPoint","urlTemplate":"https:\/\/energyintelligence.se\/shop\/?s={search_term_string}"},"query-input":"required name=search_term_string"}],"inLanguage":"sv-SE"},{"@type":"Organization","@id":"https:\/\/energyintelligence.se\/shop\/#organization","name":"Notima Energy Intelligence AB","url":"https:\/\/energyintelligence.se\/shop\/","logo":{"@type":"ImageObject","inLanguage":"sv-SE","@id":"https:\/\/energyintelligence.se\/shop\/#\/schema\/logo\/image\/","url":"https:\/\/energyintelligence.se\/shop\/wp-content\/uploads\/2023\/11\/cropped-EI-300x66-1.png","contentUrl":"https:\/\/energyintelligence.se\/shop\/wp-content\/uploads\/2023\/11\/cropped-EI-300x66-1.png","width":300,"height":66,"caption":"Notima Energy Intelligence AB"},"image":{"@id":"https:\/\/energyintelligence.se\/shop\/#\/schema\/logo\/image\/"}}]}},"_links":{"self":[{"href":"https:\/\/energyintelligence.se\/shop\/wp-json\/wp\/v2\/product\/2406"}],"collection":[{"href":"https:\/\/energyintelligence.se\/shop\/wp-json\/wp\/v2\/product"}],"about":[{"href":"https:\/\/energyintelligence.se\/shop\/wp-json\/wp\/v2\/types\/product"}],"wp:attachment":[{"href":"https:\/\/energyintelligence.se\/shop\/wp-json\/wp\/v2\/media?parent=2406"}],"wp:term":[{"taxonomy":"product_cat","embeddable":true,"href":"https:\/\/energyintelligence.se\/shop\/wp-json\/wp\/v2\/product_cat?post=2406"},{"taxonomy":"product_tag","embeddable":true,"href":"https:\/\/energyintelligence.se\/shop\/wp-json\/wp\/v2\/product_tag?post=2406"}],"curies":[{"name":"wp","href":"https:\/\/api.w.org\/{rel}","templated":true}]}}