{"id":2567,"date":"2024-05-31T09:29:00","date_gmt":"2024-05-31T07:29:00","guid":{"rendered":"https:\/\/energyintelligence.se\/shop\/?post_type=product&#038;p=2567"},"modified":"2026-03-18T10:46:37","modified_gmt":"2026-03-18T08:46:37","slug":"p1-rj12-ea-t81","status":"publish","type":"product","link":"https:\/\/energyintelligence.se\/shop\/product\/p1-rj12-ea-t81\/","title":{"rendered":"P1-RJ12 elm\u00e4taravl\u00e4sare extern wifi antenn"},"content":{"rendered":"<p>Denna l\u00e4sare kopplas direkt in i P1 porten\/HAN-porten p\u00e5 elm\u00e4taren med en medf\u00f6ljande RJ12 kabel. Via kabeln kan m\u00e4tdata l\u00e4sas av l\u00e4saren som i sin skickar informationen vidare via det tr\u00e5dl\u00f6sa protokollet MQTT. Detta inneb\u00e4r att energif\u00f6rbrukningen enkelt kan l\u00e4sas av via datorsystem som kan ge insikt i och optimera hush\u00e5llets energianv\u00e4ndning.<\/p>\n<p>L\u00e4saren ansluts till det tr\u00e5dl\u00f6sa n\u00e4tverket och kan enkelt konfigureras med hj\u00e4lp av en mobiltelefon eller dator via ett webb-baserat gr\u00e4nssnitt. Wifi-antennen har b\u00e4ttre kapacitet \u00e4n varianten utan extern antenn och klarar d\u00e4rf\u00f6r n\u00e5got s\u00e4mre f\u00f6rh\u00e5llanden. Str\u00e4va dock alltid efter att ha en s\u00e5 bra wifi-f\u00f6rh\u00e5llanden som m\u00f6jligt.<\/p>\n<p>Kretsarna i denna \u00e4r s.k. industrial grade vilket inneb\u00e4r att de \u00e4r anpassade f\u00f6r st\u00f6rre temperaturvariationer \u00e4n den\u00a0<a href=\"https:\/\/energyintelligence.se\/shop\/product\/p1-till-mqtt-adapter\">mindre varianten<\/a>.<\/p>\n<p>Enheten \u00e4r gjord f\u00f6r att sitta p\u00e5 en DIN skena i l\u00e4mplig IP-klassad inkapsling d\u00e4r den tar upp tv\u00e5 modulplatser.<\/p>\n<p>Funktioner:<\/p>\n<ul>\n<li>P1\/HAN port (RJ12-kontakt)<\/li>\n<li>Tr\u00e5dl\u00f6s \u00f6verf\u00f6ring av separata m\u00e4tv\u00e4rden till valbar MQTT-server.<\/li>\n<li>Webb-baserat gr\u00e4nssnitt f\u00f6r enkel konfiguration av enheten.<\/li>\n<li>F\u00e4ste f\u00f6r montering p\u00e5 DIN-skena.<\/li>\n<li>L\u00f6stagbar antenn, dvs den g\u00e5r att ers\u00e4tta med annan antenn med RP-SMA hane-kontakt. Enheten har en RP-SMA-hona kontakt.<\/li>\n<li>M\u00f6jlighet till\u00a0<a href=\"https:\/\/energyintelligence.se\/shop\/product\/modbus-tcp-licens\/\">Modbus\/TCP-avl\u00e4sning med en licens<\/a>.<\/li>\n<li><strong>M\u00e5tt:<\/strong>\u00a0L\u00e4ngd 90mm, H\u00f6jd max (rak antenn) 160mm, min (vinklad) 90mm, Bredd 36mm<\/li>\n<\/ul>\n<p>Levereras komplett inkl rak 0,6 m RJ12-kabel f\u00f6r anslutning till elm\u00e4taren.<\/p>\n<p>Denna kan str\u00f6mf\u00f6rs\u00f6rjas med en USB-C kontakt ifall elm\u00e4taren saknar str\u00f6m p\u00e5 RJ12-porten. <strong>Denna enhet kan dra mer str\u00f6m \u00e4n vad elm\u00e4taren kan tillhandah\u00e5lla, d\u00e4rf\u00f6r kan det vara bra att ha i \u00e5tanke att den kan beh\u00f6va str\u00f6mf\u00f6rs\u00f6rjas externt.<\/strong><\/p>\n<p>F\u00f6r information om anv\u00e4ndning, se l\u00e4nkarna nedan:<\/p>\n<p><a href=\"https:\/\/energyintelligence.se\/shop\/wp-content\/uploads\/2024\/06\/ProduktBlad-P1-RJ12-EA-t81-240603.pdf\">Kortfattad manual \/ produktblad<\/a><br \/>\n<a href=\"https:\/\/energyintelligence.se\/shop\/kom-igang-guide\/\">Kom ig\u00e5ng guide<\/a><br \/>\n<a href=\"https:\/\/energyintelligence.se\/shop\/vanliga-fragor-och-svar\">Vanliga fr\u00e5gor och svar<\/a><\/p>\n","protected":false},"excerpt":{"rendered":"<p>F\u00e5 insikt i din smarta elm\u00e4tares m\u00e4tarst\u00e4llning och kontrollera din elf\u00f6rbrukning\u00a0 genom att enkelt integrera mot externa system med denna elm\u00e4tarl\u00e4sare som tr\u00e5dl\u00f6st skickar m\u00e4tarst\u00e4llning samt uppdelat per fas: sp\u00e4nning, str\u00f6mstyrka och effekt via MQTT.<br \/>\nDenna enhet kan med f\u00f6rdel kopplas till en\u00a0<a href=\"https:\/\/energyintelligence.se\/shop\/product\/wi-fi-antenn-med-magnetfaste\">antenn utanp\u00e5 ett pl\u00e5tsk\u00e5p<\/a>.<\/p>\n","protected":false},"featured_media":2850,"template":"","meta":[],"product_cat":[16],"product_tag":[],"yoast_head":"<!-- This site is optimized with the Yoast SEO plugin v21.7 - https:\/\/yoast.com\/wordpress\/plugins\/seo\/ -->\n<title>P1-RJ12 elm\u00e4taravl\u00e4sare extern wifi antenn - Energy Intelligence<\/title>\n<meta name=\"robots\" content=\"index, follow, max-snippet:-1, max-image-preview:large, max-video-preview:-1\" \/>\n<link rel=\"canonical\" href=\"https:\/\/energyintelligence.se\/shop\/product\/p1-rj12-ea-t81\/\" \/>\n<meta property=\"og:locale\" content=\"sv_SE\" \/>\n<meta property=\"og:type\" content=\"article\" \/>\n<meta property=\"og:title\" content=\"P1-RJ12 elm\u00e4taravl\u00e4sare extern wifi antenn - Energy Intelligence\" \/>\n<meta property=\"og:description\" content=\"F\u00e5 insikt i din smarta elm\u00e4tares m\u00e4tarst\u00e4llning och kontrollera din elf\u00f6rbrukning\u00a0 genom att enkelt integrera mot externa system med denna elm\u00e4tarl\u00e4sare som tr\u00e5dl\u00f6st skickar m\u00e4tarst\u00e4llning samt uppdelat per fas: sp\u00e4nning, str\u00f6mstyrka och effekt via MQTT. Denna enhet kan med f\u00f6rdel kopplas till en\u00a0antenn utanp\u00e5 ett pl\u00e5tsk\u00e5p.\" \/>\n<meta property=\"og:url\" content=\"https:\/\/energyintelligence.se\/shop\/product\/p1-rj12-ea-t81\/\" \/>\n<meta property=\"og:site_name\" content=\"Energy Intelligence\" \/>\n<meta property=\"article:modified_time\" content=\"2026-03-18T08:46:37+00:00\" \/>\n<meta property=\"og:image\" content=\"https:\/\/energyintelligence.se\/shop\/wp-content\/uploads\/2024\/11\/P1-RJ12-sida-antenn.jpg\" \/>\n\t<meta property=\"og:image:width\" content=\"1512\" \/>\n\t<meta property=\"og:image:height\" content=\"2016\" \/>\n\t<meta property=\"og:image:type\" content=\"image\/jpeg\" \/>\n<meta name=\"twitter:card\" content=\"summary_large_image\" \/>\n<meta name=\"twitter:label1\" content=\"Ber\u00e4knad l\u00e4stid\" \/>\n\t<meta name=\"twitter:data1\" content=\"2 minuter\" \/>\n<script type=\"application\/ld+json\" class=\"yoast-schema-graph\">{\"@context\":\"https:\/\/schema.org\",\"@graph\":[{\"@type\":\"WebPage\",\"@id\":\"https:\/\/energyintelligence.se\/shop\/product\/p1-rj12-ea-t81\/\",\"url\":\"https:\/\/energyintelligence.se\/shop\/product\/p1-rj12-ea-t81\/\",\"name\":\"P1-RJ12 elm\u00e4taravl\u00e4sare extern wifi antenn - Energy Intelligence\",\"isPartOf\":{\"@id\":\"https:\/\/energyintelligence.se\/shop\/#website\"},\"datePublished\":\"2024-05-31T07:29:00+00:00\",\"dateModified\":\"2026-03-18T08:46:37+00:00\",\"breadcrumb\":{\"@id\":\"https:\/\/energyintelligence.se\/shop\/product\/p1-rj12-ea-t81\/#breadcrumb\"},\"inLanguage\":\"sv-SE\",\"potentialAction\":[{\"@type\":\"ReadAction\",\"target\":[\"https:\/\/energyintelligence.se\/shop\/product\/p1-rj12-ea-t81\/\"]}]},{\"@type\":\"BreadcrumbList\",\"@id\":\"https:\/\/energyintelligence.se\/shop\/product\/p1-rj12-ea-t81\/#breadcrumb\",\"itemListElement\":[{\"@type\":\"ListItem\",\"position\":1,\"name\":\"Hem\",\"item\":\"https:\/\/energyintelligence.se\/shop\/\"},{\"@type\":\"ListItem\",\"position\":2,\"name\":\"Ta kontroll \u00f6ver din elf\u00f6rbrukning helt utan abonnemang eller till\u00e4ggstj\u00e4nster\",\"item\":\"https:\/\/energyintelligence.se\/shop\/\"},{\"@type\":\"ListItem\",\"position\":3,\"name\":\"P1-RJ12 elm\u00e4taravl\u00e4sare extern wifi antenn\"}]},{\"@type\":\"WebSite\",\"@id\":\"https:\/\/energyintelligence.se\/shop\/#website\",\"url\":\"https:\/\/energyintelligence.se\/shop\/\",\"name\":\"Energy Intelligence\",\"description\":\"Ta kontroll \u00f6ver din elf\u00f6rbrukning\",\"publisher\":{\"@id\":\"https:\/\/energyintelligence.se\/shop\/#organization\"},\"potentialAction\":[{\"@type\":\"SearchAction\",\"target\":{\"@type\":\"EntryPoint\",\"urlTemplate\":\"https:\/\/energyintelligence.se\/shop\/?s={search_term_string}\"},\"query-input\":\"required name=search_term_string\"}],\"inLanguage\":\"sv-SE\"},{\"@type\":\"Organization\",\"@id\":\"https:\/\/energyintelligence.se\/shop\/#organization\",\"name\":\"Notima Energy Intelligence AB\",\"url\":\"https:\/\/energyintelligence.se\/shop\/\",\"logo\":{\"@type\":\"ImageObject\",\"inLanguage\":\"sv-SE\",\"@id\":\"https:\/\/energyintelligence.se\/shop\/#\/schema\/logo\/image\/\",\"url\":\"https:\/\/energyintelligence.se\/shop\/wp-content\/uploads\/2023\/11\/cropped-EI-300x66-1.png\",\"contentUrl\":\"https:\/\/energyintelligence.se\/shop\/wp-content\/uploads\/2023\/11\/cropped-EI-300x66-1.png\",\"width\":300,\"height\":66,\"caption\":\"Notima Energy Intelligence AB\"},\"image\":{\"@id\":\"https:\/\/energyintelligence.se\/shop\/#\/schema\/logo\/image\/\"}}]}<\/script>\n<!-- \/ Yoast SEO plugin. -->","yoast_head_json":{"title":"P1-RJ12 elm\u00e4taravl\u00e4sare extern wifi antenn - Energy Intelligence","robots":{"index":"index","follow":"follow","max-snippet":"max-snippet:-1","max-image-preview":"max-image-preview:large","max-video-preview":"max-video-preview:-1"},"canonical":"https:\/\/energyintelligence.se\/shop\/product\/p1-rj12-ea-t81\/","og_locale":"sv_SE","og_type":"article","og_title":"P1-RJ12 elm\u00e4taravl\u00e4sare extern wifi antenn - Energy Intelligence","og_description":"F\u00e5 insikt i din smarta elm\u00e4tares m\u00e4tarst\u00e4llning och kontrollera din elf\u00f6rbrukning\u00a0 genom att enkelt integrera mot externa system med denna elm\u00e4tarl\u00e4sare som tr\u00e5dl\u00f6st skickar m\u00e4tarst\u00e4llning samt uppdelat per fas: sp\u00e4nning, str\u00f6mstyrka och effekt via MQTT. Denna enhet kan med f\u00f6rdel kopplas till en\u00a0antenn utanp\u00e5 ett pl\u00e5tsk\u00e5p.","og_url":"https:\/\/energyintelligence.se\/shop\/product\/p1-rj12-ea-t81\/","og_site_name":"Energy Intelligence","article_modified_time":"2026-03-18T08:46:37+00:00","og_image":[{"width":1512,"height":2016,"url":"https:\/\/energyintelligence.se\/shop\/wp-content\/uploads\/2024\/11\/P1-RJ12-sida-antenn.jpg","type":"image\/jpeg"}],"twitter_card":"summary_large_image","twitter_misc":{"Ber\u00e4knad l\u00e4stid":"2 minuter"},"schema":{"@context":"https:\/\/schema.org","@graph":[{"@type":"WebPage","@id":"https:\/\/energyintelligence.se\/shop\/product\/p1-rj12-ea-t81\/","url":"https:\/\/energyintelligence.se\/shop\/product\/p1-rj12-ea-t81\/","name":"P1-RJ12 elm\u00e4taravl\u00e4sare extern wifi antenn - Energy Intelligence","isPartOf":{"@id":"https:\/\/energyintelligence.se\/shop\/#website"},"datePublished":"2024-05-31T07:29:00+00:00","dateModified":"2026-03-18T08:46:37+00:00","breadcrumb":{"@id":"https:\/\/energyintelligence.se\/shop\/product\/p1-rj12-ea-t81\/#breadcrumb"},"inLanguage":"sv-SE","potentialAction":[{"@type":"ReadAction","target":["https:\/\/energyintelligence.se\/shop\/product\/p1-rj12-ea-t81\/"]}]},{"@type":"BreadcrumbList","@id":"https:\/\/energyintelligence.se\/shop\/product\/p1-rj12-ea-t81\/#breadcrumb","itemListElement":[{"@type":"ListItem","position":1,"name":"Hem","item":"https:\/\/energyintelligence.se\/shop\/"},{"@type":"ListItem","position":2,"name":"Ta kontroll \u00f6ver din elf\u00f6rbrukning helt utan abonnemang eller till\u00e4ggstj\u00e4nster","item":"https:\/\/energyintelligence.se\/shop\/"},{"@type":"ListItem","position":3,"name":"P1-RJ12 elm\u00e4taravl\u00e4sare extern wifi antenn"}]},{"@type":"WebSite","@id":"https:\/\/energyintelligence.se\/shop\/#website","url":"https:\/\/energyintelligence.se\/shop\/","name":"Energy Intelligence","description":"Ta kontroll \u00f6ver din elf\u00f6rbrukning","publisher":{"@id":"https:\/\/energyintelligence.se\/shop\/#organization"},"potentialAction":[{"@type":"SearchAction","target":{"@type":"EntryPoint","urlTemplate":"https:\/\/energyintelligence.se\/shop\/?s={search_term_string}"},"query-input":"required name=search_term_string"}],"inLanguage":"sv-SE"},{"@type":"Organization","@id":"https:\/\/energyintelligence.se\/shop\/#organization","name":"Notima Energy Intelligence AB","url":"https:\/\/energyintelligence.se\/shop\/","logo":{"@type":"ImageObject","inLanguage":"sv-SE","@id":"https:\/\/energyintelligence.se\/shop\/#\/schema\/logo\/image\/","url":"https:\/\/energyintelligence.se\/shop\/wp-content\/uploads\/2023\/11\/cropped-EI-300x66-1.png","contentUrl":"https:\/\/energyintelligence.se\/shop\/wp-content\/uploads\/2023\/11\/cropped-EI-300x66-1.png","width":300,"height":66,"caption":"Notima Energy Intelligence AB"},"image":{"@id":"https:\/\/energyintelligence.se\/shop\/#\/schema\/logo\/image\/"}}]}},"_links":{"self":[{"href":"https:\/\/energyintelligence.se\/shop\/wp-json\/wp\/v2\/product\/2567"}],"collection":[{"href":"https:\/\/energyintelligence.se\/shop\/wp-json\/wp\/v2\/product"}],"about":[{"href":"https:\/\/energyintelligence.se\/shop\/wp-json\/wp\/v2\/types\/product"}],"wp:featuredmedia":[{"embeddable":true,"href":"https:\/\/energyintelligence.se\/shop\/wp-json\/wp\/v2\/media\/2850"}],"wp:attachment":[{"href":"https:\/\/energyintelligence.se\/shop\/wp-json\/wp\/v2\/media?parent=2567"}],"wp:term":[{"taxonomy":"product_cat","embeddable":true,"href":"https:\/\/energyintelligence.se\/shop\/wp-json\/wp\/v2\/product_cat?post=2567"},{"taxonomy":"product_tag","embeddable":true,"href":"https:\/\/energyintelligence.se\/shop\/wp-json\/wp\/v2\/product_tag?post=2567"}],"curies":[{"name":"wp","href":"https:\/\/api.w.org\/{rel}","templated":true}]}}