{"id":2856,"date":"2024-11-15T12:05:57","date_gmt":"2024-11-15T10:05:57","guid":{"rendered":"https:\/\/energyintelligence.se\/shop\/?post_type=product&#038;p=2856"},"modified":"2026-04-02T11:44:44","modified_gmt":"2026-04-02T09:44:44","slug":"rj45-p1-han-lasare-ethernet-poe","status":"publish","type":"product","link":"https:\/\/energyintelligence.se\/shop\/product\/rj45-p1-han-lasare-ethernet-poe\/","title":{"rendered":"RJ45 P1\/HAN l\u00e4sare Ethernet (PoE)"},"content":{"rendered":"<p>Denna avl\u00e4sare kopplas direkt in i HAN-porten p\u00e5 elm\u00e4taren med RJ45 uttag. Via kabeln kan m\u00e4tdata l\u00e4sas av l\u00e4saren som i sin skickar informationen vidare via till MQTT. Detta inneb\u00e4r att energif\u00f6rbrukningen enkelt kan l\u00e4sas av via datorsystem som kan ge insikt i och optimera hush\u00e5llets energianv\u00e4ndning.<\/p>\n<p>L\u00e4saren ansluts f\u00f6redragsvis till en ethernetkabel med PoE. Enheten konfigureras med hj\u00e4lp av en mobiltelefon eller dator via ett webb-baserat gr\u00e4nssnitt.<\/p>\n<p>Kretsarna i denna \u00e4r s.k. industrial grade vilket inneb\u00e4r att de \u00e4r anpassade f\u00f6r temperaturvariationer mellan -40\u00b0C till +85\u00b0C.<\/p>\n<p>Enheten \u00e4r gjord f\u00f6r att sitta p\u00e5 en DIN skena i l\u00e4mplig IP-klassad inkapsling d\u00e4r den tar upp tv\u00e5 modulplatser.<\/p>\n<p>Funktioner:<\/p>\n<ul>\n<li>HAN port (RJ45-kontakt)<\/li>\n<li>\u00d6verf\u00f6ring av separata m\u00e4tv\u00e4rden till valbar MQTT-server.<\/li>\n<li>Webb-baserat gr\u00e4nssnitt f\u00f6r enkel konfiguration av enheten.<\/li>\n<li>F\u00e4ste f\u00f6r montering p\u00e5 DIN-skena.<\/li>\n<li>Ethernet anslutning med PoE (Power over Ethernet &#8211; IEEE 802.3af @ 48 V)<\/li>\n<li>M\u00f6jlighet till <a href=\"https:\/\/energyintelligence.se\/shop\/product\/modbus-tcp-licens\/\">Modbus\/TCP-avl\u00e4sning med en licens<\/a>.<\/li>\n<\/ul>\n<p><strong>Kabel f\u00f6r anslutning till elm\u00e4taren ing\u00e5r ej. En vanligt rak n\u00e4tverkskabel kan anv\u00e4ndas.<\/strong><\/p>\n<p>Denna kan str\u00f6mf\u00f6rs\u00f6rjas med en <a href=\"https:\/\/energyintelligence.se\/shop\/product\/usb-302s\">micro-B usb<\/a> kontakt eller anslutning till str\u00f6mplint. Smidigast och s\u00e4krast \u00e4r att str\u00f6mf\u00f6rs\u00f6rja den via PoE.<\/p>\n<p>F\u00f6r information om anv\u00e4ndning, se l\u00e4nkarna nedan:<\/p>\n<p><a href=\"https:\/\/energyintelligence.se\/shop\/kom-igang-guide\/\">Kom ig\u00e5ng guide<\/a><br \/>\n<a href=\"https:\/\/energyintelligence.se\/shop\/vanliga-fragor-och-svar\">Vanliga fr\u00e5gor och svar<\/a><br \/>\n<a href=\"https:\/\/energyintelligence.se\/shop\/wp-content\/uploads\/2024\/11\/Manual-HAN-RJ45-POE-t42.pdf\">Produktblad<\/a><\/p>\n","protected":false},"excerpt":{"rendered":"<p>Om du vill ha tillf\u00f6rlitlig tr\u00e5dad anslutning och m\u00e5nga alternativ till str\u00f6mf\u00f6rs\u00f6rjning rekommenderar vi denna elm\u00e4taravl\u00e4sare.<\/p>\n<p>Denna elm\u00e4tareavl\u00e4sare \u00e4r avsett f\u00f6r elm\u00e4tare med <strong>RJ45-uttag<\/strong>. Om du har en RJ12-kontakt p\u00e5 din elm\u00e4tare kan du anv\u00e4nda denna <a href=\"https:\/\/energyintelligence.se\/shop\/product\/p1-han-lasare-ethernet-poe-wifi-extern-antenn\">variant<\/a>.<\/p>\n","protected":false},"featured_media":2864,"template":"","meta":[],"product_cat":[24],"product_tag":[],"yoast_head":"<!-- This site is optimized with the Yoast SEO plugin v21.7 - https:\/\/yoast.com\/wordpress\/plugins\/seo\/ -->\n<title>RJ45 P1\/HAN l\u00e4sare Ethernet (PoE) - Energy Intelligence<\/title>\n<meta name=\"description\" content=\"L\u00e4s av din smarta elm\u00e4tares m\u00e4tarst\u00e4llning och kontrollera din elf\u00f6rbrukning i realtid med denna elm\u00e4tarl\u00e4sare f\u00f6r RJ45-uttag med PoE.\" \/>\n<meta name=\"robots\" content=\"index, follow, max-snippet:-1, max-image-preview:large, max-video-preview:-1\" \/>\n<link rel=\"canonical\" href=\"https:\/\/energyintelligence.se\/shop\/product\/rj45-p1-han-lasare-ethernet-poe\/\" \/>\n<meta property=\"og:locale\" content=\"sv_SE\" \/>\n<meta property=\"og:type\" content=\"article\" \/>\n<meta property=\"og:title\" content=\"RJ45 P1\/HAN l\u00e4sare Ethernet (PoE) - Energy Intelligence\" \/>\n<meta property=\"og:description\" content=\"L\u00e4s av din smarta elm\u00e4tares m\u00e4tarst\u00e4llning och kontrollera din elf\u00f6rbrukning i realtid med denna elm\u00e4tarl\u00e4sare f\u00f6r RJ45-uttag med PoE.\" \/>\n<meta property=\"og:url\" content=\"https:\/\/energyintelligence.se\/shop\/product\/rj45-p1-han-lasare-ethernet-poe\/\" \/>\n<meta property=\"og:site_name\" content=\"Energy Intelligence\" \/>\n<meta property=\"article:modified_time\" content=\"2026-04-02T09:44:44+00:00\" \/>\n<meta property=\"og:image\" content=\"https:\/\/energyintelligence.se\/shop\/wp-content\/uploads\/2024\/11\/RJ45-sida.jpg\" \/>\n\t<meta property=\"og:image:width\" content=\"1512\" \/>\n\t<meta property=\"og:image:height\" content=\"2016\" \/>\n\t<meta property=\"og:image:type\" content=\"image\/jpeg\" \/>\n<meta name=\"twitter:card\" content=\"summary_large_image\" \/>\n<meta name=\"twitter:label1\" content=\"Ber\u00e4knad l\u00e4stid\" \/>\n\t<meta name=\"twitter:data1\" content=\"2 minuter\" \/>\n<script type=\"application\/ld+json\" class=\"yoast-schema-graph\">{\"@context\":\"https:\/\/schema.org\",\"@graph\":[{\"@type\":\"WebPage\",\"@id\":\"https:\/\/energyintelligence.se\/shop\/product\/rj45-p1-han-lasare-ethernet-poe\/\",\"url\":\"https:\/\/energyintelligence.se\/shop\/product\/rj45-p1-han-lasare-ethernet-poe\/\",\"name\":\"RJ45 P1\/HAN l\u00e4sare Ethernet (PoE) - Energy Intelligence\",\"isPartOf\":{\"@id\":\"https:\/\/energyintelligence.se\/shop\/#website\"},\"datePublished\":\"2024-11-15T10:05:57+00:00\",\"dateModified\":\"2026-04-02T09:44:44+00:00\",\"description\":\"L\u00e4s av din smarta elm\u00e4tares m\u00e4tarst\u00e4llning och kontrollera din elf\u00f6rbrukning i realtid med denna elm\u00e4tarl\u00e4sare f\u00f6r RJ45-uttag med PoE.\",\"breadcrumb\":{\"@id\":\"https:\/\/energyintelligence.se\/shop\/product\/rj45-p1-han-lasare-ethernet-poe\/#breadcrumb\"},\"inLanguage\":\"sv-SE\",\"potentialAction\":[{\"@type\":\"ReadAction\",\"target\":[\"https:\/\/energyintelligence.se\/shop\/product\/rj45-p1-han-lasare-ethernet-poe\/\"]}]},{\"@type\":\"BreadcrumbList\",\"@id\":\"https:\/\/energyintelligence.se\/shop\/product\/rj45-p1-han-lasare-ethernet-poe\/#breadcrumb\",\"itemListElement\":[{\"@type\":\"ListItem\",\"position\":1,\"name\":\"Hem\",\"item\":\"https:\/\/energyintelligence.se\/shop\/\"},{\"@type\":\"ListItem\",\"position\":2,\"name\":\"Ta kontroll \u00f6ver din elf\u00f6rbrukning helt utan abonnemang eller till\u00e4ggstj\u00e4nster\",\"item\":\"https:\/\/energyintelligence.se\/shop\/\"},{\"@type\":\"ListItem\",\"position\":3,\"name\":\"RJ45 P1\/HAN l\u00e4sare Ethernet (PoE)\"}]},{\"@type\":\"WebSite\",\"@id\":\"https:\/\/energyintelligence.se\/shop\/#website\",\"url\":\"https:\/\/energyintelligence.se\/shop\/\",\"name\":\"Energy Intelligence\",\"description\":\"Ta kontroll \u00f6ver din elf\u00f6rbrukning\",\"publisher\":{\"@id\":\"https:\/\/energyintelligence.se\/shop\/#organization\"},\"potentialAction\":[{\"@type\":\"SearchAction\",\"target\":{\"@type\":\"EntryPoint\",\"urlTemplate\":\"https:\/\/energyintelligence.se\/shop\/?s={search_term_string}\"},\"query-input\":\"required name=search_term_string\"}],\"inLanguage\":\"sv-SE\"},{\"@type\":\"Organization\",\"@id\":\"https:\/\/energyintelligence.se\/shop\/#organization\",\"name\":\"Notima Energy Intelligence AB\",\"url\":\"https:\/\/energyintelligence.se\/shop\/\",\"logo\":{\"@type\":\"ImageObject\",\"inLanguage\":\"sv-SE\",\"@id\":\"https:\/\/energyintelligence.se\/shop\/#\/schema\/logo\/image\/\",\"url\":\"https:\/\/energyintelligence.se\/shop\/wp-content\/uploads\/2023\/11\/cropped-EI-300x66-1.png\",\"contentUrl\":\"https:\/\/energyintelligence.se\/shop\/wp-content\/uploads\/2023\/11\/cropped-EI-300x66-1.png\",\"width\":300,\"height\":66,\"caption\":\"Notima Energy Intelligence AB\"},\"image\":{\"@id\":\"https:\/\/energyintelligence.se\/shop\/#\/schema\/logo\/image\/\"}}]}<\/script>\n<!-- \/ Yoast SEO plugin. -->","yoast_head_json":{"title":"RJ45 P1\/HAN l\u00e4sare Ethernet (PoE) - Energy Intelligence","description":"L\u00e4s av din smarta elm\u00e4tares m\u00e4tarst\u00e4llning och kontrollera din elf\u00f6rbrukning i realtid med denna elm\u00e4tarl\u00e4sare f\u00f6r RJ45-uttag med PoE.","robots":{"index":"index","follow":"follow","max-snippet":"max-snippet:-1","max-image-preview":"max-image-preview:large","max-video-preview":"max-video-preview:-1"},"canonical":"https:\/\/energyintelligence.se\/shop\/product\/rj45-p1-han-lasare-ethernet-poe\/","og_locale":"sv_SE","og_type":"article","og_title":"RJ45 P1\/HAN l\u00e4sare Ethernet (PoE) - Energy Intelligence","og_description":"L\u00e4s av din smarta elm\u00e4tares m\u00e4tarst\u00e4llning och kontrollera din elf\u00f6rbrukning i realtid med denna elm\u00e4tarl\u00e4sare f\u00f6r RJ45-uttag med PoE.","og_url":"https:\/\/energyintelligence.se\/shop\/product\/rj45-p1-han-lasare-ethernet-poe\/","og_site_name":"Energy Intelligence","article_modified_time":"2026-04-02T09:44:44+00:00","og_image":[{"width":1512,"height":2016,"url":"https:\/\/energyintelligence.se\/shop\/wp-content\/uploads\/2024\/11\/RJ45-sida.jpg","type":"image\/jpeg"}],"twitter_card":"summary_large_image","twitter_misc":{"Ber\u00e4knad l\u00e4stid":"2 minuter"},"schema":{"@context":"https:\/\/schema.org","@graph":[{"@type":"WebPage","@id":"https:\/\/energyintelligence.se\/shop\/product\/rj45-p1-han-lasare-ethernet-poe\/","url":"https:\/\/energyintelligence.se\/shop\/product\/rj45-p1-han-lasare-ethernet-poe\/","name":"RJ45 P1\/HAN l\u00e4sare Ethernet (PoE) - Energy Intelligence","isPartOf":{"@id":"https:\/\/energyintelligence.se\/shop\/#website"},"datePublished":"2024-11-15T10:05:57+00:00","dateModified":"2026-04-02T09:44:44+00:00","description":"L\u00e4s av din smarta elm\u00e4tares m\u00e4tarst\u00e4llning och kontrollera din elf\u00f6rbrukning i realtid med denna elm\u00e4tarl\u00e4sare f\u00f6r RJ45-uttag med PoE.","breadcrumb":{"@id":"https:\/\/energyintelligence.se\/shop\/product\/rj45-p1-han-lasare-ethernet-poe\/#breadcrumb"},"inLanguage":"sv-SE","potentialAction":[{"@type":"ReadAction","target":["https:\/\/energyintelligence.se\/shop\/product\/rj45-p1-han-lasare-ethernet-poe\/"]}]},{"@type":"BreadcrumbList","@id":"https:\/\/energyintelligence.se\/shop\/product\/rj45-p1-han-lasare-ethernet-poe\/#breadcrumb","itemListElement":[{"@type":"ListItem","position":1,"name":"Hem","item":"https:\/\/energyintelligence.se\/shop\/"},{"@type":"ListItem","position":2,"name":"Ta kontroll \u00f6ver din elf\u00f6rbrukning helt utan abonnemang eller till\u00e4ggstj\u00e4nster","item":"https:\/\/energyintelligence.se\/shop\/"},{"@type":"ListItem","position":3,"name":"RJ45 P1\/HAN l\u00e4sare Ethernet (PoE)"}]},{"@type":"WebSite","@id":"https:\/\/energyintelligence.se\/shop\/#website","url":"https:\/\/energyintelligence.se\/shop\/","name":"Energy Intelligence","description":"Ta kontroll \u00f6ver din elf\u00f6rbrukning","publisher":{"@id":"https:\/\/energyintelligence.se\/shop\/#organization"},"potentialAction":[{"@type":"SearchAction","target":{"@type":"EntryPoint","urlTemplate":"https:\/\/energyintelligence.se\/shop\/?s={search_term_string}"},"query-input":"required name=search_term_string"}],"inLanguage":"sv-SE"},{"@type":"Organization","@id":"https:\/\/energyintelligence.se\/shop\/#organization","name":"Notima Energy Intelligence AB","url":"https:\/\/energyintelligence.se\/shop\/","logo":{"@type":"ImageObject","inLanguage":"sv-SE","@id":"https:\/\/energyintelligence.se\/shop\/#\/schema\/logo\/image\/","url":"https:\/\/energyintelligence.se\/shop\/wp-content\/uploads\/2023\/11\/cropped-EI-300x66-1.png","contentUrl":"https:\/\/energyintelligence.se\/shop\/wp-content\/uploads\/2023\/11\/cropped-EI-300x66-1.png","width":300,"height":66,"caption":"Notima Energy Intelligence AB"},"image":{"@id":"https:\/\/energyintelligence.se\/shop\/#\/schema\/logo\/image\/"}}]}},"_links":{"self":[{"href":"https:\/\/energyintelligence.se\/shop\/wp-json\/wp\/v2\/product\/2856"}],"collection":[{"href":"https:\/\/energyintelligence.se\/shop\/wp-json\/wp\/v2\/product"}],"about":[{"href":"https:\/\/energyintelligence.se\/shop\/wp-json\/wp\/v2\/types\/product"}],"wp:featuredmedia":[{"embeddable":true,"href":"https:\/\/energyintelligence.se\/shop\/wp-json\/wp\/v2\/media\/2864"}],"wp:attachment":[{"href":"https:\/\/energyintelligence.se\/shop\/wp-json\/wp\/v2\/media?parent=2856"}],"wp:term":[{"taxonomy":"product_cat","embeddable":true,"href":"https:\/\/energyintelligence.se\/shop\/wp-json\/wp\/v2\/product_cat?post=2856"},{"taxonomy":"product_tag","embeddable":true,"href":"https:\/\/energyintelligence.se\/shop\/wp-json\/wp\/v2\/product_tag?post=2856"}],"curies":[{"name":"wp","href":"https:\/\/api.w.org\/{rel}","templated":true}]}}