{"id":288,"date":"2022-01-22T20:30:20","date_gmt":"2022-01-22T18:30:20","guid":{"rendered":"https:\/\/energyintelligence.se\/shop\/?post_type=product&#038;p=288"},"modified":"2026-02-24T10:19:06","modified_gmt":"2026-02-24T08:19:06","slug":"stromforsorjning-5-v-din-monterbar","status":"publish","type":"product","link":"https:\/\/energyintelligence.se\/shop\/product\/stromforsorjning-5-v-din-monterbar\/","title":{"rendered":"Str\u00f6mf\u00f6rs\u00f6rjning 5V DIN-monterbar"},"content":{"rendered":"<p>DIN-monterbar transformator f\u00f6r extern str\u00f6mf\u00f6rs\u00f6rjning. Obs, denna skall monteras fast, vilket kr\u00e4ver en beh\u00f6rig elektriker.<\/p>\n<p>Extern str\u00f6mf\u00f6rs\u00f6rjning beh\u00f6vs normalt i tv\u00e5 fall<\/p>\n<p>* Elm\u00e4taren tillhandah\u00e5ller ej str\u00f6m p\u00e5 P1 porten. Detta g\u00e4ller t ex Kamstrup Omnipower.<\/p>\n<p>* Elm\u00e4taren tillhandah\u00e5ller ej tillr\u00e4ckligt med str\u00f6m p\u00e5 P1 porten. Detta g\u00e4ller ifall du k\u00f6r en avl\u00e4sare med h\u00f6gre str\u00f6mkrav, t ex extern wifi-antenn.<\/p>\n<p>Det g\u00e5r att anv\u00e4nda en vanlig 5 V adapter. T ex fungerar str\u00f6madaptrar f\u00f6r Raspberry Pi v\u00e4ldigt bra f\u00f6r syftet. Den har en stickkontakt och beh\u00f6ver d\u00e5 d\u00e4rf\u00f6r inte fast montering.<\/p>\n<p>V\u00e5ra elm\u00e4taravl\u00e4sare g\u00e5r \u00e4ven att str\u00f6mf\u00f6rs\u00f6rja via USB-porten. Ytterligare ett alternativ till str\u00f6mf\u00f6rs\u00f6rjning \u00e4r att anv\u00e4nda en <a href=\"https:\/\/energyintelligence.se\/shop\/product\/aktiv-p1-splitter-forstarkare\">aktiv splitter\/f\u00f6rst\u00e4rkare<\/a>.<\/p>\n","protected":false},"excerpt":{"rendered":"<p>DIN-monterbar transformator f\u00f6r extern str\u00f6mf\u00f6rs\u00f6rjning. Obs, denna skall monteras fast, vilket kr\u00e4ver en beh\u00f6rig elektriker. Extern str\u00f6mf\u00f6rs\u00f6rjning beh\u00f6vs normalt i tv\u00e5 fall * Elm\u00e4taren tillhandah\u00e5ller ej str\u00f6m p\u00e5 P1 porten. Detta g\u00e4ller t ex Kamstrup Omnipower. * Elm\u00e4taren tillhandah\u00e5ller ej tillr\u00e4ckligt med str\u00f6m p\u00e5 P1 porten. Detta g\u00e4ller ifall du k\u00f6r en avl\u00e4sare med h\u00f6gre [&hellip;]<\/p>\n","protected":false},"featured_media":289,"template":"","meta":[],"product_cat":[15],"product_tag":[],"yoast_head":"<!-- This site is optimized with the Yoast SEO plugin v21.7 - https:\/\/yoast.com\/wordpress\/plugins\/seo\/ -->\n<title>Str\u00f6mf\u00f6rs\u00f6rjning 5V DIN-monterbar - Energy Intelligence<\/title>\n<meta name=\"description\" content=\"DIN-monterbar transformator f\u00f6r extern str\u00f6mf\u00f6rs\u00f6rjning.\" \/>\n<meta name=\"robots\" content=\"index, follow, max-snippet:-1, max-image-preview:large, max-video-preview:-1\" \/>\n<link rel=\"canonical\" href=\"https:\/\/energyintelligence.se\/shop\/product\/stromforsorjning-5-v-din-monterbar\/\" \/>\n<meta property=\"og:locale\" content=\"sv_SE\" \/>\n<meta property=\"og:type\" content=\"article\" \/>\n<meta property=\"og:title\" content=\"Str\u00f6mf\u00f6rs\u00f6rjning 5V DIN-monterbar - Energy Intelligence\" \/>\n<meta property=\"og:description\" content=\"DIN-monterbar transformator f\u00f6r extern str\u00f6mf\u00f6rs\u00f6rjning.\" \/>\n<meta property=\"og:url\" content=\"https:\/\/energyintelligence.se\/shop\/product\/stromforsorjning-5-v-din-monterbar\/\" \/>\n<meta property=\"og:site_name\" content=\"Energy Intelligence\" \/>\n<meta property=\"article:modified_time\" content=\"2026-02-24T08:19:06+00:00\" \/>\n<meta property=\"og:image\" content=\"https:\/\/energyintelligence.se\/shop\/wp-content\/uploads\/2022\/01\/MeanWell-15-5.jpg\" \/>\n\t<meta property=\"og:image:width\" content=\"289\" \/>\n\t<meta property=\"og:image:height\" content=\"231\" \/>\n\t<meta property=\"og:image:type\" content=\"image\/jpeg\" \/>\n<meta name=\"twitter:card\" content=\"summary_large_image\" \/>\n<meta name=\"twitter:label1\" content=\"Ber\u00e4knad l\u00e4stid\" \/>\n\t<meta name=\"twitter:data1\" content=\"1 minut\" \/>\n<script type=\"application\/ld+json\" class=\"yoast-schema-graph\">{\"@context\":\"https:\/\/schema.org\",\"@graph\":[{\"@type\":\"WebPage\",\"@id\":\"https:\/\/energyintelligence.se\/shop\/product\/stromforsorjning-5-v-din-monterbar\/\",\"url\":\"https:\/\/energyintelligence.se\/shop\/product\/stromforsorjning-5-v-din-monterbar\/\",\"name\":\"Str\u00f6mf\u00f6rs\u00f6rjning 5V DIN-monterbar - Energy Intelligence\",\"isPartOf\":{\"@id\":\"https:\/\/energyintelligence.se\/shop\/#website\"},\"datePublished\":\"2022-01-22T18:30:20+00:00\",\"dateModified\":\"2026-02-24T08:19:06+00:00\",\"description\":\"DIN-monterbar transformator f\u00f6r extern str\u00f6mf\u00f6rs\u00f6rjning.\",\"breadcrumb\":{\"@id\":\"https:\/\/energyintelligence.se\/shop\/product\/stromforsorjning-5-v-din-monterbar\/#breadcrumb\"},\"inLanguage\":\"sv-SE\",\"potentialAction\":[{\"@type\":\"ReadAction\",\"target\":[\"https:\/\/energyintelligence.se\/shop\/product\/stromforsorjning-5-v-din-monterbar\/\"]}]},{\"@type\":\"BreadcrumbList\",\"@id\":\"https:\/\/energyintelligence.se\/shop\/product\/stromforsorjning-5-v-din-monterbar\/#breadcrumb\",\"itemListElement\":[{\"@type\":\"ListItem\",\"position\":1,\"name\":\"Hem\",\"item\":\"https:\/\/energyintelligence.se\/shop\/\"},{\"@type\":\"ListItem\",\"position\":2,\"name\":\"Ta kontroll \u00f6ver din elf\u00f6rbrukning helt utan abonnemang eller till\u00e4ggstj\u00e4nster\",\"item\":\"https:\/\/energyintelligence.se\/shop\/\"},{\"@type\":\"ListItem\",\"position\":3,\"name\":\"Str\u00f6mf\u00f6rs\u00f6rjning 5V DIN-monterbar\"}]},{\"@type\":\"WebSite\",\"@id\":\"https:\/\/energyintelligence.se\/shop\/#website\",\"url\":\"https:\/\/energyintelligence.se\/shop\/\",\"name\":\"Energy Intelligence\",\"description\":\"Ta kontroll \u00f6ver din elf\u00f6rbrukning\",\"publisher\":{\"@id\":\"https:\/\/energyintelligence.se\/shop\/#organization\"},\"potentialAction\":[{\"@type\":\"SearchAction\",\"target\":{\"@type\":\"EntryPoint\",\"urlTemplate\":\"https:\/\/energyintelligence.se\/shop\/?s={search_term_string}\"},\"query-input\":\"required name=search_term_string\"}],\"inLanguage\":\"sv-SE\"},{\"@type\":\"Organization\",\"@id\":\"https:\/\/energyintelligence.se\/shop\/#organization\",\"name\":\"Notima Energy Intelligence AB\",\"url\":\"https:\/\/energyintelligence.se\/shop\/\",\"logo\":{\"@type\":\"ImageObject\",\"inLanguage\":\"sv-SE\",\"@id\":\"https:\/\/energyintelligence.se\/shop\/#\/schema\/logo\/image\/\",\"url\":\"https:\/\/energyintelligence.se\/shop\/wp-content\/uploads\/2023\/11\/cropped-EI-300x66-1.png\",\"contentUrl\":\"https:\/\/energyintelligence.se\/shop\/wp-content\/uploads\/2023\/11\/cropped-EI-300x66-1.png\",\"width\":300,\"height\":66,\"caption\":\"Notima Energy Intelligence AB\"},\"image\":{\"@id\":\"https:\/\/energyintelligence.se\/shop\/#\/schema\/logo\/image\/\"}}]}<\/script>\n<!-- \/ Yoast SEO plugin. -->","yoast_head_json":{"title":"Str\u00f6mf\u00f6rs\u00f6rjning 5V DIN-monterbar - Energy Intelligence","description":"DIN-monterbar transformator f\u00f6r extern str\u00f6mf\u00f6rs\u00f6rjning.","robots":{"index":"index","follow":"follow","max-snippet":"max-snippet:-1","max-image-preview":"max-image-preview:large","max-video-preview":"max-video-preview:-1"},"canonical":"https:\/\/energyintelligence.se\/shop\/product\/stromforsorjning-5-v-din-monterbar\/","og_locale":"sv_SE","og_type":"article","og_title":"Str\u00f6mf\u00f6rs\u00f6rjning 5V DIN-monterbar - Energy Intelligence","og_description":"DIN-monterbar transformator f\u00f6r extern str\u00f6mf\u00f6rs\u00f6rjning.","og_url":"https:\/\/energyintelligence.se\/shop\/product\/stromforsorjning-5-v-din-monterbar\/","og_site_name":"Energy Intelligence","article_modified_time":"2026-02-24T08:19:06+00:00","og_image":[{"width":289,"height":231,"url":"https:\/\/energyintelligence.se\/shop\/wp-content\/uploads\/2022\/01\/MeanWell-15-5.jpg","type":"image\/jpeg"}],"twitter_card":"summary_large_image","twitter_misc":{"Ber\u00e4knad l\u00e4stid":"1 minut"},"schema":{"@context":"https:\/\/schema.org","@graph":[{"@type":"WebPage","@id":"https:\/\/energyintelligence.se\/shop\/product\/stromforsorjning-5-v-din-monterbar\/","url":"https:\/\/energyintelligence.se\/shop\/product\/stromforsorjning-5-v-din-monterbar\/","name":"Str\u00f6mf\u00f6rs\u00f6rjning 5V DIN-monterbar - Energy Intelligence","isPartOf":{"@id":"https:\/\/energyintelligence.se\/shop\/#website"},"datePublished":"2022-01-22T18:30:20+00:00","dateModified":"2026-02-24T08:19:06+00:00","description":"DIN-monterbar transformator f\u00f6r extern str\u00f6mf\u00f6rs\u00f6rjning.","breadcrumb":{"@id":"https:\/\/energyintelligence.se\/shop\/product\/stromforsorjning-5-v-din-monterbar\/#breadcrumb"},"inLanguage":"sv-SE","potentialAction":[{"@type":"ReadAction","target":["https:\/\/energyintelligence.se\/shop\/product\/stromforsorjning-5-v-din-monterbar\/"]}]},{"@type":"BreadcrumbList","@id":"https:\/\/energyintelligence.se\/shop\/product\/stromforsorjning-5-v-din-monterbar\/#breadcrumb","itemListElement":[{"@type":"ListItem","position":1,"name":"Hem","item":"https:\/\/energyintelligence.se\/shop\/"},{"@type":"ListItem","position":2,"name":"Ta kontroll \u00f6ver din elf\u00f6rbrukning helt utan abonnemang eller till\u00e4ggstj\u00e4nster","item":"https:\/\/energyintelligence.se\/shop\/"},{"@type":"ListItem","position":3,"name":"Str\u00f6mf\u00f6rs\u00f6rjning 5V DIN-monterbar"}]},{"@type":"WebSite","@id":"https:\/\/energyintelligence.se\/shop\/#website","url":"https:\/\/energyintelligence.se\/shop\/","name":"Energy Intelligence","description":"Ta kontroll \u00f6ver din elf\u00f6rbrukning","publisher":{"@id":"https:\/\/energyintelligence.se\/shop\/#organization"},"potentialAction":[{"@type":"SearchAction","target":{"@type":"EntryPoint","urlTemplate":"https:\/\/energyintelligence.se\/shop\/?s={search_term_string}"},"query-input":"required name=search_term_string"}],"inLanguage":"sv-SE"},{"@type":"Organization","@id":"https:\/\/energyintelligence.se\/shop\/#organization","name":"Notima Energy Intelligence AB","url":"https:\/\/energyintelligence.se\/shop\/","logo":{"@type":"ImageObject","inLanguage":"sv-SE","@id":"https:\/\/energyintelligence.se\/shop\/#\/schema\/logo\/image\/","url":"https:\/\/energyintelligence.se\/shop\/wp-content\/uploads\/2023\/11\/cropped-EI-300x66-1.png","contentUrl":"https:\/\/energyintelligence.se\/shop\/wp-content\/uploads\/2023\/11\/cropped-EI-300x66-1.png","width":300,"height":66,"caption":"Notima Energy Intelligence AB"},"image":{"@id":"https:\/\/energyintelligence.se\/shop\/#\/schema\/logo\/image\/"}}]}},"_links":{"self":[{"href":"https:\/\/energyintelligence.se\/shop\/wp-json\/wp\/v2\/product\/288"}],"collection":[{"href":"https:\/\/energyintelligence.se\/shop\/wp-json\/wp\/v2\/product"}],"about":[{"href":"https:\/\/energyintelligence.se\/shop\/wp-json\/wp\/v2\/types\/product"}],"wp:featuredmedia":[{"embeddable":true,"href":"https:\/\/energyintelligence.se\/shop\/wp-json\/wp\/v2\/media\/289"}],"wp:attachment":[{"href":"https:\/\/energyintelligence.se\/shop\/wp-json\/wp\/v2\/media?parent=288"}],"wp:term":[{"taxonomy":"product_cat","embeddable":true,"href":"https:\/\/energyintelligence.se\/shop\/wp-json\/wp\/v2\/product_cat?post=288"},{"taxonomy":"product_tag","embeddable":true,"href":"https:\/\/energyintelligence.se\/shop\/wp-json\/wp\/v2\/product_tag?post=288"}],"curies":[{"name":"wp","href":"https:\/\/api.w.org\/{rel}","templated":true}]}}