{"id":3234,"date":"2025-09-17T13:08:08","date_gmt":"2025-09-17T11:08:08","guid":{"rendered":"https:\/\/energyintelligence.se\/shop\/?post_type=product&#038;p=3234"},"modified":"2026-04-16T11:03:01","modified_gmt":"2026-04-16T09:03:01","slug":"p1-han-lasare-rj45-med-extern-wifi-antenn","status":"publish","type":"product","link":"https:\/\/energyintelligence.se\/shop\/product\/p1-han-lasare-rj45-med-extern-wifi-antenn\/","title":{"rendered":"P1\/HAN l\u00e4sare RJ45 med extern wifi antenn"},"content":{"rendered":"<p>Denna l\u00e4sare kopplas direkt in i P1 porten\/HAN-porten p\u00e5 elm\u00e4taren med en RJ45-kabel. Detta \u00e4r samma kontakt som anv\u00e4nds f\u00f6r ethernet-n\u00e4tverk vilket g\u00f6r att man kan anv\u00e4nda en vanlig n\u00e4tverkskabel f\u00f6r anslutningen.<\/p>\n<p>Via kabeln kan m\u00e4tdata l\u00e4sas av l\u00e4saren som i sin skickar informationen vidare till en MQTT-server. Detta inneb\u00e4r att energif\u00f6rbrukningen enkelt kan l\u00e4sas av via datorsystem som kan ge insikt i och optimera hush\u00e5llets energianv\u00e4ndning.<\/p>\n<p>L\u00e4saren ansluts till det tr\u00e5dl\u00f6sa n\u00e4tverket och kan enkelt konfigureras med hj\u00e4lp av en mobiltelefon eller dator via ett webb-baserat gr\u00e4nssnitt. Wifi-antennen har b\u00e4ttre kapacitet \u00e4n varianten utan extern antenn och klarar d\u00e4rf\u00f6r n\u00e5got s\u00e4mre f\u00f6rh\u00e5llanden. Str\u00e4va dock alltid efter att ha en s\u00e5 bra wifi-f\u00f6rh\u00e5llanden som m\u00f6jligt.<\/p>\n<p>Enheten \u00e4r gjord f\u00f6r att sitta p\u00e5 en DIN skena d\u00e4r den tar upp tv\u00e5 modulplatser.<\/p>\n<p>Funktioner:<\/p>\n<ul>\n<li>P1\/HAN port (RJ45-kontakt) &#8211; ibland kallad &#8221;Norsk standard&#8221;.<\/li>\n<li>\u00d6verf\u00f6ring av separata m\u00e4tv\u00e4rden till valbar MQTT-server via wifi.<\/li>\n<li>Webb-baserat gr\u00e4nssnitt f\u00f6r enkel konfiguration av enheten.<\/li>\n<li>F\u00e4ste f\u00f6r montering p\u00e5 DIN-skena.<\/li>\n<li>L\u00f6stagbar antenn, dvs den g\u00e5r att ers\u00e4tta med annan antenn med RP-SMA hane-kontakt. Enheten har en RP-SMA-hona kontakt.<\/li>\n<li>M\u00f6jlighet till <a href=\"https:\/\/energyintelligence.se\/shop\/product\/modbus-tcp-licens\/\">Modbus\/TCP-avl\u00e4sning med en licens<\/a>.<\/li>\n<li><strong>M\u00e5tt:<\/strong>\u00a0L\u00e4ngd 90mm, H\u00f6jd max (rak antenn) 160mm, min (vinklad) 90mm, Bredd 36mm<\/li>\n<\/ul>\n<p>F\u00f6r information om anv\u00e4ndning, se l\u00e4nkarna nedan:<\/p>\n<p><a href=\"https:\/\/energyintelligence.se\/shop\/kom-igang-guide\/\">Kom ig\u00e5ng guide<\/a><br \/>\n<a href=\"https:\/\/energyintelligence.se\/shop\/wp-content\/uploads\/2025\/09\/Manual-P1-RJ12-t81.pdf\">Produktblad<\/a><br \/>\n<a href=\"https:\/\/energyintelligence.se\/shop\/anvandarmanual\">Anv\u00e4ndarmanual<\/a><br \/>\n<a href=\"https:\/\/energyintelligence.se\/shop\/user-manual\/\">User manual (english)<\/a><br \/>\n<a href=\"https:\/\/energyintelligence.se\/shop\/vanliga-fragor-och-svar\">Vanliga fr\u00e5gor och svar<\/a><\/p>\n","protected":false},"excerpt":{"rendered":"<p>Elm\u00e4taravl\u00e4sare f\u00f6r elm\u00e4tare med RJ45 uttag (s.k Norsk standard). Kr\u00e4ver str\u00f6mf\u00f6rs\u00f6rjning via str\u00f6mplint eller USB-C uttag.<\/p>\n<p>Kabeln som ansluter mellan elm\u00e4taren och elm\u00e4taravl\u00e4saren \u00e4r en vanlig n\u00e4tverkskabel och l\u00e4ngden kan vara relativt l\u00e5ng (vi har testat med 15 m). Vi rekommenderar d\u00e4rf\u00f6r att ni drar ut en &#8221;n\u00e4tverkskabel&#8221; till elsk\u00e5pet men placerar avl\u00e4saren inomhus i en milj\u00f6 med bra wifi.<\/p>\n","protected":false},"featured_media":3251,"template":"","meta":[],"product_cat":[24],"product_tag":[],"yoast_head":"<!-- This site is optimized with the Yoast SEO plugin v21.7 - https:\/\/yoast.com\/wordpress\/plugins\/seo\/ -->\n<title>P1\/HAN l\u00e4sare RJ45 med extern wifi antenn - Energy Intelligence<\/title>\n<meta name=\"description\" content=\"L\u00e4s av din smarta elm\u00e4tares m\u00e4tarst\u00e4llning och kontrollera din elf\u00f6rbrukning i realtid med denna elm\u00e4tarl\u00e4sare f\u00f6r RJ45-uttag med inbyggd wifi.\" \/>\n<meta name=\"robots\" content=\"index, follow, max-snippet:-1, max-image-preview:large, max-video-preview:-1\" \/>\n<link rel=\"canonical\" href=\"https:\/\/energyintelligence.se\/shop\/product\/p1-han-lasare-rj45-med-extern-wifi-antenn\/\" \/>\n<meta property=\"og:locale\" content=\"sv_SE\" \/>\n<meta property=\"og:type\" content=\"article\" \/>\n<meta property=\"og:title\" content=\"P1\/HAN l\u00e4sare RJ45 med extern wifi antenn - Energy Intelligence\" \/>\n<meta property=\"og:description\" content=\"L\u00e4s av din smarta elm\u00e4tares m\u00e4tarst\u00e4llning och kontrollera din elf\u00f6rbrukning i realtid med denna elm\u00e4tarl\u00e4sare f\u00f6r RJ45-uttag med inbyggd wifi.\" \/>\n<meta property=\"og:url\" content=\"https:\/\/energyintelligence.se\/shop\/product\/p1-han-lasare-rj45-med-extern-wifi-antenn\/\" \/>\n<meta property=\"og:site_name\" content=\"Energy Intelligence\" \/>\n<meta property=\"article:modified_time\" content=\"2026-04-16T09:03:01+00:00\" \/>\n<meta property=\"og:image\" content=\"https:\/\/energyintelligence.se\/shop\/wp-content\/uploads\/2025\/09\/rj45-wifi-extern-antenn-fram.jpg\" \/>\n\t<meta property=\"og:image:width\" content=\"1248\" \/>\n\t<meta property=\"og:image:height\" content=\"1974\" \/>\n\t<meta property=\"og:image:type\" content=\"image\/jpeg\" \/>\n<meta name=\"twitter:card\" content=\"summary_large_image\" \/>\n<meta name=\"twitter:label1\" content=\"Ber\u00e4knad l\u00e4stid\" \/>\n\t<meta name=\"twitter:data1\" content=\"2 minuter\" \/>\n<script type=\"application\/ld+json\" class=\"yoast-schema-graph\">{\"@context\":\"https:\/\/schema.org\",\"@graph\":[{\"@type\":\"WebPage\",\"@id\":\"https:\/\/energyintelligence.se\/shop\/product\/p1-han-lasare-rj45-med-extern-wifi-antenn\/\",\"url\":\"https:\/\/energyintelligence.se\/shop\/product\/p1-han-lasare-rj45-med-extern-wifi-antenn\/\",\"name\":\"P1\/HAN l\u00e4sare RJ45 med extern wifi antenn - Energy Intelligence\",\"isPartOf\":{\"@id\":\"https:\/\/energyintelligence.se\/shop\/#website\"},\"datePublished\":\"2025-09-17T11:08:08+00:00\",\"dateModified\":\"2026-04-16T09:03:01+00:00\",\"description\":\"L\u00e4s av din smarta elm\u00e4tares m\u00e4tarst\u00e4llning och kontrollera din elf\u00f6rbrukning i realtid med denna elm\u00e4tarl\u00e4sare f\u00f6r RJ45-uttag med inbyggd wifi.\",\"breadcrumb\":{\"@id\":\"https:\/\/energyintelligence.se\/shop\/product\/p1-han-lasare-rj45-med-extern-wifi-antenn\/#breadcrumb\"},\"inLanguage\":\"sv-SE\",\"potentialAction\":[{\"@type\":\"ReadAction\",\"target\":[\"https:\/\/energyintelligence.se\/shop\/product\/p1-han-lasare-rj45-med-extern-wifi-antenn\/\"]}]},{\"@type\":\"BreadcrumbList\",\"@id\":\"https:\/\/energyintelligence.se\/shop\/product\/p1-han-lasare-rj45-med-extern-wifi-antenn\/#breadcrumb\",\"itemListElement\":[{\"@type\":\"ListItem\",\"position\":1,\"name\":\"Hem\",\"item\":\"https:\/\/energyintelligence.se\/shop\/\"},{\"@type\":\"ListItem\",\"position\":2,\"name\":\"Ta kontroll \u00f6ver din elf\u00f6rbrukning helt utan abonnemang eller till\u00e4ggstj\u00e4nster\",\"item\":\"https:\/\/energyintelligence.se\/shop\/\"},{\"@type\":\"ListItem\",\"position\":3,\"name\":\"P1\/HAN l\u00e4sare RJ45 med extern wifi antenn\"}]},{\"@type\":\"WebSite\",\"@id\":\"https:\/\/energyintelligence.se\/shop\/#website\",\"url\":\"https:\/\/energyintelligence.se\/shop\/\",\"name\":\"Energy Intelligence\",\"description\":\"Ta kontroll \u00f6ver din elf\u00f6rbrukning\",\"publisher\":{\"@id\":\"https:\/\/energyintelligence.se\/shop\/#organization\"},\"potentialAction\":[{\"@type\":\"SearchAction\",\"target\":{\"@type\":\"EntryPoint\",\"urlTemplate\":\"https:\/\/energyintelligence.se\/shop\/?s={search_term_string}\"},\"query-input\":\"required name=search_term_string\"}],\"inLanguage\":\"sv-SE\"},{\"@type\":\"Organization\",\"@id\":\"https:\/\/energyintelligence.se\/shop\/#organization\",\"name\":\"Notima Energy Intelligence AB\",\"url\":\"https:\/\/energyintelligence.se\/shop\/\",\"logo\":{\"@type\":\"ImageObject\",\"inLanguage\":\"sv-SE\",\"@id\":\"https:\/\/energyintelligence.se\/shop\/#\/schema\/logo\/image\/\",\"url\":\"https:\/\/energyintelligence.se\/shop\/wp-content\/uploads\/2023\/11\/cropped-EI-300x66-1.png\",\"contentUrl\":\"https:\/\/energyintelligence.se\/shop\/wp-content\/uploads\/2023\/11\/cropped-EI-300x66-1.png\",\"width\":300,\"height\":66,\"caption\":\"Notima Energy Intelligence AB\"},\"image\":{\"@id\":\"https:\/\/energyintelligence.se\/shop\/#\/schema\/logo\/image\/\"}}]}<\/script>\n<!-- \/ Yoast SEO plugin. -->","yoast_head_json":{"title":"P1\/HAN l\u00e4sare RJ45 med extern wifi antenn - Energy Intelligence","description":"L\u00e4s av din smarta elm\u00e4tares m\u00e4tarst\u00e4llning och kontrollera din elf\u00f6rbrukning i realtid med denna elm\u00e4tarl\u00e4sare f\u00f6r RJ45-uttag med inbyggd wifi.","robots":{"index":"index","follow":"follow","max-snippet":"max-snippet:-1","max-image-preview":"max-image-preview:large","max-video-preview":"max-video-preview:-1"},"canonical":"https:\/\/energyintelligence.se\/shop\/product\/p1-han-lasare-rj45-med-extern-wifi-antenn\/","og_locale":"sv_SE","og_type":"article","og_title":"P1\/HAN l\u00e4sare RJ45 med extern wifi antenn - Energy Intelligence","og_description":"L\u00e4s av din smarta elm\u00e4tares m\u00e4tarst\u00e4llning och kontrollera din elf\u00f6rbrukning i realtid med denna elm\u00e4tarl\u00e4sare f\u00f6r RJ45-uttag med inbyggd wifi.","og_url":"https:\/\/energyintelligence.se\/shop\/product\/p1-han-lasare-rj45-med-extern-wifi-antenn\/","og_site_name":"Energy Intelligence","article_modified_time":"2026-04-16T09:03:01+00:00","og_image":[{"width":1248,"height":1974,"url":"https:\/\/energyintelligence.se\/shop\/wp-content\/uploads\/2025\/09\/rj45-wifi-extern-antenn-fram.jpg","type":"image\/jpeg"}],"twitter_card":"summary_large_image","twitter_misc":{"Ber\u00e4knad l\u00e4stid":"2 minuter"},"schema":{"@context":"https:\/\/schema.org","@graph":[{"@type":"WebPage","@id":"https:\/\/energyintelligence.se\/shop\/product\/p1-han-lasare-rj45-med-extern-wifi-antenn\/","url":"https:\/\/energyintelligence.se\/shop\/product\/p1-han-lasare-rj45-med-extern-wifi-antenn\/","name":"P1\/HAN l\u00e4sare RJ45 med extern wifi antenn - Energy Intelligence","isPartOf":{"@id":"https:\/\/energyintelligence.se\/shop\/#website"},"datePublished":"2025-09-17T11:08:08+00:00","dateModified":"2026-04-16T09:03:01+00:00","description":"L\u00e4s av din smarta elm\u00e4tares m\u00e4tarst\u00e4llning och kontrollera din elf\u00f6rbrukning i realtid med denna elm\u00e4tarl\u00e4sare f\u00f6r RJ45-uttag med inbyggd wifi.","breadcrumb":{"@id":"https:\/\/energyintelligence.se\/shop\/product\/p1-han-lasare-rj45-med-extern-wifi-antenn\/#breadcrumb"},"inLanguage":"sv-SE","potentialAction":[{"@type":"ReadAction","target":["https:\/\/energyintelligence.se\/shop\/product\/p1-han-lasare-rj45-med-extern-wifi-antenn\/"]}]},{"@type":"BreadcrumbList","@id":"https:\/\/energyintelligence.se\/shop\/product\/p1-han-lasare-rj45-med-extern-wifi-antenn\/#breadcrumb","itemListElement":[{"@type":"ListItem","position":1,"name":"Hem","item":"https:\/\/energyintelligence.se\/shop\/"},{"@type":"ListItem","position":2,"name":"Ta kontroll \u00f6ver din elf\u00f6rbrukning helt utan abonnemang eller till\u00e4ggstj\u00e4nster","item":"https:\/\/energyintelligence.se\/shop\/"},{"@type":"ListItem","position":3,"name":"P1\/HAN l\u00e4sare RJ45 med extern wifi antenn"}]},{"@type":"WebSite","@id":"https:\/\/energyintelligence.se\/shop\/#website","url":"https:\/\/energyintelligence.se\/shop\/","name":"Energy Intelligence","description":"Ta kontroll \u00f6ver din elf\u00f6rbrukning","publisher":{"@id":"https:\/\/energyintelligence.se\/shop\/#organization"},"potentialAction":[{"@type":"SearchAction","target":{"@type":"EntryPoint","urlTemplate":"https:\/\/energyintelligence.se\/shop\/?s={search_term_string}"},"query-input":"required name=search_term_string"}],"inLanguage":"sv-SE"},{"@type":"Organization","@id":"https:\/\/energyintelligence.se\/shop\/#organization","name":"Notima Energy Intelligence AB","url":"https:\/\/energyintelligence.se\/shop\/","logo":{"@type":"ImageObject","inLanguage":"sv-SE","@id":"https:\/\/energyintelligence.se\/shop\/#\/schema\/logo\/image\/","url":"https:\/\/energyintelligence.se\/shop\/wp-content\/uploads\/2023\/11\/cropped-EI-300x66-1.png","contentUrl":"https:\/\/energyintelligence.se\/shop\/wp-content\/uploads\/2023\/11\/cropped-EI-300x66-1.png","width":300,"height":66,"caption":"Notima Energy Intelligence AB"},"image":{"@id":"https:\/\/energyintelligence.se\/shop\/#\/schema\/logo\/image\/"}}]}},"_links":{"self":[{"href":"https:\/\/energyintelligence.se\/shop\/wp-json\/wp\/v2\/product\/3234"}],"collection":[{"href":"https:\/\/energyintelligence.se\/shop\/wp-json\/wp\/v2\/product"}],"about":[{"href":"https:\/\/energyintelligence.se\/shop\/wp-json\/wp\/v2\/types\/product"}],"wp:featuredmedia":[{"embeddable":true,"href":"https:\/\/energyintelligence.se\/shop\/wp-json\/wp\/v2\/media\/3251"}],"wp:attachment":[{"href":"https:\/\/energyintelligence.se\/shop\/wp-json\/wp\/v2\/media?parent=3234"}],"wp:term":[{"taxonomy":"product_cat","embeddable":true,"href":"https:\/\/energyintelligence.se\/shop\/wp-json\/wp\/v2\/product_cat?post=3234"},{"taxonomy":"product_tag","embeddable":true,"href":"https:\/\/energyintelligence.se\/shop\/wp-json\/wp\/v2\/product_tag?post=3234"}],"curies":[{"name":"wp","href":"https:\/\/api.w.org\/{rel}","templated":true}]}}