{"id":780,"date":"2022-09-16T11:26:18","date_gmt":"2022-09-16T09:26:18","guid":{"rendered":"https:\/\/energyintelligence.se\/shop\/?post_type=product&#038;p=780"},"modified":"2026-03-18T13:49:24","modified_gmt":"2026-03-18T11:49:24","slug":"modbus-reader","status":"publish","type":"product","link":"https:\/\/energyintelligence.se\/shop\/product\/modbus-reader\/","title":{"rendered":"Modbus\/Rs-485 l\u00e4sare f\u00f6r elm\u00e4tare"},"content":{"rendered":"<p>Denna l\u00e4sare kopplas direkt p\u00e5 en RS-485\/Modbus elm\u00e4tare. M\u00e4tdatat l\u00e4ses av l\u00e4saren som i sin skickar informationen vidare till en MQTT-server. Detta inneb\u00e4r att energif\u00f6rbrukningen enkelt kan l\u00e4sas av via datorsystem som kan ge insikt i energianv\u00e4ndningen.<\/p>\n<p>L\u00e4saren ansluts till det tr\u00e5dl\u00f6sa n\u00e4tverket och kan enkelt konfigureras med hj\u00e4lp av en mobiltelefon eller dator via ett webb-baserat gr\u00e4nssnitt. Observera att wifi-antennen p\u00e5 avl\u00e4saren \u00e4r liten och s\u00e4ndareffekten begr\u00e4nsad. Detta inneb\u00e4r att accesspunkten f\u00f6r det tr\u00e5dl\u00f6sa n\u00e4tverket b\u00f6r vara s\u00e5 n\u00e4ra elm\u00e4taravl\u00e4saren som m\u00f6jligt.<\/p>\n<p>Enheten \u00e4r gjord f\u00f6r att sitta p\u00e5 en DIN skena d\u00e4r den tar upp tv\u00e5 modulplatser.<\/p>\n<p>Funktioner:<\/p>\n<ul>\n<li>RS-485 anslutningsblock<\/li>\n<li>Tr\u00e5dl\u00f6s \u00f6verf\u00f6ring av separata m\u00e4tv\u00e4rden till valbar MQTT-server.<\/li>\n<li>Webb-baserat gr\u00e4nssnitt f\u00f6r enkel konfiguration av enheten.<\/li>\n<\/ul>\n<p>Kr\u00e4ver <a href=\"https:\/\/energyintelligence.se\/shop\/product\/stromforsorjning-5-v-din-monterbar\">extern str\u00f6mf\u00f6rs\u00f6rjning p\u00e5 5 V<\/a> alternativt str\u00f6m via USB-3.<\/p>\n<p>Kompatibla elm\u00e4tare<\/p>\n<ul>\n<li>Eastron <a href=\"https:\/\/www.energibutiken.se\/sv\/elmatare\/210-elmatare-1-fas-eastron-sdm230-modbus-mid-01006.html\" target=\"_blank\" rel=\"noopener\">SDM230<\/a> (1-fas) och <a href=\"https:\/\/www.energibutiken.se\/sv\/elmatare\/223-3-fas-elmatare-for-dinskena-eastron-sdm630-modbus-mid-01004.html\" target=\"_blank\" rel=\"noopener\">SDM630<\/a> (3-fas)<\/li>\n<li>Garo <a href=\"https:\/\/energyintelligence.se\/shop\/product\/elmatare-gnm1d-rs485\/\" target=\"_blank\" rel=\"noopener\">GNM1D<\/a> (1-fas) och <a href=\"https:\/\/energyintelligence.se\/shop\/product\/elmatare-gnm3d-rs485\/\" target=\"_blank\" rel=\"noopener\">GNM3D<\/a> (3-fas)<\/li>\n<li>Carlo Gavazzi EM111 (1-fas) och <a href=\"https:\/\/energyintelligence.se\/shop\/product\/elmatare-3-fas-em340\/\">EM340<\/a> (3-fas)<\/li>\n<\/ul>\n<p>Enheten kan l\u00e4sa av flera elm\u00e4tare p\u00e5 samma RS-485 slinga<\/p>\n<p><img loading=\"lazy\" decoding=\"async\" class=\"aligncenter size-full wp-image-2237\" src=\"https:\/\/energyintelligence.se\/shop\/wp-content\/uploads\/2022\/09\/Modbus-circuit.png\" alt=\"\" width=\"588\" height=\"396\" srcset=\"https:\/\/energyintelligence.se\/shop\/wp-content\/uploads\/2022\/09\/Modbus-circuit.png 588w, https:\/\/energyintelligence.se\/shop\/wp-content\/uploads\/2022\/09\/Modbus-circuit-300x202.png 300w, https:\/\/energyintelligence.se\/shop\/wp-content\/uploads\/2022\/09\/Modbus-circuit-416x280.png 416w\" sizes=\"(max-width: 588px) 100vw, 588px\" \/><\/p>\n<p>F\u00f6r information om anv\u00e4ndning, se l\u00e4nkarna nedan:<\/p>\n<p><a href=\"https:\/\/energyintelligence.se\/shop\/kom-igang-guide\/\">Kom ig\u00e5ng guide<\/a><br \/>\n<a href=\"https:\/\/energyintelligence.se\/shop\/vanliga-fragor-och-svar\">Vanliga fr\u00e5gor och svar<\/a><br \/>\n<a href=\"https:\/\/energyintelligence.se\/shop\/anvandarmanual\/anslutning-till-elmatare\/modbus-rtu\/\">Modbus RTU<\/a><\/p>\n","protected":false},"excerpt":{"rendered":"<p>L\u00e4s av modbus-m\u00e4tare och kontrollera din elf\u00f6rbrukning\u00a0 genom att enkelt integrera mot externa system med denna elm\u00e4tarl\u00e4sare som tr\u00e5dl\u00f6st skickar vidare m\u00e4tarens v\u00e4rden via MQTT.<\/p>\n","protected":false},"featured_media":1536,"template":"","meta":[],"product_cat":[23],"product_tag":[],"yoast_head":"<!-- This site is optimized with the Yoast SEO plugin v21.7 - https:\/\/yoast.com\/wordpress\/plugins\/seo\/ -->\n<title>Modbus\/Rs-485 l\u00e4sare f\u00f6r elm\u00e4tare - Energy Intelligence<\/title>\n<meta name=\"description\" content=\"L\u00e4s av din smarta elm\u00e4tares m\u00e4tarst\u00e4llning och kontrollera din elf\u00f6rbrukning i realtid med denna elm\u00e4tarl\u00e4sare f\u00f6r RS-485\/Modbus elm\u00e4tare.\" \/>\n<meta name=\"robots\" content=\"index, follow, max-snippet:-1, max-image-preview:large, max-video-preview:-1\" \/>\n<link rel=\"canonical\" href=\"https:\/\/energyintelligence.se\/shop\/product\/modbus-reader\/\" \/>\n<meta property=\"og:locale\" content=\"sv_SE\" \/>\n<meta property=\"og:type\" content=\"article\" \/>\n<meta property=\"og:title\" content=\"Modbus\/Rs-485 l\u00e4sare f\u00f6r elm\u00e4tare - Energy Intelligence\" \/>\n<meta property=\"og:description\" content=\"L\u00e4s av din smarta elm\u00e4tares m\u00e4tarst\u00e4llning och kontrollera din elf\u00f6rbrukning i realtid med denna elm\u00e4tarl\u00e4sare f\u00f6r RS-485\/Modbus elm\u00e4tare.\" \/>\n<meta property=\"og:url\" content=\"https:\/\/energyintelligence.se\/shop\/product\/modbus-reader\/\" \/>\n<meta property=\"og:site_name\" content=\"Energy Intelligence\" \/>\n<meta property=\"article:modified_time\" content=\"2026-03-18T11:49:24+00:00\" \/>\n<meta property=\"og:image\" content=\"https:\/\/energyintelligence.se\/shop\/wp-content\/uploads\/2022\/09\/Modbus_front_right.png\" \/>\n\t<meta property=\"og:image:width\" content=\"1112\" \/>\n\t<meta property=\"og:image:height\" content=\"1536\" \/>\n\t<meta property=\"og:image:type\" content=\"image\/png\" \/>\n<meta name=\"twitter:card\" content=\"summary_large_image\" \/>\n<meta name=\"twitter:label1\" content=\"Ber\u00e4knad l\u00e4stid\" \/>\n\t<meta name=\"twitter:data1\" content=\"2 minuter\" \/>\n<script type=\"application\/ld+json\" class=\"yoast-schema-graph\">{\"@context\":\"https:\/\/schema.org\",\"@graph\":[{\"@type\":\"WebPage\",\"@id\":\"https:\/\/energyintelligence.se\/shop\/product\/modbus-reader\/\",\"url\":\"https:\/\/energyintelligence.se\/shop\/product\/modbus-reader\/\",\"name\":\"Modbus\/Rs-485 l\u00e4sare f\u00f6r elm\u00e4tare - Energy Intelligence\",\"isPartOf\":{\"@id\":\"https:\/\/energyintelligence.se\/shop\/#website\"},\"datePublished\":\"2022-09-16T09:26:18+00:00\",\"dateModified\":\"2026-03-18T11:49:24+00:00\",\"description\":\"L\u00e4s av din smarta elm\u00e4tares m\u00e4tarst\u00e4llning och kontrollera din elf\u00f6rbrukning i realtid med denna elm\u00e4tarl\u00e4sare f\u00f6r RS-485\/Modbus elm\u00e4tare.\",\"breadcrumb\":{\"@id\":\"https:\/\/energyintelligence.se\/shop\/product\/modbus-reader\/#breadcrumb\"},\"inLanguage\":\"sv-SE\",\"potentialAction\":[{\"@type\":\"ReadAction\",\"target\":[\"https:\/\/energyintelligence.se\/shop\/product\/modbus-reader\/\"]}]},{\"@type\":\"BreadcrumbList\",\"@id\":\"https:\/\/energyintelligence.se\/shop\/product\/modbus-reader\/#breadcrumb\",\"itemListElement\":[{\"@type\":\"ListItem\",\"position\":1,\"name\":\"Hem\",\"item\":\"https:\/\/energyintelligence.se\/shop\/\"},{\"@type\":\"ListItem\",\"position\":2,\"name\":\"Ta kontroll \u00f6ver din elf\u00f6rbrukning helt utan abonnemang eller till\u00e4ggstj\u00e4nster\",\"item\":\"https:\/\/energyintelligence.se\/shop\/\"},{\"@type\":\"ListItem\",\"position\":3,\"name\":\"Modbus\/Rs-485 l\u00e4sare f\u00f6r elm\u00e4tare\"}]},{\"@type\":\"WebSite\",\"@id\":\"https:\/\/energyintelligence.se\/shop\/#website\",\"url\":\"https:\/\/energyintelligence.se\/shop\/\",\"name\":\"Energy Intelligence\",\"description\":\"Ta kontroll \u00f6ver din elf\u00f6rbrukning\",\"publisher\":{\"@id\":\"https:\/\/energyintelligence.se\/shop\/#organization\"},\"potentialAction\":[{\"@type\":\"SearchAction\",\"target\":{\"@type\":\"EntryPoint\",\"urlTemplate\":\"https:\/\/energyintelligence.se\/shop\/?s={search_term_string}\"},\"query-input\":\"required name=search_term_string\"}],\"inLanguage\":\"sv-SE\"},{\"@type\":\"Organization\",\"@id\":\"https:\/\/energyintelligence.se\/shop\/#organization\",\"name\":\"Notima Energy Intelligence AB\",\"url\":\"https:\/\/energyintelligence.se\/shop\/\",\"logo\":{\"@type\":\"ImageObject\",\"inLanguage\":\"sv-SE\",\"@id\":\"https:\/\/energyintelligence.se\/shop\/#\/schema\/logo\/image\/\",\"url\":\"https:\/\/energyintelligence.se\/shop\/wp-content\/uploads\/2023\/11\/cropped-EI-300x66-1.png\",\"contentUrl\":\"https:\/\/energyintelligence.se\/shop\/wp-content\/uploads\/2023\/11\/cropped-EI-300x66-1.png\",\"width\":300,\"height\":66,\"caption\":\"Notima Energy Intelligence AB\"},\"image\":{\"@id\":\"https:\/\/energyintelligence.se\/shop\/#\/schema\/logo\/image\/\"}}]}<\/script>\n<!-- \/ Yoast SEO plugin. -->","yoast_head_json":{"title":"Modbus\/Rs-485 l\u00e4sare f\u00f6r elm\u00e4tare - Energy Intelligence","description":"L\u00e4s av din smarta elm\u00e4tares m\u00e4tarst\u00e4llning och kontrollera din elf\u00f6rbrukning i realtid med denna elm\u00e4tarl\u00e4sare f\u00f6r RS-485\/Modbus elm\u00e4tare.","robots":{"index":"index","follow":"follow","max-snippet":"max-snippet:-1","max-image-preview":"max-image-preview:large","max-video-preview":"max-video-preview:-1"},"canonical":"https:\/\/energyintelligence.se\/shop\/product\/modbus-reader\/","og_locale":"sv_SE","og_type":"article","og_title":"Modbus\/Rs-485 l\u00e4sare f\u00f6r elm\u00e4tare - Energy Intelligence","og_description":"L\u00e4s av din smarta elm\u00e4tares m\u00e4tarst\u00e4llning och kontrollera din elf\u00f6rbrukning i realtid med denna elm\u00e4tarl\u00e4sare f\u00f6r RS-485\/Modbus elm\u00e4tare.","og_url":"https:\/\/energyintelligence.se\/shop\/product\/modbus-reader\/","og_site_name":"Energy Intelligence","article_modified_time":"2026-03-18T11:49:24+00:00","og_image":[{"width":1112,"height":1536,"url":"https:\/\/energyintelligence.se\/shop\/wp-content\/uploads\/2022\/09\/Modbus_front_right.png","type":"image\/png"}],"twitter_card":"summary_large_image","twitter_misc":{"Ber\u00e4knad l\u00e4stid":"2 minuter"},"schema":{"@context":"https:\/\/schema.org","@graph":[{"@type":"WebPage","@id":"https:\/\/energyintelligence.se\/shop\/product\/modbus-reader\/","url":"https:\/\/energyintelligence.se\/shop\/product\/modbus-reader\/","name":"Modbus\/Rs-485 l\u00e4sare f\u00f6r elm\u00e4tare - Energy Intelligence","isPartOf":{"@id":"https:\/\/energyintelligence.se\/shop\/#website"},"datePublished":"2022-09-16T09:26:18+00:00","dateModified":"2026-03-18T11:49:24+00:00","description":"L\u00e4s av din smarta elm\u00e4tares m\u00e4tarst\u00e4llning och kontrollera din elf\u00f6rbrukning i realtid med denna elm\u00e4tarl\u00e4sare f\u00f6r RS-485\/Modbus elm\u00e4tare.","breadcrumb":{"@id":"https:\/\/energyintelligence.se\/shop\/product\/modbus-reader\/#breadcrumb"},"inLanguage":"sv-SE","potentialAction":[{"@type":"ReadAction","target":["https:\/\/energyintelligence.se\/shop\/product\/modbus-reader\/"]}]},{"@type":"BreadcrumbList","@id":"https:\/\/energyintelligence.se\/shop\/product\/modbus-reader\/#breadcrumb","itemListElement":[{"@type":"ListItem","position":1,"name":"Hem","item":"https:\/\/energyintelligence.se\/shop\/"},{"@type":"ListItem","position":2,"name":"Ta kontroll \u00f6ver din elf\u00f6rbrukning helt utan abonnemang eller till\u00e4ggstj\u00e4nster","item":"https:\/\/energyintelligence.se\/shop\/"},{"@type":"ListItem","position":3,"name":"Modbus\/Rs-485 l\u00e4sare f\u00f6r elm\u00e4tare"}]},{"@type":"WebSite","@id":"https:\/\/energyintelligence.se\/shop\/#website","url":"https:\/\/energyintelligence.se\/shop\/","name":"Energy Intelligence","description":"Ta kontroll \u00f6ver din elf\u00f6rbrukning","publisher":{"@id":"https:\/\/energyintelligence.se\/shop\/#organization"},"potentialAction":[{"@type":"SearchAction","target":{"@type":"EntryPoint","urlTemplate":"https:\/\/energyintelligence.se\/shop\/?s={search_term_string}"},"query-input":"required name=search_term_string"}],"inLanguage":"sv-SE"},{"@type":"Organization","@id":"https:\/\/energyintelligence.se\/shop\/#organization","name":"Notima Energy Intelligence AB","url":"https:\/\/energyintelligence.se\/shop\/","logo":{"@type":"ImageObject","inLanguage":"sv-SE","@id":"https:\/\/energyintelligence.se\/shop\/#\/schema\/logo\/image\/","url":"https:\/\/energyintelligence.se\/shop\/wp-content\/uploads\/2023\/11\/cropped-EI-300x66-1.png","contentUrl":"https:\/\/energyintelligence.se\/shop\/wp-content\/uploads\/2023\/11\/cropped-EI-300x66-1.png","width":300,"height":66,"caption":"Notima Energy Intelligence AB"},"image":{"@id":"https:\/\/energyintelligence.se\/shop\/#\/schema\/logo\/image\/"}}]}},"_links":{"self":[{"href":"https:\/\/energyintelligence.se\/shop\/wp-json\/wp\/v2\/product\/780"}],"collection":[{"href":"https:\/\/energyintelligence.se\/shop\/wp-json\/wp\/v2\/product"}],"about":[{"href":"https:\/\/energyintelligence.se\/shop\/wp-json\/wp\/v2\/types\/product"}],"wp:featuredmedia":[{"embeddable":true,"href":"https:\/\/energyintelligence.se\/shop\/wp-json\/wp\/v2\/media\/1536"}],"wp:attachment":[{"href":"https:\/\/energyintelligence.se\/shop\/wp-json\/wp\/v2\/media?parent=780"}],"wp:term":[{"taxonomy":"product_cat","embeddable":true,"href":"https:\/\/energyintelligence.se\/shop\/wp-json\/wp\/v2\/product_cat?post=780"},{"taxonomy":"product_tag","embeddable":true,"href":"https:\/\/energyintelligence.se\/shop\/wp-json\/wp\/v2\/product_tag?post=780"}],"curies":[{"name":"wp","href":"https:\/\/api.w.org\/{rel}","templated":true}]}}