{"id":79,"date":"2021-09-01T20:20:36","date_gmt":"2021-09-01T18:20:36","guid":{"rendered":"https:\/\/powerintelligence.se\/shop\/?post_type=product&#038;p=79"},"modified":"2026-01-29T12:44:04","modified_gmt":"2026-01-29T10:44:04","slug":"rj12-rak-kabel-05-m-gra","status":"publish","type":"product","link":"https:\/\/energyintelligence.se\/shop\/product\/rj12-rak-kabel-05-m-gra\/","title":{"rendered":"RJ12 rak kabel 0,5 m gr\u00e5"},"content":{"rendered":"<p>Denna kabel kan anv\u00e4ndas f\u00f6r att ansluta till elm\u00e4taren. Det b\u00f6r noteras att kabeln b\u00f6r h\u00e5llas s\u00e5 kort som m\u00f6jligt d\u00e5 en l\u00e5ng kabel kan inneb\u00e4ra att signalerna inte n\u00e5r fram ordentligt.<\/p>\n<p>V\u00e5r erfarenhet \u00e4r att avl\u00e4sningen inte klarar av l\u00e5nga kablar.<\/p>\n","protected":false},"excerpt":{"rendered":"<p>Denna kabel kan anv\u00e4ndas f\u00f6r att ansluta till elm\u00e4taren. Det b\u00f6r noteras att kabeln b\u00f6r h\u00e5llas s\u00e5 kort som m\u00f6jligt d\u00e5 en l\u00e5ng kabel kan inneb\u00e4ra att signalerna inte n\u00e5r fram ordentligt. V\u00e5r erfarenhet \u00e4r att avl\u00e4sningen inte klarar av l\u00e5nga kablar.<\/p>\n","protected":false},"featured_media":91,"template":"","meta":[],"product_cat":[33],"product_tag":[],"yoast_head":"<!-- This site is optimized with the Yoast SEO plugin v21.7 - https:\/\/yoast.com\/wordpress\/plugins\/seo\/ -->\n<title>RJ12 rak kabel 0,5 m gr\u00e5 - Energy Intelligence<\/title>\n<meta name=\"description\" content=\"0,5 meter vit kabel kompatibel med elm\u00e4taravl\u00e4sare med RJ12 uttag.\" \/>\n<meta name=\"robots\" content=\"index, follow, max-snippet:-1, max-image-preview:large, max-video-preview:-1\" \/>\n<link rel=\"canonical\" href=\"https:\/\/energyintelligence.se\/shop\/product\/rj12-rak-kabel-05-m-gra\/\" \/>\n<meta property=\"og:locale\" content=\"sv_SE\" \/>\n<meta property=\"og:type\" content=\"article\" \/>\n<meta property=\"og:title\" content=\"RJ12 rak kabel 0,5 m gr\u00e5 - Energy Intelligence\" \/>\n<meta property=\"og:description\" content=\"0,5 meter vit kabel kompatibel med elm\u00e4taravl\u00e4sare med RJ12 uttag.\" \/>\n<meta property=\"og:url\" content=\"https:\/\/energyintelligence.se\/shop\/product\/rj12-rak-kabel-05-m-gra\/\" \/>\n<meta property=\"og:site_name\" content=\"Energy Intelligence\" \/>\n<meta property=\"article:modified_time\" content=\"2026-01-29T10:44:04+00:00\" \/>\n<meta property=\"og:image\" content=\"https:\/\/energyintelligence.se\/shop\/wp-content\/uploads\/2021\/09\/RJ12_05m-2.jpg\" \/>\n\t<meta property=\"og:image:width\" content=\"800\" \/>\n\t<meta property=\"og:image:height\" content=\"800\" \/>\n\t<meta property=\"og:image:type\" content=\"image\/jpeg\" \/>\n<meta name=\"twitter:card\" content=\"summary_large_image\" \/>\n<meta name=\"twitter:label1\" content=\"Ber\u00e4knad l\u00e4stid\" \/>\n\t<meta name=\"twitter:data1\" content=\"1 minut\" \/>\n<script type=\"application\/ld+json\" class=\"yoast-schema-graph\">{\"@context\":\"https:\/\/schema.org\",\"@graph\":[{\"@type\":\"WebPage\",\"@id\":\"https:\/\/energyintelligence.se\/shop\/product\/rj12-rak-kabel-05-m-gra\/\",\"url\":\"https:\/\/energyintelligence.se\/shop\/product\/rj12-rak-kabel-05-m-gra\/\",\"name\":\"RJ12 rak kabel 0,5 m gr\u00e5 - Energy Intelligence\",\"isPartOf\":{\"@id\":\"https:\/\/energyintelligence.se\/shop\/#website\"},\"datePublished\":\"2021-09-01T18:20:36+00:00\",\"dateModified\":\"2026-01-29T10:44:04+00:00\",\"description\":\"0,5 meter vit kabel kompatibel med elm\u00e4taravl\u00e4sare med RJ12 uttag.\",\"breadcrumb\":{\"@id\":\"https:\/\/energyintelligence.se\/shop\/product\/rj12-rak-kabel-05-m-gra\/#breadcrumb\"},\"inLanguage\":\"sv-SE\",\"potentialAction\":[{\"@type\":\"ReadAction\",\"target\":[\"https:\/\/energyintelligence.se\/shop\/product\/rj12-rak-kabel-05-m-gra\/\"]}]},{\"@type\":\"BreadcrumbList\",\"@id\":\"https:\/\/energyintelligence.se\/shop\/product\/rj12-rak-kabel-05-m-gra\/#breadcrumb\",\"itemListElement\":[{\"@type\":\"ListItem\",\"position\":1,\"name\":\"Hem\",\"item\":\"https:\/\/energyintelligence.se\/shop\/\"},{\"@type\":\"ListItem\",\"position\":2,\"name\":\"Ta kontroll \u00f6ver din elf\u00f6rbrukning helt utan abonnemang eller till\u00e4ggstj\u00e4nster\",\"item\":\"https:\/\/energyintelligence.se\/shop\/\"},{\"@type\":\"ListItem\",\"position\":3,\"name\":\"RJ12 rak kabel 0,5 m gr\u00e5\"}]},{\"@type\":\"WebSite\",\"@id\":\"https:\/\/energyintelligence.se\/shop\/#website\",\"url\":\"https:\/\/energyintelligence.se\/shop\/\",\"name\":\"Energy Intelligence\",\"description\":\"Ta kontroll \u00f6ver din elf\u00f6rbrukning\",\"publisher\":{\"@id\":\"https:\/\/energyintelligence.se\/shop\/#organization\"},\"potentialAction\":[{\"@type\":\"SearchAction\",\"target\":{\"@type\":\"EntryPoint\",\"urlTemplate\":\"https:\/\/energyintelligence.se\/shop\/?s={search_term_string}\"},\"query-input\":\"required name=search_term_string\"}],\"inLanguage\":\"sv-SE\"},{\"@type\":\"Organization\",\"@id\":\"https:\/\/energyintelligence.se\/shop\/#organization\",\"name\":\"Notima Energy Intelligence AB\",\"url\":\"https:\/\/energyintelligence.se\/shop\/\",\"logo\":{\"@type\":\"ImageObject\",\"inLanguage\":\"sv-SE\",\"@id\":\"https:\/\/energyintelligence.se\/shop\/#\/schema\/logo\/image\/\",\"url\":\"https:\/\/energyintelligence.se\/shop\/wp-content\/uploads\/2023\/11\/cropped-EI-300x66-1.png\",\"contentUrl\":\"https:\/\/energyintelligence.se\/shop\/wp-content\/uploads\/2023\/11\/cropped-EI-300x66-1.png\",\"width\":300,\"height\":66,\"caption\":\"Notima Energy Intelligence AB\"},\"image\":{\"@id\":\"https:\/\/energyintelligence.se\/shop\/#\/schema\/logo\/image\/\"}}]}<\/script>\n<!-- \/ Yoast SEO plugin. -->","yoast_head_json":{"title":"RJ12 rak kabel 0,5 m gr\u00e5 - Energy Intelligence","description":"0,5 meter vit kabel kompatibel med elm\u00e4taravl\u00e4sare med RJ12 uttag.","robots":{"index":"index","follow":"follow","max-snippet":"max-snippet:-1","max-image-preview":"max-image-preview:large","max-video-preview":"max-video-preview:-1"},"canonical":"https:\/\/energyintelligence.se\/shop\/product\/rj12-rak-kabel-05-m-gra\/","og_locale":"sv_SE","og_type":"article","og_title":"RJ12 rak kabel 0,5 m gr\u00e5 - Energy Intelligence","og_description":"0,5 meter vit kabel kompatibel med elm\u00e4taravl\u00e4sare med RJ12 uttag.","og_url":"https:\/\/energyintelligence.se\/shop\/product\/rj12-rak-kabel-05-m-gra\/","og_site_name":"Energy Intelligence","article_modified_time":"2026-01-29T10:44:04+00:00","og_image":[{"width":800,"height":800,"url":"https:\/\/energyintelligence.se\/shop\/wp-content\/uploads\/2021\/09\/RJ12_05m-2.jpg","type":"image\/jpeg"}],"twitter_card":"summary_large_image","twitter_misc":{"Ber\u00e4knad l\u00e4stid":"1 minut"},"schema":{"@context":"https:\/\/schema.org","@graph":[{"@type":"WebPage","@id":"https:\/\/energyintelligence.se\/shop\/product\/rj12-rak-kabel-05-m-gra\/","url":"https:\/\/energyintelligence.se\/shop\/product\/rj12-rak-kabel-05-m-gra\/","name":"RJ12 rak kabel 0,5 m gr\u00e5 - Energy Intelligence","isPartOf":{"@id":"https:\/\/energyintelligence.se\/shop\/#website"},"datePublished":"2021-09-01T18:20:36+00:00","dateModified":"2026-01-29T10:44:04+00:00","description":"0,5 meter vit kabel kompatibel med elm\u00e4taravl\u00e4sare med RJ12 uttag.","breadcrumb":{"@id":"https:\/\/energyintelligence.se\/shop\/product\/rj12-rak-kabel-05-m-gra\/#breadcrumb"},"inLanguage":"sv-SE","potentialAction":[{"@type":"ReadAction","target":["https:\/\/energyintelligence.se\/shop\/product\/rj12-rak-kabel-05-m-gra\/"]}]},{"@type":"BreadcrumbList","@id":"https:\/\/energyintelligence.se\/shop\/product\/rj12-rak-kabel-05-m-gra\/#breadcrumb","itemListElement":[{"@type":"ListItem","position":1,"name":"Hem","item":"https:\/\/energyintelligence.se\/shop\/"},{"@type":"ListItem","position":2,"name":"Ta kontroll \u00f6ver din elf\u00f6rbrukning helt utan abonnemang eller till\u00e4ggstj\u00e4nster","item":"https:\/\/energyintelligence.se\/shop\/"},{"@type":"ListItem","position":3,"name":"RJ12 rak kabel 0,5 m gr\u00e5"}]},{"@type":"WebSite","@id":"https:\/\/energyintelligence.se\/shop\/#website","url":"https:\/\/energyintelligence.se\/shop\/","name":"Energy Intelligence","description":"Ta kontroll \u00f6ver din elf\u00f6rbrukning","publisher":{"@id":"https:\/\/energyintelligence.se\/shop\/#organization"},"potentialAction":[{"@type":"SearchAction","target":{"@type":"EntryPoint","urlTemplate":"https:\/\/energyintelligence.se\/shop\/?s={search_term_string}"},"query-input":"required name=search_term_string"}],"inLanguage":"sv-SE"},{"@type":"Organization","@id":"https:\/\/energyintelligence.se\/shop\/#organization","name":"Notima Energy Intelligence AB","url":"https:\/\/energyintelligence.se\/shop\/","logo":{"@type":"ImageObject","inLanguage":"sv-SE","@id":"https:\/\/energyintelligence.se\/shop\/#\/schema\/logo\/image\/","url":"https:\/\/energyintelligence.se\/shop\/wp-content\/uploads\/2023\/11\/cropped-EI-300x66-1.png","contentUrl":"https:\/\/energyintelligence.se\/shop\/wp-content\/uploads\/2023\/11\/cropped-EI-300x66-1.png","width":300,"height":66,"caption":"Notima Energy Intelligence AB"},"image":{"@id":"https:\/\/energyintelligence.se\/shop\/#\/schema\/logo\/image\/"}}]}},"_links":{"self":[{"href":"https:\/\/energyintelligence.se\/shop\/wp-json\/wp\/v2\/product\/79"}],"collection":[{"href":"https:\/\/energyintelligence.se\/shop\/wp-json\/wp\/v2\/product"}],"about":[{"href":"https:\/\/energyintelligence.se\/shop\/wp-json\/wp\/v2\/types\/product"}],"wp:featuredmedia":[{"embeddable":true,"href":"https:\/\/energyintelligence.se\/shop\/wp-json\/wp\/v2\/media\/91"}],"wp:attachment":[{"href":"https:\/\/energyintelligence.se\/shop\/wp-json\/wp\/v2\/media?parent=79"}],"wp:term":[{"taxonomy":"product_cat","embeddable":true,"href":"https:\/\/energyintelligence.se\/shop\/wp-json\/wp\/v2\/product_cat?post=79"},{"taxonomy":"product_tag","embeddable":true,"href":"https:\/\/energyintelligence.se\/shop\/wp-json\/wp\/v2\/product_tag?post=79"}],"curies":[{"name":"wp","href":"https:\/\/api.w.org\/{rel}","templated":true}]}}